{"id":1686,"date":"2020-04-26T22:13:13","date_gmt":"2020-04-26T20:13:13","guid":{"rendered":"https:\/\/agora.xtec.cat\/instiana\/?page_id=1686"},"modified":"2026-03-25T14:55:49","modified_gmt":"2026-03-25T13:55:49","slug":"batxillerat-de-ciencies-i-tecnologia","status":"publish","type":"page","link":"https:\/\/agora.xtec.cat\/instiana\/estudis\/batxillerat\/batxillerat-de-ciencies-i-tecnologia\/","title":{"rendered":"1r de Batxillerat"},"content":{"rendered":"<p data-start=\"164\" data-end=\"428\">El primer curs de batxillerat marca l\u2019inici d\u2019una etapa acad\u00e8mica. En aquest curs, es comencen a aprofundir els coneixements espec\u00edfics segons la modalitat escollida, es fomenta l\u2019autonomia, el pensament cr\u00edtic i l\u2019organitzaci\u00f3 del treball personal, preparant aix\u00ed el cam\u00ed cap al segon curs i els estudis posteriors.<\/p>\n<p data-start=\"164\" data-end=\"428\"><strong>MODALITAT D&#8217;HUMANITATS I CI\u00c8NCIES SOCIALS<\/strong><\/p>\n<p>En la modalitat d&#8217;humanitats i ci\u00e8ncies socials, hi ha les <a href=\"https:\/\/agora.xtec.cat\/instiana\/estudis\/batxillerat\/\">mat\u00e8ries comunes<\/a>, tutoria i l\u2019alumnat cursa com a mat\u00e8ria obligat\u00f2ria d\u2019opci\u00f3:<\/p>\n<table style=\"width: 78.3525%; height: 100px;\">\n<tbody>\n<tr>\n<td style=\"width: 109.826%; text-align: center;\" colspan=\"2\"><strong>MAT\u00c8RIA DE MODALITAT OBLIGADA\u00a0 \u00a04<em>h<\/em><\/strong><\/td>\n<\/tr>\n<tr>\n<td style=\"text-align: center; width: 44.5241%;\">Itinerari social<\/td>\n<td style=\"text-align: center; width: 65.302%;\">Itinerari human\u00edstic<\/td>\n<\/tr>\n<tr>\n<td style=\"text-align: center; width: 44.5241%;\"><strong>MATEM\u00c0TIQUES CS I<\/strong><\/td>\n<td style=\"text-align: center; width: 65.302%;\"><strong>LLAT\u00cd I<\/strong><\/td>\n<\/tr>\n<\/tbody>\n<\/table>\n<p>En la part diversificada, l\u2019alumnat ha de cursar dues mat\u00e8ries de modalitat.<\/p>\n<table style=\"width: 78.1534%;\" width=\"931\">\n<tbody>\n<tr>\n<td style=\"width: 112.571%; text-align: center;\" colspan=\"2\" width=\"930\"><strong>1a MAT\u00c8RIES DE MODALITAT\u00a0\u00a0<em> 4h<\/em><\/strong><\/td>\n<\/tr>\n<tr>\n<td style=\"width: 45.0518%; text-align: center;\" width=\"233\">Itinerari social<\/td>\n<td style=\"width: 67.5188%; text-align: center;\" width=\"233\">Itinerari human\u00edstic<\/td>\n<\/tr>\n<tr>\n<td style=\"width: 45.0518%; text-align: center;\" width=\"465\"><strong>ECONOMIA I<\/strong><\/td>\n<td style=\"width: 67.5188%; text-align: center;\"><strong>GREC I<\/strong><\/td>\n<\/tr>\n<\/tbody>\n<\/table>\n<p>&nbsp;<\/p>\n<table style=\"width: 78.3052%;\" width=\"931\">\n<tbody>\n<tr>\n<td style=\"width: 112.879%; text-align: center;\" colspan=\"2\" width=\"930\"><strong>2a MAT\u00c8RIES DE MODALITAT 2\u00a0 4<em>h<\/em><\/strong><\/td>\n<\/tr>\n<tr>\n<td style=\"width: 44.6341%; text-align: center;\" width=\"233\">Itinerari social<\/td>\n<td style=\"width: 68.2449%; text-align: center;\" width=\"233\">Itinerari human\u00edstic<\/td>\n<\/tr>\n<tr>\n<td style=\"width: 44.6341%; text-align: center;\" width=\"233\"><strong>HIST\u00d2RIA DEL M\u00d3N CONTEMPORANI<\/strong><\/td>\n<td style=\"width: 68.2449%; text-align: center;\" width=\"233\"><strong>LITERATURA UNIVERSAL<\/strong><\/td>\n<\/tr>\n<\/tbody>\n<\/table>\n<p style=\"text-align: center;\" data-start=\"164\" data-end=\"428\">Podeu descarregar <a href=\"https:\/\/agora.xtec.cat\/instiana\/wp-content\/uploads\/usu1968\/2025\/09\/BATXLOEM3000101_3.pdf\">l&#8217;horari del curs 25-26<\/a> aqu\u00ed!<\/p>\n<p data-start=\"164\" data-end=\"428\"><strong>MODALITAT DE CI\u00c8NCIES I TECNOLOGIA<\/strong><\/p>\n<p>En la modalitat de ci\u00e8ncies i tecnologia, hi ha les\u00a0<a href=\"https:\/\/agora.xtec.cat\/instiana\/estudis\/batxillerat\/\">mat\u00e8ries comunes<\/a>, tutoria i l\u2019alumnat cursa com a mat\u00e8ria obligat\u00f2ria d\u2019opci\u00f3:<\/p>\n<table style=\"height: 96px; width: 931px;\" width=\"931\">\n<tbody>\n<tr style=\"height: 32px;\">\n<td style=\"text-align: center; width: 99.1435%; height: 32px;\" colspan=\"2\"><strong>MAT\u00c8RIA DE MODALITAT OBLIGADA\u00a0 \u00a04<em>h<\/em><\/strong><\/td>\n<\/tr>\n<tr style=\"height: 32px;\">\n<td style=\"text-align: center; width: 30.4583%; height: 32px;\">Itinerari cient\u00edfic<\/td>\n<td style=\"text-align: center; width: 68.6852%; height: 32px;\">Itinerari tecnol\u00f2gic<\/td>\n<\/tr>\n<tr style=\"height: 32px;\">\n<td style=\"text-align: center; width: 30.4583%; height: 32px;\"><strong>MATEM\u00c0TIQUES I<\/strong><\/td>\n<td style=\"text-align: center; width: 68.6852%; height: 32px;\"><strong>MATEM\u00c0TIQUES I<\/strong><\/td>\n<\/tr>\n<\/tbody>\n<\/table>\n<p>En la part diversificada, l\u2019alumnat ha de cursar dues mat\u00e8ries de modalitat.<\/p>\n<table width=\"931\">\n<tbody>\n<tr>\n<td style=\"text-align: center;\" colspan=\"2\" width=\"930\"><strong>1a MAT\u00c8RIES DE MODALITAT\u00a0\u00a0<em> 4h<\/em><\/strong><\/td>\n<\/tr>\n<tr>\n<td style=\"text-align: center;\" width=\"233\">Itinerari cient\u00edfic<\/td>\n<td style=\"text-align: center;\" width=\"233\">Itinerari tecnol\u00f2gic<\/td>\n<\/tr>\n<tr>\n<td style=\"text-align: center;\" width=\"465\"><strong>F\u00cdSICA I QU\u00cdMICA<\/strong><\/td>\n<td style=\"text-align: center;\"><strong>DIBUIX T\u00c8CNIC I<\/strong><\/td>\n<\/tr>\n<\/tbody>\n<\/table>\n<p>&nbsp;<\/p>\n<table width=\"931\">\n<tbody>\n<tr>\n<td style=\"text-align: center;\" colspan=\"2\" width=\"930\"><strong>2a MAT\u00c8RIES DE MODALITAT 2\u00a0 4<em>h<\/em><\/strong><\/td>\n<\/tr>\n<tr>\n<td style=\"text-align: center;\" width=\"233\">Itinerari cient\u00edfic<\/td>\n<td style=\"text-align: center;\" width=\"233\">Itinerari tecnol\u00f2gic<\/td>\n<\/tr>\n<tr>\n<td style=\"text-align: center;\" width=\"233\"><strong>BIOLOGIA, GEOLOGIA I CI\u00c8NCIES AMBIENTALS<\/strong><\/td>\n<td style=\"text-align: center;\" width=\"233\"><strong>TECNOLOGIA I ENGINYERIA I<\/strong><\/td>\n<\/tr>\n<\/tbody>\n<\/table>\n<p style=\"text-align: center;\">Podeu descarregar <a href=\"https:\/\/agora.xtec.cat\/instiana\/wp-content\/uploads\/usu1968\/2025\/09\/BATXLOEM2000101_1.pdf\">l&#8217;horari del curs 25-26<\/a> aqu\u00ed!<\/p>\n<p style=\"text-align: left;\">Quadre resum de totes les assignatures comunes i de modalitat obligada de 1r de Batxillerat:<\/p>\n<p><img loading=\"lazy\" decoding=\"async\" class=\" wp-image-4260 aligncenter\" src=\"https:\/\/agora.xtec.cat\/instiana\/wp-content\/uploads\/usu1968\/2026\/03\/materies-1r-de-batxillerat-300x189.jpg\" alt=\"\" width=\"508\" height=\"320\" srcset=\"https:\/\/agora.xtec.cat\/instiana\/wp-content\/uploads\/usu1968\/2026\/03\/materies-1r-de-batxillerat-300x189.jpg 300w, https:\/\/agora.xtec.cat\/instiana\/wp-content\/uploads\/usu1968\/2026\/03\/materies-1r-de-batxillerat-768x485.jpg 768w, https:\/\/agora.xtec.cat\/instiana\/wp-content\/uploads\/usu1968\/2026\/03\/materies-1r-de-batxillerat.jpg 1009w\" sizes=\"auto, (max-width: 508px) 100vw, 508px\" \/><\/p>\n<p>A m\u00e9s de les mat\u00e8ries comunes i de modalitat, cada alumne haur\u00e0 d\u2019escollir dues mat\u00e8ries optatives, independentment de l\u2019itinerari escollit. L\u2019oferta de mat\u00e8ries optatives \u00e9s la seg\u00fcent:<\/p>\n<p><img loading=\"lazy\" decoding=\"async\" class=\" wp-image-4258 aligncenter\" src=\"https:\/\/agora.xtec.cat\/instiana\/wp-content\/uploads\/usu1968\/2026\/03\/materies-optatives-300x110.jpg\" alt=\"\" width=\"618\" height=\"227\" srcset=\"https:\/\/agora.xtec.cat\/instiana\/wp-content\/uploads\/usu1968\/2026\/03\/materies-optatives-300x110.jpg 300w, https:\/\/agora.xtec.cat\/instiana\/wp-content\/uploads\/usu1968\/2026\/03\/materies-optatives-1024x375.jpg 1024w, https:\/\/agora.xtec.cat\/instiana\/wp-content\/uploads\/usu1968\/2026\/03\/materies-optatives-768x281.jpg 768w, https:\/\/agora.xtec.cat\/instiana\/wp-content\/uploads\/usu1968\/2026\/03\/materies-optatives.jpg 1099w\" sizes=\"auto, (max-width: 618px) 100vw, 618px\" \/><\/p>\n","protected":false},"excerpt":{"rendered":"<p>El primer curs de batxillerat marca l\u2019inici d\u2019una etapa acad\u00e8mica. En aquest curs, es comencen a aprofundir els coneixements espec\u00edfics segons la modalitat escollida, es fomenta l\u2019autonomia, el pensament cr\u00edtic i l\u2019organitzaci\u00f3 del treball personal, preparant aix\u00ed el cam\u00ed cap al segon curs i els&hellip;  <a href=\"https:\/\/agora.xtec.cat\/instiana\/estudis\/batxillerat\/batxillerat-de-ciencies-i-tecnologia\/\" title=\"Read 1r de Batxillerat\">Llegeix m\u00e9s\u00bb<\/a><\/p>\n","protected":false},"author":1,"featured_media":0,"parent":1672,"menu_order":0,"comment_status":"closed","ping_status":"closed","template":"page-templates\/side-menu.php","meta":{"_bbp_topic_count":0,"_bbp_reply_count":0,"_bbp_total_topic_count":0,"_bbp_total_reply_count":0,"_bbp_voice_count":0,"_bbp_anonymous_reply_count":0,"_bbp_topic_count_hidden":0,"_bbp_reply_count_hidden":0,"_bbp_forum_subforum_count":0,"footnotes":""},"class_list":["post-1686","page","type-page","status-publish","hentry"],"post_mailing_queue_ids":[],"_links":{"self":[{"href":"https:\/\/agora.xtec.cat\/instiana\/wp-json\/wp\/v2\/pages\/1686","targetHints":{"allow":["GET"]}}],"collection":[{"href":"https:\/\/agora.xtec.cat\/instiana\/wp-json\/wp\/v2\/pages"}],"about":[{"href":"https:\/\/agora.xtec.cat\/instiana\/wp-json\/wp\/v2\/types\/page"}],"author":[{"embeddable":true,"href":"https:\/\/agora.xtec.cat\/instiana\/wp-json\/wp\/v2\/users\/1"}],"replies":[{"embeddable":true,"href":"https:\/\/agora.xtec.cat\/instiana\/wp-json\/wp\/v2\/comments?post=1686"}],"version-history":[{"count":7,"href":"https:\/\/agora.xtec.cat\/instiana\/wp-json\/wp\/v2\/pages\/1686\/revisions"}],"predecessor-version":[{"id":4268,"href":"https:\/\/agora.xtec.cat\/instiana\/wp-json\/wp\/v2\/pages\/1686\/revisions\/4268"}],"up":[{"embeddable":true,"href":"https:\/\/agora.xtec.cat\/instiana\/wp-json\/wp\/v2\/pages\/1672"}],"wp:attachment":[{"href":"https:\/\/agora.xtec.cat\/instiana\/wp-json\/wp\/v2\/media?parent=1686"}],"curies":[{"name":"wp","href":"https:\/\/api.w.org\/{rel}","templated":true}]}}