{"id":1674,"date":"2020-04-26T11:42:07","date_gmt":"2020-04-26T09:42:07","guid":{"rendered":"https:\/\/agora.xtec.cat\/instiana\/?page_id=1674"},"modified":"2025-09-15T13:33:02","modified_gmt":"2025-09-15T11:33:02","slug":"eso","status":"publish","type":"page","link":"https:\/\/agora.xtec.cat\/instiana\/estudis\/eso\/","title":{"rendered":"ESO"},"content":{"rendered":"<p>L&#8217;Educaci\u00f3 Secund\u00e0ria Obligat\u00f2ria (<strong>ESO<\/strong>) \u00e9s l&#8217;etapa que es cursa normalment entre els 12 i els 16 anys. \u00c9s un cicle format per quatre cursos de trenta hores lectives setmanals. Consta de quatre cursos amb <strong data-start=\"301\" data-end=\"332\">30 hores lectives setmanals.<\/strong><\/p>\n<table style=\"border-style: solid; width: 628px; border-color: #000000;\" width=\"628\">\n<tbody>\n<tr>\n<td style=\"text-align: center;\" width=\"157\"><a href=\"https:\/\/agora.xtec.cat\/instiana\/estudis\/eso\/eso-1\/\">1r d\u2019ESO<\/a><\/td>\n<td style=\"text-align: center;\" width=\"157\"><a href=\"https:\/\/agora.xtec.cat\/instiana\/estudis\/eso\/eso-2\/\">2n d\u2019ESO<\/a><\/td>\n<td style=\"text-align: center;\" width=\"157\"><a href=\"https:\/\/agora.xtec.cat\/instiana\/estudis\/eso\/eso-3\/\">3r d\u2019ESO<\/a><\/td>\n<td style=\"text-align: center;\" width=\"157\"><a href=\"https:\/\/agora.xtec.cat\/instiana\/estudis\/eso\/eso-4\/\">4t d\u2019ESO<\/a><\/td>\n<\/tr>\n<tr>\n<td style=\"text-align: center;\" width=\"157\">12-13 anys<\/td>\n<td style=\"text-align: center;\" width=\"157\">13-14 anys<\/td>\n<td style=\"text-align: center;\" width=\"157\">14-15 anys<\/td>\n<td style=\"text-align: center;\" width=\"157\">15-16 anys<\/td>\n<\/tr>\n<\/tbody>\n<\/table>\n<p>L&#8217;ESO t\u00e9 com objectiu, tant preparar l&#8217;alumnat pels estudis de secund\u00e0ria no obligatoris (Batxillerat i formaci\u00f3 professional), com per a la seva futura incorporaci\u00f3 al m\u00f3n laboral.<\/p>\n<p>L&#8217;institut Tiana i com a mesura d&#8217;atenci\u00f3 a la diversitat imparteix a partir de 3r de l&#8217;ESO el seu <a href=\"https:\/\/agora.xtec.cat\/instiana\/estudis\/eso\/pdc-2\/\">Programa de Diversificaci\u00f3 Curricular<\/a> (PDC).<\/p>\n<p>El finalitzar aquesta etapa s&#8217;obt\u00e9 el t\u00edtol de graduat en Educaci\u00f3 Secund\u00e0ria Obligat\u00f2ria.<\/p>\n","protected":false},"excerpt":{"rendered":"<p>L&#8217;Educaci\u00f3 Secund\u00e0ria Obligat\u00f2ria (ESO) \u00e9s l&#8217;etapa que es cursa normalment entre els 12 i els 16 anys. \u00c9s un cicle format per quatre cursos de trenta hores lectives setmanals. Consta de quatre cursos amb 30 hores lectives setmanals.<\/p>\n<p><a href=\"https:\/\/agora.xtec.cat\/instiana\/estudis\/eso\/eso-1\/\">1r d\u2019ESO<\/a><br \/>\n<a href=\"https:\/\/agora.xtec.cat\/instiana\/estudis\/eso\/eso-2\/\">2n d\u2019ESO<\/a><br \/>\n<a href=\"https:\/\/agora.xtec.cat\/instiana\/estudis\/eso\/eso-3\/\">3r d\u2019ESO<\/a><br \/>\n<a href=\"https:\/\/agora.xtec.cat\/instiana\/estudis\/eso\/eso-4\/\">4t&hellip;  <a href=\"https:\/\/agora.xtec.cat\/instiana\/estudis\/eso\/\" title=\"Read ESO\">Llegeix m\u00e9s\u00bb<\/a><\/p>\n","protected":false},"author":1,"featured_media":0,"parent":195,"menu_order":0,"comment_status":"closed","ping_status":"closed","template":"page-templates\/side-menu.php","meta":{"_bbp_topic_count":0,"_bbp_reply_count":0,"_bbp_total_topic_count":0,"_bbp_total_reply_count":0,"_bbp_voice_count":0,"_bbp_anonymous_reply_count":0,"_bbp_topic_count_hidden":0,"_bbp_reply_count_hidden":0,"_bbp_forum_subforum_count":0,"footnotes":""},"class_list":["post-1674","page","type-page","status-publish","hentry"],"post_mailing_queue_ids":[],"_links":{"self":[{"href":"https:\/\/agora.xtec.cat\/instiana\/wp-json\/wp\/v2\/pages\/1674","targetHints":{"allow":["GET"]}}],"collection":[{"href":"https:\/\/agora.xtec.cat\/instiana\/wp-json\/wp\/v2\/pages"}],"about":[{"href":"https:\/\/agora.xtec.cat\/instiana\/wp-json\/wp\/v2\/types\/page"}],"author":[{"embeddable":true,"href":"https:\/\/agora.xtec.cat\/instiana\/wp-json\/wp\/v2\/users\/1"}],"replies":[{"embeddable":true,"href":"https:\/\/agora.xtec.cat\/instiana\/wp-json\/wp\/v2\/comments?post=1674"}],"version-history":[{"count":5,"href":"https:\/\/agora.xtec.cat\/instiana\/wp-json\/wp\/v2\/pages\/1674\/revisions"}],"predecessor-version":[{"id":3908,"href":"https:\/\/agora.xtec.cat\/instiana\/wp-json\/wp\/v2\/pages\/1674\/revisions\/3908"}],"up":[{"embeddable":true,"href":"https:\/\/agora.xtec.cat\/instiana\/wp-json\/wp\/v2\/pages\/195"}],"wp:attachment":[{"href":"https:\/\/agora.xtec.cat\/instiana\/wp-json\/wp\/v2\/media?parent=1674"}],"curies":[{"name":"wp","href":"https:\/\/api.w.org\/{rel}","templated":true}]}}