{"id":1672,"date":"2020-04-26T11:16:22","date_gmt":"2020-04-26T09:16:22","guid":{"rendered":"https:\/\/agora.xtec.cat\/instiana\/?page_id=1672"},"modified":"2026-03-24T11:14:06","modified_gmt":"2026-03-24T10:14:06","slug":"batxillerat","status":"publish","type":"page","link":"https:\/\/agora.xtec.cat\/instiana\/estudis\/batxillerat\/","title":{"rendered":"Batxillerat"},"content":{"rendered":"<p data-start=\"188\" data-end=\"480\">El <a href=\"https:\/\/triaeducativa.gencat.cat\/ca\/batxillerat\/index.html\"><strong>Batxillerat<\/strong><\/a> \u00e9s una etapa educativa postobligat\u00f2ria que, habitualment, es cursa entre els 16 i els 18 anys, tot i que est\u00e0 oberta a persones de qualsevol edat que vulguin continuar la seva formaci\u00f3 acad\u00e8mica. Consta de dos cursos acad\u00e8mics amb una c\u00e0rrega lectiva de <strong>trenta hores<\/strong> setmanals.<\/p>\n<p data-start=\"482\" data-end=\"672\">Aquesta etapa t\u00e9 com a objectiu principal preparar l\u2019alumnat per <a href=\"https:\/\/triaeducativa.gencat.cat\/ca\/fp\/index.html\">accedir a estudis superiors<\/a>, ja sigui universitaris com de formaci\u00f3 professional, i aix\u00ed facilitar la seva inserci\u00f3 en el m\u00f3n laboral.<\/p>\n<p data-start=\"674\" data-end=\"717\"><strong data-start=\"674\" data-end=\"717\">Modalitats impartides al nostre centre:<\/strong><\/p>\n<ul data-start=\"718\" data-end=\"775\">\n<li data-start=\"718\" data-end=\"743\">\n<p data-start=\"720\" data-end=\"743\">Ci\u00e8ncies i Tecnologia<\/p>\n<\/li>\n<li data-start=\"744\" data-end=\"775\">\n<p data-start=\"746\" data-end=\"775\">Humanitats i Ci\u00e8ncies Socials<\/p>\n<\/li>\n<\/ul>\n<p data-start=\"777\" data-end=\"806\"><strong data-start=\"777\" data-end=\"806\">Estructura del curr\u00edculum<\/strong><\/p>\n<p data-start=\"808\" data-end=\"896\">El curr\u00edculum del batxillerat es divideix en dues parts: <strong data-start=\"865\" data-end=\"875\">comuna<\/strong> i <strong data-start=\"878\" data-end=\"895\">diversificada<\/strong>.<\/p>\n<p data-start=\"916\" data-end=\"1074\">La part comuna inclou mat\u00e8ries que cursa tot l\u2019alumnat, independentment de la modalitat escollida, aix\u00ed com l\u2019hora setmanal de tutoria. La distribuci\u00f3 hor\u00e0ria \u00e9s la seg\u00fcent:<\/p>\n<div class=\"_tableContainer_16hzy_1\">\n<div class=\"_tableWrapper_16hzy_14 group flex w-fit flex-col-reverse\" tabindex=\"-1\">\n<table class=\"w-fit min-w-(--thread-content-width)\" data-start=\"1076\" data-end=\"2063\">\n<thead data-start=\"1076\" data-end=\"1163\">\n<tr data-start=\"1076\" data-end=\"1163\">\n<th style=\"width: 200.958px; text-align: center;\" data-start=\"1076\" data-end=\"1114\" data-col-size=\"sm\"><strong data-start=\"1078\" data-end=\"1096\">Mat\u00e8ria comuna<\/strong><\/th>\n<th style=\"width: 123.885px; text-align: center;\" data-start=\"1114\" data-end=\"1138\" data-col-size=\"sm\"><strong data-start=\"1116\" data-end=\"1137\">1r de Batxillerat<\/strong><\/th>\n<th style=\"width: 126.99px; text-align: center;\" data-start=\"1138\" data-end=\"1163\" data-col-size=\"sm\"><strong data-start=\"1140\" data-end=\"1161\">2n de Batxillerat<\/strong><\/th>\n<\/tr>\n<\/thead>\n<tbody data-start=\"1254\" data-end=\"2063\">\n<tr data-start=\"1254\" data-end=\"1343\">\n<td style=\"width: 200.958px; text-align: center;\" data-start=\"1254\" data-end=\"1292\" data-col-size=\"sm\">Llengua catalana i literatura<\/td>\n<td style=\"width: 123.885px; text-align: center;\" data-col-size=\"sm\" data-start=\"1292\" data-end=\"1317\">2h<\/td>\n<td style=\"width: 126.99px; text-align: center;\" data-col-size=\"sm\" data-start=\"1317\" data-end=\"1343\">2h<\/td>\n<\/tr>\n<tr data-start=\"1344\" data-end=\"1433\">\n<td style=\"width: 200.958px; text-align: center;\" data-start=\"1344\" data-end=\"1382\" data-col-size=\"sm\">Llengua castellana i literatura<\/td>\n<td style=\"width: 123.885px; text-align: center;\" data-col-size=\"sm\" data-start=\"1382\" data-end=\"1407\">2h<\/td>\n<td style=\"width: 126.99px; text-align: center;\" data-col-size=\"sm\" data-start=\"1407\" data-end=\"1433\">2h<\/td>\n<\/tr>\n<tr data-start=\"1434\" data-end=\"1523\">\n<td style=\"width: 200.958px; text-align: center;\" data-start=\"1434\" data-end=\"1472\" data-col-size=\"sm\">Llengua estrangera (angl\u00e8s)<\/td>\n<td style=\"width: 123.885px; text-align: center;\" data-col-size=\"sm\" data-start=\"1472\" data-end=\"1497\">3h<\/td>\n<td style=\"width: 126.99px; text-align: center;\" data-col-size=\"sm\" data-start=\"1497\" data-end=\"1523\">3h<\/td>\n<\/tr>\n<tr data-start=\"1524\" data-end=\"1613\">\n<td style=\"width: 200.958px; text-align: center;\" data-start=\"1524\" data-end=\"1562\" data-col-size=\"sm\">Educaci\u00f3 f\u00edsica<\/td>\n<td style=\"width: 123.885px; text-align: center;\" data-col-size=\"sm\" data-start=\"1562\" data-end=\"1587\">2h<\/td>\n<td style=\"width: 126.99px; text-align: center;\" data-col-size=\"sm\" data-start=\"1587\" data-end=\"1613\">&#8211;<\/td>\n<\/tr>\n<tr data-start=\"1614\" data-end=\"1703\">\n<td style=\"width: 200.958px; text-align: center;\" data-start=\"1614\" data-end=\"1652\" data-col-size=\"sm\">Filosofia<\/td>\n<td style=\"width: 123.885px; text-align: center;\" data-col-size=\"sm\" data-start=\"1652\" data-end=\"1677\">2h<\/td>\n<td style=\"width: 126.99px; text-align: center;\" data-col-size=\"sm\" data-start=\"1677\" data-end=\"1703\">&#8211;<\/td>\n<\/tr>\n<tr data-start=\"1704\" data-end=\"1793\">\n<td style=\"width: 200.958px; text-align: center;\" data-start=\"1704\" data-end=\"1742\" data-col-size=\"sm\">Hist\u00f2ria de la filosofia<\/td>\n<td style=\"width: 123.885px; text-align: center;\" data-col-size=\"sm\" data-start=\"1742\" data-end=\"1767\">&#8211;<\/td>\n<td style=\"width: 126.99px; text-align: center;\" data-col-size=\"sm\" data-start=\"1767\" data-end=\"1793\">3h<\/td>\n<\/tr>\n<tr data-start=\"1794\" data-end=\"1883\">\n<td style=\"width: 200.958px; text-align: center;\" data-start=\"1794\" data-end=\"1832\" data-col-size=\"sm\">Hist\u00f2ria<\/td>\n<td style=\"width: 123.885px; text-align: center;\" data-col-size=\"sm\" data-start=\"1832\" data-end=\"1857\">&#8211;<\/td>\n<td style=\"width: 126.99px; text-align: center;\" data-col-size=\"sm\" data-start=\"1857\" data-end=\"1883\">3h<\/td>\n<\/tr>\n<tr data-start=\"1884\" data-end=\"1973\">\n<td style=\"width: 200.958px; text-align: center;\" data-start=\"1884\" data-end=\"1922\" data-col-size=\"sm\">Tutoria<\/td>\n<td style=\"width: 123.885px; text-align: center;\" data-col-size=\"sm\" data-start=\"1922\" data-end=\"1947\">1h<\/td>\n<td style=\"width: 126.99px; text-align: center;\" data-col-size=\"sm\" data-start=\"1947\" data-end=\"1973\">1h<\/td>\n<\/tr>\n<tr data-start=\"1974\" data-end=\"2063\">\n<td style=\"width: 200.958px; text-align: center;\" data-start=\"1974\" data-end=\"2012\" data-col-size=\"sm\"><strong data-start=\"1976\" data-end=\"2003\">Total d\u2019hores setmanals<\/strong><\/td>\n<td style=\"width: 123.885px; text-align: center;\" data-col-size=\"sm\" data-start=\"2012\" data-end=\"2037\"><strong data-start=\"2014\" data-end=\"2021\">12h<\/strong><\/td>\n<td style=\"width: 126.99px; text-align: center;\" data-col-size=\"sm\" data-start=\"2037\" data-end=\"2063\"><strong data-start=\"2039\" data-end=\"2046\">14h<\/strong><\/td>\n<\/tr>\n<\/tbody>\n<\/table>\n<div class=\"sticky end-(--thread-content-margin) h-0 self-end select-none\">\n<div class=\"absolute end-0 flex items-end\"><\/div>\n<\/div>\n<\/div>\n<\/div>\n<p data-start=\"2065\" data-end=\"2089\">La part diversificada inclou:<\/p>\n<ul data-start=\"2111\" data-end=\"2418\">\n<li data-start=\"2111\" data-end=\"2207\">\n<p data-start=\"2113\" data-end=\"2207\">Una <strong data-start=\"2117\" data-end=\"2148\">mat\u00e8ria de modalitat obligada<\/strong>\u00a0a 1r de Batxillerat i una <strong data-start=\"2175\" data-end=\"2201\">mat\u00e8ria de modalitat obligada<\/strong>\u00a0a 2n de Batxillerat.<\/p>\n<\/li>\n<li data-start=\"2208\" data-end=\"2268\">\n<p data-start=\"2210\" data-end=\"2268\">Les <strong data-start=\"2214\" data-end=\"2239\">mat\u00e8ries de modalitat<\/strong> segons l&#8217;itinerari escollit, tant a 1r com a 2n de Batxillerat.<\/p>\n<\/li>\n<li data-start=\"2269\" data-end=\"2350\">\n<p data-start=\"2271\" data-end=\"2350\"><strong data-start=\"2271\" data-end=\"2293\">Mat\u00e8ries optatives <\/strong>nom\u00e9s a 1r de Batxillerat.<\/p>\n<\/li>\n<li data-start=\"2351\" data-end=\"2418\">\n<p data-start=\"2353\" data-end=\"2418\">El <a href=\"https:\/\/xtec.gencat.cat\/ca\/curriculum\/batxillerat\/treballrecerca\/\"><strong data-start=\"2356\" data-end=\"2378\">treball de recerca<\/strong><\/a>, que es desenvolupa al llarg del cicle.<\/p>\n<\/li>\n<\/ul>\n<p data-start=\"2420\" data-end=\"2614\">En finalitzar amb \u00e8xit els dos cursos, l\u2019alumnat obt\u00e9 el <strong data-start=\"2477\" data-end=\"2501\">t\u00edtol de Batxillerat<\/strong>, que permet accedir a estudis superiors o incorporar-se al mercat laboral amb una formaci\u00f3 s\u00f2lida i transversal.<\/p>\n","protected":false},"excerpt":{"rendered":"<p>El <a href=\"https:\/\/triaeducativa.gencat.cat\/ca\/batxillerat\/index.html\">Batxillerat<\/a> \u00e9s una etapa educativa postobligat\u00f2ria que, habitualment, es cursa entre els 16 i els 18 anys, tot i que est\u00e0 oberta a persones de qualsevol edat que vulguin continuar la seva formaci\u00f3 acad\u00e8mica. Consta de dos cursos acad\u00e8mics amb una c\u00e0rrega lectiva&hellip;  <a href=\"https:\/\/agora.xtec.cat\/instiana\/estudis\/batxillerat\/\" title=\"Read Batxillerat\">Llegeix m\u00e9s\u00bb<\/a><\/p>\n","protected":false},"author":1,"featured_media":0,"parent":195,"menu_order":6,"comment_status":"closed","ping_status":"closed","template":"page-templates\/side-menu.php","meta":{"_bbp_topic_count":0,"_bbp_reply_count":0,"_bbp_total_topic_count":0,"_bbp_total_reply_count":0,"_bbp_voice_count":0,"_bbp_anonymous_reply_count":0,"_bbp_topic_count_hidden":0,"_bbp_reply_count_hidden":0,"_bbp_forum_subforum_count":0,"footnotes":""},"class_list":["post-1672","page","type-page","status-publish","hentry"],"post_mailing_queue_ids":[],"_links":{"self":[{"href":"https:\/\/agora.xtec.cat\/instiana\/wp-json\/wp\/v2\/pages\/1672","targetHints":{"allow":["GET"]}}],"collection":[{"href":"https:\/\/agora.xtec.cat\/instiana\/wp-json\/wp\/v2\/pages"}],"about":[{"href":"https:\/\/agora.xtec.cat\/instiana\/wp-json\/wp\/v2\/types\/page"}],"author":[{"embeddable":true,"href":"https:\/\/agora.xtec.cat\/instiana\/wp-json\/wp\/v2\/users\/1"}],"replies":[{"embeddable":true,"href":"https:\/\/agora.xtec.cat\/instiana\/wp-json\/wp\/v2\/comments?post=1672"}],"version-history":[{"count":6,"href":"https:\/\/agora.xtec.cat\/instiana\/wp-json\/wp\/v2\/pages\/1672\/revisions"}],"predecessor-version":[{"id":4256,"href":"https:\/\/agora.xtec.cat\/instiana\/wp-json\/wp\/v2\/pages\/1672\/revisions\/4256"}],"up":[{"embeddable":true,"href":"https:\/\/agora.xtec.cat\/instiana\/wp-json\/wp\/v2\/pages\/195"}],"wp:attachment":[{"href":"https:\/\/agora.xtec.cat\/instiana\/wp-json\/wp\/v2\/media?parent=1672"}],"curies":[{"name":"wp","href":"https:\/\/api.w.org\/{rel}","templated":true}]}}