{"id":1415,"date":"2019-10-10T10:10:23","date_gmt":"2019-10-10T08:10:23","guid":{"rendered":"https:\/\/agora.xtec.cat\/instiana\/?page_id=1415"},"modified":"2020-05-07T20:10:55","modified_gmt":"2020-05-07T18:10:55","slug":"acompanyam","status":"publish","type":"page","link":"https:\/\/agora.xtec.cat\/instiana\/projectes\/acompanyam\/","title":{"rendered":"Acompanya&#8217;m"},"content":{"rendered":"<p>El programa Acompanya&#8217;m t\u00e9 com a objectiu principal millorar la conviv\u00e8ncia en el centre educatiu promovent conductes positives de relaci\u00f3 entre tots els membres de la comunitat educativa. Mitjan\u00e7ant uns sistema d\u2019apadrinatge i diferents activitats conjuntes a tutoria, treballem el respecte, l\u2019empatia i la import\u00e0ncia de la toler\u00e0ncia 0 envers l\u2019assetjament escolar. En aquest programa els alumnes de 3r i de 1r d&#8217;ESO formen un Equip on els m\u00e9s grans es converteixen en padrins i padrines dels m\u00e9s petits de l&#8217;institut.<\/p>\n","protected":false},"excerpt":{"rendered":"<p>El programa Acompanya&#8217;m t\u00e9 com a objectiu principal millorar la conviv\u00e8ncia en el centre educatiu promovent conductes positives de relaci\u00f3 entre tots els membres de la comunitat educativa. Mitjan\u00e7ant uns sistema d\u2019apadrinatge i diferents activitats conjuntes a tutoria, treballem el respecte, l\u2019empatia i la import\u00e0ncia&hellip;  <a href=\"https:\/\/agora.xtec.cat\/instiana\/projectes\/acompanyam\/\" title=\"Read Acompanya&#8217;m\">Llegeix m\u00e9s\u00bb<\/a><\/p>\n","protected":false},"author":3,"featured_media":0,"parent":579,"menu_order":0,"comment_status":"closed","ping_status":"closed","template":"","meta":{"_bbp_topic_count":0,"_bbp_reply_count":0,"_bbp_total_topic_count":0,"_bbp_total_reply_count":0,"_bbp_voice_count":0,"_bbp_anonymous_reply_count":0,"_bbp_topic_count_hidden":0,"_bbp_reply_count_hidden":0,"_bbp_forum_subforum_count":0,"footnotes":""},"class_list":["post-1415","page","type-page","status-publish","hentry"],"post_mailing_queue_ids":[],"_links":{"self":[{"href":"https:\/\/agora.xtec.cat\/instiana\/wp-json\/wp\/v2\/pages\/1415","targetHints":{"allow":["GET"]}}],"collection":[{"href":"https:\/\/agora.xtec.cat\/instiana\/wp-json\/wp\/v2\/pages"}],"about":[{"href":"https:\/\/agora.xtec.cat\/instiana\/wp-json\/wp\/v2\/types\/page"}],"author":[{"embeddable":true,"href":"https:\/\/agora.xtec.cat\/instiana\/wp-json\/wp\/v2\/users\/3"}],"replies":[{"embeddable":true,"href":"https:\/\/agora.xtec.cat\/instiana\/wp-json\/wp\/v2\/comments?post=1415"}],"version-history":[{"count":3,"href":"https:\/\/agora.xtec.cat\/instiana\/wp-json\/wp\/v2\/pages\/1415\/revisions"}],"predecessor-version":[{"id":1739,"href":"https:\/\/agora.xtec.cat\/instiana\/wp-json\/wp\/v2\/pages\/1415\/revisions\/1739"}],"up":[{"embeddable":true,"href":"https:\/\/agora.xtec.cat\/instiana\/wp-json\/wp\/v2\/pages\/579"}],"wp:attachment":[{"href":"https:\/\/agora.xtec.cat\/instiana\/wp-json\/wp\/v2\/media?parent=1415"}],"curies":[{"name":"wp","href":"https:\/\/api.w.org\/{rel}","templated":true}]}}