{"id":1022,"date":"2019-02-06T13:46:19","date_gmt":"2019-02-06T12:46:19","guid":{"rendered":"https:\/\/agora.xtec.cat\/instiana\/?page_id=1022"},"modified":"2025-05-29T13:10:44","modified_gmt":"2025-05-29T11:10:44","slug":"optatives-eso-3","status":"publish","type":"page","link":"https:\/\/agora.xtec.cat\/instiana\/optatives-eso-3\/","title":{"rendered":"Optatives 3r d&#8217;ESO"},"content":{"rendered":"<p>En aquest curs s&#8217;ofereixen les seg\u00fcents mat\u00e8ries optatives anuals: <span style=\"color: #008080;\">Cultura cl\u00e0ssica: Hist\u00f2ria i cinema, <\/span><span style=\"color: #008080;\">Emprenedoria, Rob\u00f2tica 3 i Segona llengua estrangera: alemany<span style=\"color: #000000;\">,\u00a0<\/span><\/span><span style=\"color: #008080;\"><span style=\"color: #000000;\">. Aquestes mat\u00e8ries optatives les proposa el centre educatiu, les sol\u00b7licita l&#8217;alumnat i les atorga l&#8217;equip docent del curs.<\/span><\/span><\/p>\n<table style=\"width: 100%; height: 338px;\">\n<tbody>\n<tr style=\"height: 32px;\">\n<td style=\"text-align: center; height: 32px;\"><strong>Optativa<\/strong><\/td>\n<td style=\"text-align: center; height: 32px;\">\n<div><strong>Objectius<\/strong><\/div>\n<\/td>\n<\/tr>\n<tr style=\"height: 80px;\">\n<td style=\"height: 80px; text-align: center;\"><strong>Cultura cl\u00e0ssica: Hist\u00f2ria i cinema<\/strong><\/td>\n<td style=\"height: 80px;\">\u00e9s una mat\u00e8ria optativa anual que proposa un viatge apassionant per les civilitzacions grega i romana a trav\u00e9s del cinema. L&#8217;alumnat descobrir\u00e0 els mites, personatges, valors i esdeveniments clau de <strong>l&#8217;antiguitat cl\u00e0ssica<\/strong> i analitzar\u00e0 com aquests han estat representats en pel\u00b7l\u00edcules i s\u00e8ries.<\/td>\n<\/tr>\n<tr style=\"height: 32px;\">\n<td style=\"height: 32px; text-align: center;\"><strong>Emprenedoria<\/strong><\/td>\n<td style=\"height: 32px;\">\u00e9s una mat\u00e8ria optativa anual que fomenta la creativitat, el treball en equip i <strong>l\u2019esperit emprenedor<\/strong>. L\u2019alumnat aprendr\u00e0 a desenvolupar idees de negoci, gestionar projectes i prendre decisions responsables, tot posant en pr\u00e0ctica coneixements b\u00e0sics d\u2019economia, m\u00e0rqueting i gesti\u00f3. A trav\u00e9s d\u2019activitats pr\u00e0ctiques i simulacions, es treballa l\u2019autonomia, la iniciativa i la capacitat d\u2019afrontar reptes del m\u00f3n real.<\/td>\n<\/tr>\n<tr style=\"height: 114px;\">\n<td style=\"height: 114px; text-align: center;\"><b>Rob\u00f2tica 3<\/b><\/td>\n<td style=\"height: 114px;\">Dins el projecte\u00a0<strong>STEAM<\/strong> (acr\u00f2nim angl\u00e8s que engloba les disciplines educatives; Science Technology, Engineering, Art i Mathematics) es fa \u00fas de robots com a fil conductor. Amb la seva construcci\u00f3 i programaci\u00f3, l\u2019alumnat desenvolupa habilitats creatives i resolutives com \u00e9s la realitzaci\u00f3 d\u2019hip\u00f2tesis i el pensament sistem\u00e0tic, l\u00f2gic i estructural.<\/td>\n<\/tr>\n<tr style=\"height: 80px;\">\n<td style=\"height: 80px; text-align: center;\"><strong>Segona llengua estrangera: alemany<\/strong><\/td>\n<td style=\"height: 80px;\">Aquesta mat\u00e8ria \u00e9s una introducci\u00f3 a la\u00a0<strong>llengua alemanya<\/strong>. Es treballen les compet\u00e8ncies comunicatives fonamentals: comprensi\u00f3 lectora i expressi\u00f3 escrita i oral. Si fent aquest tastet us agrada la mat\u00e8ria, en cursos posteriors podreu donar-li continu\u00eftat per aprendre aquesta llengua i qui sap si fer un viatge per poder practicar-la!<\/td>\n<\/tr>\n<\/tbody>\n<\/table>\n<ul>\n<li><span style=\"color: #008080;\"><span style=\"color: #000000;\">Paral\u00b7lelament, tamb\u00e9 s&#8217;ofereixen les mat\u00e8ries anuals de: <\/span><strong>Religi\u00f3<\/strong> i <strong>A<\/strong><\/span><strong><span style=\"color: #008080;\">ctivitats c\u00edviques i culturals<\/span><\/strong><span style=\"color: #008080;\"><span style=\"color: #000000;\">.<\/span><\/span><\/li>\n<\/ul>\n","protected":false},"excerpt":{"rendered":"<p>En aquest curs s&#8217;ofereixen les seg\u00fcents mat\u00e8ries optatives anuals: Cultura cl\u00e0ssica: Hist\u00f2ria i cinema, Emprenedoria, Rob\u00f2tica 3 i Segona llengua estrangera: alemany,\u00a0. Aquestes mat\u00e8ries optatives les proposa el centre educatiu, les sol\u00b7licita l&#8217;alumnat i les atorga l&#8217;equip docent del curs.<\/p>\n<p>Optativa<\/p>\n<p>Objectius<\/p>\n<p>Cultura cl\u00e0ssica: Hist\u00f2ria i cinema<br \/>\n\u00e9s una&hellip;  <a href=\"https:\/\/agora.xtec.cat\/instiana\/optatives-eso-3\/\" title=\"Read Optatives 3r d&#8217;ESO\">Llegeix m\u00e9s\u00bb<\/a><\/p>\n","protected":false},"author":4,"featured_media":0,"parent":0,"menu_order":0,"comment_status":"closed","ping_status":"closed","template":"page-templates\/side-menu.php","meta":{"_bbp_topic_count":0,"_bbp_reply_count":0,"_bbp_total_topic_count":0,"_bbp_total_reply_count":0,"_bbp_voice_count":0,"_bbp_anonymous_reply_count":0,"_bbp_topic_count_hidden":0,"_bbp_reply_count_hidden":0,"_bbp_forum_subforum_count":0,"footnotes":""},"class_list":["post-1022","page","type-page","status-publish","hentry"],"post_mailing_queue_ids":[],"_links":{"self":[{"href":"https:\/\/agora.xtec.cat\/instiana\/wp-json\/wp\/v2\/pages\/1022","targetHints":{"allow":["GET"]}}],"collection":[{"href":"https:\/\/agora.xtec.cat\/instiana\/wp-json\/wp\/v2\/pages"}],"about":[{"href":"https:\/\/agora.xtec.cat\/instiana\/wp-json\/wp\/v2\/types\/page"}],"author":[{"embeddable":true,"href":"https:\/\/agora.xtec.cat\/instiana\/wp-json\/wp\/v2\/users\/4"}],"replies":[{"embeddable":true,"href":"https:\/\/agora.xtec.cat\/instiana\/wp-json\/wp\/v2\/comments?post=1022"}],"version-history":[{"count":6,"href":"https:\/\/agora.xtec.cat\/instiana\/wp-json\/wp\/v2\/pages\/1022\/revisions"}],"predecessor-version":[{"id":3793,"href":"https:\/\/agora.xtec.cat\/instiana\/wp-json\/wp\/v2\/pages\/1022\/revisions\/3793"}],"wp:attachment":[{"href":"https:\/\/agora.xtec.cat\/instiana\/wp-json\/wp\/v2\/media?parent=1022"}],"curies":[{"name":"wp","href":"https:\/\/api.w.org\/{rel}","templated":true}]}}