{"id":3478,"date":"2022-06-29T12:55:49","date_gmt":"2022-06-29T10:55:49","guid":{"rendered":"https:\/\/agora.xtec.cat\/instarragona\/?page_id=3478"},"modified":"2026-01-20T14:07:54","modified_gmt":"2026-01-20T13:07:54","slug":"estrategia-digital","status":"publish","type":"page","link":"https:\/\/agora.xtec.cat\/instarragona\/estrategia-digital\/","title":{"rendered":"ESTRAT\u00c8GIA DIGITAL"},"content":{"rendered":"<p>&nbsp;<\/p>\n<p style=\"text-align: center;\">En aquest altre <a href=\"https:\/\/sites.google.com\/xtec.cat\/edcinstarragona\/inici\" target=\"_blank\" rel=\"noopener\"><strong>enlla\u00e7<\/strong> <\/a>tamb\u00e9 podeu consultar tota la informaci\u00f3 relacionada amb la nostra estrat\u00e8gia digital.<\/p>\n<p><a href=\"https:\/\/sites.google.com\/xtec.cat\/edcinstarragona\/inici\" target=\"_blank\" rel=\"noopener\"><img loading=\"lazy\" decoding=\"async\" class=\"aligncenter wp-image-3479 size-full\" src=\"https:\/\/agora.xtec.cat\/instarragona\/wp-content\/uploads\/usu484\/2022\/06\/Captura-de-pantalla-2022-06-29-125037.png\" alt=\"\" width=\"1518\" height=\"364\" srcset=\"https:\/\/agora.xtec.cat\/instarragona\/wp-content\/uploads\/usu484\/2022\/06\/Captura-de-pantalla-2022-06-29-125037.png 1518w, https:\/\/agora.xtec.cat\/instarragona\/wp-content\/uploads\/usu484\/2022\/06\/Captura-de-pantalla-2022-06-29-125037-300x72.png 300w, https:\/\/agora.xtec.cat\/instarragona\/wp-content\/uploads\/usu484\/2022\/06\/Captura-de-pantalla-2022-06-29-125037-1024x246.png 1024w, https:\/\/agora.xtec.cat\/instarragona\/wp-content\/uploads\/usu484\/2022\/06\/Captura-de-pantalla-2022-06-29-125037-768x184.png 768w\" sizes=\"auto, (max-width: 1518px) 100vw, 1518px\" \/><\/a><\/p>\n<p>&nbsp;<\/p>\n<p style=\"text-align: center;\"><strong>Problemes amb la contrasenya?<\/strong><\/p>\n<table style=\"border-collapse: collapse; width: 100%;\">\n<tbody>\n<tr>\n<td style=\"width: 100%; background-color: #e6e8c3; text-align: center;\">\n<h4><a href=\"https:\/\/drive.google.com\/file\/d\/1beg9qhW6lGGOSETw3beNWy6R0TZd48Wc\/view?usp=sharing\" target=\"_blank\" rel=\"noopener\"><strong>COM CANVIAR LA CONTRASENYA @instarragona.cat?<\/strong><\/a><\/h4>\n<\/td>\n<\/tr>\n<\/tbody>\n<\/table>\n","protected":false},"excerpt":{"rendered":"<p>&nbsp;<br \/>\nEn aquest altre <a href=\"https:\/\/sites.google.com\/xtec.cat\/edcinstarragona\/inici\" target=\"_blank\" rel=\"noopener\">enlla\u00e7 <\/a>tamb\u00e9 podeu consultar tota la informaci\u00f3 relacionada amb la nostra estrat\u00e8gia digital.<br \/>\n<a href=\"https:\/\/sites.google.com\/xtec.cat\/edcinstarragona\/inici\" target=\"_blank\" rel=\"noopener\"><\/a><br \/>\n&nbsp;<br \/>\nProblemes amb la contrasenya?<\/p>\n<p><a href=\"https:\/\/drive.google.com\/file\/d\/1beg9qhW6lGGOSETw3beNWy6R0TZd48Wc\/view?usp=sharing\" target=\"_blank\" rel=\"noopener\">COM CANVIAR LA CONTRASENYA @instarragona.cat?<\/a><\/p>\n","protected":false},"author":1,"featured_media":0,"parent":0,"menu_order":0,"comment_status":"closed","ping_status":"closed","template":"","meta":{"_bbp_topic_count":0,"_bbp_reply_count":0,"_bbp_total_topic_count":0,"_bbp_total_reply_count":0,"_bbp_voice_count":0,"_bbp_anonymous_reply_count":0,"_bbp_topic_count_hidden":0,"_bbp_reply_count_hidden":0,"_bbp_forum_subforum_count":0,"footnotes":""},"class_list":["post-3478","page","type-page","status-publish","hentry"],"post_mailing_queue_ids":[],"_links":{"self":[{"href":"https:\/\/agora.xtec.cat\/instarragona\/wp-json\/wp\/v2\/pages\/3478","targetHints":{"allow":["GET"]}}],"collection":[{"href":"https:\/\/agora.xtec.cat\/instarragona\/wp-json\/wp\/v2\/pages"}],"about":[{"href":"https:\/\/agora.xtec.cat\/instarragona\/wp-json\/wp\/v2\/types\/page"}],"author":[{"embeddable":true,"href":"https:\/\/agora.xtec.cat\/instarragona\/wp-json\/wp\/v2\/users\/1"}],"replies":[{"embeddable":true,"href":"https:\/\/agora.xtec.cat\/instarragona\/wp-json\/wp\/v2\/comments?post=3478"}],"version-history":[{"count":6,"href":"https:\/\/agora.xtec.cat\/instarragona\/wp-json\/wp\/v2\/pages\/3478\/revisions"}],"predecessor-version":[{"id":6730,"href":"https:\/\/agora.xtec.cat\/instarragona\/wp-json\/wp\/v2\/pages\/3478\/revisions\/6730"}],"wp:attachment":[{"href":"https:\/\/agora.xtec.cat\/instarragona\/wp-json\/wp\/v2\/media?parent=3478"}],"curies":[{"name":"wp","href":"https:\/\/api.w.org\/{rel}","templated":true}]}}