{"id":195,"date":"2014-09-22T10:39:39","date_gmt":"2014-09-22T10:39:39","guid":{"rendered":"http:\/\/agora.xtec.cat\/instarragona\/?page_id=195"},"modified":"2025-04-27T10:57:55","modified_gmt":"2025-04-27T08:57:55","slug":"estudis","status":"publish","type":"page","link":"https:\/\/agora.xtec.cat\/instarragona\/estudis\/","title":{"rendered":"ESTUDIS"},"content":{"rendered":"<p>En el nostre centre s&#8217;imparteixen els seg\u00fcents estudis:<\/p>\n<ul>\n<li>\n<h5><a href=\"https:\/\/agora.xtec.cat\/instarragona\/estudis\/eso\/\">ESO &#8211; Educaci\u00f3 Secund\u00e0ria Obligat\u00f2ria (4 cursos)<\/a><\/h5>\n<\/li>\n<li>\n<h5><a href=\"https:\/\/agora.xtec.cat\/instarragona\/estudis\/batxillerat\/\">Batxillerat (2 cursos)<\/a><\/h5>\n<\/li>\n<li>\n<h5><a href=\"https:\/\/agora.xtec.cat\/instarragona\/gfgb\/\" target=\"_blank\" rel=\"noopener\">Cicle formatiu de grau b\u00e0sic de Serveis Administratius (2 cursos)\u00a0\u00a0<\/a><\/h5>\n<\/li>\n<\/ul>\n<p>&nbsp;<\/p>\n<p>&nbsp;<\/p>\n","protected":false},"excerpt":{"rendered":"<p>En el nostre centre s&#8217;imparteixen els seg\u00fcents estudis:<\/p>\n<ul>\n<li>\n<a href=\"https:\/\/agora.xtec.cat\/instarragona\/estudis\/eso\/\">ESO &#8211; Educaci\u00f3 Secund\u00e0ria Obligat\u00f2ria (4 cursos)<\/a>\n<\/li>\n<li>\n<a href=\"https:\/\/agora.xtec.cat\/instarragona\/estudis\/batxillerat\/\">Batxillerat (2 cursos)<\/a>\n<\/li>\n<li>\n<a href=\"https:\/\/agora.xtec.cat\/instarragona\/gfgb\/\" target=\"_blank\" rel=\"noopener\">Cicle formatiu de grau b\u00e0sic de Serveis Administratius (2 cursos)\u00a0\u00a0<\/a>\n<\/li>\n<\/ul>\n<p>&nbsp;<br \/>\n&nbsp;<\/p>\n","protected":false},"author":1,"featured_media":0,"parent":0,"menu_order":0,"comment_status":"closed","ping_status":"closed","template":"page-templates\/side-menu.php","meta":{"_bbp_topic_count":0,"_bbp_reply_count":0,"_bbp_total_topic_count":0,"_bbp_total_reply_count":0,"_bbp_voice_count":0,"_bbp_anonymous_reply_count":0,"_bbp_topic_count_hidden":0,"_bbp_reply_count_hidden":0,"_bbp_forum_subforum_count":0,"footnotes":""},"class_list":["post-195","page","type-page","status-publish","hentry"],"post_mailing_queue_ids":[],"_links":{"self":[{"href":"https:\/\/agora.xtec.cat\/instarragona\/wp-json\/wp\/v2\/pages\/195","targetHints":{"allow":["GET"]}}],"collection":[{"href":"https:\/\/agora.xtec.cat\/instarragona\/wp-json\/wp\/v2\/pages"}],"about":[{"href":"https:\/\/agora.xtec.cat\/instarragona\/wp-json\/wp\/v2\/types\/page"}],"author":[{"embeddable":true,"href":"https:\/\/agora.xtec.cat\/instarragona\/wp-json\/wp\/v2\/users\/1"}],"replies":[{"embeddable":true,"href":"https:\/\/agora.xtec.cat\/instarragona\/wp-json\/wp\/v2\/comments?post=195"}],"version-history":[{"count":5,"href":"https:\/\/agora.xtec.cat\/instarragona\/wp-json\/wp\/v2\/pages\/195\/revisions"}],"predecessor-version":[{"id":6207,"href":"https:\/\/agora.xtec.cat\/instarragona\/wp-json\/wp\/v2\/pages\/195\/revisions\/6207"}],"wp:attachment":[{"href":"https:\/\/agora.xtec.cat\/instarragona\/wp-json\/wp\/v2\/media?parent=195"}],"curies":[{"name":"wp","href":"https:\/\/api.w.org\/{rel}","templated":true}]}}