{"id":81,"date":"2014-09-18T10:38:05","date_gmt":"2014-09-18T10:38:05","guid":{"rendered":"http:\/\/agora.xtec.cat\/instaradell\/?page_id=81"},"modified":"2026-04-27T09:05:38","modified_gmt":"2026-04-27T07:05:38","slug":"secretaria","status":"publish","type":"page","link":"https:\/\/agora.xtec.cat\/instaradell\/secretaria\/","title":{"rendered":"Secretaria"},"content":{"rendered":"<p>Podeu demanar o fer un dels tr\u00e0mits seg\u00fcents, pr\u00e8viament haureu d&#8217;omplir i facilitar les dades que es demanen:<\/p>\n<p><strong>Preinscripci\u00f3, admissi\u00f3 i matr\u00edcula<\/strong><\/p>\n<ul>\n<li><a href=\"https:\/\/preinscripcio.gencat.cat\/ca\/inici\" target=\"_blank\" rel=\"noopener\">Preinscripci\u00f3<\/a><\/li>\n<li><a href=\"https:\/\/educacio.gencat.cat\/ca\/tramits\/tramits-temes\/admissio-centre-fora-proces-preinscripcio?category=74447ed8-a82c-11e3-a972-000c29052e2c\" target=\"_blank\" rel=\"noopener\">Presentar la sol\u00b7licitud d&#8217;admissi\u00f3 fora del proc\u00e9s de preinscripci\u00f3<\/a><\/li>\n<li><a href=\"https:\/\/forms.gle\/1Dx4bn4T5RYN5tJ47\" target=\"_blank\" rel=\"noopener\">Confirmar una matr\u00edcula<\/a> (nom\u00e9s si heu obtingut pr\u00e8viament una pla\u00e7a en la preinscripci\u00f3 o admissi\u00f3)<\/li>\n<\/ul>\n<p><strong>Ajuts i transport escolar<\/strong><\/p>\n<ul>\n<li><a href=\"https:\/\/renovacions.ccosona.cat\/\" target=\"_blank\" rel=\"noopener noreferrer\">Ajuts de suport a l\u2019escolaritzaci\u00f3 del Consell Comarcal<\/a><\/li>\n<li><a href=\"http:\/\/ajuts.osonaacciosocial.cat\/\" target=\"_blank\" rel=\"noopener\">Ajuts <span class=\"il\">Consorci<\/span>\u00a0<span class=\"il\">d&#8217;<\/span><span class=\"il\">Osona<\/span>\u00a0<span class=\"il\">de<\/span>\u00a0<span class=\"il\">Serveis<\/span>\u00a0<span class=\"il\">Socials<\/span><\/a><\/li>\n<li><a href=\"https:\/\/www.ccosona.cat\/transport-escolar\/servei-de-transport-col-lectiu\" target=\"_blank\" rel=\"noopener\">Servei de transport escolar del Consell Comarcal<\/a> &#8211; <a href=\"https:\/\/www.ccosona.cat\/index.php\/institucio\/oficina-virtual\/ajuts-i-subvencions\/22-subvencions\/1563-ajuts-de-transport-escolar-curs-2018-19\" target=\"_blank\" rel=\"noopener\">Tr\u00e0mits i models de sol\u00b7licitud<\/a><\/li>\n<li><a href=\"http:\/\/agora.xtec.cat\/instaradell\/ajuts-per-a-alumnes-amb-necessitat-especifica-de-suport-educatiu\/\">Ajuts per a alumnes amb necessitat espec\u00edfica de suport educatiu<\/a><\/li>\n<li><a href=\"http:\/\/agora.xtec.cat\/instaradell\/beques-per-a-ensenyaments-postobligatoris-no-universitaris\/\">Beques per a ensenyaments postobligatoris no universitaris<\/a><\/li>\n<\/ul>\n<p><b>Certificats i historials acad\u00e8mics<\/b><\/p>\n<ul>\n<li><a href=\"https:\/\/forms.gle\/1Dx4bn4T5RYN5tJ47\" target=\"_blank\" rel=\"noopener\">Certificat de matricula del curs actual<\/a><\/li>\n<li><a href=\"https:\/\/forms.gle\/1Dx4bn4T5RYN5tJ47\" target=\"_blank\" rel=\"noopener\">Certificat d&#8217;equival\u00e8ncia de Catal\u00e0<\/a> (nom\u00e9s per a ex-alumnat), <a href=\"https:\/\/llengua.gencat.cat\/web\/.content\/documents\/certificats_de_catala\/arxius\/equiv_llista.pdf\" target=\"_blank\" rel=\"noopener\">m\u00e9s informaci\u00f3 a la normativa<\/a>.<\/li>\n<li><a href=\"https:\/\/forms.gle\/1Dx4bn4T5RYN5tJ47\" target=\"_blank\" rel=\"noopener\">Certificat acad\u00e8mic<\/a> (per acreditar els estudis fets a l&#8217;institut)<\/li>\n<li><a href=\"https:\/\/forms.gle\/1Dx4bn4T5RYN5tJ47\" target=\"_blank\" rel=\"noopener\">Certificat per al tr\u00e0mit de la resid\u00e8ncia<\/a><\/li>\n<\/ul>\n<p><strong>Simultane\u00eftat amb estudis de m\u00fasica, dansa i esport<\/strong><\/p>\n<ul>\n<li><a href=\"https:\/\/agora.xtec.cat\/instaradell\/alumnat-amb-dedicacio-significativa-a-lesport-matriculat-en-altres-centres\/\">Alumnes amb dedicaci\u00f3 significativa a l\u2019esport matriculats en altres centres<\/a><\/li>\n<li><a href=\"https:\/\/agora.xtec.cat\/instaradell\/?page_id=3434&amp;preview=true\">Simultane\u00eftat d&#8217;estudis amb m\u00fasica i dansa<\/a><\/li>\n<\/ul>\n<p><b>T\u00edtol d&#8217;ESO i Batxillerat<\/b><\/p>\n<ul>\n<li><a href=\"https:\/\/web.gencat.cat\/ca\/tramits\/tramits-temes\/titols-academics-no-universitaris?category=742b7874-a82c-11e3-a972-000c29052e2c\" target=\"_blank\" rel=\"noopener\">Tramitaci\u00f3 de t\u00edtols acad\u00e8mics i professionals no universitaris<\/a> (primera expedici\u00f3, duplicat o actualitzaci\u00f3)<\/li>\n<li><a id=\"titols_rebuts\"><\/a>Lliurament a la persona interessada, els \u00faltims que el centre ha rebut i que podeu recollir s\u00f3n:<br \/>\n<table style=\"border-collapse: collapse; width: 26.0136%;\">\n<tbody>\n<tr>\n<td style=\"width: 2.54453%; text-align: center;\"><strong>ESO<\/strong><\/td>\n<td style=\"width: 12.1179%; text-align: center;\"><strong>BAT Humanitats i ci\u00e8ncies socials<\/strong><\/td>\n<td style=\"width: 7.99719%; text-align: center;\"><strong>BAT Ci\u00e8ncies<\/strong><\/td>\n<\/tr>\n<tr>\n<td style=\"width: 2.54453%; text-align: center;\">2018\/2019<\/td>\n<td style=\"width: 12.1179%; text-align: center;\">2018\/2019<\/td>\n<td style=\"width: 7.99719%; text-align: center;\">2020\/2021<\/td>\n<\/tr>\n<\/tbody>\n<\/table>\n<\/li>\n<\/ul>\n<p><strong>Altres<\/strong><\/p>\n<ul>\n<li><a href=\"https:\/\/docs.google.com\/forms\/d\/1PVsZzWESqQm2DqxUfvTFWhLl-iooFMN4fK3ZHgsV9mA\/edit\" target=\"_blank\" rel=\"noopener\">Incorporaci\u00f3 de personal del centre<\/a><\/li>\n<li><a href=\"http:\/\/agora.xtec.cat\/instaradell\/carnet-destudiant\/\" target=\"_blank\" rel=\"noopener noreferrer\">Carnet d&#8217;estudiant<\/a><\/li>\n<li><a href=\"https:\/\/agora.xtec.cat\/instaradell\/?page_id=3424&amp;preview=true\">Graduat en ESO (alumnat que no l&#8217;ha obtingut en finalitzar l&#8217;etapa)<\/a><\/li>\n<li><a href=\"https:\/\/tramits.gencat.cat\/ca\/tramits\/tramits-temes\/7864_-_Permis-de-viatge-a-lestranger-per-a-menors\" target=\"_blank\" rel=\"noopener\">Perm\u00eds de viatge a l\u2019estranger per a menors<\/a><\/li>\n<li><a href=\"https:\/\/agora.xtec.cat\/instaradell\/asseguranca-escolar-obligatoria\/\">Asseguran\u00e7a escolar obligat\u00f2ria<\/a><\/li>\n<li><a href=\"https:\/\/tramits.gencat.cat\/ca\/tramits\/tramits-temes\/homologacio-titols\" target=\"_blank\" rel=\"noopener\">Homologaci\u00f3 i convalidaci\u00f3 de t\u00edtols estrangers no universitaris<\/a><\/li>\n<\/ul>\n<div class=\"oKdM2c\">\n<div id=\"h.70e39a1a745bab6_8\" class=\"hJDwNd-AhqUyc-OwsYgb jXK9ad D2fZ2 wHaque GNzUNc\">\n<div class=\"jXK9ad-SmKAyb\">\n<div class=\"tyJCtd mGzaTb baZpAe\">\n<section id=\"h.70e39a1a745bab6_54\" class=\"yaqOZd\">\n<h4><\/h4>\n<div class=\"mYVXT\">\n<div class=\"LS81yb VICjCf\" tabindex=\"-1\">\n<div class=\"hJDwNd-AhqUyc-OwsYgb purZT-AhqUyc-II5mzb pSzOP-AhqUyc-qWD73c JNdkSc yYI8W \">\n<h4><\/h4>\n<h4><\/h4>\n<h4><\/h4>\n<\/div>\n<\/div>\n<\/div>\n<\/section>\n<\/div>\n<\/div>\n<\/div>\n<\/div>\n<p dir=\"ltr\">\n","protected":false},"excerpt":{"rendered":"<p>Podeu demanar o fer un dels tr\u00e0mits seg\u00fcents, pr\u00e8viament haureu d&#8217;omplir i facilitar les dades que es demanen:<br \/>\nPreinscripci\u00f3, admissi\u00f3 i matr\u00edcula<\/p>\n<ul>\n<li><a href=\"https:\/\/preinscripcio.gencat.cat\/ca\/inici\" target=\"_blank\" rel=\"noopener\">Preinscripci\u00f3<\/a><\/li>\n<li><a href=\"https:\/\/educacio.gencat.cat\/ca\/tramits\/tramits-temes\/admissio-centre-fora-proces-preinscripcio?category=74447ed8-a82c-11e3-a972-000c29052e2c\" target=\"_blank\" rel=\"noopener\">Presentar la sol\u00b7licitud d&#8217;admissi\u00f3 fora del proc\u00e9s de preinscripci\u00f3<\/a><\/li>\n<li><a href=\"https:\/\/forms.gle\/1Dx4bn4T5RYN5tJ47\" target=\"_blank\" rel=\"noopener\">Confirmar una matr\u00edcula<\/a> (nom\u00e9s si heu obtingut pr\u00e8viament&hellip;  <a href=\"https:\/\/agora.xtec.cat\/instaradell\/secretaria\/\" title=\"Read Secretaria\">Llegeix m\u00e9s\u00bb<\/a><br \/>\n","protected":false},"author":1,"featured_media":0,"parent":0,"menu_order":0,"comment_status":"closed","ping_status":"closed","template":"","meta":{"_bbp_topic_count":0,"_bbp_reply_count":0,"_bbp_total_topic_count":0,"_bbp_total_reply_count":0,"_bbp_voice_count":0,"_bbp_anonymous_reply_count":0,"_bbp_topic_count_hidden":0,"_bbp_reply_count_hidden":0,"_bbp_forum_subforum_count":0,"footnotes":""},"class_list":["post-81","page","type-page","status-publish","hentry"],"post_mailing_queue_ids":[],"_links":{"self":[{"href":"https:\/\/agora.xtec.cat\/instaradell\/wp-json\/wp\/v2\/pages\/81","targetHints":{"allow":["GET"]}}],"collection":[{"href":"https:\/\/agora.xtec.cat\/instaradell\/wp-json\/wp\/v2\/pages"}],"about":[{"href":"https:\/\/agora.xtec.cat\/instaradell\/wp-json\/wp\/v2\/types\/page"}],"author":[{"embeddable":true,"href":"https:\/\/agora.xtec.cat\/instaradell\/wp-json\/wp\/v2\/users\/1"}],"replies":[{"embeddable":true,"href":"https:\/\/agora.xtec.cat\/instaradell\/wp-json\/wp\/v2\/comments?post=81"}],"version-history":[{"count":7,"href":"https:\/\/agora.xtec.cat\/instaradell\/wp-json\/wp\/v2\/pages\/81\/revisions"}],"predecessor-version":[{"id":5941,"href":"https:\/\/agora.xtec.cat\/instaradell\/wp-json\/wp\/v2\/pages\/81\/revisions\/5941"}],"wp:attachment":[{"href":"https:\/\/agora.xtec.cat\/instaradell\/wp-json\/wp\/v2\/media?parent=81"}],"curies":[{"name":"wp","href":"https:\/\/api.w.org\/{rel}","templated":true}]}}