{"id":75,"date":"2014-09-18T10:21:02","date_gmt":"2014-09-18T09:21:02","guid":{"rendered":"http:\/\/agora.xtec.cat\/instaradell\/?page_id=75"},"modified":"2024-10-16T13:41:55","modified_gmt":"2024-10-16T11:41:55","slug":"innovacio-educativa","status":"publish","type":"page","link":"https:\/\/agora.xtec.cat\/instaradell\/innovacio-educativa\/","title":{"rendered":"Programes d&#8217;innovaci\u00f3 educativa"},"content":{"rendered":"<h3><strong><a href=\"http:\/\/xtec.gencat.cat\/ca\/projectes\/plurilinguisme\/programes\/institucionals\/gep\/\" target=\"_blank\" rel=\"noopener\">GEP<\/a><\/strong><\/h3>\n<p><a href=\"https:\/\/sites.google.com\/instaradell.cat\/elisabet-aymerich-sergi-dot\/who-are-we?authuser=0\"><img loading=\"lazy\" decoding=\"async\" class=\"alignnone size-full wp-image-4055\" src=\"https:\/\/agora.xtec.cat\/instaradell\/wp-content\/uploads\/usu1552\/2021\/10\/gep.png\" alt=\"\" width=\"296\" height=\"109\" \/><\/a><\/p>\n<p style=\"text-align: justify;\">El\u00a0<strong>programa GEP<\/strong>\u00a0promou augmentar la compet\u00e8ncia comunicativa de l&#8217;alumnat en les lleng\u00fces estrangeres curriculars incrementant el grau d&#8217;exposici\u00f3 a aquestes lleng\u00fces. A trav\u00e9s del programa s&#8217;impulsen accions innovadores en l&#8217;\u00e0mbit de l&#8217;organitzaci\u00f3 curricular de les lleng\u00fces estrangeres i en l&#8217;\u00e0mbit metodol\u00f2gic de l&#8217;ensenyament d&#8217;aquestes lleng\u00fces. Tamb\u00e9 es promou un aprenentatge actiu i significatiu per part de l&#8217;alumnat, basat en el treball cooperatiu i per projectes que integrin les TIC, en una avaluaci\u00f3 orientada a l&#8217;aprenentatge, i en l&#8217;adquisici\u00f3 d&#8217;estrat\u00e8gies per a un aprenentatge aut\u00f2nom.<\/p>\n<p style=\"text-align: justify;\">\u200bLa finalitat del Programa \u00e9s\u00a0millorar la compet\u00e8ncia en lleng\u00fces estrangeres de l&#8217;alumnat, afavorint el seu creixement acad\u00e8mic i posterior inserci\u00f3 laboral, i capacitant-lo per interactuar amb el m\u00f3n en diverses lleng\u00fces i de manera cr\u00edtica.<\/p>\n<p>Durant el curs 2022-23 a 2n d&#8217;ESO, dins del marc del programa GEP, des de la mat\u00e8ria d&#8217;Educaci\u00f3 F\u00edsica i en col\u00b7laboraci\u00f3 amb el Departament de Lleng\u00fces Estrangeres, hem portat a terme un projecte titulat &#8220;<i>Let&#8217;s create a create a digital campaign to foster healthy habits among teenagers<\/i>&#8220;.<\/p>\n<p>Aquest projecte gira al voltant dels h\u00e0bits saludables dels adolescents d&#8217;avui en dia. Creiem que actualment passen molt del seu temps lliure fent \u00fas dels m\u00f2bils o jugant a videojocs en comparaci\u00f3 al que feien els joves de fa uns anys, quan aquests dispositius electr\u00f2nics no existien. Abans, els joves passaven m\u00e9s temps jugant amb els amics a l&#8217;aire lliure. A m\u00e9s, els adolescents d&#8217;avui en dia tendeixen a menjar m\u00e9s menjar r\u00e0pid que no pas el jovent del passat, la qual cosa deriva en problemes de sobrep\u00e8s o obesitat. Aix\u00ed doncs, creiem que aquest projecte pot tenir un impacte positiu en els adolescents tot fent-los prendre consci\u00e8ncia de la import\u00e0ncia de mantenir un estil de vida saludable.<\/p>\n<p><img loading=\"lazy\" decoding=\"async\" class=\"wp-image-5417 alignleft\" src=\"https:\/\/agora.xtec.cat\/instaradell\/wp-content\/uploads\/usu1552\/2024\/06\/Captura-de-pantalla-2024-06-14-132537-300x169.png\" alt=\"\" width=\"231\" height=\"130\" srcset=\"https:\/\/agora.xtec.cat\/instaradell\/wp-content\/uploads\/usu1552\/2024\/06\/Captura-de-pantalla-2024-06-14-132537-300x169.png 300w, https:\/\/agora.xtec.cat\/instaradell\/wp-content\/uploads\/usu1552\/2024\/06\/Captura-de-pantalla-2024-06-14-132537-1024x576.png 1024w, https:\/\/agora.xtec.cat\/instaradell\/wp-content\/uploads\/usu1552\/2024\/06\/Captura-de-pantalla-2024-06-14-132537-768x432.png 768w, https:\/\/agora.xtec.cat\/instaradell\/wp-content\/uploads\/usu1552\/2024\/06\/Captura-de-pantalla-2024-06-14-132537.png 1443w\" sizes=\"auto, (max-width: 231px) 100vw, 231px\" \/><\/p>\n<p><a href=\"https:\/\/agora.xtec.cat\/instaradell\/wp-content\/uploads\/usu1552\/2024\/06\/INS-TARADELL_PBL.pdf\">INS TARADELL_PBL<\/a><\/p>\n<p>&nbsp;<\/p>\n<h3><\/h3>\n<h3><\/h3>\n<h3><\/h3>\n<h3><\/h3>\n<h3><strong><a href=\"http:\/\/xtec.gencat.cat\/ca\/projectes\/apadrinemnostrepatrimoni\/\" target=\"_blank\" rel=\"noopener\">Apadrinem el nostre patrimoni<\/a><\/strong><\/h3>\n<p><a href=\"https:\/\/agora.xtec.cat\/instaradell\/wp-content\/uploads\/usu1552\/2021\/10\/apadrinem.png\"><img loading=\"lazy\" decoding=\"async\" class=\"alignnone size-full wp-image-4054\" src=\"https:\/\/agora.xtec.cat\/instaradell\/wp-content\/uploads\/usu1552\/2021\/10\/apadrinem.png\" alt=\"\" width=\"299\" height=\"169\" \/><\/a><\/p>\n<p style=\"text-align: justify;\">El Programa\u00a0<a title=\"http:\/\/xtec.gencat.cat\/ca\/projectes\/apadrinemnostrepatrimoni\/\" href=\"http:\/\/xtec.gencat.cat\/ca\/projectes\/apadrinemnostrepatrimoni\/\" target=\"_blank\" rel=\"noopener\"><strong>Apadrinem el nostre patrimoni\u00a0<\/strong><\/a>s&#8217;inspira en experi\u00e8ncies pr\u00e8vies que s&#8217;han desenvolupat en el nostre pa\u00eds i en altres pa\u00efsos per<strong>\u00a0fomentar el coneixement dels elements patrimonials de l&#8217;entorn amb una actitud participativa de la comunitat escolar i educativa<\/strong>. El programa\u00a0implica qu\u200be un centre educatiu inclogui en el projecte educatiu del centre el coneixement, l&#8217;estudi i la projecci\u00f3 d&#8217;un element patrimonial de l&#8217;entorn local o comarcal com a centre d&#8217;inter\u00e8s per a un o tots els seus nivells educatius.<\/p>\n<p style=\"text-align: justify;\">Aquest coneixement i assignaci\u00f3 de valor del patrimoni local des d&#8217;un punt de vista hist\u00f2ric i cultural afavoreix la implicaci\u00f3 de l&#8217;alumnat en el territori i en la societat, i promou l&#8217;exercici d&#8217;una ciutadania cr\u00edtica i responsable.<\/p>\n<p style=\"text-align: justify;\">El programa promou contextos d\u2019aprenentatge per a l&#8217;\u00e8xit educatiu de tot l&#8217;alumnat, afavoreix la transformaci\u00f3 educativa que t\u00e9 en compte la participaci\u00f3 activa dels i de les aprenents, amb especial atenci\u00f3 a l&#8217;aprenentatge i servei en qu\u00e8 l&#8217;alumnat parteix de necessitats reals de l&#8217;entorn amb l&#8217;objectiu de millorar-lo.\u200b<\/p>\n<h3><a href=\"https:\/\/drive.google.com\/file\/d\/15RGLH6UQeMIi9y8dBCpaUKf-ZNHIrIkS\/view\"><strong>Reconeixement d&#8217;innovaci\u00f3 pedag\u00f2gica<\/strong><\/a><\/h3>\n<p><a href=\"https:\/\/drive.google.com\/file\/d\/15RGLH6UQeMIi9y8dBCpaUKf-ZNHIrIkS\/view\"><img loading=\"lazy\" decoding=\"async\" class=\"alignnone wp-image-1105\" src=\"https:\/\/agora.xtec.cat\/instaradell\/wp-content\/uploads\/usu1552\/2019\/05\/tots-som-lins-1024x608.jpg\" alt=\"\" width=\"280\" height=\"166\" \/><\/a><\/p>\n","protected":false},"excerpt":{"rendered":"<p><a href=\"http:\/\/xtec.gencat.cat\/ca\/projectes\/plurilinguisme\/programes\/institucionals\/gep\/\" target=\"_blank\" rel=\"noopener\">GEP<\/a><br \/>\n<a href=\"https:\/\/sites.google.com\/instaradell.cat\/elisabet-aymerich-sergi-dot\/who-are-we?authuser=0\"><\/a><br \/>\nEl\u00a0programa GEP\u00a0promou augmentar la compet\u00e8ncia comunicativa de l&#8217;alumnat en les lleng\u00fces estrangeres curriculars incrementant el grau d&#8217;exposici\u00f3 a aquestes lleng\u00fces. A trav\u00e9s del programa s&#8217;impulsen accions innovadores en l&#8217;\u00e0mbit de l&#8217;organitzaci\u00f3 curricular de les lleng\u00fces estrangeres i en l&#8217;\u00e0mbit metodol\u00f2gic de&hellip;  <a href=\"https:\/\/agora.xtec.cat\/instaradell\/innovacio-educativa\/\" title=\"Read Programes d&#8217;innovaci\u00f3 educativa\">Llegeix m\u00e9s\u00bb<\/a><\/p>\n","protected":false},"author":1,"featured_media":0,"parent":0,"menu_order":50,"comment_status":"closed","ping_status":"closed","template":"page-templates\/side-menu.php","meta":{"_bbp_topic_count":0,"_bbp_reply_count":0,"_bbp_total_topic_count":0,"_bbp_total_reply_count":0,"_bbp_voice_count":0,"_bbp_anonymous_reply_count":0,"_bbp_topic_count_hidden":0,"_bbp_reply_count_hidden":0,"_bbp_forum_subforum_count":0,"footnotes":""},"class_list":["post-75","page","type-page","status-publish","hentry"],"post_mailing_queue_ids":[],"_links":{"self":[{"href":"https:\/\/agora.xtec.cat\/instaradell\/wp-json\/wp\/v2\/pages\/75","targetHints":{"allow":["GET"]}}],"collection":[{"href":"https:\/\/agora.xtec.cat\/instaradell\/wp-json\/wp\/v2\/pages"}],"about":[{"href":"https:\/\/agora.xtec.cat\/instaradell\/wp-json\/wp\/v2\/types\/page"}],"author":[{"embeddable":true,"href":"https:\/\/agora.xtec.cat\/instaradell\/wp-json\/wp\/v2\/users\/1"}],"replies":[{"embeddable":true,"href":"https:\/\/agora.xtec.cat\/instaradell\/wp-json\/wp\/v2\/comments?post=75"}],"version-history":[{"count":6,"href":"https:\/\/agora.xtec.cat\/instaradell\/wp-json\/wp\/v2\/pages\/75\/revisions"}],"predecessor-version":[{"id":5418,"href":"https:\/\/agora.xtec.cat\/instaradell\/wp-json\/wp\/v2\/pages\/75\/revisions\/5418"}],"wp:attachment":[{"href":"https:\/\/agora.xtec.cat\/instaradell\/wp-json\/wp\/v2\/media?parent=75"}],"curies":[{"name":"wp","href":"https:\/\/api.w.org\/{rel}","templated":true}]}}