{"id":5899,"date":"2026-02-20T08:42:56","date_gmt":"2026-02-20T07:42:56","guid":{"rendered":"https:\/\/agora.xtec.cat\/instaradell\/?page_id=5899"},"modified":"2026-02-20T08:46:51","modified_gmt":"2026-02-20T07:46:51","slug":"asseguranca-escolar-obligatoria","status":"publish","type":"page","link":"https:\/\/agora.xtec.cat\/instaradell\/asseguranca-escolar-obligatoria\/","title":{"rendered":"Asseguran\u00e7a escolar obligat\u00f2ria"},"content":{"rendered":"<h6 id=\"h20\">Alumnes fins a segon d&#8217;ESO, inclosos, i m\u00e9s grans de 28 anys<\/h6>\n<p>En cas d&#8217;accident escolar, l&#8217;alumnat que cursa estudis fins a segon d&#8217;ESO, incl\u00f2s, est\u00e0 cobert per la Seguretat Social, i s&#8217;ha d&#8217;adre\u00e7ar, amb la targeta sanit\u00e0ria, al centre sanitari p\u00fablic m\u00e9s proper del seu municipi i declarar que es tracta d&#8217;un accident escolar que s&#8217;ha produ\u00eft dins de l&#8217;horari lectiu. La factura dels tractaments va a c\u00e0rrec del CatSalut.<\/p>\n<p>L&#8217;alumnat m\u00e9s gran de 28 anys i les persones estrangeres que estiguin en situaci\u00f3 irregular a l&#8217;Estat espanyol, per\u00f2 que estiguin empadronades en algun municipi de Catalunya o puguin acreditar arrelament o estiguin en risc d&#8217;exclusi\u00f3 social, tenen dret a la cobertura d&#8217;assist\u00e8ncia sanit\u00e0ria, sense l\u00edmit d&#8217;edat, d&#8217;acord amb les condicions establertes per la\u00a0<a href=\"https:\/\/portaljuridic.gencat.cat\/ca\/pjur_ocults\/pjur_resultats_fitxa\/?action=fitxa&amp;amp%3bdocumentId=791144&amp;amp%3blanguage=ca_ES&amp;amp%3btextWords=Llei%2Bd?acc?s%2Buniversal%2Ba%2Bl?assist?ncia%2Bsanit?ria&amp;amp%3bmode=single\">Llei 9\/2017<\/a>\u00a0d&#8217;universalitzaci\u00f3 de l&#8217;assist\u00e8ncia sanit\u00e0ria amb c\u00e0rrec a fons p\u00fablics per mitj\u00e0 del Servei Catal\u00e0 de la Salut.<\/p>\n<p>Quan es produeixin despla\u00e7aments a pa\u00efsos membres de la Uni\u00f3 Europea cal tramitar la targeta sanit\u00e0ria europea (TSE).<\/p>\n<h6 id=\"h21\">Alumnes a partir de tercer d&#8217;ESO que siguin menors de 28 anys<\/h6>\n<p>Est\u00e0 incl\u00f2s en el camp d&#8217;aplicaci\u00f3 de l&#8217;asseguran\u00e7a escolar obligat\u00f2ria l&#8217;alumnat espanyol menor de 28 anys que cursi a Espanya algun dels\u00a0<a title=\"Ves a la p\u00e0gina\" href=\"https:\/\/www.seg-social.es\/wps\/portal\/wss\/internet\/BusquedaCA\/%21ut\/p\/z1\/04_Sj9CPykssy0xPLMnMz0vMAfIjo8zijQw9TTxMDAx9_d0NzQwcgwLM3YyMTQwM_A30w1EVGBg4mwIVWLr7BIcFGxpYGOtHEaPfAAdwNCCsPwpVCRYXgBXgsSI4OVG_IDc0wiDLRBEA8Ml7CQ%21%21\/?1dmy&amp;urile=wcm:path:\/poin_contenidos_ca\/internet\/4983\/10935\/28622\/28623\/28626#28626\" target=\"_blank\" rel=\"noopener\">estudis p\u200brotegits per l&#8217;asseguran\u00e7a escolar obligat\u00f2ria.<\/a><\/p>\n<p>L&#8217;alumnat dels cursos espec\u00edfics per a l&#8217;acc\u00e9s als cicles de grau mitj\u00e0 i grau superior, a l&#8217;efecte \u00fanicament d&#8217;incloure&#8217;l en el r\u00e8gim de l&#8217;asseguran\u00e7a escolar, es considera alumnat dels cicles formatius de grau mitj\u00e0.<\/p>\n<p>L&#8217;alumnat dels programes de formaci\u00f3 i inserci\u00f3, a l&#8217;efecte \u00fanicament d&#8217;incloure&#8217;l en el r\u00e8gim de l&#8217;asseguran\u00e7a escolar, es considera alumnat dels cicles de formaci\u00f3 professional b\u00e0sica.<\/p>\n<p>Queda excl\u00f2s l&#8217;alumnat de prim\u00e0ria, de primer i de segon d&#8217;ESO i l&#8217;alumnat estranger no resident a Espanya o en situaci\u00f3 irregular a l&#8217;Estat espanyol.<\/p>\n<h6 id=\"h22\">Cobertures de l&#8217;asseguran\u00e7a escolar obligat\u00f2ria<\/h6>\n<p>L&#8217;asseguran\u00e7a escolar obligat\u00f2ria cobreix l<strong>&#8216;accident escolar, la malaltia i l&#8217;infortuni familiar<\/strong>.<\/p>\n<p>L&#8217;accident escolar i la malaltia donen dret a l&#8217;assist\u00e8ncia m\u00e8dica i farmac\u00e8utica i a les indemnitzacions o a la pensi\u00f3 que corresponguin, segons la incapacitat produ\u00efda per l&#8217;accident o la malaltia, i tamb\u00e9 a la indemnitzaci\u00f3 de despeses de sepeli en cas de mort.<\/p>\n<p>L&#8217;infortuni familiar que s&#8217;esdev\u00e9 com a conseq\u00fc\u00e8ncia de la mort d&#8217;un dels progenitors o tutors legals o d&#8217;una situaci\u00f3 de fallida familiar, dona dret a una prestaci\u00f3 econ\u00f2mica per assegurar, a l&#8217;estudiant, la continu\u00eftat dels seus estudis.<\/p>\n<p>Tots els centres que imparteixen ensenyaments inclosos en l&#8217;asseguran\u00e7a escolar obligat\u00f2ria han d&#8217;informar els beneficiaris i\/o les fam\u00edlies d&#8217;aquesta asseguran\u00e7a i de les cobertures que ofereix.<\/p>\n<p>La protecci\u00f3 de l&#8217;asseguran\u00e7a escolar obligat\u00f2ria s&#8217;est\u00e9n al territori de l&#8217;Estat i, en cas de les prestacions sanit\u00e0ries, es protegeix tamb\u00e9 l&#8217;estudiant en els despla\u00e7aments a pa\u00efsos de l&#8217;Espai Econ\u00f2mic Europeu (EEE) i a Su\u00efssa per motius d&#8217;estudis.<\/p>\n<h6 id=\"h23\">Sol\u00b7licitud de prestaci\u00f3 de l&#8217;asseguran\u00e7a escolar obligat\u00f2ria<\/h6>\n<p>Per sol\u00b7licitar l&#8217;asseguran\u00e7a escolar obligat\u00f2ria cal emplenar els apartats 1, 2, 3 i, si escau, el 4 del formulari &#8220;<a href=\"http:\/\/www.seg-social.es\/wps\/portal\/wss\/internet\/Pensionistas\/Servicios\/34887\/40968\/41107\/41108#41108\" target=\"_blank\" rel=\"noopener\">Sol\u00b7licitud de prestaci\u00f3 de l&#8217;asseguran\u00e7a escolar obligat\u00f2ria<\/a>&#8220;, que ha d&#8217;estar signat pel pare, mare o tutor o tutora legal de l&#8217;estudiant, o pel mateix estudiant, si \u00e9s major d&#8217;edat.<\/p>\n<p>Cal adjuntar-hi una c\u00f2pia del DNI, NIE o passaport en vigor de l&#8217;estudiant (si \u00e9s major d&#8217;edat) o del DNI i llibre de fam\u00edlia de l&#8217;adult sol\u00b7licitant (si l&#8217;estudiant \u00e9s menor d&#8217;edat) i del justificant d&#8217;haver abonat la quota de l&#8217;asseguran\u00e7a escolar del curs vigent.<\/p>\n<p>En cas d&#8217;assist\u00e8ncia sanit\u00e0ria, la sol\u00b7licitud de prestaci\u00f3 s&#8217;ha de presentar a la direcci\u00f3 provincial de l&#8217;INSS de la prov\u00edncia on s&#8217;hagi rebut l&#8217;assist\u00e8ncia sanit\u00e0ria; per a la resta de prestacions de l&#8217;asseguran\u00e7a escolar obligat\u00f2ria, la sol\u00b7licitud es pot presentar en qualsevol de les ag\u00e8ncies o CAISS de la direcci\u00f3 provincial de l&#8217;INSS de l&#8217;\u00e0mbit territorial on l&#8217;alumne o l&#8217;alumna cursi els estudis.<\/p>\n<p>Per tenir dret a la prestaci\u00f3 per malaltia cal acreditar que ha transcorregut un per\u00edode m\u00ednim d&#8217;un any des que l&#8217;estudiant es va matricular per primer cop a qualsevol centre d&#8217;ensenyament dels compresos en l&#8217;asseguran\u00e7a.<\/p>\n<p>No s&#8217;exigeix aquest requisit per a les prestacions derivades d&#8217;accident escolar, infortuni familiar per defunci\u00f3 del o de la cap de fam\u00edlia i tocologia.\u200b<\/p>\n<h6 id=\"h24\">Terminis per sol\u00b7licitar la prestaci\u00f3 de l&#8217;asseguran\u00e7a<\/h6>\n<ul>\n<li>Prestacions per\u00a0<strong>accident escolar<\/strong>: les accions (o el dret a reclamar-les) prescriuen al cap d&#8217;un any d&#8217;haver-se produ\u00eft l&#8217;accident.<\/li>\n<li>Prestacions\u00a0<strong>sanit\u00e0ries<\/strong>: les accions (o el dret a reclamar-les) prescriuen als cinc anys. S&#8217;han de sol\u00b7licitar abans de l&#8217;assist\u00e8ncia m\u00e8dica, llevat d&#8217;urg\u00e8ncia justificada.<\/li>\n<li>Prestacions\u00a0<strong>econ\u00f2miques i despeses de sepeli que no derivin d&#8217;accident<\/strong>: les accions de reclamaci\u00f3 prescriuen als cinc anys.<\/li>\n<li>Prestacions per<strong>\u00a0infortuni familiar<\/strong>: les accions (o el dret a reclamar-les) prescriuen als cinc anys, amb una retroactivitat m\u00e0xima de tres mesos.\u200b\u200b<\/li>\n<\/ul>\n<p><a href=\"https:\/\/agora.xtec.cat\/instaradell\/wp-content\/uploads\/usu1552\/2026\/02\/AEO_cobertura.png\"><img loading=\"lazy\" decoding=\"async\" class=\" wp-image-5900 alignleft\" src=\"https:\/\/agora.xtec.cat\/instaradell\/wp-content\/uploads\/usu1552\/2026\/02\/AEO_cobertura.png\" alt=\"\" width=\"849\" height=\"827\" srcset=\"https:\/\/agora.xtec.cat\/instaradell\/wp-content\/uploads\/usu1552\/2026\/02\/AEO_cobertura.png 748w, https:\/\/agora.xtec.cat\/instaradell\/wp-content\/uploads\/usu1552\/2026\/02\/AEO_cobertura-300x292.png 300w\" sizes=\"auto, (max-width: 849px) 100vw, 849px\" \/><\/a><\/p>\n","protected":false},"excerpt":{"rendered":"<p>Alumnes fins a segon d&#8217;ESO, inclosos, i m\u00e9s grans de 28 anys<br \/>\nEn cas d&#8217;accident escolar, l&#8217;alumnat que cursa estudis fins a segon d&#8217;ESO, incl\u00f2s, est\u00e0 cobert per la Seguretat Social, i s&#8217;ha d&#8217;adre\u00e7ar, amb la targeta sanit\u00e0ria, al centre sanitari p\u00fablic m\u00e9s proper del seu&hellip;  <a href=\"https:\/\/agora.xtec.cat\/instaradell\/asseguranca-escolar-obligatoria\/\" title=\"Read Asseguran\u00e7a escolar obligat\u00f2ria\">Llegeix m\u00e9s\u00bb<\/a><\/p>\n","protected":false},"author":5,"featured_media":0,"parent":0,"menu_order":0,"comment_status":"closed","ping_status":"closed","template":"","meta":{"_bbp_topic_count":0,"_bbp_reply_count":0,"_bbp_total_topic_count":0,"_bbp_total_reply_count":0,"_bbp_voice_count":0,"_bbp_anonymous_reply_count":0,"_bbp_topic_count_hidden":0,"_bbp_reply_count_hidden":0,"_bbp_forum_subforum_count":0,"footnotes":""},"class_list":["post-5899","page","type-page","status-publish","hentry"],"post_mailing_queue_ids":[],"_links":{"self":[{"href":"https:\/\/agora.xtec.cat\/instaradell\/wp-json\/wp\/v2\/pages\/5899","targetHints":{"allow":["GET"]}}],"collection":[{"href":"https:\/\/agora.xtec.cat\/instaradell\/wp-json\/wp\/v2\/pages"}],"about":[{"href":"https:\/\/agora.xtec.cat\/instaradell\/wp-json\/wp\/v2\/types\/page"}],"author":[{"embeddable":true,"href":"https:\/\/agora.xtec.cat\/instaradell\/wp-json\/wp\/v2\/users\/5"}],"replies":[{"embeddable":true,"href":"https:\/\/agora.xtec.cat\/instaradell\/wp-json\/wp\/v2\/comments?post=5899"}],"version-history":[{"count":2,"href":"https:\/\/agora.xtec.cat\/instaradell\/wp-json\/wp\/v2\/pages\/5899\/revisions"}],"predecessor-version":[{"id":5904,"href":"https:\/\/agora.xtec.cat\/instaradell\/wp-json\/wp\/v2\/pages\/5899\/revisions\/5904"}],"wp:attachment":[{"href":"https:\/\/agora.xtec.cat\/instaradell\/wp-json\/wp\/v2\/media?parent=5899"}],"curies":[{"name":"wp","href":"https:\/\/api.w.org\/{rel}","templated":true}]}}