{"id":5509,"date":"2024-10-16T13:28:02","date_gmt":"2024-10-16T11:28:02","guid":{"rendered":"https:\/\/agora.xtec.cat\/instaradell\/?page_id=5509"},"modified":"2024-10-31T09:54:04","modified_gmt":"2024-10-31T08:54:04","slug":"consulta-oberta","status":"publish","type":"page","link":"https:\/\/agora.xtec.cat\/instaradell\/consulta-oberta\/","title":{"rendered":"Consulta oberta"},"content":{"rendered":"<p><a href=\"https:\/\/xtec.gencat.cat\/ca\/comunitat\/salutescola\/programasalutescola\/\"><img loading=\"lazy\" decoding=\"async\" class=\"alignnone size-medium wp-image-5421\" src=\"https:\/\/agora.xtec.cat\/instaradell\/wp-content\/uploads\/usu1552\/2024\/06\/Sense-titol-1-300x110.png\" alt=\"\" width=\"300\" height=\"110\" srcset=\"https:\/\/agora.xtec.cat\/instaradell\/wp-content\/uploads\/usu1552\/2024\/06\/Sense-titol-1-300x110.png 300w, https:\/\/agora.xtec.cat\/instaradell\/wp-content\/uploads\/usu1552\/2024\/06\/Sense-titol-1.png 625w\" sizes=\"auto, (max-width: 300px) 100vw, 300px\" \/><\/a><\/p>\n<div><b>Qu\u00e8 \u00e9s:<\/b><\/div>\n<div><\/div>\n<div>\n<ul>\n<li dir=\"ltr\">\n<p dir=\"ltr\" role=\"presentation\">Tens a la teva disposici\u00f3 una consulta al teu centre on pots venir a parlar de temes relacionats amb la salut que et preocupen o simplement vols saber-ne m\u00e9s coses.<\/p>\n<\/li>\n<li dir=\"ltr\">\n<p dir=\"ltr\" role=\"presentation\">Pots venir tu sol\/a o acompanyat d\u2019algun amic \/a.<\/p>\n<\/li>\n<li dir=\"ltr\">\n<p dir=\"ltr\" role=\"presentation\"><span id=\"m_4313400059104631851gmail-docs-internal-guid-06fab21d-7fff-5d2c-57a4-65c276422dd3\">La informaci\u00f3 que se\u2019t donar\u00e0 \u00e9s <span style=\"color: #0000ff;\">PERSONAL <\/span>(adequada a les teves caracter\u00edstiques i inquietuds) i <span style=\"color: #0000ff;\">DIRECTA<\/span>\u00a0(sense intermediaris i sense estar presents els teus pares o tutors legals).<\/span><\/p>\n<\/li>\n<\/ul>\n<div><\/div>\n<div><span style=\"color: #000000; font-family: Libre Franklin, sans-serif;\"><b>De qu\u00e8 puc parlar?<\/b><\/span><\/div>\n<div><\/div>\n<div>\n<ul>\n<li><span id=\"m_4313400059104631851gmail-docs-internal-guid-5fedd5ce-7fff-f9fd-ea72-7a2b639c0ebb\">Com ja hem dit abans, qualsevol tema relacionat amb la teva salut.<\/span><\/li>\n<\/ul>\n<\/div>\n<p><span id=\"m_4313400059104631851gmail-docs-internal-guid-0f3fa328-7fff-5486-d335-5ff807b5bf7a\">\u00c9s important que s\u00e0pigues que el que es parla dins la consulta \u00e9s <span style=\"color: #0000ff;\">CONFIDENCIAL<\/span>, \u00e9s a dir, queda entre tu i la infermera.<\/span><\/p>\n<\/div>\n<div><span style=\"color: #000000; font-family: Libre Franklin, sans-serif;\">\u00a0<\/span><\/div>\n<div><\/div>\n<div><span style=\"color: #000000; font-family: Libre Franklin, sans-serif;\"><b>Com ho haig de fer per demanar hora?<\/b><\/span><\/div>\n<div><span style=\"color: #000000; font-family: Libre Franklin, sans-serif;\">\u00a0<\/span><\/div>\n<div><span style=\"color: #000000; font-family: Libre Franklin, sans-serif;\">Ves al seg\u00fcent formulari <\/span><span style=\"color: #0000ff;\"><a style=\"color: #0000ff;\" href=\"https:\/\/forms.gle\/tt4MoKSZYrRFPMDu9\" target=\"_blank\" rel=\"noopener\" data-saferedirecturl=\"https:\/\/www.google.com\/url?q=https:\/\/forms.gle\/tt4MoKSZYrRFPMDu9&amp;source=gmail&amp;ust=1729163243248000&amp;usg=AOvVaw0wcMgc-y-0j8BFPiXodTES\">https:\/\/forms.gle\/<wbr \/>tt4MoKSZYrRFPMDu9<\/a><\/span>, i ens posarem en contacte amb tu per donar-te dia i hora.<\/div>\n","protected":false},"excerpt":{"rendered":"<p><a href=\"https:\/\/xtec.gencat.cat\/ca\/comunitat\/salutescola\/programasalutescola\/\"><\/a><br \/>\nQu\u00e8 \u00e9s:<\/p>\n<ul>\n<li dir=\"ltr\">\nTens a la teva disposici\u00f3 una consulta al teu centre on pots venir a parlar de temes relacionats amb la salut que et preocupen o simplement vols saber-ne m\u00e9s coses.\n<\/li>\n<li dir=\"ltr\">\nPots venir tu sol\/a o acompanyat d\u2019algun amic \/a.\n<\/li>\n<li dir=\"ltr\">\nLa informaci\u00f3 que&hellip;  <a href=\"https:\/\/agora.xtec.cat\/instaradell\/consulta-oberta\/\" title=\"Read Consulta oberta\">Llegeix m\u00e9s\u00bb<\/a><\/p>\n","protected":false},"author":1,"featured_media":0,"parent":0,"menu_order":0,"comment_status":"closed","ping_status":"closed","template":"","meta":{"_bbp_topic_count":0,"_bbp_reply_count":0,"_bbp_total_topic_count":0,"_bbp_total_reply_count":0,"_bbp_voice_count":0,"_bbp_anonymous_reply_count":0,"_bbp_topic_count_hidden":0,"_bbp_reply_count_hidden":0,"_bbp_forum_subforum_count":0,"footnotes":""},"class_list":["post-5509","page","type-page","status-publish","hentry"],"post_mailing_queue_ids":[],"_links":{"self":[{"href":"https:\/\/agora.xtec.cat\/instaradell\/wp-json\/wp\/v2\/pages\/5509","targetHints":{"allow":["GET"]}}],"collection":[{"href":"https:\/\/agora.xtec.cat\/instaradell\/wp-json\/wp\/v2\/pages"}],"about":[{"href":"https:\/\/agora.xtec.cat\/instaradell\/wp-json\/wp\/v2\/types\/page"}],"author":[{"embeddable":true,"href":"https:\/\/agora.xtec.cat\/instaradell\/wp-json\/wp\/v2\/users\/1"}],"replies":[{"embeddable":true,"href":"https:\/\/agora.xtec.cat\/instaradell\/wp-json\/wp\/v2\/comments?post=5509"}],"version-history":[{"count":2,"href":"https:\/\/agora.xtec.cat\/instaradell\/wp-json\/wp\/v2\/pages\/5509\/revisions"}],"predecessor-version":[{"id":5519,"href":"https:\/\/agora.xtec.cat\/instaradell\/wp-json\/wp\/v2\/pages\/5509\/revisions\/5519"}],"wp:attachment":[{"href":"https:\/\/agora.xtec.cat\/instaradell\/wp-json\/wp\/v2\/media?parent=5509"}],"curies":[{"name":"wp","href":"https:\/\/api.w.org\/{rel}","templated":true}]}}