{"id":55,"date":"2014-09-17T16:59:49","date_gmt":"2014-09-17T16:59:49","guid":{"rendered":"http:\/\/agora.xtec.cat\/instaradell\/?page_id=55"},"modified":"2018-11-14T13:36:45","modified_gmt":"2018-11-14T12:36:45","slug":"horaris","status":"publish","type":"page","link":"https:\/\/agora.xtec.cat\/instaradell\/linstitut\/horaris\/","title":{"rendered":"Horaris"},"content":{"rendered":"<p data-canvas-width=\"701.6449999999999\" data-angle=\"0\" data-font-name=\"g_font_4\">De dilluns a divendres, de <strong>08:20 a 15:00 h<\/strong>., amb mitja hora de lectura (ILEC) i dos esbarjos de 20 minuts cadascun.<\/p>\n<p data-canvas-width=\"343.48999999999995\" data-angle=\"0\" data-font-name=\"g_font_4\">Durant l\u2019horari marc, els alumnes realitzen les activitats acad\u00e8miques de totes les mat\u00e8ries del curr\u00edculum, inclosa l\u2019hora de tutoria.<\/p>\n<p data-canvas-width=\"343.48999999999995\" data-angle=\"0\" data-font-name=\"g_font_4\">Els alumnes d\u2019ESO no poden sortir del centre fins a l\u2019hora de sortida, llevat dels alumnes que tenen autoritzaci\u00f3 per la convalidaci\u00f3 d&#8217;alguna mat\u00e8ria.<\/p>\n","protected":false},"excerpt":{"rendered":"<p>De dilluns a divendres, de 08:20 a 15:00 h., amb mitja hora de lectura (ILEC) i dos esbarjos de 20 minuts cadascun.<br \/>\nDurant l\u2019horari marc, els alumnes realitzen les activitats acad\u00e8miques de totes les mat\u00e8ries del curr\u00edculum, inclosa l\u2019hora de tutoria.<br \/>\nEls alumnes d\u2019ESO no poden sortir&hellip;  <a href=\"https:\/\/agora.xtec.cat\/instaradell\/linstitut\/horaris\/\" title=\"Read Horaris\">Llegeix m\u00e9s\u00bb<\/a><\/p>\n","protected":false},"author":1,"featured_media":0,"parent":19,"menu_order":80,"comment_status":"closed","ping_status":"closed","template":"page-templates\/side-menu.php","meta":{"_bbp_topic_count":0,"_bbp_reply_count":0,"_bbp_total_topic_count":0,"_bbp_total_reply_count":0,"_bbp_voice_count":0,"_bbp_anonymous_reply_count":0,"_bbp_topic_count_hidden":0,"_bbp_reply_count_hidden":0,"_bbp_forum_subforum_count":0,"footnotes":""},"class_list":["post-55","page","type-page","status-publish","hentry"],"post_mailing_queue_ids":[],"_links":{"self":[{"href":"https:\/\/agora.xtec.cat\/instaradell\/wp-json\/wp\/v2\/pages\/55","targetHints":{"allow":["GET"]}}],"collection":[{"href":"https:\/\/agora.xtec.cat\/instaradell\/wp-json\/wp\/v2\/pages"}],"about":[{"href":"https:\/\/agora.xtec.cat\/instaradell\/wp-json\/wp\/v2\/types\/page"}],"author":[{"embeddable":true,"href":"https:\/\/agora.xtec.cat\/instaradell\/wp-json\/wp\/v2\/users\/1"}],"replies":[{"embeddable":true,"href":"https:\/\/agora.xtec.cat\/instaradell\/wp-json\/wp\/v2\/comments?post=55"}],"version-history":[{"count":3,"href":"https:\/\/agora.xtec.cat\/instaradell\/wp-json\/wp\/v2\/pages\/55\/revisions"}],"predecessor-version":[{"id":542,"href":"https:\/\/agora.xtec.cat\/instaradell\/wp-json\/wp\/v2\/pages\/55\/revisions\/542"}],"up":[{"embeddable":true,"href":"https:\/\/agora.xtec.cat\/instaradell\/wp-json\/wp\/v2\/pages\/19"}],"wp:attachment":[{"href":"https:\/\/agora.xtec.cat\/instaradell\/wp-json\/wp\/v2\/media?parent=55"}],"curies":[{"name":"wp","href":"https:\/\/api.w.org\/{rel}","templated":true}]}}