{"id":533,"date":"2018-11-09T12:21:15","date_gmt":"2018-11-09T11:21:15","guid":{"rendered":"http:\/\/agora.xtec.cat\/instaradell\/?page_id=533"},"modified":"2020-06-30T13:44:44","modified_gmt":"2020-06-30T11:44:44","slug":"aixopluc-i-mediacio","status":"publish","type":"page","link":"https:\/\/agora.xtec.cat\/instaradell\/serveis-escolars\/aixopluc-i-mediacio\/","title":{"rendered":"Conviv\u00e8ncia"},"content":{"rendered":"<h2><strong>Pla de Conviv\u00e8ncia Institut Taradell<\/strong><\/h2>\n<h2><strong><a href=\"https:\/\/agora.xtec.cat\/instaradell\/wp-content\/uploads\/usu1552\/2019\/03\/portes-obertes-e1593517382249.jpg\"><img loading=\"lazy\" decoding=\"async\" class=\" wp-image-929 alignleft\" src=\"https:\/\/agora.xtec.cat\/instaradell\/wp-content\/uploads\/usu1552\/2019\/03\/portes-obertes-e1593517382249.jpg\" alt=\"\" width=\"485\" height=\"178\" srcset=\"https:\/\/agora.xtec.cat\/instaradell\/wp-content\/uploads\/usu1552\/2019\/03\/portes-obertes-e1593517382249.jpg 547w, https:\/\/agora.xtec.cat\/instaradell\/wp-content\/uploads\/usu1552\/2019\/03\/portes-obertes-e1593517382249-300x110.jpg 300w\" sizes=\"auto, (max-width: 485px) 100vw, 485px\" \/><\/a><\/strong><\/h2>\n<p>&nbsp;<\/p>\n<p>&nbsp;<\/p>\n<p>&nbsp;<\/p>\n<p>&nbsp;<\/p>\n<ul>\n<li>\n<h4><a href=\"https:\/\/drive.google.com\/file\/d\/1sCkXyPgNzzpW1jkBWAlpcRH303vV4EHP\/view?usp=sharing\" target=\"_blank\" rel=\"noopener noreferrer\">Projecte Conviv\u00e8ncia<\/a><\/h4>\n<\/li>\n<li>\n<h4><a href=\"https:\/\/drive.google.com\/file\/d\/1RiZf9zJA5ELWnfMZ-Kmd372ppDOP94ie\/view?usp=sharing\" target=\"_blank\" rel=\"noopener noreferrer\">Projecte Giragonsa<\/a><\/h4>\n<\/li>\n<li>\n<h4><a href=\"https:\/\/drive.google.com\/drive\/folders\/1tFWXfM-8o_QJ4IXDZYwlOlA3fgFKHvyL?usp=sharing\" target=\"_blank\" rel=\"noopener noreferrer\">Projecte Cam\u00ed<\/a><\/h4>\n<\/li>\n<li>\n<h4><a href=\"https:\/\/agora.xtec.cat\/instaradell\/wp-content\/uploads\/usu1552\/2020\/06\/PROJECTE-AIXOPLUC-web.pdf\" target=\"_blank\" rel=\"noopener noreferrer\">Projecte Aixopluc<\/a><\/h4>\n<\/li>\n<li>\n<h4><a href=\"https:\/\/drive.google.com\/file\/d\/1HQ4fCwCeP659JoLmTGx3dJlVTquIZXHF\/view?usp=sharing\" target=\"_blank\" rel=\"noopener noreferrer\">Constru\u00efm el nostre curr\u00edculum pas a pas<\/a><\/h4>\n<\/li>\n<\/ul>\n<h2 class=\"entry-title\"><strong>Reconeixement d\u2019Innovaci\u00f3 Pedag\u00f2gica<\/strong><\/h2>\n<p>El nostre institut ha rebut el reconeixement d\u2019Innovaci\u00f3 Pedag\u00f2gica pel projecte <b><em>TOTS SOM L\u2019INS: prevenci\u00f3, detecci\u00f3 i intervenci\u00f3 en casos d\u2019assetjament escolar<\/em>.\u00a0<\/b>A m\u00e9s, hem estat un dels centres seleccionats per fer la presentaci\u00f3 del nostre projecte a la UAB el dissabte 18 de maig de 2019 en el context de la II Jornada d\u2019Innovaci\u00f3 pedag\u00f2gica.<\/p>\n<p>TOTS SOM L\u2019INS \u00e9s un projecte que pret\u00e9n millorar la conviv\u00e8ncia al centre. El nostre repte \u00e9s erradicar l\u2019assetjament escolar. Fem un abordatge integral de l\u2019assetjament en tres eixos: prevenci\u00f3, detecci\u00f3 i intervenci\u00f3.<\/p>\n<p>Considerem que tothom \u00e9s necessari per a l\u2019assoliment d\u2019aquest objectiu i per aix\u00f2 \u00e9s important la participaci\u00f3 de tots els membres de la Comunitat educativa: alumnes, professorat i PAS, fam\u00edlies, serveis externs i tot l\u2019entorn comunitari.<\/p>\n<p>El projecte posa un accent especial en empoderar els alumnes perqu\u00e8 facin un canvi de mirada: d\u2019observadors passius cap a una mirada en acci\u00f3 i participaci\u00f3 en la detecci\u00f3 i den\u00fancia dels casos de bullying.<\/p>\n<p>Per vehicular totes aquestes accions hem elaborat un Protocol d\u2019intervenci\u00f3 propi amb un circuit de coordinaci\u00f3.<\/p>\n<p>La finalitat \u00faltima del projecte \u00e9s millorar la cohesi\u00f3 social i aconseguir un clima de relacions positives; de tal manera que tots els membres el sentin com a segur, tranquil i acollidor arribant a tenir un alt sentit de pertinen\u00e7a.<\/p>\n<p>Aqu\u00ed podeu veure el <a href=\"https:\/\/drive.google.com\/open?id=15RGLH6UQeMIi9y8dBCpaUKf-ZNHIrIkS\" target=\"_blank\" rel=\"noopener noreferrer\">v\u00eddeo<\/a> que explica el projecte:<\/p>\n<p><a href=\"https:\/\/drive.google.com\/file\/d\/15RGLH6UQeMIi9y8dBCpaUKf-ZNHIrIkS\/view\"><img decoding=\"async\" src=\"https:\/\/agora.xtec.cat\/instaradell\/wp-content\/uploads\/usu1552\/2019\/05\/tots-som-lins-1024x608.jpg\" \/><\/a><\/p>\n","protected":false},"excerpt":{"rendered":"<p>Pla de Conviv\u00e8ncia Institut Taradell<br \/>\n<a href=\"https:\/\/agora.xtec.cat\/instaradell\/wp-content\/uploads\/usu1552\/2019\/03\/portes-obertes-e1593517382249.jpg\"><\/a><br \/>\n&nbsp;<br \/>\n&nbsp;<br \/>\n&nbsp;<br \/>\n&nbsp;<\/p>\n<ul>\n<li>\n<a href=\"https:\/\/drive.google.com\/file\/d\/1sCkXyPgNzzpW1jkBWAlpcRH303vV4EHP\/view?usp=sharing\" target=\"_blank\" rel=\"noopener noreferrer\">Projecte Conviv\u00e8ncia<\/a>\n<\/li>\n<li>\n<a href=\"https:\/\/drive.google.com\/file\/d\/1RiZf9zJA5ELWnfMZ-Kmd372ppDOP94ie\/view?usp=sharing\" target=\"_blank\" rel=\"noopener noreferrer\">Projecte Giragonsa<\/a>\n<\/li>\n<li>\n<a href=\"https:\/\/drive.google.com\/drive\/folders\/1tFWXfM-8o_QJ4IXDZYwlOlA3fgFKHvyL?usp=sharing\" target=\"_blank\" rel=\"noopener noreferrer\">Projecte Cam\u00ed<\/a>\n<\/li>\n<li>\n<a href=\"https:\/\/agora.xtec.cat\/instaradell\/wp-content\/uploads\/usu1552\/2020\/06\/PROJECTE-AIXOPLUC-web.pdf\" target=\"_blank\" rel=\"noopener noreferrer\">Projecte Aixopluc<\/a>\n<\/li>\n<li>\n<a href=\"https:\/\/drive.google.com\/file\/d\/1HQ4fCwCeP659JoLmTGx3dJlVTquIZXHF\/view?usp=sharing\" target=\"_blank\" rel=\"noopener noreferrer\">Constru\u00efm el nostre curr\u00edculum pas a pas<\/a>\n<\/li>\n<\/ul>\n<p>Reconeixement d\u2019Innovaci\u00f3 Pedag\u00f2gica<br \/>\nEl nostre institut ha rebut el reconeixement d\u2019Innovaci\u00f3&hellip;  <a href=\"https:\/\/agora.xtec.cat\/instaradell\/serveis-escolars\/aixopluc-i-mediacio\/\" title=\"Read Conviv\u00e8ncia\">Llegeix m\u00e9s\u00bb<\/a><\/p>\n","protected":false},"author":1,"featured_media":0,"parent":65,"menu_order":30,"comment_status":"closed","ping_status":"closed","template":"page-templates\/side-menu.php","meta":{"_bbp_topic_count":0,"_bbp_reply_count":0,"_bbp_total_topic_count":0,"_bbp_total_reply_count":0,"_bbp_voice_count":0,"_bbp_anonymous_reply_count":0,"_bbp_topic_count_hidden":0,"_bbp_reply_count_hidden":0,"_bbp_forum_subforum_count":0,"footnotes":""},"class_list":["post-533","page","type-page","status-publish","hentry"],"post_mailing_queue_ids":[],"_links":{"self":[{"href":"https:\/\/agora.xtec.cat\/instaradell\/wp-json\/wp\/v2\/pages\/533","targetHints":{"allow":["GET"]}}],"collection":[{"href":"https:\/\/agora.xtec.cat\/instaradell\/wp-json\/wp\/v2\/pages"}],"about":[{"href":"https:\/\/agora.xtec.cat\/instaradell\/wp-json\/wp\/v2\/types\/page"}],"author":[{"embeddable":true,"href":"https:\/\/agora.xtec.cat\/instaradell\/wp-json\/wp\/v2\/users\/1"}],"replies":[{"embeddable":true,"href":"https:\/\/agora.xtec.cat\/instaradell\/wp-json\/wp\/v2\/comments?post=533"}],"version-history":[{"count":3,"href":"https:\/\/agora.xtec.cat\/instaradell\/wp-json\/wp\/v2\/pages\/533\/revisions"}],"predecessor-version":[{"id":2704,"href":"https:\/\/agora.xtec.cat\/instaradell\/wp-json\/wp\/v2\/pages\/533\/revisions\/2704"}],"up":[{"embeddable":true,"href":"https:\/\/agora.xtec.cat\/instaradell\/wp-json\/wp\/v2\/pages\/65"}],"wp:attachment":[{"href":"https:\/\/agora.xtec.cat\/instaradell\/wp-json\/wp\/v2\/media?parent=533"}],"curies":[{"name":"wp","href":"https:\/\/api.w.org\/{rel}","templated":true}]}}