{"id":49,"date":"2014-09-17T16:55:55","date_gmt":"2014-09-17T16:55:55","guid":{"rendered":"http:\/\/agora.xtec.cat\/instaradell\/?page_id=49"},"modified":"2025-01-27T13:47:32","modified_gmt":"2025-01-27T12:47:32","slug":"normes-dorganitzacio-i-funcionament","status":"publish","type":"page","link":"https:\/\/agora.xtec.cat\/instaradell\/linstitut\/normes-dorganitzacio-i-funcionament\/","title":{"rendered":"Normativa b\u00e0sica del centre"},"content":{"rendered":"<ul>\n<li style=\"font-weight: 400;\" aria-level=\"1\"><span style=\"font-weight: 400;\">L\u2019assist\u00e8ncia a classe \u00e9s obligat\u00f2ria. S\u2019han de justificar les abs\u00e8ncies sempre i comunicar-les pr\u00e8viament si es pot.\u00a0<\/span><\/li>\n<li style=\"font-weight: 400;\" aria-level=\"1\"><span style=\"font-weight: 400;\">Els alumnes d&#8217;ESO no poden sortir del centre.<\/span><\/li>\n<li style=\"font-weight: 400;\" aria-level=\"1\"><span style=\"font-weight: 400;\">Els alumnes no poden sortir de classe sense perm\u00eds.<\/span><\/li>\n<li style=\"font-weight: 400;\" aria-level=\"1\"><span style=\"font-weight: 400;\">Els alumnes no poden sortir de l&#8217;aula entre classes, exceptuant els alumnes que han d&#8217;anar a una aula espec\u00edfica.<\/span><\/li>\n<li style=\"font-weight: 400;\" aria-level=\"1\"><span style=\"font-weight: 400;\">La classe s&#8217;acaba quan ho indiqui el professor i no es pot sortir de l&#8217;aula fins que no hagi tocat el timbre i ho indiqui el professor.<\/span><\/li>\n<li style=\"font-weight: 400;\" aria-level=\"1\"><span style=\"font-weight: 400;\">La puntualitat \u00e9s una norma b\u00e0sica de conviv\u00e8ncia.<\/span><\/li>\n<li style=\"font-weight: 400;\" aria-level=\"1\"><span style=\"font-weight: 400;\">Cal mantenir una actitud de silenci i atenci\u00f3 a la classe.<\/span><\/li>\n<li style=\"font-weight: 400;\" aria-level=\"1\"><span style=\"font-weight: 400;\">Cal evitar crits i corredisses als passadissos.<\/span><\/li>\n<li style=\"font-weight: 400;\" aria-level=\"1\"><span style=\"font-weight: 400;\">S\u2019ha de sol\u00b7licitar perm\u00eds al professor quan s\u2019hagi d\u2019entrar a una aula on s\u2019estigui fent classe.<\/span><\/li>\n<li style=\"font-weight: 400;\" aria-level=\"1\"><span style=\"font-weight: 400;\">Cal mantenir una actitud de cura i respecte del material del centre.<\/span><\/li>\n<li style=\"font-weight: 400;\" aria-level=\"1\"><span style=\"font-weight: 400;\">Els alumnes han de dur sempre el material necessari per realitzar la classe.<\/span><\/li>\n<li style=\"font-weight: 400;\" aria-level=\"1\"><span style=\"font-weight: 400;\">Es permet beure aigua a l\u2019aula per\u00f2 no es pot menjar ni a l\u2019aula ni als passadissos excepte a l\u2019hora del pati en dies de pluja.<\/span><\/li>\n<li style=\"font-weight: 400;\" aria-level=\"1\">L&#8217;\u00fas de tel\u00e8fons m\u00f2bils est\u00e0 prohibit a l&#8217;alumnat en tots els espais del centre educatiu i en totes les activitats educatives que puguin tenir lloc fora del centre (veure NOFC 5.8 )<\/li>\n<li style=\"font-weight: 400;\" aria-level=\"1\"><span style=\"font-weight: 400;\">Es vetllar\u00e0 perqu\u00e8 el tracte entre totes les persones que convivim a l\u2019institut sigui de respecte i cortesia.\u00a0<\/span><\/li>\n<\/ul>\n","protected":false},"excerpt":{"rendered":"<ul>\n<li style=\"font-weight: 400;\" aria-level=\"1\">L\u2019assist\u00e8ncia a classe \u00e9s obligat\u00f2ria. S\u2019han de justificar les abs\u00e8ncies sempre i comunicar-les pr\u00e8viament si es pot.\u00a0<\/li>\n<li style=\"font-weight: 400;\" aria-level=\"1\">Els alumnes d&#8217;ESO no poden sortir del centre.<\/li>\n<li style=\"font-weight: 400;\" aria-level=\"1\">Els alumnes no poden sortir de classe sense perm\u00eds.<\/li>\n<li style=\"font-weight: 400;\" aria-level=\"1\">Els alumnes&hellip;  <a href=\"https:\/\/agora.xtec.cat\/instaradell\/linstitut\/normes-dorganitzacio-i-funcionament\/\" title=\"Read Normativa b\u00e0sica del centre\">Llegeix m\u00e9s\u00bb<\/a><br \/>\n","protected":false},"author":1,"featured_media":0,"parent":19,"menu_order":60,"comment_status":"closed","ping_status":"closed","template":"page-templates\/side-menu.php","meta":{"_bbp_topic_count":0,"_bbp_reply_count":0,"_bbp_total_topic_count":0,"_bbp_total_reply_count":0,"_bbp_voice_count":0,"_bbp_anonymous_reply_count":0,"_bbp_topic_count_hidden":0,"_bbp_reply_count_hidden":0,"_bbp_forum_subforum_count":0,"footnotes":""},"class_list":["post-49","page","type-page","status-publish","hentry"],"post_mailing_queue_ids":[],"_links":{"self":[{"href":"https:\/\/agora.xtec.cat\/instaradell\/wp-json\/wp\/v2\/pages\/49","targetHints":{"allow":["GET"]}}],"collection":[{"href":"https:\/\/agora.xtec.cat\/instaradell\/wp-json\/wp\/v2\/pages"}],"about":[{"href":"https:\/\/agora.xtec.cat\/instaradell\/wp-json\/wp\/v2\/types\/page"}],"author":[{"embeddable":true,"href":"https:\/\/agora.xtec.cat\/instaradell\/wp-json\/wp\/v2\/users\/1"}],"replies":[{"embeddable":true,"href":"https:\/\/agora.xtec.cat\/instaradell\/wp-json\/wp\/v2\/comments?post=49"}],"version-history":[{"count":4,"href":"https:\/\/agora.xtec.cat\/instaradell\/wp-json\/wp\/v2\/pages\/49\/revisions"}],"predecessor-version":[{"id":5580,"href":"https:\/\/agora.xtec.cat\/instaradell\/wp-json\/wp\/v2\/pages\/49\/revisions\/5580"}],"up":[{"embeddable":true,"href":"https:\/\/agora.xtec.cat\/instaradell\/wp-json\/wp\/v2\/pages\/19"}],"wp:attachment":[{"href":"https:\/\/agora.xtec.cat\/instaradell\/wp-json\/wp\/v2\/media?parent=49"}],"curies":[{"name":"wp","href":"https:\/\/api.w.org\/{rel}","templated":true}]}}