{"id":3441,"date":"2021-02-26T09:56:26","date_gmt":"2021-02-26T08:56:26","guid":{"rendered":"http:\/\/agora.xtec.cat\/instaradell\/?page_id=3441"},"modified":"2023-05-10T09:11:17","modified_gmt":"2023-05-10T07:11:17","slug":"beques-per-a-ensenyaments-postobligatoris-no-universitaris","status":"publish","type":"page","link":"https:\/\/agora.xtec.cat\/instaradell\/beques-per-a-ensenyaments-postobligatoris-no-universitaris\/","title":{"rendered":"Beques per a ensenyaments postobligatoris no universitaris"},"content":{"rendered":"<h3><strong>Beques per a ensenyaments postobligatoris no universitaris<\/strong><\/h3>\n<p>Beques convocades pel Ministeri d&#8217;Educaci\u00f3 i Formaci\u00f3 Professional per a estudiants d&#8217;ensenyaments postobligatoris. Les quanties que es poden atorgar s\u00f3n les seg\u00fcents:<\/p>\n<p>a) Quanties fixes<br \/>\n&#8211; Quantia fixa lligada a la renda<br \/>\n&#8211; Quantia fixa lligada a la resid\u00e8ncia de l\u2019estudiant durant el curs escolar<br \/>\n&#8211; Beca b\u00e0sica<br \/>\n&#8211; Quantia fixa lligada a l&#8217;excel\u00b7l\u00e8ncia<\/p>\n<p>b) Quantia variable<br \/>\n&#8211; Segons el resultat de la ponderaci\u00f3 de la nota mitjana de l\u2019expedient de l\u2019estudiant i de la seva renda familiar.<\/p>\n<p><a href=\"https:\/\/web.gencat.cat\/ca\/tramits\/tramits-temes\/Beques-de-caracter-general-per-a-estudis-postobligatoris?category=7449fd1c-a82c-11e3-a972-000c29052e2c\">M\u00e9s informaci\u00f3 i sol\u00b7licitud de la beca<\/a><\/p>\n","protected":false},"excerpt":{"rendered":"<p>Beques per a ensenyaments postobligatoris no universitaris<br \/>\nBeques convocades pel Ministeri d&#8217;Educaci\u00f3 i Formaci\u00f3 Professional per a estudiants d&#8217;ensenyaments postobligatoris. Les quanties que es poden atorgar s\u00f3n les seg\u00fcents:<br \/>\na) Quanties fixes<br \/>\n&#8211; Quantia fixa lligada a la renda<br \/>\n&#8211; Quantia fixa lligada a la resid\u00e8ncia de l\u2019estudiant durant&hellip;  <a href=\"https:\/\/agora.xtec.cat\/instaradell\/beques-per-a-ensenyaments-postobligatoris-no-universitaris\/\" title=\"Read Beques per a ensenyaments postobligatoris no universitaris\">Llegeix m\u00e9s\u00bb<\/a><\/p>\n","protected":false},"author":5,"featured_media":0,"parent":0,"menu_order":0,"comment_status":"closed","ping_status":"closed","template":"","meta":{"_bbp_topic_count":0,"_bbp_reply_count":0,"_bbp_total_topic_count":0,"_bbp_total_reply_count":0,"_bbp_voice_count":0,"_bbp_anonymous_reply_count":0,"_bbp_topic_count_hidden":0,"_bbp_reply_count_hidden":0,"_bbp_forum_subforum_count":0,"footnotes":""},"class_list":["post-3441","page","type-page","status-publish","hentry"],"post_mailing_queue_ids":[],"_links":{"self":[{"href":"https:\/\/agora.xtec.cat\/instaradell\/wp-json\/wp\/v2\/pages\/3441","targetHints":{"allow":["GET"]}}],"collection":[{"href":"https:\/\/agora.xtec.cat\/instaradell\/wp-json\/wp\/v2\/pages"}],"about":[{"href":"https:\/\/agora.xtec.cat\/instaradell\/wp-json\/wp\/v2\/types\/page"}],"author":[{"embeddable":true,"href":"https:\/\/agora.xtec.cat\/instaradell\/wp-json\/wp\/v2\/users\/5"}],"replies":[{"embeddable":true,"href":"https:\/\/agora.xtec.cat\/instaradell\/wp-json\/wp\/v2\/comments?post=3441"}],"version-history":[{"count":2,"href":"https:\/\/agora.xtec.cat\/instaradell\/wp-json\/wp\/v2\/pages\/3441\/revisions"}],"predecessor-version":[{"id":5012,"href":"https:\/\/agora.xtec.cat\/instaradell\/wp-json\/wp\/v2\/pages\/3441\/revisions\/5012"}],"wp:attachment":[{"href":"https:\/\/agora.xtec.cat\/instaradell\/wp-json\/wp\/v2\/media?parent=3441"}],"curies":[{"name":"wp","href":"https:\/\/api.w.org\/{rel}","templated":true}]}}