{"id":3434,"date":"2021-02-26T09:54:54","date_gmt":"2021-02-26T08:54:54","guid":{"rendered":"http:\/\/agora.xtec.cat\/instaradell\/?page_id=3434"},"modified":"2026-01-14T13:22:36","modified_gmt":"2026-01-14T12:22:36","slug":"simultaneitat-destudis-amb-musica-i-dansa","status":"publish","type":"page","link":"https:\/\/agora.xtec.cat\/instaradell\/simultaneitat-destudis-amb-musica-i-dansa\/","title":{"rendered":"Simultane\u00eftat d&#8217;estudis amb m\u00fasica i dansa"},"content":{"rendered":"<p><strong style=\"font-size: 1.6875em;\">Simultane\u00eftat d&#8217;estudis amb m\u00fasica i dansa<\/strong><\/p>\n<p>Descarregar la <a href=\"https:\/\/agora.xtec.cat\/instaradell\/wp-content\/uploads\/usu1552\/2021\/09\/EMU1.pdf\" target=\"_blank\" rel=\"noopener\">sol\u00b7licitud de simultane\u00eftat amb m\u00fasica<\/a> o la <a href=\"https:\/\/agora.xtec.cat\/instaradell\/wp-content\/uploads\/usu1552\/2021\/09\/EDA1.pdf\" target=\"_blank\" rel=\"noopener\">sol\u00b7licitud de simultane\u00eftat amb dansa<\/a>, omplir-la, signar-la i enviar-la utilitzant el formulari, adjuntant, tamb\u00e9, el corresponent certificat que ho acredita (models <a href=\"https:\/\/agora.xtec.cat\/instaradell\/wp-content\/uploads\/usu1552\/2021\/09\/CMU1.pdf\" target=\"_blank\" rel=\"noopener\">CMU1<\/a>, <a href=\"https:\/\/agora.xtec.cat\/instaradell\/wp-content\/uploads\/usu1552\/2021\/09\/CMU2.pdf\" target=\"_blank\" rel=\"noopener\">CMU2<\/a>, <a href=\"https:\/\/agora.xtec.cat\/instaradell\/wp-content\/uploads\/usu1552\/2021\/09\/CDA1.pdf\" target=\"_blank\" rel=\"noopener\">CDA1<\/a> o <a href=\"https:\/\/agora.xtec.cat\/instaradell\/wp-content\/uploads\/usu1552\/2021\/09\/CDA2.pdf\" target=\"_blank\" rel=\"noopener\">CDA2<\/a>, segons correspongui):<\/p>\n<p><strong>Acc\u00e9s al tr\u00e0mit: <a href=\"https:\/\/docs.google.com\/forms\/d\/e\/1FAIpQLSf8VFTqSs4__UVsZNOFZ83T8bSKp1EUcR6qoQNwAktvdJRcjg\/viewform\" target=\"_blank\" rel=\"noopener\">Presentar la sol\u00b7licitud i el certificat que us han facilitat<\/a>.<\/strong><\/p>\n<p><strong>Termini:<\/strong> El termini finalitza el 31 d&#8217;octubre.<\/p>\n<p><strong>Models:<\/strong><\/p>\n<ul>\n<li>Sol\u00b7licitud de reducci\u00f3 de mat\u00e8ries de l&#8217;educaci\u00f3 secund\u00e0ria obligat\u00f2ria (ESO) per als alumnes que cursen estudis de m\u00fasica en un conservatori o en un centre professional o en una escola de m\u00fasica autoritzada &#8211; <a href=\"https:\/\/agora.xtec.cat\/instaradell\/wp-content\/uploads\/usu1552\/2021\/09\/EMU1.pdf\" target=\"_blank\" rel=\"noopener\">EMU1<\/a><\/li>\n<li>Sol\u00b7licitud de reducci\u00f3 de mat\u00e8ries de l&#8217;educaci\u00f3 secund\u00e0ria obligat\u00f2ria (ESO) per als alumnes que cursen estudis de dansa en un conservatori o en un centre professional o en una escola de dansa autoritzada <span style=\"font-family: inherit; font-size: 1em;\">&#8211; <\/span>\u00a0<a style=\"font-family: inherit; font-size: 1em;\" href=\"https:\/\/agora.xtec.cat\/instaradell\/wp-content\/uploads\/usu1552\/2021\/09\/EDA1.pdf\" target=\"_blank\" rel=\"noopener\">EDA1<\/a><\/li>\n<li>Certificat expedit pel conservatori o pel centre professional de m\u00fasica que acredita el curs que fa l\u2019alumne\/a &#8211; <a href=\"https:\/\/agora.xtec.cat\/instaradell\/wp-content\/uploads\/usu1552\/2021\/09\/CMU1.pdf\" target=\"_blank\" rel=\"noopener\">CMU1<\/a><\/li>\n<li>Certificat expedit per l\u2019escola de m\u00fasica autoritzada en qu\u00e8 s\u2019acredita el que fa l\u2019alumne\/a per al reconeixement dels estudis de m\u00fasica en l\u2019ESO &#8211; <a href=\"https:\/\/agora.xtec.cat\/instaradell\/wp-content\/uploads\/usu1552\/2021\/09\/CMU2.pdf\" target=\"_blank\" rel=\"noopener\">CMU2<\/a><\/li>\n<li>Certificat expedit pel conservatori o pel centre professional de dansa en qu\u00e8 s\u2019acredita el curs que fa l\u2019alumne\/a &#8211; <a href=\"https:\/\/agora.xtec.cat\/instaradell\/wp-content\/uploads\/usu1552\/2021\/09\/CDA1.pdf\" target=\"_blank\" rel=\"noopener\">CDA1<\/a><\/li>\n<li>Certificat expedit per l\u2019escola de dansa autoritzada en qu\u00e8 s\u2019acredita el curs i el nombre d\u2019hores de dedicaci\u00f3 setmanal que fa l\u2019alumne\/a per al reconeixement de la mat\u00e8ria d\u2019educaci\u00f3 f\u00edsica de l\u2019ESO i el batxillerat, i\/o les optatives de<br \/>\nl\u2019ESO &#8211; <a href=\"https:\/\/agora.xtec.cat\/instaradell\/wp-content\/uploads\/usu1552\/2021\/09\/CDA2.pdf\" target=\"_blank\" rel=\"noopener\">CDA2<\/a><\/li>\n<\/ul>\n","protected":false},"excerpt":{"rendered":"<p>Simultane\u00eftat d&#8217;estudis amb m\u00fasica i dansa<br \/>\nDescarregar la <a href=\"https:\/\/agora.xtec.cat\/instaradell\/wp-content\/uploads\/usu1552\/2021\/09\/EMU1.pdf\" target=\"_blank\" rel=\"noopener\">sol\u00b7licitud de simultane\u00eftat amb m\u00fasica<\/a> o la <a href=\"https:\/\/agora.xtec.cat\/instaradell\/wp-content\/uploads\/usu1552\/2021\/09\/EDA1.pdf\" target=\"_blank\" rel=\"noopener\">sol\u00b7licitud de simultane\u00eftat amb dansa<\/a>, omplir-la, signar-la i enviar-la utilitzant el formulari, adjuntant, tamb\u00e9, el corresponent certificat que ho acredita (models <a href=\"https:\/\/agora.xtec.cat\/instaradell\/wp-content\/uploads\/usu1552\/2021\/09\/CMU1.pdf\" target=\"_blank\" rel=\"noopener\">CMU1<\/a>,&hellip;  <a href=\"https:\/\/agora.xtec.cat\/instaradell\/simultaneitat-destudis-amb-musica-i-dansa\/\" title=\"Read Simultane\u00eftat d&#8217;estudis amb m\u00fasica i dansa\">Llegeix m\u00e9s\u00bb<\/a><\/p>\n","protected":false},"author":5,"featured_media":0,"parent":0,"menu_order":0,"comment_status":"closed","ping_status":"closed","template":"","meta":{"_bbp_topic_count":0,"_bbp_reply_count":0,"_bbp_total_topic_count":0,"_bbp_total_reply_count":0,"_bbp_voice_count":0,"_bbp_anonymous_reply_count":0,"_bbp_topic_count_hidden":0,"_bbp_reply_count_hidden":0,"_bbp_forum_subforum_count":0,"footnotes":""},"class_list":["post-3434","page","type-page","status-publish","hentry"],"post_mailing_queue_ids":[],"_links":{"self":[{"href":"https:\/\/agora.xtec.cat\/instaradell\/wp-json\/wp\/v2\/pages\/3434","targetHints":{"allow":["GET"]}}],"collection":[{"href":"https:\/\/agora.xtec.cat\/instaradell\/wp-json\/wp\/v2\/pages"}],"about":[{"href":"https:\/\/agora.xtec.cat\/instaradell\/wp-json\/wp\/v2\/types\/page"}],"author":[{"embeddable":true,"href":"https:\/\/agora.xtec.cat\/instaradell\/wp-json\/wp\/v2\/users\/5"}],"replies":[{"embeddable":true,"href":"https:\/\/agora.xtec.cat\/instaradell\/wp-json\/wp\/v2\/comments?post=3434"}],"version-history":[{"count":5,"href":"https:\/\/agora.xtec.cat\/instaradell\/wp-json\/wp\/v2\/pages\/3434\/revisions"}],"predecessor-version":[{"id":5822,"href":"https:\/\/agora.xtec.cat\/instaradell\/wp-json\/wp\/v2\/pages\/3434\/revisions\/5822"}],"wp:attachment":[{"href":"https:\/\/agora.xtec.cat\/instaradell\/wp-json\/wp\/v2\/media?parent=3434"}],"curies":[{"name":"wp","href":"https:\/\/api.w.org\/{rel}","templated":true}]}}