{"id":3424,"date":"2021-02-26T09:49:16","date_gmt":"2021-02-26T08:49:16","guid":{"rendered":"http:\/\/agora.xtec.cat\/instaradell\/?page_id=3424"},"modified":"2021-02-26T09:49:16","modified_gmt":"2021-02-26T08:49:16","slug":"graduat-en-eso-alumnat-que-no-lhan-obtingut-en-finalitzar-letapa","status":"publish","type":"page","link":"https:\/\/agora.xtec.cat\/instaradell\/graduat-en-eso-alumnat-que-no-lhan-obtingut-en-finalitzar-letapa\/","title":{"rendered":"Graduat en ESO (alumnat que no l&#8217;han obtingut en finalitzar l&#8217;etapa)"},"content":{"rendered":"<h3><strong>Graduat en ESO (alumnat que no l&#8217;han obtingut en finalitzar l&#8217;etapa)<\/strong><\/h3>\n<p>L&#8217;alumnat que no obt\u00e9 el t\u00edtol de graduat en educaci\u00f3 secund\u00e0ria obligat\u00f2ria en finalitzar l&#8217;etapa es pot presentar a les proves que el mes de mar\u00e7 de cada any organitzen els centres educatius; a cada centre es constitueix una junta d&#8217;avaluaci\u00f3 formada per professors de quart d&#8217;ESO i presidida pel cap d&#8217;estudis.<\/p>\n<p><a href=\"http:\/\/educacio.gencat.cat\/ca\/serveis-tramits\/proves\/proves-lliures-obtencio-titols\/obtencio-titol-eso\/\">Consulteu el requisits i com fer la inscripci\u00f3 i realitzaci\u00f3 de la prova<\/a><\/p>\n","protected":false},"excerpt":{"rendered":"<p>Graduat en ESO (alumnat que no l&#8217;han obtingut en finalitzar l&#8217;etapa)<br \/>\nL&#8217;alumnat que no obt\u00e9 el t\u00edtol de graduat en educaci\u00f3 secund\u00e0ria obligat\u00f2ria en finalitzar l&#8217;etapa es pot presentar a les proves que el mes de mar\u00e7 de cada any organitzen els centres educatius; a cada&hellip;  <a href=\"https:\/\/agora.xtec.cat\/instaradell\/graduat-en-eso-alumnat-que-no-lhan-obtingut-en-finalitzar-letapa\/\" title=\"Read Graduat en ESO (alumnat que no l&#8217;han obtingut en finalitzar l&#8217;etapa)\">Llegeix m\u00e9s\u00bb<\/a><\/p>\n","protected":false},"author":5,"featured_media":0,"parent":0,"menu_order":0,"comment_status":"closed","ping_status":"closed","template":"","meta":{"_bbp_topic_count":0,"_bbp_reply_count":0,"_bbp_total_topic_count":0,"_bbp_total_reply_count":0,"_bbp_voice_count":0,"_bbp_anonymous_reply_count":0,"_bbp_topic_count_hidden":0,"_bbp_reply_count_hidden":0,"_bbp_forum_subforum_count":0,"footnotes":""},"class_list":["post-3424","page","type-page","status-publish","hentry"],"post_mailing_queue_ids":[],"_links":{"self":[{"href":"https:\/\/agora.xtec.cat\/instaradell\/wp-json\/wp\/v2\/pages\/3424","targetHints":{"allow":["GET"]}}],"collection":[{"href":"https:\/\/agora.xtec.cat\/instaradell\/wp-json\/wp\/v2\/pages"}],"about":[{"href":"https:\/\/agora.xtec.cat\/instaradell\/wp-json\/wp\/v2\/types\/page"}],"author":[{"embeddable":true,"href":"https:\/\/agora.xtec.cat\/instaradell\/wp-json\/wp\/v2\/users\/5"}],"replies":[{"embeddable":true,"href":"https:\/\/agora.xtec.cat\/instaradell\/wp-json\/wp\/v2\/comments?post=3424"}],"version-history":[{"count":1,"href":"https:\/\/agora.xtec.cat\/instaradell\/wp-json\/wp\/v2\/pages\/3424\/revisions"}],"predecessor-version":[{"id":3426,"href":"https:\/\/agora.xtec.cat\/instaradell\/wp-json\/wp\/v2\/pages\/3424\/revisions\/3426"}],"wp:attachment":[{"href":"https:\/\/agora.xtec.cat\/instaradell\/wp-json\/wp\/v2\/media?parent=3424"}],"curies":[{"name":"wp","href":"https:\/\/api.w.org\/{rel}","templated":true}]}}