{"id":3331,"date":"2021-02-02T18:04:37","date_gmt":"2021-02-02T17:04:37","guid":{"rendered":"http:\/\/agora.xtec.cat\/instaradell\/?page_id=3331"},"modified":"2022-02-01T13:19:58","modified_gmt":"2022-02-01T12:19:58","slug":"portes-obertes-2022","status":"publish","type":"page","link":"https:\/\/agora.xtec.cat\/instaradell\/portes-obertes-2022\/","title":{"rendered":"Portes obertes 2022"},"content":{"rendered":"<h3><a href=\"https:\/\/agora.xtec.cat\/instaradell\/portes-obertes-2021\/\" target=\"_blank\" rel=\"noopener noreferrer\"><img loading=\"lazy\" decoding=\"async\" class=\"alignnone wp-image-3342\" src=\"https:\/\/agora.xtec.cat\/instaradell\/wp-content\/uploads\/usu1552\/2021\/02\/Etiqueta-per-web1-1024x575.png\" alt=\"\" width=\"425\" height=\"239\" srcset=\"https:\/\/agora.xtec.cat\/instaradell\/wp-content\/uploads\/usu1552\/2021\/02\/Etiqueta-per-web1-1024x575.png 1024w, https:\/\/agora.xtec.cat\/instaradell\/wp-content\/uploads\/usu1552\/2021\/02\/Etiqueta-per-web1-300x169.png 300w, https:\/\/agora.xtec.cat\/instaradell\/wp-content\/uploads\/usu1552\/2021\/02\/Etiqueta-per-web1-768x431.png 768w, https:\/\/agora.xtec.cat\/instaradell\/wp-content\/uploads\/usu1552\/2021\/02\/Etiqueta-per-web1.png 1052w\" sizes=\"auto, (max-width: 425px) 100vw, 425px\" \/><\/a><\/h3>\n<hr \/>\n<h5><strong>Quin dia?<\/strong><br \/>\nDissabte 26 de febrer al mat\u00ed.<\/h5>\n<h5>Horaris disponibles:<\/h5>\n<h5>10:00 i 11:30<\/h5>\n<hr \/>\n<h5><strong>Per a qui?<\/strong><br \/>\nFam\u00edlies de les escoles de 6\u00e8 curs de Prim\u00e0ria.<\/h5>\n<hr \/>\n<h5><strong>Com ho farem?<\/strong><br \/>\nPresencialment en hores convingudes en grups de 10 persones.<\/h5>\n<hr \/>\n<h5><strong>Hi ha algun requisit?<\/strong><br \/>\nS\u00ed, donades les circumst\u00e0ncies, m\u00e0xim 1 adult per unitat familiar a la visita.<\/h5>\n<hr \/>\n<h5><strong>Els futurs alumnes no poden venir?<\/strong><br \/>\nNo, aquests alumnes faran la visita a l&#8217;institut juntament amb el seu grup estable de l&#8217;escola de prim\u00e0ria.<\/h5>\n<hr \/>\n<h5><strong>Com tindr\u00e9 la confirmaci\u00f3 de la reserva?<\/strong><br \/>\nUns dies abans de les portes obertes rebreu un correu electr\u00f2nic de l&#8217;institut confirmant-vos la vostra reserva.<\/h5>\n<hr \/>\n<h5><strong>Com puc fer la reserva?<br \/>\n<\/strong>Des del seg\u00fcent enlla\u00e7: <a href=\"https:\/\/aplicacions.gestioeducativa.gencat.cat\/pls\/apex\/f?p=CITA_PREVIA:4::::4:P4_TIPUS_CALENDARI,P4_DOMINI:01_JPO_O,08053121\" target=\"_blank\" rel=\"noopener\"><strong>RESERVA<\/strong><\/a><\/h5>\n<h5>A l&#8217;apartat <strong>observacions<\/strong> cal posar el nom i cognoms de l&#8217;alumne\/a i el nom de l&#8217;escola d&#8217;origen.<\/h5>\n<hr \/>\n<h5><strong>Recomanacions de Salud per a les Portes Obertes dels centres educatius<br \/>\n<\/strong><a href=\"https:\/\/agora.xtec.cat\/instaradell\/wp-content\/uploads\/usu1552\/2022\/02\/recomanacions-portes-obertes-2022-.pdf\" target=\"_blank\" rel=\"noopener\">recomanacions-portes-obertes-2022.pdf<\/a><\/h5>\n<p>&nbsp;<\/p>\n<p><strong>V\u00eddeo Portes Obertes<\/strong><\/p>\n<p><iframe loading=\"lazy\" title=\"YouTube video player\" src=\"\/\/www.youtube.com\/embed\/P4qExJm5_1g\" width=\"450\" height=\"253\" frameborder=\"0\" allowfullscreen=\"allowfullscreen\"><\/iframe><\/p>\n<p>&nbsp;<\/p>\n","protected":false},"excerpt":{"rendered":"<p><a href=\"https:\/\/agora.xtec.cat\/instaradell\/portes-obertes-2021\/\" target=\"_blank\" rel=\"noopener noreferrer\"><\/a><\/p>\n<p>Quin dia?<br \/>\nDissabte 26 de febrer al mat\u00ed.<br \/>\nHoraris disponibles:<br \/>\n10:00 i 11:30<\/p>\n<p>Per a qui?<br \/>\nFam\u00edlies de les escoles de 6\u00e8 curs de Prim\u00e0ria.<\/p>\n<p>Com ho farem?<br \/>\nPresencialment en hores convingudes en grups de 10 persones.<\/p>\n<p>Hi ha algun requisit?<br \/>\nS\u00ed, donades les circumst\u00e0ncies, m\u00e0xim 1 adult per unitat&hellip;  <a href=\"https:\/\/agora.xtec.cat\/instaradell\/portes-obertes-2022\/\" title=\"Read Portes obertes 2022\">Llegeix m\u00e9s\u00bb<\/a><\/p>\n","protected":false},"author":4,"featured_media":0,"parent":0,"menu_order":0,"comment_status":"closed","ping_status":"closed","template":"","meta":{"_bbp_topic_count":0,"_bbp_reply_count":0,"_bbp_total_topic_count":0,"_bbp_total_reply_count":0,"_bbp_voice_count":0,"_bbp_anonymous_reply_count":0,"_bbp_topic_count_hidden":0,"_bbp_reply_count_hidden":0,"_bbp_forum_subforum_count":0,"footnotes":""},"class_list":["post-3331","page","type-page","status-publish","hentry"],"post_mailing_queue_ids":[],"_links":{"self":[{"href":"https:\/\/agora.xtec.cat\/instaradell\/wp-json\/wp\/v2\/pages\/3331","targetHints":{"allow":["GET"]}}],"collection":[{"href":"https:\/\/agora.xtec.cat\/instaradell\/wp-json\/wp\/v2\/pages"}],"about":[{"href":"https:\/\/agora.xtec.cat\/instaradell\/wp-json\/wp\/v2\/types\/page"}],"author":[{"embeddable":true,"href":"https:\/\/agora.xtec.cat\/instaradell\/wp-json\/wp\/v2\/users\/4"}],"replies":[{"embeddable":true,"href":"https:\/\/agora.xtec.cat\/instaradell\/wp-json\/wp\/v2\/comments?post=3331"}],"version-history":[{"count":4,"href":"https:\/\/agora.xtec.cat\/instaradell\/wp-json\/wp\/v2\/pages\/3331\/revisions"}],"predecessor-version":[{"id":4219,"href":"https:\/\/agora.xtec.cat\/instaradell\/wp-json\/wp\/v2\/pages\/3331\/revisions\/4219"}],"wp:attachment":[{"href":"https:\/\/agora.xtec.cat\/instaradell\/wp-json\/wp\/v2\/media?parent=3331"}],"curies":[{"name":"wp","href":"https:\/\/api.w.org\/{rel}","templated":true}]}}