{"id":27,"date":"2014-09-17T16:24:03","date_gmt":"2014-09-17T16:24:03","guid":{"rendered":"http:\/\/agora.xtec.cat\/instaradell\/?page_id=27"},"modified":"2022-10-17T13:58:05","modified_gmt":"2022-10-17T11:58:05","slug":"historia","status":"publish","type":"page","link":"https:\/\/agora.xtec.cat\/instaradell\/linstitut\/historia\/","title":{"rendered":"Hist\u00f2ria"},"content":{"rendered":"<p><a href=\"https:\/\/agora.xtec.cat\/instaradell\/wp-content\/uploads\/usu1552\/2018\/11\/IMG_20181026_122124-e1542200310525.jpg\"><img loading=\"lazy\" decoding=\"async\" class=\"alignnone wp-image-527\" src=\"https:\/\/agora.xtec.cat\/instaradell\/wp-content\/uploads\/usu1552\/2018\/11\/IMG_20181026_122124-e1542200310525-1024x447.jpg\" alt=\"\" width=\"500\" height=\"218\" srcset=\"https:\/\/agora.xtec.cat\/instaradell\/wp-content\/uploads\/usu1552\/2018\/11\/IMG_20181026_122124-e1542200310525-1024x447.jpg 1024w, https:\/\/agora.xtec.cat\/instaradell\/wp-content\/uploads\/usu1552\/2018\/11\/IMG_20181026_122124-e1542200310525-300x131.jpg 300w, https:\/\/agora.xtec.cat\/instaradell\/wp-content\/uploads\/usu1552\/2018\/11\/IMG_20181026_122124-e1542200310525-768x335.jpg 768w\" sizes=\"auto, (max-width: 500px) 100vw, 500px\" \/><\/a><\/p>\n<p style=\"text-align: justify;\">La Llei de Reforma Educativa de l&#8217;any 1990 va establir l&#8217;ensenyament obligatori fins als 16 anys, la comarca d&#8217;Osona va incrementar la seva oferta d&#8217;ensenyament secundari descentralitzada en diverses poblacions, \u00e9s aix\u00ed com es va crear a l&#8217;any 1994 la Secci\u00f3 d&#8217;Ensenyament Secundari Taradell, antecedent de l&#8217;actual Institut, per donar servei educatiu als nois i noies de Taradell i Mont-rodon, Santa Eug\u00e8nia de Berga, Seva, Sant Miquel de Baleny\u00e0 i Viladrau.<\/p>\n<p style=\"text-align: justify;\">Al 1994 el SES Taradell va iniciar la seva tasca educativa comen\u00e7ant tenint un primer curs de 3r d&#8217;ESO que ocupava les depend\u00e8ncies de Can Met. El curs 1995-1996 es va iniciar ja com a Institut d&#8217;Educaci\u00f3 Secund\u00e0ria IES Taradell.<\/p>\n<p style=\"text-align: justify;\">Despr\u00e9s d&#8217;una llarga etapa de provisionalitat, primer a les depend\u00e8ncies de Can Met, i despr\u00e9s, tamb\u00e9, al Sindicat i a Can Bover en m\u00f2duls prefabricats, el setembre del 2002 v\u00e0rem encetar una nova etapa a l&#8217;edifici nou del carrer de Pompeu Fabra.<\/p>\n<p style=\"text-align: justify;\">Al curs 2009-2010 el centre va passar a anomenar-se Institut Taradell.<\/p>\n<p>Al curs 2021-2022 es va celebrar la festa dels 25 anys de l&#8217;institut, despr\u00e9s d\u2019haver posposat dos anys la celebraci\u00f3 per la pand\u00e8mia, amb la realitzaci\u00f3 d&#8217;un <a href=\"https:\/\/www.youtube.com\/watch?v=l08IcPovG8E&amp;t=1194s\">v\u00eddeo commemoratiu<\/a>, i una jornada festiva completa d\u2019activitats, jocs, parlaments, exposicions i retrobaments. Antics i nous professors, alumnes, personal no docent, fam\u00edlies, autoritats i tothom que va assistir va poder gaudir d\u2019un acte de celebraci\u00f3 adre\u00e7at a totes les edats. Roc\u00f2drom, art mural, jocs de Guixot de 8, dinar popular i m\u00fasica en directe, s\u00f3n un tastet de tot el que vam divertir-nos en una jornada molt especial.<\/p>\n<p style=\"text-align: justify;\">No cal dir que tot el col\u00b7lectiu que treballem a l&#8217;Institut amb l&#8217;estreta col\u00b7laboraci\u00f3 de les fam\u00edlies, de l&#8217;AFA i dels Ajuntaments, des de la nostra aportaci\u00f3 di\u00e0ria, mantenim la il\u00b7lusi\u00f3 d&#8217;acompanyar els nois i noies en la seva maduraci\u00f3 personal i educativa. La const\u00e0ncia d&#8217;una dedicaci\u00f3 en la formaci\u00f3 integral dels joves \u00e9s la clau per a una bona transici\u00f3 a la vida adulta.<\/p>\n","protected":false},"excerpt":{"rendered":"<p><a href=\"https:\/\/agora.xtec.cat\/instaradell\/wp-content\/uploads\/usu1552\/2018\/11\/IMG_20181026_122124-e1542200310525.jpg\"><\/a><br \/>\nLa Llei de Reforma Educativa de l&#8217;any 1990 va establir l&#8217;ensenyament obligatori fins als 16 anys, la comarca d&#8217;Osona va incrementar la seva oferta d&#8217;ensenyament secundari descentralitzada en diverses poblacions, \u00e9s aix\u00ed com es va crear a l&#8217;any 1994 la Secci\u00f3 d&#8217;Ensenyament Secundari Taradell,&hellip;  <a href=\"https:\/\/agora.xtec.cat\/instaradell\/linstitut\/historia\/\" title=\"Read Hist\u00f2ria\">Llegeix m\u00e9s\u00bb<\/a><\/p>\n","protected":false},"author":1,"featured_media":0,"parent":19,"menu_order":20,"comment_status":"closed","ping_status":"closed","template":"page-templates\/side-menu.php","meta":{"_bbp_topic_count":0,"_bbp_reply_count":0,"_bbp_total_topic_count":0,"_bbp_total_reply_count":0,"_bbp_voice_count":0,"_bbp_anonymous_reply_count":0,"_bbp_topic_count_hidden":0,"_bbp_reply_count_hidden":0,"_bbp_forum_subforum_count":0,"footnotes":""},"class_list":["post-27","page","type-page","status-publish","hentry"],"post_mailing_queue_ids":[],"_links":{"self":[{"href":"https:\/\/agora.xtec.cat\/instaradell\/wp-json\/wp\/v2\/pages\/27","targetHints":{"allow":["GET"]}}],"collection":[{"href":"https:\/\/agora.xtec.cat\/instaradell\/wp-json\/wp\/v2\/pages"}],"about":[{"href":"https:\/\/agora.xtec.cat\/instaradell\/wp-json\/wp\/v2\/types\/page"}],"author":[{"embeddable":true,"href":"https:\/\/agora.xtec.cat\/instaradell\/wp-json\/wp\/v2\/users\/1"}],"replies":[{"embeddable":true,"href":"https:\/\/agora.xtec.cat\/instaradell\/wp-json\/wp\/v2\/comments?post=27"}],"version-history":[{"count":4,"href":"https:\/\/agora.xtec.cat\/instaradell\/wp-json\/wp\/v2\/pages\/27\/revisions"}],"predecessor-version":[{"id":4778,"href":"https:\/\/agora.xtec.cat\/instaradell\/wp-json\/wp\/v2\/pages\/27\/revisions\/4778"}],"up":[{"embeddable":true,"href":"https:\/\/agora.xtec.cat\/instaradell\/wp-json\/wp\/v2\/pages\/19"}],"wp:attachment":[{"href":"https:\/\/agora.xtec.cat\/instaradell\/wp-json\/wp\/v2\/media?parent=27"}],"curies":[{"name":"wp","href":"https:\/\/api.w.org\/{rel}","templated":true}]}}