{"id":2316,"date":"2020-05-29T12:01:55","date_gmt":"2020-05-29T10:01:55","guid":{"rendered":"http:\/\/agora.xtec.cat\/instaradell\/?page_id=2316"},"modified":"2020-06-06T11:35:37","modified_gmt":"2020-06-06T09:35:37","slug":"confinament-per-coronavirus-documents-recomanacions-i-instruccions","status":"publish","type":"page","link":"https:\/\/agora.xtec.cat\/instaradell\/confinament-per-coronavirus-documents-recomanacions-i-instruccions\/","title":{"rendered":"CONFINAMENT PER CORONAVIRUS: DOCUMENTS, RECOMANACIONS I INSTRUCCIONS"},"content":{"rendered":"<p><a href=\"https:\/\/agora.xtec.cat\/instaradell\/wp-content\/uploads\/usu1552\/2020\/06\/Comunicat-a-les-fam\u00edlies_06-06-20_signed.pdf\" target=\"_blank\" rel=\"noopener noreferrer\">Comunicat a les fam\u00edlies 06-06-20<\/a><\/p>\n<p><a href=\"https:\/\/agora.xtec.cat\/instaradell\/wp-content\/uploads\/usu1552\/2020\/06\/Comunicat-a-les-fam\u00edlies_01-06-20_signed.pdf\" target=\"_blank\" rel=\"noopener noreferrer\">Comunicat a les fam\u00edlies 01-06-20<\/a><\/p>\n<p><a href=\"https:\/\/agora.xtec.cat\/instaradell\/wp-content\/uploads\/usu1552\/2020\/05\/Comunicat-a-les-fam\u00edlies_23-05-20_signed.pdf\">Comunicat a les fam\u00edlies 23-05-20<\/a><\/p>\n<p><a href=\"https:\/\/agora.xtec.cat\/instaradell\/wp-content\/uploads\/usu1552\/2020\/05\/Comunicat-a-les-fam\u00edlies_09-05-20_signed.pdf\" target=\"_blank\" rel=\"noopener noreferrer\">Comunicat a les fam\u00edlies 09-05-20<\/a><\/p>\n<p><a href=\"https:\/\/agora.xtec.cat\/instaradell\/wp-content\/uploads\/usu1552\/2020\/04\/Comunicat-a-les-fam\u00edlies_25-04-20_signed.pdf\">Comunicat a les fam\u00edlies 25-04-20<\/a><\/p>\n<p><a href=\"https:\/\/agora.xtec.cat\/instaradell\/wp-content\/uploads\/usu1552\/2020\/04\/Comunicat-a-les-fam\u00edlies_12-04-20_signed.pdf\">Comunicat a les fam\u00edlies 12-04-20<\/a><\/p>\n<p><a href=\"https:\/\/agora.xtec.cat\/instaradell\/wp-content\/uploads\/usu1552\/2020\/04\/Comunicat-dates-PAU-i-PAP-convocat\u00f2ria-ordin\u00e0ria-2020.pdf\" target=\"_blank\" rel=\"noopener noreferrer\">Comunicat dates PAU i PAP convocat\u00f2ria ordin\u00e0ria 2020<\/a><\/p>\n<p><a href=\"https:\/\/agora.xtec.cat\/instaradell\/wp-content\/uploads\/usu1552\/2020\/03\/Comunicat-a-les-fam\u00edlies31-03-2020.pdf\" target=\"_blank\" rel=\"noopener noreferrer\">Comunicat a les fam\u00edlies 31-03-20<\/a><\/p>\n<p><a href=\"https:\/\/agora.xtec.cat\/instaradell\/wp-content\/uploads\/usu1552\/2020\/03\/Comunicat-a-les-fam\u00edlies_27-03-20.pdf\" target=\"_blank\" rel=\"noopener noreferrer\">Comunicat a les fam\u00edlies 27-03-20<\/a><\/p>\n<p><a href=\"https:\/\/agora.xtec.cat\/instaradell\/wp-content\/uploads\/usu1552\/2020\/03\/Comunicat-a-les-fam\u00edlies_26-03-20.pdf\" target=\"_blank\" rel=\"noopener noreferrer\">Comunicat a les fam\u00edlies 26-03-20<\/a><\/p>\n<p><a href=\"https:\/\/agora.xtec.cat\/instaradell\/wp-content\/uploads\/usu1552\/2020\/03\/Alian\u00e7a-institucional-per-a-la-prestaci\u00f3-dels-serveis-bibliotecaris-b\u00e0sics-i-el-foment-de-la-lectura.pdf\" target=\"_blank\" rel=\"noopener noreferrer\">Alian\u00e7a institucional per a la prestaci\u00f3 dels serveis bibliotecaris b\u00e0sics i el foment de la lectura<\/a><\/p>\n<p><a href=\"https:\/\/agora.xtec.cat\/instaradell\/wp-content\/uploads\/usu1552\/2020\/03\/Carta-a-les-fam\u00edlies_23-03-20.pdf\" target=\"_blank\" rel=\"noopener noreferrer\">Comunicat a les fam\u00edlies 23-03-20<\/a><\/p>\n<p><a href=\"https:\/\/agora.xtec.cat\/instaradell\/wp-content\/uploads\/usu1552\/2020\/03\/Carta-a-les-fam\u00edlies_20-03-20.pdf\">Comunicat a les fam\u00edlies 20-03-20<\/a><\/p>\n<p><a href=\"https:\/\/agora.xtec.cat\/instaradell\/wp-content\/uploads\/usu1552\/2020\/03\/Pla-centres-educatius-en-linia.pdf\" target=\"_blank\" rel=\"noopener noreferrer\">Pla d&#8217;acci\u00f3: Centres eduacatius en l\u00ednia 19-03-20<\/a><\/p>\n<p><a href=\"https:\/\/agora.xtec.cat\/instaradell\/wp-content\/uploads\/usu1552\/2020\/03\/Comunicat-a-les-fam\u00edlies_19mar\u00e7.pdf\" target=\"_blank\" rel=\"noopener noreferrer\">Comunicat a les fam\u00edlies 19-03-20<\/a><\/p>\n<p><a href=\"https:\/\/agora.xtec.cat\/instaradell\/wp-content\/uploads\/usu1552\/2020\/03\/Carta-a-les-fam\u00edlies_18mar\u00e7.pdf\" target=\"_blank\" rel=\"noopener noreferrer\">Comunicat a les fam\u00edlies 18-03-20<\/a><\/p>\n<p><a href=\"https:\/\/agora.xtec.cat\/instaradell\/wp-content\/uploads\/usu1552\/2020\/03\/Carta-fam\u00edlies-17-03-20.pdf\" target=\"_blank\" rel=\"noopener noreferrer\">Comunicat a les fam\u00edlies 17-03-20<\/a><\/p>\n<p><a href=\"https:\/\/agora.xtec.cat\/instaradell\/wp-content\/uploads\/usu1552\/2020\/03\/RECOMANACIONS.pdf\" target=\"_blank\" rel=\"noopener noreferrer\">Recomanacions<\/a><\/p>\n<p><a href=\"https:\/\/agora.xtec.cat\/instaradell\/wp-content\/uploads\/usu1552\/2020\/03\/lnstrucci\u00f3-1-2020-COVID-19_SIGNAT.pdf\" target=\"_blank\" rel=\"noopener noreferrer\">lnstrucci\u00f3 1-2020 COVID-19<\/a><\/p>\n<p><a href=\"https:\/\/agora.xtec.cat\/instaradell\/wp-content\/uploads\/usu1552\/2020\/03\/Instruccio-3_2020-mesures-SARS-Covid_2.pdf\" target=\"_blank\" rel=\"noopener noreferrer\">Instrucci\u00f3 3-2020 mesures-SARS-Covid_2<\/a><\/p>\n<p><a href=\"https:\/\/agora.xtec.cat\/instaradell\/wp-content\/uploads\/usu1552\/2020\/03\/PLA_CONTINGENCIA_EDU.pdf\" target=\"_blank\" rel=\"noopener noreferrer\">Pla de Conting\u00e8ncia. Educaci\u00f3<\/a><\/p>\n","protected":false},"excerpt":{"rendered":"<p><a href=\"https:\/\/agora.xtec.cat\/instaradell\/wp-content\/uploads\/usu1552\/2020\/06\/Comunicat-a-les-fam\u00edlies_06-06-20_signed.pdf\" target=\"_blank\" rel=\"noopener noreferrer\">Comunicat a les fam\u00edlies 06-06-20<\/a><br \/>\n<a href=\"https:\/\/agora.xtec.cat\/instaradell\/wp-content\/uploads\/usu1552\/2020\/06\/Comunicat-a-les-fam\u00edlies_01-06-20_signed.pdf\" target=\"_blank\" rel=\"noopener noreferrer\">Comunicat a les fam\u00edlies 01-06-20<\/a><br \/>\n<a href=\"https:\/\/agora.xtec.cat\/instaradell\/wp-content\/uploads\/usu1552\/2020\/05\/Comunicat-a-les-fam\u00edlies_23-05-20_signed.pdf\">Comunicat a les fam\u00edlies 23-05-20<\/a><br \/>\n<a href=\"https:\/\/agora.xtec.cat\/instaradell\/wp-content\/uploads\/usu1552\/2020\/05\/Comunicat-a-les-fam\u00edlies_09-05-20_signed.pdf\" target=\"_blank\" rel=\"noopener noreferrer\">Comunicat a les fam\u00edlies 09-05-20<\/a><br \/>\n<a href=\"https:\/\/agora.xtec.cat\/instaradell\/wp-content\/uploads\/usu1552\/2020\/04\/Comunicat-a-les-fam\u00edlies_25-04-20_signed.pdf\">Comunicat a les fam\u00edlies 25-04-20<\/a><br \/>\n<a href=\"https:\/\/agora.xtec.cat\/instaradell\/wp-content\/uploads\/usu1552\/2020\/04\/Comunicat-a-les-fam\u00edlies_12-04-20_signed.pdf\">Comunicat a les fam\u00edlies 12-04-20<\/a><br \/>\n<a href=\"https:\/\/agora.xtec.cat\/instaradell\/wp-content\/uploads\/usu1552\/2020\/04\/Comunicat-dates-PAU-i-PAP-convocat\u00f2ria-ordin\u00e0ria-2020.pdf\" target=\"_blank\" rel=\"noopener noreferrer\">Comunicat dates&hellip;  <a href=\"https:\/\/agora.xtec.cat\/instaradell\/confinament-per-coronavirus-documents-recomanacions-i-instruccions\/\" title=\"Read CONFINAMENT PER CORONAVIRUS: DOCUMENTS, RECOMANACIONS I INSTRUCCIONS\">Llegeix m\u00e9s\u00bb<\/a><\/p>\n","protected":false},"author":4,"featured_media":0,"parent":0,"menu_order":0,"comment_status":"closed","ping_status":"closed","template":"","meta":{"_bbp_topic_count":0,"_bbp_reply_count":0,"_bbp_total_topic_count":0,"_bbp_total_reply_count":0,"_bbp_voice_count":0,"_bbp_anonymous_reply_count":0,"_bbp_topic_count_hidden":0,"_bbp_reply_count_hidden":0,"_bbp_forum_subforum_count":0,"footnotes":""},"class_list":["post-2316","page","type-page","status-publish","hentry"],"post_mailing_queue_ids":[],"_links":{"self":[{"href":"https:\/\/agora.xtec.cat\/instaradell\/wp-json\/wp\/v2\/pages\/2316","targetHints":{"allow":["GET"]}}],"collection":[{"href":"https:\/\/agora.xtec.cat\/instaradell\/wp-json\/wp\/v2\/pages"}],"about":[{"href":"https:\/\/agora.xtec.cat\/instaradell\/wp-json\/wp\/v2\/types\/page"}],"author":[{"embeddable":true,"href":"https:\/\/agora.xtec.cat\/instaradell\/wp-json\/wp\/v2\/users\/4"}],"replies":[{"embeddable":true,"href":"https:\/\/agora.xtec.cat\/instaradell\/wp-json\/wp\/v2\/comments?post=2316"}],"version-history":[{"count":3,"href":"https:\/\/agora.xtec.cat\/instaradell\/wp-json\/wp\/v2\/pages\/2316\/revisions"}],"predecessor-version":[{"id":2517,"href":"https:\/\/agora.xtec.cat\/instaradell\/wp-json\/wp\/v2\/pages\/2316\/revisions\/2517"}],"wp:attachment":[{"href":"https:\/\/agora.xtec.cat\/instaradell\/wp-json\/wp\/v2\/media?parent=2316"}],"curies":[{"name":"wp","href":"https:\/\/api.w.org\/{rel}","templated":true}]}}