{"id":2279,"date":"2020-05-11T17:37:30","date_gmt":"2020-05-11T15:37:30","guid":{"rendered":"http:\/\/agora.xtec.cat\/instaradell\/?page_id=2279"},"modified":"2022-05-05T18:39:24","modified_gmt":"2022-05-05T16:39:24","slug":"25e-aniversari","status":"publish","type":"page","link":"https:\/\/agora.xtec.cat\/instaradell\/25e-aniversari\/","title":{"rendered":"25\u00e8 aniversari"},"content":{"rendered":"<p dir=\"ltr\">Benvolgut\/ da,<\/p>\n<p dir=\"ltr\">El proper dissabte 21 de maig volem celebrar el 25\u00e8 aniversari de l\u2019Institut de Taradell, posposat per la pand\u00e8mia. Ens fa molta il\u00b7lusi\u00f3 que totes les persones que heu estat vinculades a l&#8217;institut vingueu i participeu de la diada. Ser\u00e0 un bon moment per retrobar-nos tots: Exalumnes, alumnes, professors, exprofessors, membres i exmembres de l\u2019AFA, autoritats, personal no docent&#8230;<\/p>\n<p dir=\"ltr\">Per celebrar aquest aniversari us expliquem les activitats previstes:<\/p>\n<p dir=\"ltr\">\n<p dir=\"ltr\">11h a 13:00: Activitats guiades i gratu\u00eftes de roc\u00f2drom, pintura mural, jocs de guixot de 8<\/p>\n<p dir=\"ltr\">13h: Acte de celebraci\u00f3 i parlaments<\/p>\n<p dir=\"ltr\">14h: Dinar popular <a href=\"https:\/\/docs.google.com\/document\/d\/1rrGCwGo9grBMsuRSUUrxc42nX63EJeSJRJi6I-JoPio\/edit?usp=sharing\" target=\"_blank\" rel=\"noopener\" data-saferedirecturl=\"https:\/\/www.google.com\/url?q=https:\/\/docs.google.com\/document\/d\/1rrGCwGo9grBMsuRSUUrxc42nX63EJeSJRJi6I-JoPio\/edit?usp%3Dsharing&amp;source=gmail&amp;ust=1651854718280000&amp;usg=AOvVaw3KW3ePkWRgjn-uYxDIcTHP\">(<\/a><a href=\"https:\/\/docs.google.com\/document\/d\/1rrGCwGo9grBMsuRSUUrxc42nX63EJeSJRJi6I-JoPio\/edit?usp=sharing\" target=\"_blank\" rel=\"noopener\" data-saferedirecturl=\"https:\/\/www.google.com\/url?q=https:\/\/docs.google.com\/document\/d\/1rrGCwGo9grBMsuRSUUrxc42nX63EJeSJRJi6I-JoPio\/edit?usp%3Dsharing&amp;source=gmail&amp;ust=1651854718280000&amp;usg=AOvVaw3KW3ePkWRgjn-uYxDIcTHP\">veure enlla\u00e7 a men\u00fa i tiquets<\/a><a href=\"https:\/\/docs.google.com\/document\/d\/1rrGCwGo9grBMsuRSUUrxc42nX63EJeSJRJi6I-JoPio\/edit?usp=sharing\" target=\"_blank\" rel=\"noopener\" data-saferedirecturl=\"https:\/\/www.google.com\/url?q=https:\/\/docs.google.com\/document\/d\/1rrGCwGo9grBMsuRSUUrxc42nX63EJeSJRJi6I-JoPio\/edit?usp%3Dsharing&amp;source=gmail&amp;ust=1651854718280000&amp;usg=AOvVaw3KW3ePkWRgjn-uYxDIcTHP\">).<\/a> (Data l\u00edmit\u00a0 15 de maig.)<\/p>\n<p dir=\"ltr\">16:30h: M\u00fasica en directe amb <a href=\"https:\/\/docs.google.com\/document\/d\/1Y4u7ouKdQ4YFwCx8M3zGShPkKZrBk2S5wkZhtGs062o\/edit?usp=sharing\" target=\"_blank\" rel=\"noopener\" data-saferedirecturl=\"https:\/\/www.google.com\/url?q=https:\/\/docs.google.com\/document\/d\/1Y4u7ouKdQ4YFwCx8M3zGShPkKZrBk2S5wkZhtGs062o\/edit?usp%3Dsharing&amp;source=gmail&amp;ust=1651854718280000&amp;usg=AOvVaw3l4WUiuFi-fmHg232IWE7M\">\u00abSAX MACHINES\u00bb\u00a0<\/a><\/p>\n<p dir=\"ltr\">19h: Fi de festa<\/p>\n<p dir=\"ltr\">\n<p dir=\"ltr\">Durant tot el dia es podr\u00e0 visitar l\u2019exposici\u00f3 de fotos (\u00abTornem a l\u2019insti?\u00bb) al vest\u00edbul de la planta baixa de l\u2019institut i tamb\u00e9 hi haur\u00e0 servei de bar a c\u00e0rrec dels membres de l\u2019AFA. \u00a0Ens veiem el 21 de maig a l\u2019institut!<\/p>\n<p dir=\"ltr\">\u00a0Per qualsevol dubte et pots posar en contacte al 938800012, <a href=\"mailto:instaradell@xtec.cat\" target=\"_blank\" rel=\"noopener\">instaradell@xtec.cat<\/a> o a\u00a0 <a href=\"mailto:ampainstaradell@instaradell.com\" target=\"_blank\" rel=\"noopener\">ampainstaradell@gmail.com<\/a><\/p>\n<h5><a style=\"font-family: inherit; font-size: 1em; font-weight: normal;\" href=\"https:\/\/agora.xtec.cat\/instaradell\/wp-content\/uploads\/usu1552\/2020\/05\/logo-25-A3-Png-e1589212037718.png\"><img loading=\"lazy\" decoding=\"async\" class=\"aligncenter size-large wp-image-2285\" src=\"https:\/\/agora.xtec.cat\/instaradell\/wp-content\/uploads\/usu1552\/2020\/05\/logo-25-A3-Png-e1589212037718-1024x805.png\" alt=\"\" width=\"1024\" height=\"805\" srcset=\"https:\/\/agora.xtec.cat\/instaradell\/wp-content\/uploads\/usu1552\/2020\/05\/logo-25-A3-Png-e1589212037718-1024x805.png 1024w, https:\/\/agora.xtec.cat\/instaradell\/wp-content\/uploads\/usu1552\/2020\/05\/logo-25-A3-Png-e1589212037718-300x236.png 300w, https:\/\/agora.xtec.cat\/instaradell\/wp-content\/uploads\/usu1552\/2020\/05\/logo-25-A3-Png-e1589212037718-768x604.png 768w, https:\/\/agora.xtec.cat\/instaradell\/wp-content\/uploads\/usu1552\/2020\/05\/logo-25-A3-Png-e1589212037718.png 1241w\" sizes=\"auto, (max-width: 1024px) 100vw, 1024px\" \/><\/a><\/h5>\n","protected":false},"excerpt":{"rendered":"<p>Benvolgut\/ da,<br \/>\nEl proper dissabte 21 de maig volem celebrar el 25\u00e8 aniversari de l\u2019Institut de Taradell, posposat per la pand\u00e8mia. Ens fa molta il\u00b7lusi\u00f3 que totes les persones que heu estat vinculades a l&#8217;institut vingueu i participeu de la diada. Ser\u00e0 un bon moment per&hellip;  <a href=\"https:\/\/agora.xtec.cat\/instaradell\/25e-aniversari\/\" title=\"Read 25\u00e8 aniversari\">Llegeix m\u00e9s\u00bb<\/a><\/p>\n","protected":false},"author":1,"featured_media":0,"parent":0,"menu_order":0,"comment_status":"closed","ping_status":"closed","template":"","meta":{"_bbp_topic_count":0,"_bbp_reply_count":0,"_bbp_total_topic_count":0,"_bbp_total_reply_count":0,"_bbp_voice_count":0,"_bbp_anonymous_reply_count":0,"_bbp_topic_count_hidden":0,"_bbp_reply_count_hidden":0,"_bbp_forum_subforum_count":0,"footnotes":""},"class_list":["post-2279","page","type-page","status-publish","hentry"],"post_mailing_queue_ids":[],"_links":{"self":[{"href":"https:\/\/agora.xtec.cat\/instaradell\/wp-json\/wp\/v2\/pages\/2279","targetHints":{"allow":["GET"]}}],"collection":[{"href":"https:\/\/agora.xtec.cat\/instaradell\/wp-json\/wp\/v2\/pages"}],"about":[{"href":"https:\/\/agora.xtec.cat\/instaradell\/wp-json\/wp\/v2\/types\/page"}],"author":[{"embeddable":true,"href":"https:\/\/agora.xtec.cat\/instaradell\/wp-json\/wp\/v2\/users\/1"}],"replies":[{"embeddable":true,"href":"https:\/\/agora.xtec.cat\/instaradell\/wp-json\/wp\/v2\/comments?post=2279"}],"version-history":[{"count":3,"href":"https:\/\/agora.xtec.cat\/instaradell\/wp-json\/wp\/v2\/pages\/2279\/revisions"}],"predecessor-version":[{"id":4488,"href":"https:\/\/agora.xtec.cat\/instaradell\/wp-json\/wp\/v2\/pages\/2279\/revisions\/4488"}],"wp:attachment":[{"href":"https:\/\/agora.xtec.cat\/instaradell\/wp-json\/wp\/v2\/media?parent=2279"}],"curies":[{"name":"wp","href":"https:\/\/api.w.org\/{rel}","templated":true}]}}