{"id":1479,"date":"2019-12-11T19:00:31","date_gmt":"2019-12-11T18:00:31","guid":{"rendered":"http:\/\/agora.xtec.cat\/instaradell\/?page_id=1479"},"modified":"2025-09-30T18:44:51","modified_gmt":"2025-09-30T16:44:51","slug":"professorat","status":"publish","type":"page","link":"https:\/\/agora.xtec.cat\/instaradell\/professorat\/","title":{"rendered":"Professorat"},"content":{"rendered":"<p>&nbsp;<\/p>\n<div style=\"overflow: auto;\">\n<table style=\"width: 135.285%; height: 1404px;\">\n<tbody>\n<tr style=\"height: 381px;\">\n<td style=\"width: 33.4669%; height: 381px;\">\n<h3><strong>CASTELL\u00c0<\/strong><\/h3>\n<ul>\n<li>\n<h4>Juan Carlos Ar\u00e8valo<\/h4>\n<\/li>\n<li>\n<h4>Isabel Calvo<\/h4>\n<\/li>\n<li>\n<h4>Marcela Guardiola<\/h4>\n<\/li>\n<li>\n<h4>Marta Pla<\/h4>\n<\/li>\n<li>\n<h4>Guillem Riba<\/h4>\n<\/li>\n<\/ul>\n<p>&nbsp;<\/p>\n<p>&nbsp;<\/p>\n<p>&nbsp;<\/p>\n<p>&nbsp;<\/td>\n<td style=\"width: 31.1623%; height: 381px;\">\n<h3><strong>CATAL\u00c0<\/strong><\/h3>\n<ul style=\"list-style-type: disc;\">\n<li>\n<h4>Ester Iba\u00f1ez<\/h4>\n<\/li>\n<li>\n<h4><a href=\"https:\/\/www.google.com\/url?q=https%3A%2F%2Fsites.google.com%2Fa%2Fxtec.cat%2Femaresm2%2F&amp;sa=D&amp;sntz=1&amp;usg=AFQjCNGPdZKIgZTrBl71uSMIVSpYawdMxg\" target=\"_blank\" rel=\"noopener noreferrer\">Elisabet Maresma<\/a><\/h4>\n<\/li>\n<li>\n<h4>Maria Sab\u00e9<\/h4>\n<\/li>\n<li>\n<h4>Mireia Vil\u00e0<\/h4>\n<\/li>\n<li>\n<h4>Sira Turigas<\/h4>\n<\/li>\n<li>\n<h4>Laura Puig<\/h4>\n<\/li>\n<\/ul>\n<p>&nbsp;<\/p>\n<p>&nbsp;<\/p>\n<p>&nbsp;<\/td>\n<td style=\"width: 34.4689%; height: 381px;\">\n<h3><strong>LLENG\u00dcES ESTRANGERES<\/strong><\/h3>\n<ul style=\"list-style-type: disc;\">\n<li>\n<h4>C\u00e8lia Aparicio<\/h4>\n<\/li>\n<li>\n<h4>Mireia Ca\u00f1adell<\/h4>\n<\/li>\n<li>\n<h4><a href=\"mailto:jcodin4@xtec.cat\" target=\"_blank\" rel=\"noopener noreferrer\">Jordi Codinachs<\/a><\/h4>\n<\/li>\n<li>\n<h4>Elisabet Comas<\/h4>\n<\/li>\n<li>\n<h4>Sergi Dot<\/h4>\n<\/li>\n<li>\n<h4>Selene Rueda (Franc\u00e8s)<\/h4>\n<\/li>\n<li>\n<h4>Rosa Maria Roche<\/h4>\n<\/li>\n<li>\n<h4>Anna Sala<\/h4>\n<\/li>\n<li>\n<h4>Eva Tordera<\/h4>\n<\/li>\n<\/ul>\n<p>&nbsp;<\/td>\n<\/tr>\n<tr style=\"height: 420px;\">\n<td style=\"width: 33.4669%; height: 420px;\">\n<h3><strong>LLENG\u00dcES CL\u00c0SSIQUES<\/strong><\/h3>\n<ul>\n<li>\n<h4>Sarai Leon<\/h4>\n<\/li>\n<\/ul>\n<p>&nbsp;<\/p>\n<p>&nbsp;<\/p>\n<p>&nbsp;<\/p>\n<p>&nbsp;<\/p>\n<p>&nbsp;<\/p>\n<p>&nbsp;<\/p>\n<h3><strong>\u00a0<\/strong><\/h3>\n<\/td>\n<td style=\"width: 31.1623%; height: 420px;\">\n<h3><strong>CI\u00c8NCIES SOCIALS<\/strong><\/h3>\n<ul>\n<li>\n<h4>Maria del Mar Casals (Religi\u00f3)<\/h4>\n<\/li>\n<li>\n<h4>Maria Carme Comellas<\/h4>\n<\/li>\n<li>\n<h4>Alan Costa<\/h4>\n<\/li>\n<li>\n<h4>Albert Garcia<\/h4>\n<\/li>\n<li>\n<h4><a href=\"http:\/\/www.google.com\/url?q=http%3A%2F%2Fsites.google.com%2Fxtec.cat%2Fcronotopia&amp;sa=D&amp;sntz=1&amp;usg=AFQjCNGIEOoWrGYwK-BLC59MYDksJXJO4w\" target=\"_blank\" rel=\"noopener noreferrer\">Ignasi Morgades<\/a><\/h4>\n<\/li>\n<li>\n<h4>\u00a0Illa Pomares<\/h4>\n<\/li>\n<li>\n<h4><a href=\"https:\/\/www.google.com\/url?q=https%3A%2F%2Fsites.google.com%2Fa%2Fxtec.cat%2Fesitjes2%2F&amp;sa=D&amp;sntz=1&amp;usg=AFQjCNGc6qARF6DdNOTC_zeE4vxmU_xkcw\" target=\"_blank\" rel=\"noopener noreferrer\">Eug\u00e8nia Sitjes<\/a><\/h4>\n<\/li>\n<li>\n<h4>Gina Traveria (Filosofia)<\/h4>\n<\/li>\n<li>\n<h4><a href=\"https:\/\/www.google.com\/url?q=https%3A%2F%2Fsites.google.com%2Fa%2Fxtec.cat%2Fcterrica%2F&amp;sa=D&amp;sntz=1&amp;usg=AFQjCNGQ3rXAk3QAUfLE87CiDYpxifrWFA\" target=\"_blank\" rel=\"noopener noreferrer\">Carme Terricabras <\/a>(Economia)<\/h4>\n<\/li>\n<li>\n<h4><a href=\"http:\/\/socialstaradell.blogspot.com.es\/\" target=\"_blank\" rel=\"noopener noreferrer\">Llu\u00eds Vila<\/a><\/h4>\n<\/li>\n<\/ul>\n<p>&nbsp;<\/td>\n<td style=\"width: 34.4689%; height: 420px;\">\n<h3><strong>EDUCACI\u00d3 F\u00cdSICA<br \/>\n<\/strong><\/h3>\n<ul style=\"list-style-type: disc;\">\n<li>\n<h4>Pau Aparicio<\/h4>\n<\/li>\n<li>\n<h4>David Besora<\/h4>\n<\/li>\n<li>\n<h4>Robert Tena<\/h4>\n<\/li>\n<\/ul>\n<p>&nbsp;<\/p>\n<p>&nbsp;<\/p>\n<p>&nbsp;<\/p>\n<p>&nbsp;<\/p>\n<p>&nbsp;<\/p>\n<p>&nbsp;<\/p>\n<h3><strong>\u00a0<\/strong><\/h3>\n<\/td>\n<\/tr>\n<tr style=\"height: 359px;\">\n<td style=\"width: 33.4669%; height: 359px;\">\n<h3><\/h3>\n<h3><strong>EXPERIMENTALS<\/strong><\/h3>\n<ul style=\"list-style-type: disc;\">\n<li>\n<h4>N\u00faria Chalaux<\/h4>\n<\/li>\n<li>\n<h4>Aida Codina<\/h4>\n<\/li>\n<li>\n<h4><a href=\"https:\/\/www.google.com\/url?q=https%3A%2F%2Fsites.google.com%2Fa%2Fxtec.cat%2Fceci%2F&amp;sa=D&amp;sntz=1&amp;usg=AFQjCNHpOYL7TPczUzEvA1-OfxMeG1CbTg\" target=\"_blank\" rel=\"noopener noreferrer\">Ceci Cuenca<\/a><\/h4>\n<\/li>\n<li>\n<h4>Joel Denamour<\/h4>\n<\/li>\n<li>\n<h4>Ester Fl\u00f3rez<\/h4>\n<\/li>\n<li>\n<h4>Raquel Larios<\/h4>\n<\/li>\n<li>\n<h4><a href=\"https:\/\/www.google.com\/url?q=https%3A%2F%2Fsites.google.com%2Fa%2Fxtec.cat%2Fmpadros8%2F&amp;sa=D&amp;sntz=1&amp;usg=AFQjCNFbcTznstx4szAmaZ-FEzPyGWYB7g\" target=\"_blank\" rel=\"noopener noreferrer\">Carme Padr\u00f3s<\/a><\/h4>\n<\/li>\n<li>\n<h4>Imma Pons<\/h4>\n<\/li>\n<li>\n<h4>Guillem Toneu<\/h4>\n<\/li>\n<\/ul>\n<p>&nbsp;<\/p>\n<p>&nbsp;<\/td>\n<td style=\"width: 31.1623%; height: 359px;\">\n<h3><strong>MATEM\u00c0TIQUES<\/strong><\/h3>\n<ul style=\"list-style-type: disc;\">\n<li>\n<h4>Francesc Bach<\/h4>\n<\/li>\n<li>\n<h4>Maria Crespo<\/h4>\n<\/li>\n<li>\n<h4>Alba Morales<\/h4>\n<\/li>\n<li>\n<h4>Lola Morell<\/h4>\n<\/li>\n<li>\n<h4>V\u00edctor Panyella<\/h4>\n<\/li>\n<li>\n<h4>Samuel Turon<\/h4>\n<\/li>\n<\/ul>\n<p>&nbsp;<\/p>\n<p>&nbsp;<\/p>\n<h4><strong>\u00a0<\/strong><\/h4>\n<\/td>\n<td style=\"width: 34.4689%; height: 359px;\">\n<h3><strong>M\u00daSICA<\/strong><\/h3>\n<ul style=\"list-style-type: disc;\">\n<li>\n<h4>Joan Carles Aguerri<\/h4>\n<\/li>\n<li>\n<h4>Silvia Ruiz<\/h4>\n<\/li>\n<\/ul>\n<p>&nbsp;<\/p>\n<p>&nbsp;<\/p>\n<p>&nbsp;<\/p>\n<p>&nbsp;<\/p>\n<p>&nbsp;<\/p>\n<p>&nbsp;<\/td>\n<\/tr>\n<tr style=\"height: 244px;\">\n<td style=\"width: 33.4669%; height: 244px;\">\n<h3><\/h3>\n<h3><\/h3>\n<h3><\/h3>\n<h3><strong>ORIENTACI\u00d3<\/strong><\/h3>\n<ul style=\"list-style-type: disc;\">\n<li>\n<h4>Isabel Caballeria<\/h4>\n<\/li>\n<li>\n<h4>Cristina Cort\u00e9s<\/h4>\n<\/li>\n<li>\n<h4>Fani Larios<\/h4>\n<\/li>\n<li>\n<h4>Gl\u00f2ria N\u00fa\u00f1ez<\/h4>\n<\/li>\n<li>\n<h4>M\u00aa Carme Pardo<\/h4>\n<\/li>\n<li>\n<h4>Maria Merc\u00e8 Say\u00f3s (SIEI)<\/h4>\n<\/li>\n<li>\n<h4>Gerard Sentias (T\u00e8cnic E.E.)<\/h4>\n<\/li>\n<li>\n<h4>Ramon Arx\u00e9 (Auxiliar E.E.)<\/h4>\n<\/li>\n<li>\n<h4>Ester Alsina (Auxiliar E.E.)<\/h4>\n<\/li>\n<\/ul>\n<p>&nbsp;<\/td>\n<td style=\"width: 31.1623%; height: 244px;\">\n<h3><strong>TECNOLOGIA<\/strong><\/h3>\n<ul style=\"list-style-type: disc;\">\n<li>\n<h4><a href=\"https:\/\/www.google.com\/url?q=https%3A%2F%2Fsites.google.com%2Fa%2Fxtec.cat%2Fziritione%2F&amp;sa=D&amp;sntz=1&amp;usg=AFQjCNFAOyFPoAQCwwXpKT9Cmm6egKQ5mA\" target=\"_blank\" rel=\"noopener noreferrer\">Josep Maria Bertrans<\/a><\/h4>\n<\/li>\n<li>\n<h4>David Costa<\/h4>\n<\/li>\n<li>\n<h4>Cinta Curto<\/h4>\n<\/li>\n<li>\n<h4>Marc Roca<\/h4>\n<\/li>\n<li>\n<h4>Ram\u00f3n Jordi Vil\u00e0<\/h4>\n<\/li>\n<\/ul>\n<p>&nbsp;<\/td>\n<td style=\"width: 34.4689%; height: 244px;\">\n<h3><strong>VISUAL I PL\u00c0STICA<br \/>\n<\/strong><\/h3>\n<ul>\n<li>\n<h4>Teresa Fern\u00e1ndez<\/h4>\n<\/li>\n<li>\n<h4>Jordi Miralpeix<\/h4>\n<\/li>\n<\/ul>\n<p>&nbsp;<\/p>\n<p>&nbsp;<\/p>\n<p>&nbsp;<\/td>\n<\/tr>\n<\/tbody>\n<\/table>\n<p>&nbsp;<\/p>\n<\/div>\n","protected":false},"excerpt":{"rendered":"<p>&nbsp;<\/p>\n<p>CASTELL\u00c0<\/p>\n<ul>\n<li>\nJuan Carlos Ar\u00e8valo\n<\/li>\n<li>\nIsabel Calvo\n<\/li>\n<li>\nMarcela Guardiola\n<\/li>\n<li>\nMarta Pla\n<\/li>\n<li>\nGuillem Riba\n<\/li>\n<\/ul>\n<p>&nbsp;<br \/>\n&nbsp;<br \/>\n&nbsp;<br \/>\n&nbsp;<\/p>\n<p>CATAL\u00c0<\/p>\n<ul style=\"list-style-type: disc;\">\n<li>\nEster Iba\u00f1ez\n<\/li>\n<li>\n<a href=\"https:\/\/www.google.com\/url?q=https%3A%2F%2Fsites.google.com%2Fa%2Fxtec.cat%2Femaresm2%2F&amp;sa=D&amp;sntz=1&amp;usg=AFQjCNGPdZKIgZTrBl71uSMIVSpYawdMxg\" target=\"_blank\" rel=\"noopener noreferrer\">Elisabet Maresma<\/a>\n<\/li>\n<li>\nMaria Sab\u00e9\n<\/li>\n<li>\nMireia Vil\u00e0\n<\/li>\n<li>\nSira Turigas\n<\/li>\n<li>\nLaura Puig\n<\/li>\n<\/ul>\n<p>&nbsp;<br \/>\n&nbsp;<br \/>\n&nbsp;<\/p>\n<p>LLENG\u00dcES ESTRANGERES<\/p>\n<ul style=\"list-style-type: disc;\">\n<li>\nC\u00e8lia Aparicio\n<\/li>\n<li>\nMireia Ca\u00f1adell\n<\/li>\n<li>\n<a href=\"mailto:jcodin4@xtec.cat\" target=\"_blank\" rel=\"noopener noreferrer\">Jordi Codinachs<\/a>\n<\/li>\n<li>\nElisabet Comas\n<\/li>\n<li>\nSergi Dot\n<\/li>\n<li>\nSelene Rueda (Franc\u00e8s)\n<\/li>\n<li>\nRosa Maria Roche\n<\/li>\n<li>\nAnna Sala\n<\/li>\n<li>\nEva Tordera\n<\/li>\n<\/ul>\n<p>&nbsp;<\/p>\n<p>LLENG\u00dcES CL\u00c0SSIQUES<\/p>\n<ul>\n<li>\nSarai Leon\n<\/li>\n<\/ul>\n<p>&nbsp;<br \/>\n&nbsp;<br \/>\n&nbsp;<br \/>\n&nbsp;<br \/>\n&nbsp;<br \/>\n&nbsp;<br \/>\n\u00a0<\/p>\n<p>CI\u00c8NCIES SOCIALS<\/p>\n<ul>\n<li>\nMaria del Mar Casals (Religi\u00f3)\n<\/li>\n<li>\nMaria Carme&hellip;  <a href=\"https:\/\/agora.xtec.cat\/instaradell\/professorat\/\" title=\"Read Professorat\">Llegeix m\u00e9s\u00bb<\/a><\/p>\n","protected":false},"author":4,"featured_media":0,"parent":0,"menu_order":0,"comment_status":"closed","ping_status":"closed","template":"","meta":{"_bbp_topic_count":0,"_bbp_reply_count":0,"_bbp_total_topic_count":0,"_bbp_total_reply_count":0,"_bbp_voice_count":0,"_bbp_anonymous_reply_count":0,"_bbp_topic_count_hidden":0,"_bbp_reply_count_hidden":0,"_bbp_forum_subforum_count":0,"footnotes":""},"class_list":["post-1479","page","type-page","status-publish","hentry"],"post_mailing_queue_ids":[],"_links":{"self":[{"href":"https:\/\/agora.xtec.cat\/instaradell\/wp-json\/wp\/v2\/pages\/1479","targetHints":{"allow":["GET"]}}],"collection":[{"href":"https:\/\/agora.xtec.cat\/instaradell\/wp-json\/wp\/v2\/pages"}],"about":[{"href":"https:\/\/agora.xtec.cat\/instaradell\/wp-json\/wp\/v2\/types\/page"}],"author":[{"embeddable":true,"href":"https:\/\/agora.xtec.cat\/instaradell\/wp-json\/wp\/v2\/users\/4"}],"replies":[{"embeddable":true,"href":"https:\/\/agora.xtec.cat\/instaradell\/wp-json\/wp\/v2\/comments?post=1479"}],"version-history":[{"count":7,"href":"https:\/\/agora.xtec.cat\/instaradell\/wp-json\/wp\/v2\/pages\/1479\/revisions"}],"predecessor-version":[{"id":5779,"href":"https:\/\/agora.xtec.cat\/instaradell\/wp-json\/wp\/v2\/pages\/1479\/revisions\/5779"}],"wp:attachment":[{"href":"https:\/\/agora.xtec.cat\/instaradell\/wp-json\/wp\/v2\/media?parent=1479"}],"curies":[{"name":"wp","href":"https:\/\/api.w.org\/{rel}","templated":true}]}}