{"id":9227,"date":"2023-05-25T13:08:27","date_gmt":"2023-05-25T11:08:27","guid":{"rendered":"https:\/\/agora.xtec.cat\/inssolderiu\/?page_id=9227"},"modified":"2023-05-25T13:08:27","modified_gmt":"2023-05-25T11:08:27","slug":"desenvolupament-curricular-de-lalumnat","status":"publish","type":"page","link":"https:\/\/agora.xtec.cat\/inssolderiu\/desenvolupament-curricular-de-lalumnat\/","title":{"rendered":"Desenvolupament curricular de l&#8217;alumnat"},"content":{"rendered":"<p style=\"text-align: justify;\"><b>En l&#8217;\u00e0mbit metodol\u00f2gic:<\/b><span style=\"font-weight: 400;\">\u00a0 Les TAC s&#8217;utilitzen per facilitar l&#8217;aprenentatge m\u00e9s enll\u00e0 de l&#8217;espai i l&#8217;horari de l&#8217;aula i fora de l&#8217;escola i utilitza el potencial de les TAC per personalitzar els aprenentatges i adaptar-los a les caracter\u00edstiques i necessitats de cada alumne\/a.<\/span><\/p>\n<p style=\"text-align: justify;\"><span style=\"font-weight: 400;\">El professorat promou activitats apropiades pel que fa a <\/span><b>l&#8217;\u00fas segur d&#8217;Internet i el respecte de la propietat intel\u00b7lectua<\/b><span style=\"font-weight: 400;\">l i la programaci\u00f3 de totes les \u00e0rees curriculars incorpora continguts digitals per al treball per part de l&#8217;alumnat que inclouen <\/span><b>projectes, activitats col\u00b7laboratives, de simulaci\u00f3 o de producci\u00f3 de contingut<\/b><span style=\"font-weight: 400;\"> per part de l&#8217;alumnat donant a aquests un paper m\u00e9s actiu.<\/span><\/p>\n<p style=\"text-align: justify;\"><span style=\"font-weight: 400;\">L&#8217;\u00fas de les TAC \u00e9s divers i abasta des <\/span><b>d&#8217;aplicacions instrumentals i d&#8217;exercitaci\u00f3<\/b><span style=\"font-weight: 400;\"> (per exemple programes d&#8217;ofim\u00e0tica o activitats tipus JClic) fins a activitats de cerca, processament i presentaci\u00f3 de la informaci\u00f3 (per exemple Webquests).<\/span><\/p>\n<p style=\"text-align: justify;\"><span style=\"font-weight: 400;\">El centre, en el cas de l&#8217;ESO i el Batxillerat, promou la possibilitat de cursar algunes mat\u00e8ries en la <\/span><b>modalitat d&#8217;educaci\u00f3 no presencial a l&#8217;Institut Obert de Catalunya.<\/b><\/p>\n<p style=\"text-align: justify;\"><span style=\"font-weight: 400;\">Es realitzen <\/span><b>projectes col\u00b7laboratius amb suport TIC amb altres centres del pa\u00eds o d&#8217;arreu.<\/b><\/p>\n<p style=\"text-align: justify;\"><span style=\"font-weight: 400;\">En general, aquestes metodologies s\u2019apliquen tamb\u00e9 al llarg dels cicles formatius que s\u2019imparteixen en el centre, a continuaci\u00f3 es mostren exemples d\u2019algunes activitats:\u00a0<\/span><\/p>\n<p style=\"text-align: justify;\"><b>CFGM Manteniment Electromec\u00e0nic:<\/b><span style=\"font-weight: 400;\"> realitzen programaci\u00f3 de plc&#8217;s schneider qu\u00e8 \u00e9s controlador programable usat a la ind\u00fastria per controlar qualsevol mena de m\u00e0quina autom\u00e0tica que faci tasques repetitives, treball amb AutoCAD i Cade Simu per a la simulaci\u00f3 de circuits el\u00e8ctrics.<\/span><\/p>\n<p style=\"text-align: justify;\"><b>CFGM V\u00eddeo, Discj\u00f2quei i So:<\/b><span style=\"font-weight: 400;\"> treballen editors de v\u00eddeo, d&#8217;\u00e0udio, i controls d&#8217;il\u00b7luminaci\u00f3 entre d\u2019altres.<\/span><\/p>\n<p style=\"text-align: justify;\">\n<p style=\"text-align: justify;\"><b>Actualment s\u2019est\u00e0 treballant en l\u2019elaboraci\u00f3 d\u2019un document on es detalli el desplegament de la compet\u00e8ncia digital de l\u2019alumnat de manera m\u00e9s detallada.\u00a0<\/b><\/p>\n","protected":false},"excerpt":{"rendered":"<p>En l&#8217;\u00e0mbit metodol\u00f2gic:\u00a0 Les TAC s&#8217;utilitzen per facilitar l&#8217;aprenentatge m\u00e9s enll\u00e0 de l&#8217;espai i l&#8217;horari de l&#8217;aula i fora de l&#8217;escola i utilitza el potencial de les TAC per personalitzar els aprenentatges i adaptar-los a les caracter\u00edstiques i necessitats de cada alumne\/a.<br \/>\nEl professorat promou activitats&hellip;  <a href=\"https:\/\/agora.xtec.cat\/inssolderiu\/desenvolupament-curricular-de-lalumnat\/\" title=\"Read Desenvolupament curricular de l&#8217;alumnat\">Llegeix m\u00e9s\u00bb<\/a><\/p>\n","protected":false},"author":1,"featured_media":0,"parent":0,"menu_order":0,"comment_status":"closed","ping_status":"closed","template":"","meta":{"_bbp_topic_count":0,"_bbp_reply_count":0,"_bbp_total_topic_count":0,"_bbp_total_reply_count":0,"_bbp_voice_count":0,"_bbp_anonymous_reply_count":0,"_bbp_topic_count_hidden":0,"_bbp_reply_count_hidden":0,"_bbp_forum_subforum_count":0,"footnotes":""},"class_list":["post-9227","page","type-page","status-publish","hentry"],"post_mailing_queue_ids":[],"_links":{"self":[{"href":"https:\/\/agora.xtec.cat\/inssolderiu\/wp-json\/wp\/v2\/pages\/9227","targetHints":{"allow":["GET"]}}],"collection":[{"href":"https:\/\/agora.xtec.cat\/inssolderiu\/wp-json\/wp\/v2\/pages"}],"about":[{"href":"https:\/\/agora.xtec.cat\/inssolderiu\/wp-json\/wp\/v2\/types\/page"}],"author":[{"embeddable":true,"href":"https:\/\/agora.xtec.cat\/inssolderiu\/wp-json\/wp\/v2\/users\/1"}],"replies":[{"embeddable":true,"href":"https:\/\/agora.xtec.cat\/inssolderiu\/wp-json\/wp\/v2\/comments?post=9227"}],"version-history":[{"count":1,"href":"https:\/\/agora.xtec.cat\/inssolderiu\/wp-json\/wp\/v2\/pages\/9227\/revisions"}],"predecessor-version":[{"id":9228,"href":"https:\/\/agora.xtec.cat\/inssolderiu\/wp-json\/wp\/v2\/pages\/9227\/revisions\/9228"}],"wp:attachment":[{"href":"https:\/\/agora.xtec.cat\/inssolderiu\/wp-json\/wp\/v2\/media?parent=9227"}],"curies":[{"name":"wp","href":"https:\/\/api.w.org\/{rel}","templated":true}]}}