{"id":8848,"date":"2022-12-15T11:43:53","date_gmt":"2022-12-15T10:43:53","guid":{"rendered":"https:\/\/agora.xtec.cat\/inssolderiu\/?page_id=8848"},"modified":"2022-12-15T11:45:29","modified_gmt":"2022-12-15T10:45:29","slug":"descripcio-dels-serveis","status":"publish","type":"page","link":"https:\/\/agora.xtec.cat\/inssolderiu\/descripcio-dels-serveis\/","title":{"rendered":"Descripci\u00f3 dels serveis"},"content":{"rendered":"<p><b>DESCRIPCI\u00d3 DE SERVEIS I USUARIS DE CENTRE<\/b><b>:\u00a0<\/b><b><\/b><\/p>\n<ul>\n<li aria-level=\"1\"><b>Usuaris de centre &#8211; domini propi\u00a0<\/b><\/li>\n<\/ul>\n<p><span style=\"font-weight: 400;\">L&#8217;<\/span><b>Institut S\u00f2l de riu<\/b><span style=\"font-weight: 400;\"> disposa de domini propi de Google Workspace (<\/span><b>@institutsolderiu.cat<\/b><span style=\"font-weight: 400;\">). Aquest domini s&#8217;utilitza per part de tot l&#8217;alumnat del centre i per part de tot el professorat i l\u2019alumnat universitari que realitza pr\u00e0cticum.<\/span><\/p>\n<p><b>El director com a administrador del Google Workspace<\/b><span style=\"font-weight: 400;\"> \u00e9s l&#8217;encarregat de crear els diferents correus del domini per a tot l&#8217;alumnat del centre, nouvingut i tot el professorat.<\/span><\/p>\n<p><span style=\"font-weight: 400;\">La coordinaci\u00f3 pedag\u00f2gica i cada tutor\/a tenen disponible un full de registre d\u2019incid\u00e8ncies per tal de comunicar possibles problem\u00e0tiques sobre el domini propi. El director s&#8217;encarrega de mantenir actualitzats els correus de cada alumnat i professorat i especialitat i de solucionar els possibles problemes derivats del seu \u00fas.<\/span><\/p>\n<p><b><\/b><\/p>\n<ul>\n<li aria-level=\"1\"><b>Entorns Virtuals d\u2019Aprenentatge (EVA)<\/b><\/li>\n<\/ul>\n<p><span style=\"font-weight: 400;\">El professorat utilitza en la seva tasca docent entorns virtuals d&#8217;aprenentatge el Moodle (allotjat en un servidor del Departament d&#8217;Ensenyament), el Classroom i entorns editorials. L&#8217;acc\u00e9s als entorns \u00e9s a partir del correu @institutsolderiu.cat.<\/span><\/p>\n<p><span style=\"font-weight: 400;\">En reuni\u00f3 de departament a l\u2019inici de recurs cada professor\/a<\/span><b> escull i deixa per escrit l\u2019entorn virtual que far\u00e0 servir durant el curs amb el seu alumnat.<\/b><\/p>\n<ul>\n<li aria-level=\"1\"><b>Servei al n\u00favol &#8211; Espai compartit (documentaci\u00f3 i funcionament intern)<\/b><\/li>\n<\/ul>\n<p><span style=\"font-weight: 400;\">El professorat de l\u2019Institut S\u00f2l de Riu disposa de dues unitats compartides. Una amb el domini xtec.cat on hi ha recollida informaci\u00f3 oficial i sobre dades sensibles d\u2019alumnat. El segon amb domini institutsolderiu.cat amb la informaci\u00f3 relativa a aspectes acad\u00e8mics i dels entorns virtuals d\u2019aprenentatge.\u00a0<\/span><\/p>\n<p><span style=\"font-weight: 400;\">L\u2019espai de domini xtec.cat \u00e9s un espai tancat per al personal del i hi ha certs punts de control i de protecci\u00f3. Alguns documents, de forma interna, tenen limitacions en la visualitzaci\u00f3 i l&#8217;edici\u00f3 per incrementar la seguretat de les dades i millorar-ne l&#8217;organitzaci\u00f3 i el funcionament.<\/span><\/p>\n<p><span style=\"font-weight: 400;\">El claustre disposa d\u2019un Google Calendar compartit on s\u2019especifiquen les reunions, sortides, formacions, etc.<\/span><\/p>\n<p>&nbsp;<\/p>\n<p><b>MAQUINARI:\u00a0<\/b><\/p>\n<p><b>L\u2019Institut S\u00f2l de Riu disposa del seg\u00fcent maquinari en el centre per a l\u2019alumnat i professorat:<\/b><b><\/b><\/p>\n<ul>\n<li aria-level=\"1\"><b>Ordinador port\u00e0til docent:<\/b><\/li>\n<\/ul>\n<p><span style=\"font-weight: 400;\">Els i les docents de l\u2019Institut S\u00f2l de Riu disposen d&#8217;un port\u00e0til Lenovo personal. Aquests port\u00e0tils s&#8217;han rebut emmarcats en el desplegament tecnol\u00f2gic del Pla d&#8217;Educaci\u00f3 Digital de Catalunya.<\/span><\/p>\n<p><span style=\"font-weight: 400;\">Aquests port\u00e0tils els cedeix el centre durant el per\u00edode en qu\u00e8 el o la professora est\u00e0 en el centre. Al professorat que t\u00e9 destinaci\u00f3 definitiva en el centre se li cedeix el port\u00e0til de manera permanent.<\/span><\/p>\n<ul>\n<li aria-level=\"1\"><b>Ordinador port\u00e0til alumnat:<\/b><\/li>\n<\/ul>\n<p><span style=\"font-weight: 400;\">L\u2019alumnat del centre disposa de port\u00e0til amb sistema operatiu Windows. Alguns d\u2019aquests port\u00e0tils s&#8217;han rebut emmarcats en el desplegament tecnol\u00f2gic del Pla d&#8217;Educaci\u00f3 Digital de Catalunya.<\/span><\/p>\n<p><span style=\"font-weight: 400;\">Aquests port\u00e0tils els cedeix el centre durant el per\u00edode escolar de l&#8217;alumnat i s\u00f3n exclusivament per al treball acad\u00e8mic.\u00a0<\/span><b><\/b><\/p>\n<ul>\n<li aria-level=\"1\"><b>Impressi\u00f3:<\/b><\/li>\n<\/ul>\n<p><span style=\"font-weight: 400;\">El centre disposa d&#8217;impressora Konica Minolta del departament.<\/span><\/p>\n<p><span style=\"font-weight: 400;\">Cada professor\/a disposa d\u2019una quota de fotoc\u00f2pies que es pot anar ampliant durant el curs. Per imprimir \u00e9s necessari introduir el codi i la contrasenya personal.<\/span><\/p>\n<p>&nbsp;<\/p>\n","protected":false},"excerpt":{"rendered":"<p>DESCRIPCI\u00d3 DE SERVEIS I USUARIS DE CENTRE:\u00a0<\/p>\n<ul>\n<li aria-level=\"1\">Usuaris de centre &#8211; domini propi\u00a0<\/li>\n<\/ul>\n<p>L&#8217;Institut S\u00f2l de riu disposa de domini propi de Google Workspace (@institutsolderiu.cat). Aquest domini s&#8217;utilitza per part de tot l&#8217;alumnat del centre i per part de tot el professorat i l\u2019alumnat universitari que&hellip;  <a href=\"https:\/\/agora.xtec.cat\/inssolderiu\/descripcio-dels-serveis\/\" title=\"Read Descripci\u00f3 dels serveis\">Llegeix m\u00e9s\u00bb<\/a><\/p>\n","protected":false},"author":1,"featured_media":0,"parent":0,"menu_order":0,"comment_status":"closed","ping_status":"closed","template":"","meta":{"_bbp_topic_count":0,"_bbp_reply_count":0,"_bbp_total_topic_count":0,"_bbp_total_reply_count":0,"_bbp_voice_count":0,"_bbp_anonymous_reply_count":0,"_bbp_topic_count_hidden":0,"_bbp_reply_count_hidden":0,"_bbp_forum_subforum_count":0,"footnotes":""},"class_list":["post-8848","page","type-page","status-publish","hentry"],"post_mailing_queue_ids":[],"_links":{"self":[{"href":"https:\/\/agora.xtec.cat\/inssolderiu\/wp-json\/wp\/v2\/pages\/8848","targetHints":{"allow":["GET"]}}],"collection":[{"href":"https:\/\/agora.xtec.cat\/inssolderiu\/wp-json\/wp\/v2\/pages"}],"about":[{"href":"https:\/\/agora.xtec.cat\/inssolderiu\/wp-json\/wp\/v2\/types\/page"}],"author":[{"embeddable":true,"href":"https:\/\/agora.xtec.cat\/inssolderiu\/wp-json\/wp\/v2\/users\/1"}],"replies":[{"embeddable":true,"href":"https:\/\/agora.xtec.cat\/inssolderiu\/wp-json\/wp\/v2\/comments?post=8848"}],"version-history":[{"count":2,"href":"https:\/\/agora.xtec.cat\/inssolderiu\/wp-json\/wp\/v2\/pages\/8848\/revisions"}],"predecessor-version":[{"id":8852,"href":"https:\/\/agora.xtec.cat\/inssolderiu\/wp-json\/wp\/v2\/pages\/8848\/revisions\/8852"}],"wp:attachment":[{"href":"https:\/\/agora.xtec.cat\/inssolderiu\/wp-json\/wp\/v2\/media?parent=8848"}],"curies":[{"name":"wp","href":"https:\/\/api.w.org\/{rel}","templated":true}]}}