{"id":8747,"date":"2022-12-01T11:24:51","date_gmt":"2022-12-01T10:24:51","guid":{"rendered":"https:\/\/agora.xtec.cat\/inssolderiu\/?page_id=8747"},"modified":"2023-04-13T11:32:00","modified_gmt":"2023-04-13T09:32:00","slug":"acords-de-claustre-i-de-consell-escolar","status":"publish","type":"page","link":"https:\/\/agora.xtec.cat\/inssolderiu\/acords-de-claustre-i-de-consell-escolar\/","title":{"rendered":"Acords de Claustre i de Consell Escolar"},"content":{"rendered":"<p style=\"text-align: justify;\">En aquest espai queden recollits els diferents acords i esmenes relacionades amb aspectes, recursos i eines digitals en el centre.<\/p>\n<ul>\n<li style=\"text-align: justify;\">T\u00edtol VII: ALUMNAT &#8211; \u00daS DE DISPOSITIUS M\u00d2BILS I APARELLS REPRODUCTORS I \u00daS DELS EQUIPAMENTS DEL PLA D&#8217;EDUCACI\u00d3 DIGITAL DE CATALUNYA de les <a href=\"https:\/\/app.box.com\/s\/sgp90av1eaywrc5t9iuodmqldv3b0vzf\" target=\"_blank\" rel=\"noopener\">NOFC<\/a><\/li>\n<li style=\"text-align: justify;\"><a href=\"https:\/\/docs.google.com\/document\/d\/12WEyRu6JmZy_9OZhZwAwYKCfo2NoUQMqxaxKOMKOmIA\/edit?usp=sharing\" target=\"_blank\" rel=\"noopener\">ACORDS SOBRE EL FEEDBACK, ACORDS SOBRE PROTECCI\u00d3 DE DADES DE L\u2019ALUMNAT I ACORDS SOBRE APLICACIONS UTILITZADES EN EL CENTRE<\/a><\/li>\n<\/ul>\n","protected":false},"excerpt":{"rendered":"<p>En aquest espai queden recollits els diferents acords i esmenes relacionades amb aspectes, recursos i eines digitals en el centre.<\/p>\n<ul>\n<li style=\"text-align: justify;\">T\u00edtol VII: ALUMNAT &#8211; \u00daS DE DISPOSITIUS M\u00d2BILS I APARELLS REPRODUCTORS I \u00daS DELS EQUIPAMENTS DEL PLA D&#8217;EDUCACI\u00d3 DIGITAL DE CATALUNYA de les <a&hellip;  <a href=\"https:\/\/agora.xtec.cat\/inssolderiu\/acords-de-claustre-i-de-consell-escolar\/\" title=\"Read Acords de Claustre i de Consell Escolar\">Llegeix m\u00e9s\u00bb<\/a><br \/>\n","protected":false},"author":1,"featured_media":0,"parent":0,"menu_order":0,"comment_status":"closed","ping_status":"closed","template":"","meta":{"_bbp_topic_count":0,"_bbp_reply_count":0,"_bbp_total_topic_count":0,"_bbp_total_reply_count":0,"_bbp_voice_count":0,"_bbp_anonymous_reply_count":0,"_bbp_topic_count_hidden":0,"_bbp_reply_count_hidden":0,"_bbp_forum_subforum_count":0,"footnotes":""},"class_list":["post-8747","page","type-page","status-publish","hentry"],"post_mailing_queue_ids":[],"_links":{"self":[{"href":"https:\/\/agora.xtec.cat\/inssolderiu\/wp-json\/wp\/v2\/pages\/8747","targetHints":{"allow":["GET"]}}],"collection":[{"href":"https:\/\/agora.xtec.cat\/inssolderiu\/wp-json\/wp\/v2\/pages"}],"about":[{"href":"https:\/\/agora.xtec.cat\/inssolderiu\/wp-json\/wp\/v2\/types\/page"}],"author":[{"embeddable":true,"href":"https:\/\/agora.xtec.cat\/inssolderiu\/wp-json\/wp\/v2\/users\/1"}],"replies":[{"embeddable":true,"href":"https:\/\/agora.xtec.cat\/inssolderiu\/wp-json\/wp\/v2\/comments?post=8747"}],"version-history":[{"count":4,"href":"https:\/\/agora.xtec.cat\/inssolderiu\/wp-json\/wp\/v2\/pages\/8747\/revisions"}],"predecessor-version":[{"id":9064,"href":"https:\/\/agora.xtec.cat\/inssolderiu\/wp-json\/wp\/v2\/pages\/8747\/revisions\/9064"}],"wp:attachment":[{"href":"https:\/\/agora.xtec.cat\/inssolderiu\/wp-json\/wp\/v2\/media?parent=8747"}],"curies":[{"name":"wp","href":"https:\/\/api.w.org\/{rel}","templated":true}]}}