{"id":84,"date":"2014-06-19T13:14:23","date_gmt":"2014-06-19T11:14:23","guid":{"rendered":"http:\/\/institutsolderiu.cat\/?page_id=84"},"modified":"2025-09-29T20:04:05","modified_gmt":"2025-09-29T18:04:05","slug":"estudis","status":"publish","type":"page","link":"https:\/\/agora.xtec.cat\/inssolderiu\/linstitut\/estudis\/","title":{"rendered":"Oferta educativa"},"content":{"rendered":"<p>Actualment al centre s&#8217;imparteixen els seg\u00fcents ensenyaments:<\/p>\n<ul>\n<li><a title=\"Educaci\u00f3 Secund\u00e0ria Obligat\u00f2ria\" href=\"http:\/\/institutsolderiu.cat\/centre\/estudis\/eso\/\" target=\"_blank\" rel=\"noopener noreferrer\"><strong>Educaci\u00f3 Secund\u00e0ria Obligat\u00f2ria<\/strong><\/a>\n<ul style=\"color: #474747;\">\n<li>1r curs d&#8217;ESO (3 grups)<\/li>\n<li>2n curs d&#8217;ESO (3 grups)<\/li>\n<li>3r curs d&#8217;ESO (3 grups)<\/li>\n<li>4t curs d&#8217;ESO (3 grups)<\/li>\n<li>Cicle Formatiu de Grau B\u00e0sic d&#8217;Agrojardineria i Composicions florals<\/li>\n<\/ul>\n<\/li>\n<li><strong><a title=\"Batxillerat\" href=\"http:\/\/institutsolderiu.cat\/centre\/oferta_educativa\/batxillerat\/\" target=\"_blank\" rel=\"noopener noreferrer\">Batxillerat<\/a><\/strong>\n<ul style=\"color: #474747;\">\n<li>1r curs modalitat de Ci\u00e8ncies i Tecnologia (1 grup)<\/li>\n<li>1r curs modalitat d&#8217;Humanitats i Ci\u00e8ncies Socials (1 grup)<\/li>\n<li>2n curs modalitat de Ci\u00e8ncies i Tecnologia (1\/2 grup)<\/li>\n<li>2n curs modalitat d&#8217;Humanitats d&#8217;Humanitats i Ci\u00e8ncies Socials (1\/2 grup)<\/li>\n<\/ul>\n<\/li>\n<li><a title=\"Cicles Formatius\" href=\"http:\/\/institutsolderiu.cat\/centre\/oferta_educativa\/fp\/\" target=\"_blank\" rel=\"noopener noreferrer\"><strong>Cicles Formatius<\/strong><\/a>\n<ul style=\"color: #474747;\">\n<li><a title=\"CFGM Manteniment electromec\u00e0nic\" href=\"http:\/\/institutsolderiu.cat\/centre\/oferta_educativa\/fp\/cfpm-im10\/\" target=\"_blank\" rel=\"noopener noreferrer\">Cicle Formatiu de Grau Mitj\u00e0 d&#8217;Instal\u00b7lacions i Manteniment Electromec\u00e0nic<\/a><\/li>\n<li><a title=\"CFGM Manteniment electromec\u00e0nic\" href=\"https:\/\/agora.xtec.cat\/inssolderiu\/wp-admin\/post.php?post=6738&amp;action=edit&amp;classic-editor\" target=\"_blank\" rel=\"noopener noreferrer\">Cicle Formatiu de Grau Mitj\u00e0 de V\u00eddeo, Discj\u00f2quei i So<\/a><\/li>\n<\/ul>\n<\/li>\n<\/ul>\n","protected":false},"excerpt":{"rendered":"<p>Actualment al centre s&#8217;imparteixen els seg\u00fcents ensenyaments:<\/p>\n<ul>\n<li><a title=\"Educaci\u00f3 Secund\u00e0ria Obligat\u00f2ria\" href=\"http:\/\/institutsolderiu.cat\/centre\/estudis\/eso\/\" target=\"_blank\" rel=\"noopener noreferrer\">Educaci\u00f3 Secund\u00e0ria Obligat\u00f2ria<\/a>\n<ul style=\"color: #474747;\">\n<li>1r curs d&#8217;ESO (3 grups)<\/li>\n<li>2n curs d&#8217;ESO (3 grups)<\/li>\n<li>3r curs d&#8217;ESO (3 grups)<\/li>\n<li>4t curs d&#8217;ESO (3 grups)<\/li>\n<li>Cicle Formatiu de Grau B\u00e0sic d&#8217;Agrojardineria i Composicions florals<\/li>\n<\/ul>\n<\/li>\n<li><a title=\"Batxillerat\" href=\"http:\/\/institutsolderiu.cat\/centre\/oferta_educativa\/batxillerat\/\" target=\"_blank\"&hellip;  <a href=\"https:\/\/agora.xtec.cat\/inssolderiu\/linstitut\/estudis\/\" title=\"Read Oferta educativa\">Llegeix m\u00e9s\u00bb<\/a><br \/>\n","protected":false},"author":1,"featured_media":0,"parent":19,"menu_order":110,"comment_status":"open","ping_status":"open","template":"page-templates\/side-menu.php","meta":{"_bbp_topic_count":0,"_bbp_reply_count":0,"_bbp_total_topic_count":0,"_bbp_total_reply_count":0,"_bbp_voice_count":0,"_bbp_anonymous_reply_count":0,"_bbp_topic_count_hidden":0,"_bbp_reply_count_hidden":0,"_bbp_forum_subforum_count":0,"footnotes":""},"class_list":["post-84","page","type-page","status-publish","hentry"],"post_mailing_queue_ids":[],"_links":{"self":[{"href":"https:\/\/agora.xtec.cat\/inssolderiu\/wp-json\/wp\/v2\/pages\/84","targetHints":{"allow":["GET"]}}],"collection":[{"href":"https:\/\/agora.xtec.cat\/inssolderiu\/wp-json\/wp\/v2\/pages"}],"about":[{"href":"https:\/\/agora.xtec.cat\/inssolderiu\/wp-json\/wp\/v2\/types\/page"}],"author":[{"embeddable":true,"href":"https:\/\/agora.xtec.cat\/inssolderiu\/wp-json\/wp\/v2\/users\/1"}],"replies":[{"embeddable":true,"href":"https:\/\/agora.xtec.cat\/inssolderiu\/wp-json\/wp\/v2\/comments?post=84"}],"version-history":[{"count":2,"href":"https:\/\/agora.xtec.cat\/inssolderiu\/wp-json\/wp\/v2\/pages\/84\/revisions"}],"predecessor-version":[{"id":10534,"href":"https:\/\/agora.xtec.cat\/inssolderiu\/wp-json\/wp\/v2\/pages\/84\/revisions\/10534"}],"up":[{"embeddable":true,"href":"https:\/\/agora.xtec.cat\/inssolderiu\/wp-json\/wp\/v2\/pages\/19"}],"wp:attachment":[{"href":"https:\/\/agora.xtec.cat\/inssolderiu\/wp-json\/wp\/v2\/media?parent=84"}],"curies":[{"name":"wp","href":"https:\/\/api.w.org\/{rel}","templated":true}]}}