{"id":8117,"date":"2022-03-15T10:37:42","date_gmt":"2022-03-15T09:37:42","guid":{"rendered":"https:\/\/agora.xtec.cat\/inssolderiu\/?page_id=8117"},"modified":"2023-01-26T13:56:36","modified_gmt":"2023-01-26T12:56:36","slug":"comunicacio-comunitat-educativa","status":"publish","type":"page","link":"https:\/\/agora.xtec.cat\/inssolderiu\/comunicacio-comunitat-educativa\/","title":{"rendered":"Comunicaci\u00f3 Comunitat Educativa"},"content":{"rendered":"<p>En el seg\u00fcent document podeu consultar el Pla de Comunicaci\u00f3 de Centre:<\/p>\n<p><iframe loading=\"lazy\" src=\"https:\/\/app.box.com\/embed\/s\/0a4hcb4jgb90un8v3wikh0ytul9l7lor?sortColumn=date&amp;view=list\" width=\"500\" height=\"400\" frameborder=\"0\" allowfullscreen=\"allowfullscreen\"><\/iframe><\/p>\n","protected":false},"excerpt":{"rendered":"<p>En el seg\u00fcent document podeu consultar el Pla de Comunicaci\u00f3 de Centre:<\/p>\n","protected":false},"author":1,"featured_media":0,"parent":0,"menu_order":0,"comment_status":"closed","ping_status":"closed","template":"","meta":{"_bbp_topic_count":0,"_bbp_reply_count":0,"_bbp_total_topic_count":0,"_bbp_total_reply_count":0,"_bbp_voice_count":0,"_bbp_anonymous_reply_count":0,"_bbp_topic_count_hidden":0,"_bbp_reply_count_hidden":0,"_bbp_forum_subforum_count":0,"footnotes":""},"class_list":["post-8117","page","type-page","status-publish","hentry"],"post_mailing_queue_ids":[],"_links":{"self":[{"href":"https:\/\/agora.xtec.cat\/inssolderiu\/wp-json\/wp\/v2\/pages\/8117","targetHints":{"allow":["GET"]}}],"collection":[{"href":"https:\/\/agora.xtec.cat\/inssolderiu\/wp-json\/wp\/v2\/pages"}],"about":[{"href":"https:\/\/agora.xtec.cat\/inssolderiu\/wp-json\/wp\/v2\/types\/page"}],"author":[{"embeddable":true,"href":"https:\/\/agora.xtec.cat\/inssolderiu\/wp-json\/wp\/v2\/users\/1"}],"replies":[{"embeddable":true,"href":"https:\/\/agora.xtec.cat\/inssolderiu\/wp-json\/wp\/v2\/comments?post=8117"}],"version-history":[{"count":2,"href":"https:\/\/agora.xtec.cat\/inssolderiu\/wp-json\/wp\/v2\/pages\/8117\/revisions"}],"predecessor-version":[{"id":8952,"href":"https:\/\/agora.xtec.cat\/inssolderiu\/wp-json\/wp\/v2\/pages\/8117\/revisions\/8952"}],"wp:attachment":[{"href":"https:\/\/agora.xtec.cat\/inssolderiu\/wp-json\/wp\/v2\/media?parent=8117"}],"curies":[{"name":"wp","href":"https:\/\/api.w.org\/{rel}","templated":true}]}}