{"id":8115,"date":"2022-03-15T10:36:58","date_gmt":"2022-03-15T09:36:58","guid":{"rendered":"https:\/\/agora.xtec.cat\/inssolderiu\/?page_id=8115"},"modified":"2023-05-25T10:59:34","modified_gmt":"2023-05-25T08:59:34","slug":"portals-xarxes-socials","status":"publish","type":"page","link":"https:\/\/agora.xtec.cat\/inssolderiu\/linstitut\/estrategia-digital-de-centre\/cultura-digital\/portals-xarxes-socials\/","title":{"rendered":"Portals, Xarxes Socials i v\u00eddeos fam\u00edlies digitals"},"content":{"rendered":"<p>A continuaci\u00f3 us mostrem els portals de xarxes socials que ofereix el nostre centre. Al clicar a sobre hi podreu accedir a cadascun d&#8217;elles directament.<\/p>\n<p><a href=\"https:\/\/www.facebook.com\/InsSoldeRiu\" target=\"_blank\" rel=\"noopener\"><img loading=\"lazy\" decoding=\"async\" class=\" wp-image-9082 alignleft\" src=\"https:\/\/agora.xtec.cat\/inssolderiu\/wp-content\/uploads\/usu1860\/2023\/04\/facebook.jpg\" alt=\"\" width=\"81\" height=\"81\" srcset=\"https:\/\/agora.xtec.cat\/inssolderiu\/wp-content\/uploads\/usu1860\/2023\/04\/facebook.jpg 220w, https:\/\/agora.xtec.cat\/inssolderiu\/wp-content\/uploads\/usu1860\/2023\/04\/facebook-150x150.jpg 150w\" sizes=\"auto, (max-width: 81px) 100vw, 81px\" \/><\/a><\/p>\n<p>&nbsp;<\/p>\n<p><strong><a href=\"https:\/\/www.facebook.com\/InsSoldeRiu\" target=\"_blank\" rel=\"noopener\">Facebook<\/a><\/strong><\/p>\n<p>&nbsp;<\/p>\n<p><a href=\"https:\/\/twitter.com\/inssolderiu?lang=ca\" target=\"_blank\" rel=\"noopener\"><img loading=\"lazy\" decoding=\"async\" class=\"wp-image-9083 alignleft\" src=\"https:\/\/agora.xtec.cat\/inssolderiu\/wp-content\/uploads\/usu1860\/2023\/04\/twitter.png\" alt=\"\" width=\"81\" height=\"81\" srcset=\"https:\/\/agora.xtec.cat\/inssolderiu\/wp-content\/uploads\/usu1860\/2023\/04\/twitter.png 225w, https:\/\/agora.xtec.cat\/inssolderiu\/wp-content\/uploads\/usu1860\/2023\/04\/twitter-150x150.png 150w\" sizes=\"auto, (max-width: 81px) 100vw, 81px\" \/><\/a><\/p>\n<p>&nbsp;<\/p>\n<p><strong><a href=\"https:\/\/twitter.com\/inssolderiu?lang=ca\" target=\"_blank\" rel=\"noopener\">Twitter<\/a><\/strong><\/p>\n<p>&nbsp;<\/p>\n<p><a href=\"https:\/\/www.instagram.com\/institutsolderiu\/\" target=\"_blank\" rel=\"noopener\"><img loading=\"lazy\" decoding=\"async\" class=\"wp-image-9084 alignleft\" src=\"https:\/\/agora.xtec.cat\/inssolderiu\/wp-content\/uploads\/usu1860\/2023\/04\/instagram.jpg\" alt=\"\" width=\"81\" height=\"81\" srcset=\"https:\/\/agora.xtec.cat\/inssolderiu\/wp-content\/uploads\/usu1860\/2023\/04\/instagram.jpg 225w, https:\/\/agora.xtec.cat\/inssolderiu\/wp-content\/uploads\/usu1860\/2023\/04\/instagram-150x150.jpg 150w\" sizes=\"auto, (max-width: 81px) 100vw, 81px\" \/><\/a><\/p>\n<p>&nbsp;<\/p>\n<p><strong><a href=\"https:\/\/www.instagram.com\/institutsolderiu\/\" target=\"_blank\" rel=\"noopener\">Instagram<\/a><\/strong><\/p>\n<p>&nbsp;<\/p>\n<p><a href=\"https:\/\/www.youtube.com\/channel\/UCOw_P5ltBi9rjJL6bcW21sQ\" target=\"_blank\" rel=\"noopener\"><img loading=\"lazy\" decoding=\"async\" class=\" wp-image-9088 alignleft\" src=\"https:\/\/agora.xtec.cat\/inssolderiu\/wp-content\/uploads\/usu1860\/2023\/04\/youtube-1.png\" alt=\"\" width=\"82\" height=\"82\" srcset=\"https:\/\/agora.xtec.cat\/inssolderiu\/wp-content\/uploads\/usu1860\/2023\/04\/youtube-1.png 225w, https:\/\/agora.xtec.cat\/inssolderiu\/wp-content\/uploads\/usu1860\/2023\/04\/youtube-1-150x150.png 150w\" sizes=\"auto, (max-width: 82px) 100vw, 82px\" \/><\/a><\/p>\n<p>&nbsp;<\/p>\n<p><strong><a href=\"https:\/\/www.youtube.com\/channel\/UCOw_P5ltBi9rjJL6bcW21sQ\" target=\"_blank\" rel=\"noopener\">Youtube<\/a><\/strong><\/p>\n<p>&nbsp;<\/p>\n<p><a href=\"https:\/\/www.tiktok.com\/@inssolderiu?is_from_webapp=1&amp;sender_device=pc\" target=\"_blank\" rel=\"noopener\"><img loading=\"lazy\" decoding=\"async\" class=\"wp-image-9086 alignleft\" src=\"https:\/\/agora.xtec.cat\/inssolderiu\/wp-content\/uploads\/usu1860\/2023\/04\/tiktok.png\" alt=\"\" width=\"81\" height=\"81\" srcset=\"https:\/\/agora.xtec.cat\/inssolderiu\/wp-content\/uploads\/usu1860\/2023\/04\/tiktok.png 225w, https:\/\/agora.xtec.cat\/inssolderiu\/wp-content\/uploads\/usu1860\/2023\/04\/tiktok-150x150.png 150w\" sizes=\"auto, (max-width: 81px) 100vw, 81px\" \/><\/a><\/p>\n<p>&nbsp;<\/p>\n<p><strong><a href=\"https:\/\/www.tiktok.com\/@inssolderiu?is_from_webapp=1&amp;sender_device=pc\" target=\"_blank\" rel=\"noopener\">Tik Tok<\/a><\/strong><\/p>\n<p>&nbsp;<\/p>\n<p><strong>V\u00eddeos Fam\u00edlies Digitals<\/strong><\/p>\n<p><iframe loading=\"lazy\" title=\"Comunicaci\u00f3 Escola i Fam\u00edlia\" src=\"https:\/\/agora.xtec.cat\/nodes\/wp-admin\/admin-ajax.php?action=h5p_embed&amp;id=2\" width=\"558\" height=\"355\" frameborder=\"0\" allowfullscreen=\"allowfullscreen\"><\/iframe><script src=\"https:\/\/agora.xtec.cat\/nodes\/wp-content\/plugins\/h5p\/h5p-php-library\/js\/h5p-resizer.js\" charset=\"UTF-8\"><\/script><\/p>\n","protected":false},"excerpt":{"rendered":"<p>A continuaci\u00f3 us mostrem els portals de xarxes socials que ofereix el nostre centre. Al clicar a sobre hi podreu accedir a cadascun d&#8217;elles directament.<br \/>\n<a href=\"https:\/\/www.facebook.com\/InsSoldeRiu\" target=\"_blank\" rel=\"noopener\"><\/a><br \/>\n&nbsp;<br \/>\n<a href=\"https:\/\/www.facebook.com\/InsSoldeRiu\" target=\"_blank\" rel=\"noopener\">Facebook<\/a><br \/>\n&nbsp;<br \/>\n<a href=\"https:\/\/twitter.com\/inssolderiu?lang=ca\" target=\"_blank\" rel=\"noopener\"><\/a><br \/>\n&nbsp;<br \/>\n<a href=\"https:\/\/twitter.com\/inssolderiu?lang=ca\" target=\"_blank\" rel=\"noopener\">Twitter<\/a><br \/>\n&nbsp;<br \/>\n<a href=\"https:\/\/www.instagram.com\/institutsolderiu\/\" target=\"_blank\" rel=\"noopener\"><\/a><br \/>\n&nbsp;<br \/>\n<a href=\"https:\/\/www.instagram.com\/institutsolderiu\/\" target=\"_blank\" rel=\"noopener\">Instagram<\/a><br \/>\n&nbsp;<br \/>\n<a href=\"https:\/\/www.youtube.com\/channel\/UCOw_P5ltBi9rjJL6bcW21sQ\" target=\"_blank\"&hellip;  <a href=\"https:\/\/agora.xtec.cat\/inssolderiu\/linstitut\/estrategia-digital-de-centre\/cultura-digital\/portals-xarxes-socials\/\" title=\"Read Portals, Xarxes Socials i v\u00eddeos fam\u00edlies digitals\">Llegeix m\u00e9s\u00bb<\/a><\/p>\n","protected":false},"author":1,"featured_media":0,"parent":8113,"menu_order":20,"comment_status":"closed","ping_status":"closed","template":"page-templates\/side-menu.php","meta":{"_bbp_topic_count":0,"_bbp_reply_count":0,"_bbp_total_topic_count":0,"_bbp_total_reply_count":0,"_bbp_voice_count":0,"_bbp_anonymous_reply_count":0,"_bbp_topic_count_hidden":0,"_bbp_reply_count_hidden":0,"_bbp_forum_subforum_count":0,"footnotes":""},"class_list":["post-8115","page","type-page","status-publish","hentry"],"post_mailing_queue_ids":[],"_links":{"self":[{"href":"https:\/\/agora.xtec.cat\/inssolderiu\/wp-json\/wp\/v2\/pages\/8115","targetHints":{"allow":["GET"]}}],"collection":[{"href":"https:\/\/agora.xtec.cat\/inssolderiu\/wp-json\/wp\/v2\/pages"}],"about":[{"href":"https:\/\/agora.xtec.cat\/inssolderiu\/wp-json\/wp\/v2\/types\/page"}],"author":[{"embeddable":true,"href":"https:\/\/agora.xtec.cat\/inssolderiu\/wp-json\/wp\/v2\/users\/1"}],"replies":[{"embeddable":true,"href":"https:\/\/agora.xtec.cat\/inssolderiu\/wp-json\/wp\/v2\/comments?post=8115"}],"version-history":[{"count":3,"href":"https:\/\/agora.xtec.cat\/inssolderiu\/wp-json\/wp\/v2\/pages\/8115\/revisions"}],"predecessor-version":[{"id":9224,"href":"https:\/\/agora.xtec.cat\/inssolderiu\/wp-json\/wp\/v2\/pages\/8115\/revisions\/9224"}],"up":[{"embeddable":true,"href":"https:\/\/agora.xtec.cat\/inssolderiu\/wp-json\/wp\/v2\/pages\/8113"}],"wp:attachment":[{"href":"https:\/\/agora.xtec.cat\/inssolderiu\/wp-json\/wp\/v2\/media?parent=8115"}],"curies":[{"name":"wp","href":"https:\/\/api.w.org\/{rel}","templated":true}]}}