{"id":8105,"date":"2022-03-15T10:35:33","date_gmt":"2022-03-15T09:35:33","guid":{"rendered":"https:\/\/agora.xtec.cat\/inssolderiu\/?page_id=8105"},"modified":"2022-10-08T18:51:27","modified_gmt":"2022-10-08T16:51:27","slug":"diagnosi","status":"publish","type":"page","link":"https:\/\/agora.xtec.cat\/inssolderiu\/linstitut\/estrategia-digital-de-centre\/diagnosi\/","title":{"rendered":"Diagnosi"},"content":{"rendered":"<p>Al nostre institut estem elaborant l&#8217;estrat\u00e8gia digital de centre. Hem comen\u00e7at fent una diagnosi de la nostre maduresa digital actual. Per aquest motiu hem emprat les seg\u00fcents eines:<\/p>\n<p><strong>SELFIE<\/strong><\/p>\n<p><a href=\"https:\/\/agora.xtec.cat\/inssolderiu\/wp-content\/uploads\/usu1860\/2022\/05\/selfie-1.png\"><br \/>\n<img loading=\"lazy\" decoding=\"async\" class=\"aligncenter size-full wp-image-8255\" src=\"https:\/\/agora.xtec.cat\/inssolderiu\/wp-content\/uploads\/usu1860\/2022\/05\/selfie-1.png\" alt=\"\" width=\"1202\" height=\"374\" srcset=\"https:\/\/agora.xtec.cat\/inssolderiu\/wp-content\/uploads\/usu1860\/2022\/05\/selfie-1.png 1202w, https:\/\/agora.xtec.cat\/inssolderiu\/wp-content\/uploads\/usu1860\/2022\/05\/selfie-1-300x93.png 300w, https:\/\/agora.xtec.cat\/inssolderiu\/wp-content\/uploads\/usu1860\/2022\/05\/selfie-1-1024x319.png 1024w, https:\/\/agora.xtec.cat\/inssolderiu\/wp-content\/uploads\/usu1860\/2022\/05\/selfie-1-768x239.png 768w\" sizes=\"auto, (max-width: 1202px) 100vw, 1202px\" \/><\/a><\/p>\n<p>ENQUESTA A LES FAM\u00cdLIES<\/p>\n<p>REVISI\u00d3 DE L&#8217;ANTIC PLA TAC, PEC I PROJECTE DE DIRECCI\u00d3<\/p>\n<p>Segons les dades extretes hem arribat a les seg\u00fcents conclusions:<\/p>\n<table style=\"border-collapse: collapse; width: 100%; height: 138px;\">\n<tbody>\n<tr style=\"height: 32px;\">\n<td style=\"width: 50%; text-align: center; height: 32px;\"><strong>PUNTS FORTS<\/strong><\/td>\n<td style=\"width: 50%; text-align: center; height: 32px;\"><strong>PUNTS A TREBALLAR<\/strong><\/td>\n<\/tr>\n<tr style=\"height: 10px;\">\n<td style=\"width: 50%; text-align: center; height: 10px;\">\n<div id=\":1ur\" class=\"ii gt\">\n<div id=\":1uq\" class=\"a3s aiL \">\n<div dir=\"ltr\">\n<div>\n<div class=\"adL\">Lideratge<\/div>\n<\/div>\n<\/div>\n<\/div>\n<\/div>\n<\/td>\n<td style=\"width: 50%; text-align: center; height: 10px;\">\n<div><\/div>\n<div>Infraestructura i equips<\/div>\n<\/td>\n<\/tr>\n<tr style=\"height: 32px;\">\n<td style=\"width: 50%; text-align: center; height: 32px;\">Col\u00b7laboraci\u00f3 i Xarxes<\/td>\n<td style=\"width: 50%; text-align: center; height: 32px;\">Pedagogia: Implementaci\u00f3 a l&#8217;aula<\/td>\n<\/tr>\n<tr style=\"height: 32px;\">\n<td style=\"width: 50%; text-align: center; height: 32px;\">Desenvolupament professional continu<\/td>\n<td style=\"width: 50%; text-align: center; height: 32px;\">Pr\u00e0ctiques d&#8217;avaluaci\u00f3<\/td>\n<\/tr>\n<tr style=\"height: 32px;\">\n<td style=\"width: 50%; text-align: center; height: 32px;\">Pedagogia: Suport i recursos<\/td>\n<td style=\"width: 50%; text-align: center; height: 32px;\">Compet\u00e8ncies digitals de l&#8217;alumnat<\/td>\n<\/tr>\n<\/tbody>\n<\/table>\n<p>&nbsp;<\/p>\n<p>&nbsp;<\/p>\n<p>&nbsp;<\/p>\n","protected":false},"excerpt":{"rendered":"<p>Al nostre institut estem elaborant l&#8217;estrat\u00e8gia digital de centre. Hem comen\u00e7at fent una diagnosi de la nostre maduresa digital actual. Per aquest motiu hem emprat les seg\u00fcents eines:<br \/>\nSELFIE<br \/>\n<a href=\"https:\/\/agora.xtec.cat\/inssolderiu\/wp-content\/uploads\/usu1860\/2022\/05\/selfie-1.png\"><br \/>\n<\/a><br \/>\nENQUESTA A LES FAM\u00cdLIES<br \/>\nREVISI\u00d3 DE L&#8217;ANTIC PLA TAC, PEC I PROJECTE DE DIRECCI\u00d3<br \/>\nSegons les dades extretes hem&hellip;  <a href=\"https:\/\/agora.xtec.cat\/inssolderiu\/linstitut\/estrategia-digital-de-centre\/diagnosi\/\" title=\"Read Diagnosi\">Llegeix m\u00e9s\u00bb<\/a><\/p>\n","protected":false},"author":1,"featured_media":0,"parent":8103,"menu_order":10,"comment_status":"closed","ping_status":"closed","template":"page-templates\/side-menu.php","meta":{"_bbp_topic_count":0,"_bbp_reply_count":0,"_bbp_total_topic_count":0,"_bbp_total_reply_count":0,"_bbp_voice_count":0,"_bbp_anonymous_reply_count":0,"_bbp_topic_count_hidden":0,"_bbp_reply_count_hidden":0,"_bbp_forum_subforum_count":0,"footnotes":""},"class_list":["post-8105","page","type-page","status-publish","hentry"],"post_mailing_queue_ids":[],"_links":{"self":[{"href":"https:\/\/agora.xtec.cat\/inssolderiu\/wp-json\/wp\/v2\/pages\/8105","targetHints":{"allow":["GET"]}}],"collection":[{"href":"https:\/\/agora.xtec.cat\/inssolderiu\/wp-json\/wp\/v2\/pages"}],"about":[{"href":"https:\/\/agora.xtec.cat\/inssolderiu\/wp-json\/wp\/v2\/types\/page"}],"author":[{"embeddable":true,"href":"https:\/\/agora.xtec.cat\/inssolderiu\/wp-json\/wp\/v2\/users\/1"}],"replies":[{"embeddable":true,"href":"https:\/\/agora.xtec.cat\/inssolderiu\/wp-json\/wp\/v2\/comments?post=8105"}],"version-history":[{"count":3,"href":"https:\/\/agora.xtec.cat\/inssolderiu\/wp-json\/wp\/v2\/pages\/8105\/revisions"}],"predecessor-version":[{"id":8257,"href":"https:\/\/agora.xtec.cat\/inssolderiu\/wp-json\/wp\/v2\/pages\/8105\/revisions\/8257"}],"up":[{"embeddable":true,"href":"https:\/\/agora.xtec.cat\/inssolderiu\/wp-json\/wp\/v2\/pages\/8103"}],"wp:attachment":[{"href":"https:\/\/agora.xtec.cat\/inssolderiu\/wp-json\/wp\/v2\/media?parent=8105"}],"curies":[{"name":"wp","href":"https:\/\/api.w.org\/{rel}","templated":true}]}}