{"id":8103,"date":"2022-03-15T10:35:16","date_gmt":"2022-03-15T09:35:16","guid":{"rendered":"https:\/\/agora.xtec.cat\/inssolderiu\/?page_id=8103"},"modified":"2023-04-13T11:03:14","modified_gmt":"2023-04-13T09:03:14","slug":"estrategia-digital-de-centre","status":"publish","type":"page","link":"https:\/\/agora.xtec.cat\/inssolderiu\/linstitut\/estrategia-digital-de-centre\/","title":{"rendered":"Estrat\u00e8gia Digital de Centre"},"content":{"rendered":"<p style=\"text-align: justify;\"><span style=\"color: #ff6600;\"><strong>L\u2019Estrat\u00e8gia Digital de Centre (EDC)<\/strong><\/span> \u00e9s una evoluci\u00f3 del Pla TAC. D\u2019una banda, s\u2019alinea amb el Pla d\u2019Educaci\u00f3 Digital de Catalunya (<a href=\"http:\/\/educacio.gencat.cat\/web\/.content\/home\/departament\/publicacions\/colleccions\/pla-educacio-digital\/pla-educacio-digital-catalunya\/pla-educacio-digital.pdf\" target=\"_blank\" rel=\"noopener noreferrer\">PEDC<\/a>), i per altra, incorpora els canvis socials i tecnol\u00f2gics que s\u2019han anat esdevenint. El tercer canvi rellevant \u00e9s la incorporaci\u00f3 en l\u2019EDC de l\u2019apartat que recull tots els documents de centre que fan refer\u00e8ncia a la seva cultura digital (protocols d\u2019\u00fas de dispositius, NOFC\u2026)<\/p>\n<p><a href=\"https:\/\/educacio.gencat.cat\/web\/.content\/home\/departament\/publicacions\/colleccions\/pla-educacio-digital\/estrategia-digital-centre\/estrategia-digital-centre.pdf\"><img loading=\"lazy\" decoding=\"async\" class=\"aligncenter wp-image-8244\" src=\"https:\/\/agora.xtec.cat\/inssolderiu\/wp-content\/uploads\/usu1860\/2022\/05\/edc-300x205.png\" alt=\"\" width=\"353\" height=\"241\" srcset=\"https:\/\/agora.xtec.cat\/inssolderiu\/wp-content\/uploads\/usu1860\/2022\/05\/edc-300x205.png 300w, https:\/\/agora.xtec.cat\/inssolderiu\/wp-content\/uploads\/usu1860\/2022\/05\/edc-768x524.png 768w, https:\/\/agora.xtec.cat\/inssolderiu\/wp-content\/uploads\/usu1860\/2022\/05\/edc.png 965w\" sizes=\"auto, (max-width: 353px) 100vw, 353px\" \/><\/a><\/p>\n<p style=\"text-align: center;\"><iframe loading=\"lazy\" src=\"\/\/www.youtube.com\/embed\/uS5UUZIYLPQ\" width=\"560\" height=\"314\" allowfullscreen=\"allowfullscreen\"><\/iframe><\/p>\n<section id=\"h.60e970565c749c69_7\" class=\"yaqOZd\">\n<div class=\"mYVXT\">\n<div class=\"LS81yb VICjCf\" tabindex=\"-1\">\n<div class=\"hJDwNd-AhqUyc-uQSCkd purZT-AhqUyc-II5mzb pSzOP-AhqUyc-qWD73c JNdkSc\">\n<div class=\"JNdkSc-SmKAyb\">\n<div class=\"\">\n<div class=\"oKdM2c Kzv0Me\">\n<div id=\"h.60e970565c749c69_4\" class=\"hJDwNd-AhqUyc-uQSCkd jXK9ad D2fZ2 OjCsFc wHaque GNzUNc\">\n<div class=\"jXK9ad-SmKAyb\">\n<div class=\"tyJCtd mGzaTb baZpAe\">\n<div class=\"CjVfdc\"><span style=\"color: #ff6600;\"><strong>OBJECTIUS DE L&#8217;EDC, <\/strong><\/span>els objectius de l&#8217;EDC es poden agrupar en cinc \u00e0mbits, que tenen com a fita el m\u00e0xim assoliment de la compet\u00e8ncia digital de l\u2019alumnat, del professorat i del centre:<\/div>\n<div><\/div>\n<\/div>\n<\/div>\n<\/div>\n<\/div>\n<\/div>\n<\/div>\n<\/div>\n<\/div>\n<\/div>\n<\/section>\n<table style=\"width: 100%; border-collapse: collapse; background-color: #75b4e0; height: 10px;\">\n<tbody>\n<tr style=\"height: 32px;\">\n<td style=\"width: 20%; text-align: center; height: 10px;\"><span style=\"color: #000080;\"><a style=\"color: #000080;\" href=\"https:\/\/agora.xtec.cat\/inssolderiu\/linstitut\/estrategia-digital-de-centre\/diagnosi\/\" target=\"_blank\" rel=\"noopener\"><strong>DIAGNOSI<\/strong><\/a><\/span><\/td>\n<td style=\"width: 20%; text-align: center; height: 10px;\"><span style=\"color: #000080;\"><a style=\"color: #000080;\" href=\"https:\/\/agora.xtec.cat\/inssolderiu\/linstitut\/estrategia-digital-de-centre\/objectius\/\" target=\"_blank\" rel=\"noopener\"><strong>OBJECTIUS<\/strong><\/a><\/span><\/td>\n<td style=\"width: 20%; text-align: center; height: 10px;\"><span style=\"color: #000080;\"><a style=\"color: #000080;\" href=\"https:\/\/agora.xtec.cat\/inssolderiu\/linstitut\/estrategia-digital-de-centre\/planificacio-de-les-activitats\/\" target=\"_blank\" rel=\"noopener\"><strong>PLANIFICACI\u00d3 ACTIVITATS<\/strong><\/a><\/span><\/td>\n<td style=\"width: 20%; text-align: center; height: 10px;\"><span style=\"color: #000080;\"><a style=\"color: #000080;\" href=\"https:\/\/agora.xtec.cat\/inssolderiu\/linstitut\/estrategia-digital-de-centre\/avaluacio\/\" target=\"_blank\" rel=\"noopener\"><strong>AVALUACI\u00d3<\/strong><\/a><\/span><\/td>\n<td style=\"width: 20%; text-align: center; height: 10px;\"><span style=\"color: #000080;\"><a style=\"color: #000080;\" href=\"https:\/\/agora.xtec.cat\/inssolderiu\/linstitut\/estrategia-digital-de-centre\/cultura-digital\/\" target=\"_blank\" rel=\"noopener\"><strong>CULTURA DIGITAL<\/strong><\/a><\/span><\/td>\n<\/tr>\n<\/tbody>\n<\/table>\n","protected":false},"excerpt":{"rendered":"<p>L\u2019Estrat\u00e8gia Digital de Centre (EDC) \u00e9s una evoluci\u00f3 del Pla TAC. D\u2019una banda, s\u2019alinea amb el Pla d\u2019Educaci\u00f3 Digital de Catalunya (<a href=\"http:\/\/educacio.gencat.cat\/web\/.content\/home\/departament\/publicacions\/colleccions\/pla-educacio-digital\/pla-educacio-digital-catalunya\/pla-educacio-digital.pdf\" target=\"_blank\" rel=\"noopener noreferrer\">PEDC<\/a>), i per altra, incorpora els canvis socials i tecnol\u00f2gics que s\u2019han anat esdevenint. El tercer canvi rellevant \u00e9s la&hellip;  <a href=\"https:\/\/agora.xtec.cat\/inssolderiu\/linstitut\/estrategia-digital-de-centre\/\" title=\"Read Estrat\u00e8gia Digital de Centre\">Llegeix m\u00e9s\u00bb<\/a><\/p>\n","protected":false},"author":1,"featured_media":0,"parent":19,"menu_order":80,"comment_status":"closed","ping_status":"closed","template":"page-templates\/side-menu.php","meta":{"_bbp_topic_count":0,"_bbp_reply_count":0,"_bbp_total_topic_count":0,"_bbp_total_reply_count":0,"_bbp_voice_count":0,"_bbp_anonymous_reply_count":0,"_bbp_topic_count_hidden":0,"_bbp_reply_count_hidden":0,"_bbp_forum_subforum_count":0,"footnotes":""},"class_list":["post-8103","page","type-page","status-publish","hentry"],"post_mailing_queue_ids":[],"_links":{"self":[{"href":"https:\/\/agora.xtec.cat\/inssolderiu\/wp-json\/wp\/v2\/pages\/8103","targetHints":{"allow":["GET"]}}],"collection":[{"href":"https:\/\/agora.xtec.cat\/inssolderiu\/wp-json\/wp\/v2\/pages"}],"about":[{"href":"https:\/\/agora.xtec.cat\/inssolderiu\/wp-json\/wp\/v2\/types\/page"}],"author":[{"embeddable":true,"href":"https:\/\/agora.xtec.cat\/inssolderiu\/wp-json\/wp\/v2\/users\/1"}],"replies":[{"embeddable":true,"href":"https:\/\/agora.xtec.cat\/inssolderiu\/wp-json\/wp\/v2\/comments?post=8103"}],"version-history":[{"count":3,"href":"https:\/\/agora.xtec.cat\/inssolderiu\/wp-json\/wp\/v2\/pages\/8103\/revisions"}],"predecessor-version":[{"id":9062,"href":"https:\/\/agora.xtec.cat\/inssolderiu\/wp-json\/wp\/v2\/pages\/8103\/revisions\/9062"}],"up":[{"embeddable":true,"href":"https:\/\/agora.xtec.cat\/inssolderiu\/wp-json\/wp\/v2\/pages\/19"}],"wp:attachment":[{"href":"https:\/\/agora.xtec.cat\/inssolderiu\/wp-json\/wp\/v2\/media?parent=8103"}],"curies":[{"name":"wp","href":"https:\/\/api.w.org\/{rel}","templated":true}]}}