{"id":81,"date":"2014-09-18T10:38:05","date_gmt":"2014-09-18T10:38:05","guid":{"rendered":"http:\/\/agora.xtec.cat\/inssolderiu\/?page_id=81"},"modified":"2024-11-20T13:09:09","modified_gmt":"2024-11-20T12:09:09","slug":"secretaria","status":"publish","type":"page","link":"https:\/\/agora.xtec.cat\/inssolderiu\/secretaria\/","title":{"rendered":"Secretaria"},"content":{"rendered":"<p style=\"text-align: justify;\">En els centres d&#8217;ensenyament secundari, la secreraria \u00e9s l&#8217;agent de gesti\u00f3 administrativa visible, per tant, \u00e9s b\u00e0sic que la seva pres\u00e8ncia a la web sigui un dels elements de navegaci\u00f3 principals. \u00c9s important que la informaci\u00f3 s&#8217;exposi de forma clara, a fi de facilitar la usabilitat de l&#8217;espai. La informaci\u00f3 d&#8217;aquesta secci\u00f3 hauria d&#8217;incloure:<\/p>\n<ul>\n<li>Correu comunicaci\u00f3 i tr\u00e0mits online:<br \/>\n<h6 style=\"padding-left: 30px;\"><strong>secretaria<span style=\"font-family: inherit; font-size: 1em;\">@institutsolderiu.cat<\/span><\/strong><\/h6>\n<\/li>\n<li>Horari d&#8217;atenci\u00f3:<\/li>\n<\/ul>\n<h6 style=\"padding-left: 30px;\"><strong>Matins de dilluns a divendres: <\/strong>de\u00a010.30h \u00a0a \u00a013.00h<\/h6>\n<h6 style=\"padding-left: 30px;\"><strong>Tarda de dimecres:<\/strong> 16.00h a 18.00h<\/h6>\n<ul>\n<li>Tr\u00e0mits (<a href=\"https:\/\/app.box.com\/s\/9jgrtzuwwn9gtt3uennu8ryyxnzvpoyu\">sol\u00b7licitud de certificats<\/a>&#8230;)<\/li>\n<li>Preinscripci\u00f3 i Matr\u00edcula<\/li>\n<li><a href=\"http:\/\/agora.xtec.cat\/inssolderiu\/docs\/?bpd_tag=secretaria\">Documents<\/a> (autoritzaci\u00f3 de sortides, \u00fas de serveis digitals, etc.)<\/li>\n<li>Beques i ajuts<\/li>\n<li>Proves d&#8217;acc\u00e9s als cicles formatius<\/li>\n<li>etc.<\/li>\n<\/ul>\n<p>&nbsp;<\/p>\n","protected":false},"excerpt":{"rendered":"<p>En els centres d&#8217;ensenyament secundari, la secreraria \u00e9s l&#8217;agent de gesti\u00f3 administrativa visible, per tant, \u00e9s b\u00e0sic que la seva pres\u00e8ncia a la web sigui un dels elements de navegaci\u00f3 principals. \u00c9s important que la informaci\u00f3 s&#8217;exposi de forma clara, a fi de facilitar la&hellip;  <a href=\"https:\/\/agora.xtec.cat\/inssolderiu\/secretaria\/\" title=\"Read Secretaria\">Llegeix m\u00e9s\u00bb<\/a><\/p>\n","protected":false},"author":1,"featured_media":0,"parent":0,"menu_order":0,"comment_status":"closed","ping_status":"closed","template":"page-templates\/side-menu.php","meta":{"_bbp_topic_count":0,"_bbp_reply_count":0,"_bbp_total_topic_count":0,"_bbp_total_reply_count":0,"_bbp_voice_count":0,"_bbp_anonymous_reply_count":0,"_bbp_topic_count_hidden":0,"_bbp_reply_count_hidden":0,"_bbp_forum_subforum_count":0,"footnotes":""},"class_list":["post-81","page","type-page","status-publish","hentry"],"post_mailing_queue_ids":[],"_links":{"self":[{"href":"https:\/\/agora.xtec.cat\/inssolderiu\/wp-json\/wp\/v2\/pages\/81","targetHints":{"allow":["GET"]}}],"collection":[{"href":"https:\/\/agora.xtec.cat\/inssolderiu\/wp-json\/wp\/v2\/pages"}],"about":[{"href":"https:\/\/agora.xtec.cat\/inssolderiu\/wp-json\/wp\/v2\/types\/page"}],"author":[{"embeddable":true,"href":"https:\/\/agora.xtec.cat\/inssolderiu\/wp-json\/wp\/v2\/users\/1"}],"replies":[{"embeddable":true,"href":"https:\/\/agora.xtec.cat\/inssolderiu\/wp-json\/wp\/v2\/comments?post=81"}],"version-history":[{"count":4,"href":"https:\/\/agora.xtec.cat\/inssolderiu\/wp-json\/wp\/v2\/pages\/81\/revisions"}],"predecessor-version":[{"id":10298,"href":"https:\/\/agora.xtec.cat\/inssolderiu\/wp-json\/wp\/v2\/pages\/81\/revisions\/10298"}],"wp:attachment":[{"href":"https:\/\/agora.xtec.cat\/inssolderiu\/wp-json\/wp\/v2\/media?parent=81"}],"curies":[{"name":"wp","href":"https:\/\/api.w.org\/{rel}","templated":true}]}}