{"id":8006,"date":"2022-02-21T11:36:16","date_gmt":"2022-02-21T10:36:16","guid":{"rendered":"https:\/\/agora.xtec.cat\/inssolderiu\/?page_id=8006"},"modified":"2024-11-22T13:42:40","modified_gmt":"2024-11-22T12:42:40","slug":"com-recollir-els-titols","status":"publish","type":"page","link":"https:\/\/agora.xtec.cat\/inssolderiu\/secretaria\/com-recollir-els-titols\/","title":{"rendered":"Com recollir els T\u00edtols"},"content":{"rendered":"<h3>Com recollir els diferents t\u00edtols<\/h3>\n<p>Per a poder recollir el t\u00edtol, tant d&#8217;ESO com de Batxillerat o de T\u00e8cnic del CFPM, la persona interessada ha de presentar el resguard de sol\u00b7licitud i\/o pot recollir-lo un familiar de l&#8217;interessat amb l&#8217;autoritzaci\u00f3 degudament signada:<\/p>\n<ul>\n<li><a href=\"https:\/\/agora.xtec.cat\/inssolderiu\/wp-content\/uploads\/usu1860\/2024\/11\/Autoritzacio-recollida-de-titol-o-certificat.pdf\">Autoritzaci\u00f3 recollida de t\u00edtol o certificat<\/a><\/li>\n<li><a href=\"https:\/\/agora.xtec.cat\/inssolderiu\/wp-content\/uploads\/usu1860\/2024\/11\/Sollicitud_de_titol_sense_entregar_el_resguard.pdf\">Sol\u00b7licitud_de_t\u00edtol_sense_entregar_el_resguard<\/a><\/li>\n<li><a href=\"https:\/\/agora.xtec.cat\/inssolderiu\/wp-content\/uploads\/usu1860\/2024\/11\/Sollicitud-de-titol-academic-i-professional.pdf\">Sol\u00b7licitud-de-t\u00edtol-acad\u00e8mic-i-professional<\/a><\/li>\n<\/ul>\n<p><strong>TAXES\u00a0\u00a0\u00a0\u00a0\u00a0\u00a0\u00a0\u00a0\u00a0 <\/strong><\/p>\n<p>Concepte\u00a0\u00a0\u00a0\u00a0\u00a0\u00a0 \u00a0\u00a0\u00a0\u00a0\u00a0\u00a0\u00a0\u00a0\u00a0\u00a0\u00a0\u00a0\u00a0\u00a0\u00a0\u00a0\u00a0\u00a0\u00a0\u00a0\u00a0\u00a0\u00a0 Import<\/p>\n<ul>\n<li>T\u00edtol de Batxillerat\u00a0 \u00a0 \u00a0 \u00a0 \u00a0 \u00a0 \u00a0 \u00a0 \u00a0 \u00a0 69,65 \u20ac<\/li>\n<li>T\u00edtol de T\u00e8cnic\/a (CFPM)\u00a0 \u00a0 \u00a0 \u00a0 \u00a069,65 \u20ac<\/li>\n<li>Expedici\u00f3 de duplicats\u00a0 \u00a0 \u00a0 \u00a0 \u00a0 \u00a0 \u00a017,25 \u20ac<\/li>\n<\/ul>\n<div class=\"gmail_default\">Ordre EDU\/90\/2023, de 21 d&#8217;abril,\u00a0per la qual es d\u00f3na publicitat de les taxes vigents que gestiona el Departament d\u2019Educaci\u00f3\u00a0i Formaci\u00f3 Professional.<\/div>\n<div class=\"gmail_default\">\n<p>Les bonificacions i exempcions de car\u00e0cter general que s&#8217;apliquen a les taxes i preus p\u00fablics s\u00f3n les seg\u00fcents:<\/p>\n<ul>\n<li>Els membres de fam\u00edlia nombrosa de categoria general: 50%<\/li>\n<li>Els membres de fam\u00edlies monoparentals: 50%<\/li>\n<li>Els membres de fam\u00edlia nombrosa de categoria especial: 100%<\/li>\n<li>Les v\u00edctimes del terrorisme, aix\u00ed com els seus c\u00f2njuges i els seus fills: 100%<\/li>\n<li>Les persones amb discapacitat igual o superior al 33%: 100%<\/li>\n<li>Infants o adolescents en acolliment familiar: 100%.<\/li>\n<\/ul>\n<\/div>\n<p>Si voleu fer una consulta sobre l\u2019estat d\u2019expedici\u00f3 del vostre t\u00edtol podeu enviar-nos un correu electr\u00f2nic a: <a href=\"mailto:secretaria@institutsolderiu.cat\">secretaria@institutsolderiu.cat<\/a><\/p>\n<div class=\"gmail_default\">Passos com sol\u00b7licitar t\u00edtol 2n grau de Formaci\u00f3 Professional i accedir l&#8217;enlla\u00e7: <a href=\"https:\/\/sede.administracionespublicas.gob.es\/pagina\/index\/dir\" target=\"_blank\" rel=\"noopener noreferrer\" data-saferedirecturl=\"https:\/\/www.google.com\/url?q=https:\/\/sede.administracionespublicas.gob.es\/pagina\/index\/dir&amp;source=gmail&amp;ust=1675501332086000&amp;usg=AOvVaw1xyt3WkSvvyqLfJG0g_Q_C\">https:\/\/sede.<wbr \/>administracionespublicas.gob.<wbr \/>es\/pagina\/index\/dir<\/a>\u00a0 Tasa &#8211;&gt; Tasa 059<\/div>\n","protected":false},"excerpt":{"rendered":"<p>Com recollir els diferents t\u00edtols<br \/>\nPer a poder recollir el t\u00edtol, tant d&#8217;ESO com de Batxillerat o de T\u00e8cnic del CFPM, la persona interessada ha de presentar el resguard de sol\u00b7licitud i\/o pot recollir-lo un familiar de l&#8217;interessat amb l&#8217;autoritzaci\u00f3 degudament signada:<\/p>\n<ul>\n<li><a href=\"https:\/\/agora.xtec.cat\/inssolderiu\/wp-content\/uploads\/usu1860\/2024\/11\/Autoritzacio-recollida-de-titol-o-certificat.pdf\">Autoritzaci\u00f3 recollida de t\u00edtol&hellip;  <a href=\"https:\/\/agora.xtec.cat\/inssolderiu\/secretaria\/com-recollir-els-titols\/\" title=\"Read Com recollir els T\u00edtols\">Llegeix m\u00e9s\u00bb<\/a><br \/>\n","protected":false},"author":1,"featured_media":0,"parent":81,"menu_order":60,"comment_status":"closed","ping_status":"closed","template":"page-templates\/side-menu.php","meta":{"_bbp_topic_count":0,"_bbp_reply_count":0,"_bbp_total_topic_count":0,"_bbp_total_reply_count":0,"_bbp_voice_count":0,"_bbp_anonymous_reply_count":0,"_bbp_topic_count_hidden":0,"_bbp_reply_count_hidden":0,"_bbp_forum_subforum_count":0,"footnotes":""},"class_list":["post-8006","page","type-page","status-publish","hentry"],"post_mailing_queue_ids":[],"_links":{"self":[{"href":"https:\/\/agora.xtec.cat\/inssolderiu\/wp-json\/wp\/v2\/pages\/8006","targetHints":{"allow":["GET"]}}],"collection":[{"href":"https:\/\/agora.xtec.cat\/inssolderiu\/wp-json\/wp\/v2\/pages"}],"about":[{"href":"https:\/\/agora.xtec.cat\/inssolderiu\/wp-json\/wp\/v2\/types\/page"}],"author":[{"embeddable":true,"href":"https:\/\/agora.xtec.cat\/inssolderiu\/wp-json\/wp\/v2\/users\/1"}],"replies":[{"embeddable":true,"href":"https:\/\/agora.xtec.cat\/inssolderiu\/wp-json\/wp\/v2\/comments?post=8006"}],"version-history":[{"count":5,"href":"https:\/\/agora.xtec.cat\/inssolderiu\/wp-json\/wp\/v2\/pages\/8006\/revisions"}],"predecessor-version":[{"id":10303,"href":"https:\/\/agora.xtec.cat\/inssolderiu\/wp-json\/wp\/v2\/pages\/8006\/revisions\/10303"}],"up":[{"embeddable":true,"href":"https:\/\/agora.xtec.cat\/inssolderiu\/wp-json\/wp\/v2\/pages\/81"}],"wp:attachment":[{"href":"https:\/\/agora.xtec.cat\/inssolderiu\/wp-json\/wp\/v2\/media?parent=8006"}],"curies":[{"name":"wp","href":"https:\/\/api.w.org\/{rel}","templated":true}]}}