{"id":8001,"date":"2022-02-21T11:12:42","date_gmt":"2022-02-21T10:12:42","guid":{"rendered":"https:\/\/agora.xtec.cat\/inssolderiu\/?page_id=8001"},"modified":"2024-12-05T11:39:53","modified_gmt":"2024-12-05T10:39:53","slug":"llibres-descolaritat-pendents-de-recollir","status":"publish","type":"page","link":"https:\/\/agora.xtec.cat\/inssolderiu\/secretaria\/llibres-descolaritat-pendents-de-recollir\/","title":{"rendered":"Llibres d&#8217;escolaritat pendents de recollir"},"content":{"rendered":"<h3>Llibre d&#8217;escolaritat pendents de recollir<\/h3>\n<p>Els llibres d&#8217;escolaritat de l&#8217;alumnat nascut les d\u00e8cades dels 70, 80 i 90 es poden recollir en horari d&#8217;atenci\u00f3 al p\u00fablic a la secretaria del centre, ho podran fer l&#8217;alumnat titulat o altres persones degudament autoritzades.<\/p>\n<p><a href=\"https:\/\/agora.xtec.cat\/inssolderiu\/wp-content\/uploads\/usu1860\/2024\/12\/Autoritzacio_recollida_de_titol-certificat-llibreE.pdf\">Autoritzaci\u00f3_recollida_de_t\u00edtol-certificat-llibreE<\/a><\/p>\n<p style=\"font-weight: 400;\">Enviar adjunt, el <a href=\"https:\/\/agora.xtec.cat\/inssolderiu\/wp-content\/uploads\/usu1860\/2024\/12\/Autoritzacio_recollida_de_titol-certificat-llibreE.pdf\">Autoritzaci\u00f3_recollida_de_t\u00edtol-certificat-llibreE<\/a>, a m\u00e9s, dels documents d&#8217;identificaci\u00f3 al correu de <a href=\"mailto:secretaria@institutsolderiu.cat\">secretaria@institutsolderiu.cat<\/a><\/p>\n<p>&nbsp;<\/p>\n","protected":false},"excerpt":{"rendered":"<p>Llibre d&#8217;escolaritat pendents de recollir<br \/>\nEls llibres d&#8217;escolaritat de l&#8217;alumnat nascut les d\u00e8cades dels 70, 80 i 90 es poden recollir en horari d&#8217;atenci\u00f3 al p\u00fablic a la secretaria del centre, ho podran fer l&#8217;alumnat titulat o altres persones degudament autoritzades.<br \/>\n<a href=\"https:\/\/agora.xtec.cat\/inssolderiu\/wp-content\/uploads\/usu1860\/2024\/12\/Autoritzacio_recollida_de_titol-certificat-llibreE.pdf\">Autoritzaci\u00f3_recollida_de_t\u00edtol-certificat-llibreE<\/a><br \/>\nEnviar adjunt, el <a href=\"https:\/\/agora.xtec.cat\/inssolderiu\/wp-content\/uploads\/usu1860\/2024\/12\/Autoritzacio_recollida_de_titol-certificat-llibreE.pdf\">Autoritzaci\u00f3_recollida_de_t\u00edtol-certificat-llibreE<\/a>,&hellip;  <a href=\"https:\/\/agora.xtec.cat\/inssolderiu\/secretaria\/llibres-descolaritat-pendents-de-recollir\/\" title=\"Read Llibres d&#8217;escolaritat pendents de recollir\">Llegeix m\u00e9s\u00bb<\/a><\/p>\n","protected":false},"author":1,"featured_media":0,"parent":81,"menu_order":50,"comment_status":"closed","ping_status":"closed","template":"page-templates\/side-menu.php","meta":{"_bbp_topic_count":0,"_bbp_reply_count":0,"_bbp_total_topic_count":0,"_bbp_total_reply_count":0,"_bbp_voice_count":0,"_bbp_anonymous_reply_count":0,"_bbp_topic_count_hidden":0,"_bbp_reply_count_hidden":0,"_bbp_forum_subforum_count":0,"footnotes":""},"class_list":["post-8001","page","type-page","status-publish","hentry"],"post_mailing_queue_ids":[],"_links":{"self":[{"href":"https:\/\/agora.xtec.cat\/inssolderiu\/wp-json\/wp\/v2\/pages\/8001","targetHints":{"allow":["GET"]}}],"collection":[{"href":"https:\/\/agora.xtec.cat\/inssolderiu\/wp-json\/wp\/v2\/pages"}],"about":[{"href":"https:\/\/agora.xtec.cat\/inssolderiu\/wp-json\/wp\/v2\/types\/page"}],"author":[{"embeddable":true,"href":"https:\/\/agora.xtec.cat\/inssolderiu\/wp-json\/wp\/v2\/users\/1"}],"replies":[{"embeddable":true,"href":"https:\/\/agora.xtec.cat\/inssolderiu\/wp-json\/wp\/v2\/comments?post=8001"}],"version-history":[{"count":5,"href":"https:\/\/agora.xtec.cat\/inssolderiu\/wp-json\/wp\/v2\/pages\/8001\/revisions"}],"predecessor-version":[{"id":10308,"href":"https:\/\/agora.xtec.cat\/inssolderiu\/wp-json\/wp\/v2\/pages\/8001\/revisions\/10308"}],"up":[{"embeddable":true,"href":"https:\/\/agora.xtec.cat\/inssolderiu\/wp-json\/wp\/v2\/pages\/81"}],"wp:attachment":[{"href":"https:\/\/agora.xtec.cat\/inssolderiu\/wp-json\/wp\/v2\/media?parent=8001"}],"curies":[{"name":"wp","href":"https:\/\/api.w.org\/{rel}","templated":true}]}}