{"id":7738,"date":"2021-09-29T17:58:01","date_gmt":"2021-09-29T15:58:01","guid":{"rendered":"https:\/\/agora.xtec.cat\/inssolderiu\/?page_id=7738"},"modified":"2025-11-04T14:10:22","modified_gmt":"2025-11-04T13:10:22","slug":"cfvis","status":"publish","type":"page","link":"https:\/\/agora.xtec.cat\/inssolderiu\/projecte-educatiu\/cfvis\/","title":{"rendered":"V\u00eddeo, imatge i so"},"content":{"rendered":"<p style=\"color: #474747;\">El Departament de <b>V\u00eddeo, Discj\u00f2quei i So<\/b> agrupa al professorat del cicle de grau mitj\u00e0 de la fam\u00edlia d\u2019imatge i so.<\/p>\n<p style=\"color: #474747;\"><span style=\"font-weight: bold;\">Cap de Departament<\/span>: <span style=\"font-family: inherit; font-size: 1em;\">Sra. PI\u00d1OL<\/span><i style=\"font-family: inherit; font-size: 1em;\">, N\u00faria<\/i><\/p>\n<p style=\"color: #474747;\"><span style=\"font-weight: bold;\">Professorat<\/span>:<\/p>\n<ul style=\"color: #474747;\">\n<li>Sra. HERRERO<i>, Marina<\/i>\n<ul>\n<li style=\"text-align: left;\">Assignatures: MP1298 i MP1304, MP1664 i MP1708 de 1r i MP1713 i MPOPT de 2n IS10<\/li>\n<\/ul>\n<\/li>\n<li>Sr. NOLLA<i>, Pol<\/i>\n<ul style=\"color: #474747;\">\n<li>Assignatures: MP1299, MP1301 i MP1304 de 1r i MP1302, MP1303 i MP1713 de 2n IS10<\/li>\n<\/ul>\n<\/li>\n<li>Sra. PI\u00d1OL<em>,\u00a0 N\u00faria<\/em>\n<ul>\n<li>Assignatures: MP1299 i MP1300 de 1r i MP1303 i MP1713 de 2n IS10<\/li>\n<\/ul>\n<\/li>\n<\/ul>\n<p><a href=\"https:\/\/drive.google.com\/drive\/folders\/1cNJjdISjbhEaAG2eDYQO0URYP71ZVdQ5?usp=drive_link\"><strong>Criteris d&#8217;avaluaci\u00f3 de les mat\u00e8ries impartides al departament<\/strong><\/a><\/p>\n","protected":false},"excerpt":{"rendered":"<p>El Departament de V\u00eddeo, Discj\u00f2quei i So agrupa al professorat del cicle de grau mitj\u00e0 de la fam\u00edlia d\u2019imatge i so.<br \/>\nCap de Departament: Sra. PI\u00d1OL, N\u00faria<br \/>\nProfessorat:<\/p>\n<ul style=\"color: #474747;\">\n<li>Sra. HERRERO, Marina\n<ul>\n<li style=\"text-align: left;\">Assignatures: MP1298 i MP1304, MP1664 i MP1708 de 1r i MP1713 i MPOPT de&hellip;  <a href=\"https:\/\/agora.xtec.cat\/inssolderiu\/projecte-educatiu\/cfvis\/\" title=\"Read V\u00eddeo, imatge i so\">Llegeix m\u00e9s\u00bb<\/a><br \/>\n","protected":false},"author":1,"featured_media":0,"parent":57,"menu_order":90,"comment_status":"closed","ping_status":"closed","template":"page-templates\/side-menu.php","meta":{"_bbp_topic_count":0,"_bbp_reply_count":0,"_bbp_total_topic_count":0,"_bbp_total_reply_count":0,"_bbp_voice_count":0,"_bbp_anonymous_reply_count":0,"_bbp_topic_count_hidden":0,"_bbp_reply_count_hidden":0,"_bbp_forum_subforum_count":0,"footnotes":""},"class_list":["post-7738","page","type-page","status-publish","hentry"],"post_mailing_queue_ids":[],"_links":{"self":[{"href":"https:\/\/agora.xtec.cat\/inssolderiu\/wp-json\/wp\/v2\/pages\/7738","targetHints":{"allow":["GET"]}}],"collection":[{"href":"https:\/\/agora.xtec.cat\/inssolderiu\/wp-json\/wp\/v2\/pages"}],"about":[{"href":"https:\/\/agora.xtec.cat\/inssolderiu\/wp-json\/wp\/v2\/types\/page"}],"author":[{"embeddable":true,"href":"https:\/\/agora.xtec.cat\/inssolderiu\/wp-json\/wp\/v2\/users\/1"}],"replies":[{"embeddable":true,"href":"https:\/\/agora.xtec.cat\/inssolderiu\/wp-json\/wp\/v2\/comments?post=7738"}],"version-history":[{"count":6,"href":"https:\/\/agora.xtec.cat\/inssolderiu\/wp-json\/wp\/v2\/pages\/7738\/revisions"}],"predecessor-version":[{"id":10605,"href":"https:\/\/agora.xtec.cat\/inssolderiu\/wp-json\/wp\/v2\/pages\/7738\/revisions\/10605"}],"up":[{"embeddable":true,"href":"https:\/\/agora.xtec.cat\/inssolderiu\/wp-json\/wp\/v2\/pages\/57"}],"wp:attachment":[{"href":"https:\/\/agora.xtec.cat\/inssolderiu\/wp-json\/wp\/v2\/media?parent=7738"}],"curies":[{"name":"wp","href":"https:\/\/api.w.org\/{rel}","templated":true}]}}