{"id":75,"date":"2014-09-18T10:21:02","date_gmt":"2014-09-18T09:21:02","guid":{"rendered":"http:\/\/agora.xtec.cat\/inssolderiu\/?page_id=75"},"modified":"2022-10-08T21:13:14","modified_gmt":"2022-10-08T19:13:14","slug":"activitats-extraescolars","status":"publish","type":"page","link":"https:\/\/agora.xtec.cat\/inssolderiu\/serveis\/activitats-extraescolars\/","title":{"rendered":"Coral INS S\u00f2l-de-Riu"},"content":{"rendered":"<h3 style=\"text-align: justify;\">L&#8217;Institut S\u00f2l-de-Riu ofereix com a activitat extraescolar la participaci\u00f3 en la coral del centre. La coral de l&#8217;institut ha assolit al llarg dels anys experi\u00e8ncia i prestigi en l&#8217;\u00e0mbit del cant coral escolar, i cada any renova els seus components a mesura que l&#8217;alumnat s&#8217;incorpora al centre i d&#8217;altra banda va finalitzant els seus estudis secundaris.<\/h3>\n<h3 style=\"text-align: justify;\">Podeu seguir amb m\u00e9s detall les activitats de la coral a trav\u00e9s del seu blog:<\/h3>\n<ul>\n<li style=\"text-align: justify;\">\n<h3><a title=\"Coral S\u00f2l-de-Riu\" href=\"http:\/\/coralsolderiu.blogspot.com.es\/\" target=\"_blank\" rel=\"noopener noreferrer\">\u00a0http:\/\/coralsolderiu.blogspot.com.es\/<\/a><\/h3>\n<\/li>\n<\/ul>\n","protected":false},"excerpt":{"rendered":"<p>L&#8217;Institut S\u00f2l-de-Riu ofereix com a activitat extraescolar la participaci\u00f3 en la coral del centre. La coral de l&#8217;institut ha assolit al llarg dels anys experi\u00e8ncia i prestigi en l&#8217;\u00e0mbit del cant coral escolar, i cada any renova els seus components a mesura que l&#8217;alumnat s&#8217;incorpora&hellip;  <a href=\"https:\/\/agora.xtec.cat\/inssolderiu\/serveis\/activitats-extraescolars\/\" title=\"Read Coral INS S\u00f2l-de-Riu\">Llegeix m\u00e9s\u00bb<\/a><\/p>\n","protected":false},"author":1,"featured_media":0,"parent":63,"menu_order":10,"comment_status":"closed","ping_status":"closed","template":"page-templates\/side-menu.php","meta":{"_bbp_topic_count":0,"_bbp_reply_count":0,"_bbp_total_topic_count":0,"_bbp_total_reply_count":0,"_bbp_voice_count":0,"_bbp_anonymous_reply_count":0,"_bbp_topic_count_hidden":0,"_bbp_reply_count_hidden":0,"_bbp_forum_subforum_count":0,"footnotes":""},"class_list":["post-75","page","type-page","status-publish","hentry"],"post_mailing_queue_ids":[],"_links":{"self":[{"href":"https:\/\/agora.xtec.cat\/inssolderiu\/wp-json\/wp\/v2\/pages\/75","targetHints":{"allow":["GET"]}}],"collection":[{"href":"https:\/\/agora.xtec.cat\/inssolderiu\/wp-json\/wp\/v2\/pages"}],"about":[{"href":"https:\/\/agora.xtec.cat\/inssolderiu\/wp-json\/wp\/v2\/types\/page"}],"author":[{"embeddable":true,"href":"https:\/\/agora.xtec.cat\/inssolderiu\/wp-json\/wp\/v2\/users\/1"}],"replies":[{"embeddable":true,"href":"https:\/\/agora.xtec.cat\/inssolderiu\/wp-json\/wp\/v2\/comments?post=75"}],"version-history":[{"count":4,"href":"https:\/\/agora.xtec.cat\/inssolderiu\/wp-json\/wp\/v2\/pages\/75\/revisions"}],"predecessor-version":[{"id":7067,"href":"https:\/\/agora.xtec.cat\/inssolderiu\/wp-json\/wp\/v2\/pages\/75\/revisions\/7067"}],"up":[{"embeddable":true,"href":"https:\/\/agora.xtec.cat\/inssolderiu\/wp-json\/wp\/v2\/pages\/63"}],"wp:attachment":[{"href":"https:\/\/agora.xtec.cat\/inssolderiu\/wp-json\/wp\/v2\/media?parent=75"}],"curies":[{"name":"wp","href":"https:\/\/api.w.org\/{rel}","templated":true}]}}