{"id":69,"date":"2014-09-18T10:15:07","date_gmt":"2014-09-18T09:15:07","guid":{"rendered":"http:\/\/agora.xtec.cat\/inssolderiu\/?page_id=69"},"modified":"2022-10-08T21:14:23","modified_gmt":"2022-10-08T19:14:23","slug":"menjador-escolar","status":"publish","type":"page","link":"https:\/\/agora.xtec.cat\/inssolderiu\/serveis\/menjador-escolar\/","title":{"rendered":"S\u00f2l-de-News"},"content":{"rendered":"<p>La Revista de l&#8217;Institut ara s&#8217;anomena: S\u00f2l-de-News. Aqu\u00ed podem accedir a les noves publicacions i tamb\u00e9 a les de La Revista:<\/p>\n<p><iframe loading=\"lazy\" src=\"\/\/v.calameo.com\/library\/?type=account&amp;id=5887136&amp;rows=1&amp;sortBy=latestPublished&amp;theme=wood&amp;bgColor=&amp;thumbSize=normal&amp;showTitle=true&amp;showShadow=true&amp;showGloss=true&amp;showInfo=account&amp;linkTo=view&amp;linkTarget=_blank\" width=\"100%\" height=\"185\" frameborder=\"0\" allowfullscreen=\"allowfullscreen\"><\/iframe><\/p>\n<p>Al mateix temps, deixem el recull de les revistes de l&#8217;institut publicades des del curs 2001-2002 fins a l&#8217;actualitat en format PDF.<\/p>\n<p><iframe loading=\"lazy\" src=\"https:\/\/app.box.com\/embed_widget\/s\/kagvixd8fowz1opepjix0c6de9j7a3qb?view=icon&amp;sort=name&amp;direction=ASC&amp;theme=blue\" width=\"500\" height=\"400\" frameborder=\"0\" allowfullscreen=\"allowfullscreen\"><\/iframe><\/p>\n","protected":false},"excerpt":{"rendered":"<p>La Revista de l&#8217;Institut ara s&#8217;anomena: S\u00f2l-de-News. Aqu\u00ed podem accedir a les noves publicacions i tamb\u00e9 a les de La Revista:<\/p>\n<p>Al mateix temps, deixem el recull de les revistes de l&#8217;institut publicades des del curs 2001-2002 fins a l&#8217;actualitat en format PDF.<\/p>\n","protected":false},"author":1,"featured_media":0,"parent":63,"menu_order":40,"comment_status":"closed","ping_status":"closed","template":"page-templates\/side-menu.php","meta":{"_bbp_topic_count":0,"_bbp_reply_count":0,"_bbp_total_topic_count":0,"_bbp_total_reply_count":0,"_bbp_voice_count":0,"_bbp_anonymous_reply_count":0,"_bbp_topic_count_hidden":0,"_bbp_reply_count_hidden":0,"_bbp_forum_subforum_count":0,"footnotes":""},"class_list":["post-69","page","type-page","status-publish","hentry"],"post_mailing_queue_ids":[],"_links":{"self":[{"href":"https:\/\/agora.xtec.cat\/inssolderiu\/wp-json\/wp\/v2\/pages\/69","targetHints":{"allow":["GET"]}}],"collection":[{"href":"https:\/\/agora.xtec.cat\/inssolderiu\/wp-json\/wp\/v2\/pages"}],"about":[{"href":"https:\/\/agora.xtec.cat\/inssolderiu\/wp-json\/wp\/v2\/types\/page"}],"author":[{"embeddable":true,"href":"https:\/\/agora.xtec.cat\/inssolderiu\/wp-json\/wp\/v2\/users\/1"}],"replies":[{"embeddable":true,"href":"https:\/\/agora.xtec.cat\/inssolderiu\/wp-json\/wp\/v2\/comments?post=69"}],"version-history":[{"count":3,"href":"https:\/\/agora.xtec.cat\/inssolderiu\/wp-json\/wp\/v2\/pages\/69\/revisions"}],"predecessor-version":[{"id":6355,"href":"https:\/\/agora.xtec.cat\/inssolderiu\/wp-json\/wp\/v2\/pages\/69\/revisions\/6355"}],"up":[{"embeddable":true,"href":"https:\/\/agora.xtec.cat\/inssolderiu\/wp-json\/wp\/v2\/pages\/63"}],"wp:attachment":[{"href":"https:\/\/agora.xtec.cat\/inssolderiu\/wp-json\/wp\/v2\/media?parent=69"}],"curies":[{"name":"wp","href":"https:\/\/api.w.org\/{rel}","templated":true}]}}