{"id":6769,"date":"2023-01-20T16:32:35","date_gmt":"2023-01-20T15:32:35","guid":{"rendered":"https:\/\/agora.xtec.cat\/inssolderiu\/?page_id=6769"},"modified":"2024-09-23T10:07:27","modified_gmt":"2024-09-23T08:07:27","slug":"preinscripcio","status":"publish","type":"page","link":"https:\/\/agora.xtec.cat\/inssolderiu\/secretaria\/preinscripcio\/","title":{"rendered":"Preinscripci\u00f3 i Matr\u00edcula curs 24-25"},"content":{"rendered":"<div align=\"center\">\n<h2 style=\"text-align: left;\"><strong>PREINSCRIPCI\u00d3 i MATR\u00cdCULA TELEM\u00c0TICAMENT &#8211; ESO<\/strong><\/h2>\n<p style=\"text-align: left;\"><strong>IMPORTANT: la preinscripci\u00f3 est\u00e0 destinat per les fam\u00edlies dels alumnes de 6\u00e8 curs que passen a 1r ESO o alumnes que venen d\u2019altres centres. <\/strong><\/p>\n<ul>\n<li style=\"text-align: left;\">Presentaci\u00f3 de sol\u00b7licituds del <strong>8 al 20 de mar\u00e7 de 2024<\/strong>.<\/li>\n<li style=\"text-align: left;\"><a href=\"https:\/\/app.box.com\/s\/elnavhtttjqf5ugxhkyamuif3dqclgj1\">Introducci\u00f3 del procediment<\/a> amb IDCAT M\u00d2BIL<\/li>\n<li style=\"text-align: left;\">Suport informatiu demana <a href=\"https:\/\/aplicacions.gestioeducativa.gencat.cat\/pls\/apex\/f?p=CITA_PREVIA:4::::4:P4_TIPUS_CALENDARI,P4_DOMINI:01_Oblig,43007087\">cita pr\u00e8via<\/a> o el tel\u00e8fon 977731026<\/li>\n<li style=\"text-align: left;\">Enlla\u00e7 de la sol\u00b7licitud telem\u00e0tic \u00a0<a style=\"font-family: inherit; font-size: 1em;\" href=\"https:\/\/preinscripcio.gencat.cat\/ca\/estudis\/eso\/inici\/\">https:\/\/preinscripcio.gencat.cat\/ca\/estudis\/eso\/inici\/<\/a><\/li>\n<li style=\"text-align: left;\"><a href=\"https:\/\/preinscripcio.gencat.cat\/ca\/estudis\/eso\/preinscriute\/sollicitud\/\">Video explicatiu<\/a><\/li>\n<\/ul>\n<p style=\"text-align: left;\"><strong>MATR\u00cdCULA \u00a0<\/strong><\/p>\n<ul>\n<li style=\"text-align: left;\">Termini del <strong>19 al 25 de juny de 2024<\/strong><\/li>\n<\/ul>\n<\/div>\n<p>&nbsp;<\/p>\n<div align=\"center\">\n<h2 style=\"text-align: left;\"><strong>PREINSCRIPCI\u00d3 TELEM\u00c0TICAMENT-BATXILLERAT<\/strong><\/h2>\n<ul>\n<li style=\"text-align: left;\">Presentaci\u00f3 de sol\u00b7licituds <strong>del 18 al 25 d\u2019abril de 2024<\/strong><\/li>\n<li style=\"text-align: left;\">Enlla\u00e7 de la sol\u00b7licitud telem\u00e0tic <a style=\"font-family: inherit; font-size: 1em;\" href=\"https:\/\/preinscripcio.gencat.cat\/ca\/estudis\/batxillerat\/inici\/\">https:\/\/preinscripcio.gencat.cat\/ca\/estudis\/batxillerat\/inici\/<\/a><\/li>\n<\/ul>\n<\/div>\n<p>&nbsp;<\/p>\n<div align=\"center\">\n<h2 style=\"text-align: left;\"><strong>PREINSCRIPCI\u00d3 TELEM\u00c0TICAMENT &#8211; CICLES DE FORMACI\u00d3 PROFESSIONAL DE GRAU MIG &#8211; VIDEO, DJ I SO I MANTENIMENT ELECTROMECANICA <\/strong><\/h2>\n<ul>\n<li style=\"text-align: left;\">Presentaci\u00f3 de sol\u00b7licituds<\/li>\n<\/ul>\n<p style=\"text-align: left;\">Amb la voluntat de garantir l&#8217;acc\u00e9s a la formaci\u00f3 professional de l&#8217;alumnat que es troba cursant encara l&#8217;educaci\u00f3 secund\u00e0ria obligat\u00f2ria o altres ensenyaments equivalents, el Departament d&#8217;Educaci\u00f3 ha establert dos terminis diferents de presentaci\u00f3 de sol\u00b7licituds acotats de la manera seg\u00fcent:<\/p>\n<ul>\n<li style=\"text-align: left;\">Alumnat amb continu\u00eftat d&#8217;escolaritzaci\u00f3 (en general, que cursa quart d&#8217;ESO en l&#8217;actualitat):\u00a0<strong>del 17 al 22 de juliol de 2024<\/strong><\/li>\n<li style=\"text-align: left;\">Enlla\u00e7 de la sol\u00b7licitud telem\u00e0tic <a href=\"https:\/\/preinscripcio.gencat.cat\/ca\/estudis\/fp-grau-mitja\/inici\/\">https:\/\/preinscripcio.gencat.cat\/ca\/estudis\/fp-grau-mitja\/inici\/<\/a><\/li>\n<li style=\"text-align: left;\">Resta d&#8217;alumnat:\u00a0<strong>del 24 al 30 de maig de 2024<\/strong>\n<ul>\n<li style=\"text-align: left;\">Per\u00edode de matr\u00edcula de la 1a tanda d&#8217;assignacions (alumnat 1a petici\u00f3) del 17 al 22 de juliol de 2024 (de 4t a 1r CFGM)<\/li>\n<li>Matr\u00edcula de 1r CFGM a 2n CFGM del 26 de juny al l&#8217;1 de juliol de 2024<\/li>\n<li>Per\u00edode de matr\u00edcula de la 2a tanda d&#8217;assignacions: del 2 al 6 de setembre de 2024<\/li>\n<li>Del 12 al 16 de setembre de 2024 ampliaci\u00f3, correcci\u00f3 o presentaci\u00f3 de sol\u00b7licituds, 3a tanda d&#8217;assignacions<\/li>\n<li>Matr\u00edcula de 3a tanda del 26 al 30 de setembre de 2024<\/li>\n<\/ul>\n<\/li>\n<\/ul>\n<p>&nbsp;<\/p>\n<\/div>\n","protected":false},"excerpt":{"rendered":"<p>PREINSCRIPCI\u00d3 i MATR\u00cdCULA TELEM\u00c0TICAMENT &#8211; ESO<br \/>\nIMPORTANT: la preinscripci\u00f3 est\u00e0 destinat per les fam\u00edlies dels alumnes de 6\u00e8 curs que passen a 1r ESO o alumnes que venen d\u2019altres centres. <\/p>\n<ul>\n<li style=\"text-align: left;\">Presentaci\u00f3 de sol\u00b7licituds del 8 al 20 de mar\u00e7 de 2024.<\/li>\n<li style=\"text-align: left;\"><a href=\"https:\/\/app.box.com\/s\/elnavhtttjqf5ugxhkyamuif3dqclgj1\">Introducci\u00f3&hellip;  <a href=\"https:\/\/agora.xtec.cat\/inssolderiu\/secretaria\/preinscripcio\/\" title=\"Read Preinscripci\u00f3 i Matr\u00edcula curs 24-25\">Llegeix m\u00e9s\u00bb<\/a><br \/>\n","protected":false},"author":1,"featured_media":0,"parent":81,"menu_order":40,"comment_status":"closed","ping_status":"closed","template":"page-templates\/side-menu.php","meta":{"_bbp_topic_count":0,"_bbp_reply_count":0,"_bbp_total_topic_count":0,"_bbp_total_reply_count":0,"_bbp_voice_count":0,"_bbp_anonymous_reply_count":0,"_bbp_topic_count_hidden":0,"_bbp_reply_count_hidden":0,"_bbp_forum_subforum_count":0,"footnotes":""},"class_list":["post-6769","page","type-page","status-publish","hentry"],"post_mailing_queue_ids":[],"_links":{"self":[{"href":"https:\/\/agora.xtec.cat\/inssolderiu\/wp-json\/wp\/v2\/pages\/6769","targetHints":{"allow":["GET"]}}],"collection":[{"href":"https:\/\/agora.xtec.cat\/inssolderiu\/wp-json\/wp\/v2\/pages"}],"about":[{"href":"https:\/\/agora.xtec.cat\/inssolderiu\/wp-json\/wp\/v2\/types\/page"}],"author":[{"embeddable":true,"href":"https:\/\/agora.xtec.cat\/inssolderiu\/wp-json\/wp\/v2\/users\/1"}],"replies":[{"embeddable":true,"href":"https:\/\/agora.xtec.cat\/inssolderiu\/wp-json\/wp\/v2\/comments?post=6769"}],"version-history":[{"count":5,"href":"https:\/\/agora.xtec.cat\/inssolderiu\/wp-json\/wp\/v2\/pages\/6769\/revisions"}],"predecessor-version":[{"id":10169,"href":"https:\/\/agora.xtec.cat\/inssolderiu\/wp-json\/wp\/v2\/pages\/6769\/revisions\/10169"}],"up":[{"embeddable":true,"href":"https:\/\/agora.xtec.cat\/inssolderiu\/wp-json\/wp\/v2\/pages\/81"}],"wp:attachment":[{"href":"https:\/\/agora.xtec.cat\/inssolderiu\/wp-json\/wp\/v2\/media?parent=6769"}],"curies":[{"name":"wp","href":"https:\/\/api.w.org\/{rel}","templated":true}]}}