{"id":5436,"date":"2019-03-08T14:22:02","date_gmt":"2019-03-08T13:22:02","guid":{"rendered":"http:\/\/agora.xtec.cat\/inssolderiu\/?page_id=5436"},"modified":"2022-10-08T21:13:47","modified_gmt":"2022-10-08T19:13:47","slug":"aprenem-junts-2","status":"publish","type":"page","link":"https:\/\/agora.xtec.cat\/inssolderiu\/serveis\/aprenem-junts-2\/","title":{"rendered":"Aprenem Junts"},"content":{"rendered":"<p>&nbsp;<\/p>\n<p>L\u2019<a href=\"http:\/\/www.xtec.cat\/web\/comunitat\/entorn_pee_documents_aprenentatge\" target=\"_blank\" rel=\"noopener\">Aprenentatge servei<\/a>\u00a0\u00e9s una\u00a0metodologia, una proposta educativa que combina processos d\u2019aprenentatge i de servei a la comunitat en un sol projecte ben articulat. Un projecte en el qual els participants es formen treballant sobre necessitats reals del seu entorn amb l\u2019objectiu de millorar-lo. L\u2019alumnat alhora que ofereix un servei comunitari, apr\u00e8n a ser ciutad\u00e0\/ana i a desenvolupar el comprom\u00eds c\u00edvic.<\/p>\n<p>En aquest enlla\u00e7 trobareu tota la\u00a0<em><a href=\"http:\/\/xtec.gencat.cat\/ca\/comunitat\/serveicomunitari\/normativa\/\">normativa<\/a><\/em>.<\/p>\n<h3><strong>Objectius del projecte:<\/strong><\/h3>\n<p>Els objectius d\u2019aquest projecte tenen en compte la Llei d\u2019educaci\u00f3 i el Decret d\u2019ordenaci\u00f3 dels ensenyaments de l\u2019educaci\u00f3 secund\u00e0ria obligat\u00f2ria.\u00a0Aquests objectius\u00a0es concreten de la seg\u00fcent forma:<\/p>\n<p>Finalitat \u00faltima:<\/p>\n<p>Garantir que els estudiants, al llarg de la seva traject\u00f2ria escolar, experimentin i protagonitzin accions de comprom\u00eds c\u00edvic, aprenguin en l\u2019exercici actiu de la ciutadania, i posin en joc els seus coneixements i capacitats al servei de la comunitat.<\/p>\n<p>S\u00f3n objectius del Servei comunitari els seg\u00fcents:<\/p>\n<ol>\n<li>Desenvolupar la compet\u00e8ncia social i ciutadana, afavorint una actitud cr\u00edtica i compromesa davant la societat, per tal d\u2019esdevenir membres actius en una societat catalana democr\u00e0tica i participativa.<\/li>\n<li>Desenvolupar habilitats relacionades amb el disseny i realitzaci\u00f3 de projectes i amb el treball d\u2019equip.<\/li>\n<li>Donar a con\u00e8ixer a l\u2019alumnat i les seves fam\u00edlies la xarxa associativa i les entitats de l\u2019entorn,\u00a0 per tal de promoure la participaci\u00f3 dels joves.<\/li>\n<li>Promoure el treball en xarxa entre els diferents agents educatius de l\u2019entorn.<\/li>\n<li>Donar una resposta educativa a les necessitats emergents de l\u2019entorn escolar.<\/li>\n<li>Augmentar la participaci\u00f3 en el teixit associatiu i les entitats de caire social per fomentar el comprom\u00eds amb la construcci\u00f3 d\u2019una societat m\u00e9s justa, cohesionada i arrelada al territori.<\/li>\n<\/ol>\n<p>Per a m\u00e9s informaci\u00f3 visiteu el blog del projecte: <a href=\"http:\/\/aprenemjuntssolderiu.blogspot.com.es\/\" target=\"_blank\" rel=\"noopener\">http:\/\/aprenemjuntssolderiu.blogspot.com.es\/<\/a><\/p>\n<p>[Trobareu les not\u00edcies relatives al projecte consultant el hashtag: <a href=\"http:\/\/institutsolderiu.cat\/e\/aprenem-junts\/\" target=\"_blank\" rel=\"noopener\">#Aprenem Junts<\/a>]<\/p>\n","protected":false},"excerpt":{"rendered":"<p>&nbsp;<br \/>\nL\u2019<a href=\"http:\/\/www.xtec.cat\/web\/comunitat\/entorn_pee_documents_aprenentatge\" target=\"_blank\" rel=\"noopener\">Aprenentatge servei<\/a>\u00a0\u00e9s una\u00a0metodologia, una proposta educativa que combina processos d\u2019aprenentatge i de servei a la comunitat en un sol projecte ben articulat. Un projecte en el qual els participants es formen treballant sobre necessitats reals del seu entorn amb l\u2019objectiu de millorar-lo.&hellip;  <a href=\"https:\/\/agora.xtec.cat\/inssolderiu\/serveis\/aprenem-junts-2\/\" title=\"Read Aprenem Junts\">Llegeix m\u00e9s\u00bb<\/a><\/p>\n","protected":false},"author":1,"featured_media":0,"parent":63,"menu_order":20,"comment_status":"closed","ping_status":"closed","template":"page-templates\/side-menu.php","meta":{"_bbp_topic_count":0,"_bbp_reply_count":0,"_bbp_total_topic_count":0,"_bbp_total_reply_count":0,"_bbp_voice_count":0,"_bbp_anonymous_reply_count":0,"_bbp_topic_count_hidden":0,"_bbp_reply_count_hidden":0,"_bbp_forum_subforum_count":0,"footnotes":""},"class_list":["post-5436","page","type-page","status-publish","hentry"],"post_mailing_queue_ids":[],"_links":{"self":[{"href":"https:\/\/agora.xtec.cat\/inssolderiu\/wp-json\/wp\/v2\/pages\/5436","targetHints":{"allow":["GET"]}}],"collection":[{"href":"https:\/\/agora.xtec.cat\/inssolderiu\/wp-json\/wp\/v2\/pages"}],"about":[{"href":"https:\/\/agora.xtec.cat\/inssolderiu\/wp-json\/wp\/v2\/types\/page"}],"author":[{"embeddable":true,"href":"https:\/\/agora.xtec.cat\/inssolderiu\/wp-json\/wp\/v2\/users\/1"}],"replies":[{"embeddable":true,"href":"https:\/\/agora.xtec.cat\/inssolderiu\/wp-json\/wp\/v2\/comments?post=5436"}],"version-history":[{"count":2,"href":"https:\/\/agora.xtec.cat\/inssolderiu\/wp-json\/wp\/v2\/pages\/5436\/revisions"}],"predecessor-version":[{"id":5440,"href":"https:\/\/agora.xtec.cat\/inssolderiu\/wp-json\/wp\/v2\/pages\/5436\/revisions\/5440"}],"up":[{"embeddable":true,"href":"https:\/\/agora.xtec.cat\/inssolderiu\/wp-json\/wp\/v2\/pages\/63"}],"wp:attachment":[{"href":"https:\/\/agora.xtec.cat\/inssolderiu\/wp-json\/wp\/v2\/media?parent=5436"}],"curies":[{"name":"wp","href":"https:\/\/api.w.org\/{rel}","templated":true}]}}