{"id":5402,"date":"2019-03-01T11:25:13","date_gmt":"2019-03-01T10:25:13","guid":{"rendered":"http:\/\/agora.xtec.cat\/inssolderiu\/?page_id=5402"},"modified":"2025-07-01T17:31:18","modified_gmt":"2025-07-01T15:31:18","slug":"llibres-de-text","status":"publish","type":"page","link":"https:\/\/agora.xtec.cat\/inssolderiu\/secretaria\/llibres-de-text\/","title":{"rendered":"Llibres de Text"},"content":{"rendered":"<p>&nbsp;<\/p>\n<p>En aquesta p\u00e0gina posem a disposici\u00f3 de tothom en format digital i de lliure desc\u00e0rrega la relaci\u00f3 de Llibres de Text i el Material Escolar per al proper curs:<\/p>\n<h4 style=\"text-align: center;\"><a href=\"https:\/\/drive.google.com\/file\/d\/1E_uTX2AgfL6lgCslwfzk-f0hIsT8K9B8\/view?usp=sharing\">Llibres de Text per al curs 2025\/2026<\/a><a href=\"https:\/\/drive.google.com\/file\/d\/1E_uTX2AgfL6lgCslwfzk-f0hIsT8K9B8\/view?usp=sharing\" target=\"_blank\" rel=\"noopener noreferrer\"><img loading=\"lazy\" decoding=\"async\" class=\"aligncenter wp-image-3176\" src=\"https:\/\/agora.xtec.cat\/inssolderiu\/wp-content\/uploads\/usu1860\/2016\/07\/estudiar-material-830x553.jpg\" alt=\"\" width=\"384\" height=\"256\" srcset=\"https:\/\/agora.xtec.cat\/inssolderiu\/wp-content\/uploads\/usu1860\/2016\/07\/estudiar-material-830x553.jpg 830w, https:\/\/agora.xtec.cat\/inssolderiu\/wp-content\/uploads\/usu1860\/2016\/07\/estudiar-material-830x553-300x200.jpg 300w, https:\/\/agora.xtec.cat\/inssolderiu\/wp-content\/uploads\/usu1860\/2016\/07\/estudiar-material-830x553-768x512.jpg 768w\" sizes=\"auto, (max-width: 384px) 100vw, 384px\" \/><\/a><\/h4>\n<h4 style=\"text-align: center;\"><a href=\"https:\/\/drive.google.com\/file\/d\/1VQTbfY286qnV02PZR4yfoF966CN3697n\/view?usp=sharing\" target=\"_blank\" rel=\"noopener\">Material Escolar ESO per al curs 2025\/2026<\/a><\/h4>\n<p><a href=\"https:\/\/drive.google.com\/file\/d\/1VQTbfY286qnV02PZR4yfoF966CN3697n\/view?usp=sharing\" target=\"_blank\" rel=\"noopener noreferrer\"><img loading=\"lazy\" decoding=\"async\" class=\"aligncenter wp-image-6032\" src=\"https:\/\/agora.xtec.cat\/inssolderiu\/wp-content\/uploads\/usu1860\/2019\/07\/material-escolar.jpg\" alt=\"\" width=\"389\" height=\"260\" \/><\/a><\/p>\n<p>&nbsp;<\/p>\n<p>&nbsp;<\/p>\n","protected":false},"excerpt":{"rendered":"<p>&nbsp;<br \/>\nEn aquesta p\u00e0gina posem a disposici\u00f3 de tothom en format digital i de lliure desc\u00e0rrega la relaci\u00f3 de Llibres de Text i el Material Escolar per al proper curs:<br \/>\n<a href=\"https:\/\/drive.google.com\/file\/d\/1E_uTX2AgfL6lgCslwfzk-f0hIsT8K9B8\/view?usp=sharing\">Llibres de Text per al curs 2025\/2026<\/a><a href=\"https:\/\/drive.google.com\/file\/d\/1E_uTX2AgfL6lgCslwfzk-f0hIsT8K9B8\/view?usp=sharing\" target=\"_blank\" rel=\"noopener noreferrer\"><\/a><br \/>\n<a href=\"https:\/\/drive.google.com\/file\/d\/1VQTbfY286qnV02PZR4yfoF966CN3697n\/view?usp=sharing\" target=\"_blank\" rel=\"noopener\">Material Escolar ESO&hellip;  <a href=\"https:\/\/agora.xtec.cat\/inssolderiu\/secretaria\/llibres-de-text\/\" title=\"Read Llibres de Text\">Llegeix m\u00e9s\u00bb<\/a><\/p>\n","protected":false},"author":1,"featured_media":0,"parent":81,"menu_order":20,"comment_status":"closed","ping_status":"closed","template":"page-templates\/side-menu.php","meta":{"_bbp_topic_count":0,"_bbp_reply_count":0,"_bbp_total_topic_count":0,"_bbp_total_reply_count":0,"_bbp_voice_count":0,"_bbp_anonymous_reply_count":0,"_bbp_topic_count_hidden":0,"_bbp_reply_count_hidden":0,"_bbp_forum_subforum_count":0,"footnotes":""},"class_list":["post-5402","page","type-page","status-publish","hentry"],"post_mailing_queue_ids":[],"_links":{"self":[{"href":"https:\/\/agora.xtec.cat\/inssolderiu\/wp-json\/wp\/v2\/pages\/5402","targetHints":{"allow":["GET"]}}],"collection":[{"href":"https:\/\/agora.xtec.cat\/inssolderiu\/wp-json\/wp\/v2\/pages"}],"about":[{"href":"https:\/\/agora.xtec.cat\/inssolderiu\/wp-json\/wp\/v2\/types\/page"}],"author":[{"embeddable":true,"href":"https:\/\/agora.xtec.cat\/inssolderiu\/wp-json\/wp\/v2\/users\/1"}],"replies":[{"embeddable":true,"href":"https:\/\/agora.xtec.cat\/inssolderiu\/wp-json\/wp\/v2\/comments?post=5402"}],"version-history":[{"count":6,"href":"https:\/\/agora.xtec.cat\/inssolderiu\/wp-json\/wp\/v2\/pages\/5402\/revisions"}],"predecessor-version":[{"id":10476,"href":"https:\/\/agora.xtec.cat\/inssolderiu\/wp-json\/wp\/v2\/pages\/5402\/revisions\/10476"}],"up":[{"embeddable":true,"href":"https:\/\/agora.xtec.cat\/inssolderiu\/wp-json\/wp\/v2\/pages\/81"}],"wp:attachment":[{"href":"https:\/\/agora.xtec.cat\/inssolderiu\/wp-json\/wp\/v2\/media?parent=5402"}],"curies":[{"name":"wp","href":"https:\/\/api.w.org\/{rel}","templated":true}]}}