{"id":5321,"date":"2019-02-28T18:21:45","date_gmt":"2019-02-28T17:21:45","guid":{"rendered":"http:\/\/agora.xtec.cat\/inssolderiu\/?page_id=5321"},"modified":"2025-11-04T14:08:59","modified_gmt":"2025-11-04T13:08:59","slug":"matematiques","status":"publish","type":"page","link":"https:\/\/agora.xtec.cat\/inssolderiu\/projecte-educatiu\/matematiques\/","title":{"rendered":"TEAM"},"content":{"rendered":"<p>El Departament de TEAM agrupa al professorat de Matem\u00e0tiques, Dibuix i Tecnologia del centre.<\/p>\n<p><strong>Cap de Departament<\/strong>: <span style=\"font-family: inherit; font-size: 1em;\">Sr. BORRELL<\/span><em style=\"font-family: inherit; font-size: 1em;\">, Enric<\/em><\/p>\n<p><span style=\"font-weight: bold;\">Professorat<\/span>:<\/p>\n<ul>\n<li>Sra. ALTAVA<i>, Lid\u00f3n<\/i>\n<ul>\n<li>Assignatures: Matem\u00e0tiques 1r ESO, i Matem\u00e0tiques CCSS 2n BAT.<\/li>\n<\/ul>\n<\/li>\n<li>Sr. BARCEL\u00d3<em>, \u00a0Albert<\/em>\n<ul>\n<li>Assignatures: Tecnologia 4t ESO i Tecnologia Industrial 2nBAT.<\/li>\n<\/ul>\n<\/li>\n<li>Sr. BORRELL<em>, Enric<\/em>\n<ul>\n<li>Assignatures: Optativa 1r ESO, Matem\u00e0tiques 2n ESO, Matem\u00e0tiques\u00a0 i Matem\u00e0tiques Aplicades 1r BAT.<\/li>\n<\/ul>\n<\/li>\n<li>Sr. CHAVELI, <em>Antonio<\/em>\n<ul>\n<li>Assignatures: Matem\u00e0tiques 1r i 3r ESO<\/li>\n<\/ul>\n<\/li>\n<li>Sr. DE LA CRUZ<em>,\u00a0 Carlos Javier<\/em>\n<ul>\n<li>Assignatures: Tecnologia 1r ESO i MP3160 2n GB.<\/li>\n<\/ul>\n<\/li>\n<li>Sr. MART\u00cdNEZ<em>,\u00a0 Jordi<\/em>\n<ul>\n<li>Assignatures: Matem\u00e0tiques 1r i 4t ESO i Optativa 1r i 2n ESO.<\/li>\n<\/ul>\n<\/li>\n<li>Sr. PANISELLO<em>, David<\/em>\n<ul>\n<li>Assignatures: Matem\u00e0tiques 2n i 3r ESO, Matem\u00e0tiques 2n BAT i Ci\u00e8ncies Aplicades 1r GB.<\/li>\n<\/ul>\n<\/li>\n<li>Sr. REVERT\u00c9, <em>Rafel<\/em>\n<ul>\n<li>Assignatures: Tecnologia 3r ESO, Rob\u00f2tica 3r ESO, Digitalitzaci\u00f3 4t ESO i Rob\u00f2tica 1r BAT<\/li>\n<\/ul>\n<\/li>\n<li>Sr. ROSELL<em>,\u00a0 Marc<\/em>\n<ul>\n<li>Assignatures: Matem\u00e0tiques 1r i 3r ESO i Optativa 2n ESO.<\/li>\n<\/ul>\n<\/li>\n<li>Sr. ROVIRA <em>, Xavier<\/em>\n<ul>\n<li>Assignatures: Dibuix T\u00e8cnic 1r i 2n BAT.<\/li>\n<\/ul>\n<\/li>\n<li>Sr. SALA<em>,\u00a0 Llu\u00eds<\/em>\n<ul>\n<li>Assignatures: Matem\u00e0tiques 3r i 4t ESO, Ci\u00e8ncies Aplicades 2n GB i Matem\u00e0tiques CCSS 1r BAT.<\/li>\n<\/ul>\n<\/li>\n<li>Sr. SALVAD\u00d3<em>, Carlos \u00a0<\/em>\n<ul>\n<li>Assignatures: Tecnologia 1r ESO, Scratch 2n ESO i Tecnologia Industrial 1rBAT.<\/li>\n<\/ul>\n<\/li>\n<li>Sra. SALVADOR<em>, \u00c0ngels<\/em>\n<ul>\n<li>Assignatures: Visual i Pl\u00e0stica 1r, 3r i 4t ESO.<\/li>\n<\/ul>\n<\/li>\n<\/ul>\n<p>&nbsp;<\/p>\n<p><a href=\"https:\/\/drive.google.com\/drive\/folders\/1hXx8H_USLT-lbXZJbqtTVSckJjEuHpMI?usp=drive_link\"><strong>Criteris d&#8217;avaluaci\u00f3 de les mat\u00e8ries impartides al departament<\/strong><\/a><\/p>\n","protected":false},"excerpt":{"rendered":"<p>El Departament de TEAM agrupa al professorat de Matem\u00e0tiques, Dibuix i Tecnologia del centre.<br \/>\nCap de Departament: Sr. BORRELL, Enric<br \/>\nProfessorat:<\/p>\n<ul>\n<li>Sra. ALTAVA, Lid\u00f3n\n<ul>\n<li>Assignatures: Matem\u00e0tiques 1r ESO, i Matem\u00e0tiques CCSS 2n BAT.<\/li>\n<\/ul>\n<\/li>\n<li>Sr. BARCEL\u00d3, \u00a0Albert\n<ul>\n<li>Assignatures: Tecnologia 4t ESO i Tecnologia Industrial 2nBAT.<\/li>\n<\/ul>\n<\/li>\n<li>Sr. BORRELL, Enric\n<ul>\n<li>Assignatures: Optativa 1r ESO, Matem\u00e0tiques 2n&hellip;  <a href=\"https:\/\/agora.xtec.cat\/inssolderiu\/projecte-educatiu\/matematiques\/\" title=\"Read TEAM\">Llegeix m\u00e9s\u00bb<\/a><br \/>\n","protected":false},"author":1,"featured_media":0,"parent":57,"menu_order":60,"comment_status":"closed","ping_status":"closed","template":"page-templates\/side-menu.php","meta":{"_bbp_topic_count":0,"_bbp_reply_count":0,"_bbp_total_topic_count":0,"_bbp_total_reply_count":0,"_bbp_voice_count":0,"_bbp_anonymous_reply_count":0,"_bbp_topic_count_hidden":0,"_bbp_reply_count_hidden":0,"_bbp_forum_subforum_count":0,"footnotes":""},"class_list":["post-5321","page","type-page","status-publish","hentry"],"post_mailing_queue_ids":[],"_links":{"self":[{"href":"https:\/\/agora.xtec.cat\/inssolderiu\/wp-json\/wp\/v2\/pages\/5321","targetHints":{"allow":["GET"]}}],"collection":[{"href":"https:\/\/agora.xtec.cat\/inssolderiu\/wp-json\/wp\/v2\/pages"}],"about":[{"href":"https:\/\/agora.xtec.cat\/inssolderiu\/wp-json\/wp\/v2\/types\/page"}],"author":[{"embeddable":true,"href":"https:\/\/agora.xtec.cat\/inssolderiu\/wp-json\/wp\/v2\/users\/1"}],"replies":[{"embeddable":true,"href":"https:\/\/agora.xtec.cat\/inssolderiu\/wp-json\/wp\/v2\/comments?post=5321"}],"version-history":[{"count":6,"href":"https:\/\/agora.xtec.cat\/inssolderiu\/wp-json\/wp\/v2\/pages\/5321\/revisions"}],"predecessor-version":[{"id":10603,"href":"https:\/\/agora.xtec.cat\/inssolderiu\/wp-json\/wp\/v2\/pages\/5321\/revisions\/10603"}],"up":[{"embeddable":true,"href":"https:\/\/agora.xtec.cat\/inssolderiu\/wp-json\/wp\/v2\/pages\/57"}],"wp:attachment":[{"href":"https:\/\/agora.xtec.cat\/inssolderiu\/wp-json\/wp\/v2\/media?parent=5321"}],"curies":[{"name":"wp","href":"https:\/\/api.w.org\/{rel}","templated":true}]}}