{"id":5319,"date":"2019-02-28T18:21:45","date_gmt":"2019-02-28T17:21:45","guid":{"rendered":"http:\/\/agora.xtec.cat\/inssolderiu\/?page_id=5319"},"modified":"2025-11-04T14:07:47","modified_gmt":"2025-11-04T13:07:47","slug":"llengues","status":"publish","type":"page","link":"https:\/\/agora.xtec.cat\/inssolderiu\/projecte-educatiu\/llengues\/","title":{"rendered":"Lleng\u00fces"},"content":{"rendered":"<p>El Departament de Lleng\u00fces agrupa al professorat de Catal\u00e0 i Castell\u00e0.<\/p>\n<p><strong>Cap de Departament<\/strong>: Sra. F\u00c8LIX<i>, Judit<\/i><\/p>\n<p><strong>Professorat<\/strong>:<\/p>\n<ul>\n<li>Sr. BRAVO,<em> Fernando<\/em>\n<ul>\n<li>Assignatures: Llengua Castellana 1r i 3r ESO, Comunicaci\u00f3 2n GB i Llengua Castellana 1r BAT<\/li>\n<\/ul>\n<\/li>\n<li>Sra. CARB\u00d3<em>, Meritxell<\/em>\n<ul>\n<li>Assignatures: Llengua Castellana 1r i 3r ESO, Comunicaci\u00f3 2n GB i Optativa 2n ESO.<\/li>\n<\/ul>\n<\/li>\n<li>Sra. ESPADA<em>, Mar<\/em>\n<ul>\n<li>Assignatures: Optativa 1r ESO, Llengua Catalana 4t ESO, Comunicaci\u00f3 1r i 2n GB i Llengua Catalana 1r BAT.<\/li>\n<\/ul>\n<\/li>\n<li>Sra. F\u00c8LIX, <em>Judit<\/em>\n<ul>\n<li>Assignatures: Optativa 1r ESO, Llengua Catalana 1 i 2n ESO i Literatura Catalana 2n BAT.<\/li>\n<\/ul>\n<\/li>\n<li>Sra. GARCIA, <em>Montse<\/em>\n<ul>\n<li>Assignatures: Llengua Castellana 1r i 4t ESO i Llengua Castellana 2n BAT.<\/li>\n<\/ul>\n<\/li>\n<li>Sra. GIL, <em>N\u00faria<\/em>\n<ul>\n<li>Assignatures: Llengua Catalana 1r ESO i Llengua Catalana 2n BAT<\/li>\n<\/ul>\n<\/li>\n<li>Sra. GIL<i>, Margarida<\/i>\n<ul>\n<li>Assignatures: Llengua Catalana 1r i 4t ESO i Literatura Universal 1r BAT.<\/li>\n<\/ul>\n<\/li>\n<li>Sr. REVERTER,\u00a0<em>Francesc<\/em>\n<ul>\n<li>Assignatures: Aula d&#8217;Acollida<\/li>\n<\/ul>\n<\/li>\n<li>Sra. SANCHO<i>, S\u00f2nia<\/i>\n<ul>\n<li>Assignatures: Llengua Catalana 1r i 3r ESO i Creaci\u00f3 Liter\u00e0ria 1r BAT<\/li>\n<\/ul>\n<\/li>\n<li>Sra. SOLDADO<i>, Rebeca<\/i>\n<ul>\n<li>Assignatures: Llengua Castellana 1r, 2n i 4t ESO<\/li>\n<\/ul>\n<\/li>\n<\/ul>\n<p><a href=\"https:\/\/drive.google.com\/drive\/folders\/1QuPg37xtlFTmSNaGDO55DgVIHTTV1DcA?usp=drive_link\"><strong>Criteris d&#8217;avaluaci\u00f3 de les mat\u00e8ries impartides al departament<\/strong><\/a><\/p>\n","protected":false},"excerpt":{"rendered":"<p>El Departament de Lleng\u00fces agrupa al professorat de Catal\u00e0 i Castell\u00e0.<br \/>\nCap de Departament: Sra. F\u00c8LIX, Judit<br \/>\nProfessorat:<\/p>\n<ul>\n<li>Sr. BRAVO, Fernando\n<ul>\n<li>Assignatures: Llengua Castellana 1r i 3r ESO, Comunicaci\u00f3 2n GB i Llengua Castellana 1r BAT<\/li>\n<\/ul>\n<\/li>\n<li>Sra. CARB\u00d3, Meritxell\n<ul>\n<li>Assignatures: Llengua Castellana 1r i 3r ESO, Comunicaci\u00f3 2n GB i Optativa&hellip;  <a href=\"https:\/\/agora.xtec.cat\/inssolderiu\/projecte-educatiu\/llengues\/\" title=\"Read Lleng\u00fces\">Llegeix m\u00e9s\u00bb<\/a><br \/>\n","protected":false},"author":1,"featured_media":0,"parent":57,"menu_order":40,"comment_status":"closed","ping_status":"closed","template":"page-templates\/side-menu.php","meta":{"_bbp_topic_count":0,"_bbp_reply_count":0,"_bbp_total_topic_count":0,"_bbp_total_reply_count":0,"_bbp_voice_count":0,"_bbp_anonymous_reply_count":0,"_bbp_topic_count_hidden":0,"_bbp_reply_count_hidden":0,"_bbp_forum_subforum_count":0,"footnotes":""},"class_list":["post-5319","page","type-page","status-publish","hentry"],"post_mailing_queue_ids":[],"_links":{"self":[{"href":"https:\/\/agora.xtec.cat\/inssolderiu\/wp-json\/wp\/v2\/pages\/5319","targetHints":{"allow":["GET"]}}],"collection":[{"href":"https:\/\/agora.xtec.cat\/inssolderiu\/wp-json\/wp\/v2\/pages"}],"about":[{"href":"https:\/\/agora.xtec.cat\/inssolderiu\/wp-json\/wp\/v2\/types\/page"}],"author":[{"embeddable":true,"href":"https:\/\/agora.xtec.cat\/inssolderiu\/wp-json\/wp\/v2\/users\/1"}],"replies":[{"embeddable":true,"href":"https:\/\/agora.xtec.cat\/inssolderiu\/wp-json\/wp\/v2\/comments?post=5319"}],"version-history":[{"count":6,"href":"https:\/\/agora.xtec.cat\/inssolderiu\/wp-json\/wp\/v2\/pages\/5319\/revisions"}],"predecessor-version":[{"id":10601,"href":"https:\/\/agora.xtec.cat\/inssolderiu\/wp-json\/wp\/v2\/pages\/5319\/revisions\/10601"}],"up":[{"embeddable":true,"href":"https:\/\/agora.xtec.cat\/inssolderiu\/wp-json\/wp\/v2\/pages\/57"}],"wp:attachment":[{"href":"https:\/\/agora.xtec.cat\/inssolderiu\/wp-json\/wp\/v2\/media?parent=5319"}],"curies":[{"name":"wp","href":"https:\/\/api.w.org\/{rel}","templated":true}]}}