{"id":5318,"date":"2019-02-28T18:21:45","date_gmt":"2019-02-28T17:21:45","guid":{"rendered":"http:\/\/agora.xtec.cat\/inssolderiu\/?page_id=5318"},"modified":"2025-11-04T14:08:31","modified_gmt":"2025-11-04T13:08:31","slug":"llengues-estrangeres","status":"publish","type":"page","link":"https:\/\/agora.xtec.cat\/inssolderiu\/projecte-educatiu\/llengues-estrangeres\/","title":{"rendered":"Lleng\u00fces Estrangeres"},"content":{"rendered":"<p>El Departament de Lleng\u00fces Estrangeres agrupa al professorat d&#8217;Angl\u00e8s i Franc\u00e8s.<\/p>\n<p><strong>Cap de Departament<\/strong>: Sra. JUAN, <em>Maria<\/em> <em>Pilar<\/em><\/p>\n<p><strong>Professorat<\/strong>:<\/p>\n<ul>\n<li>Sra. BARRERA<em>,\u00a0Neus \u00a0<\/em>\n<ul>\n<li>Assignatures: Angl\u00e8s 1r, 2n, 3r i 4t ESO i 1r BAT.<\/li>\n<\/ul>\n<\/li>\n<li>Sra. FRAILE, <em>Maria\u00a0<\/em>\n<ul>\n<li>Assignatures: Angl\u00e8s 1r, 3r i 4t ESO i 1r i 2n BAT.<\/li>\n<\/ul>\n<\/li>\n<li style=\"text-align: justify;\">Sra. JUAN, <em>Maria<\/em> <em>Pilar<\/em>\n<ul>\n<li>Assignatures: Angl\u00e8s 1r, 2n i 3r ESO, Comunicaci\u00f3, 1r i 2n GB, i Angl\u00e8s T\u00e8cnic CFGM VDS i Angl\u00e8s CFPM IM10<\/li>\n<\/ul>\n<\/li>\n<li>Sra. MOLINA, <em>Gemma<\/em>\n<ul>\n<li>Assignatures: Angl\u00e8s 2n ESO i 2n BAT<\/li>\n<\/ul>\n<\/li>\n<li>Sr. RUIZ<i>, Vicent<\/i>\n<ul>\n<li>Assignatures: Angl\u00e8s 1r, 2n, 3r i 4t ESO<\/li>\n<\/ul>\n<\/li>\n<li>Sra. TORTOSA<i>, Noemi<\/i>\n<ul>\n<li style=\"text-align: justify;\">Assignatures: Franc\u00e8s ESO i BAT.<\/li>\n<\/ul>\n<\/li>\n<\/ul>\n<p><strong>Blogs dels departament:<\/strong><\/p>\n<ul>\n<li>Angl\u00e8s:\u00a0<a href=\"http:\/\/www.welcomealcanar.blogspot.com\/\" target=\"_blank\" rel=\"noopener noreferrer\">http:\/\/www.welcomealcanar.blogspot.com\/<\/a><\/li>\n<li>Franc\u00e8s:\u00a0<a href=\"http:\/\/francesalcanar.blogspot.com.es\/\" target=\"_blank\" rel=\"noopener noreferrer\">http:\/\/francesalcanar.blogspot.com.es\/<\/a><\/li>\n<\/ul>\n<p><a href=\"https:\/\/drive.google.com\/drive\/folders\/1UXfPIa6nE0QeCEAVpZTmZq54hTPkyfFi?usp=drive_link\"><strong>Criteris d&#8217;avaluaci\u00f3 de les mat\u00e8ries impartides al departament<\/strong><\/a><\/p>\n","protected":false},"excerpt":{"rendered":"<p>El Departament de Lleng\u00fces Estrangeres agrupa al professorat d&#8217;Angl\u00e8s i Franc\u00e8s.<br \/>\nCap de Departament: Sra. JUAN, Maria Pilar<br \/>\nProfessorat:<\/p>\n<ul>\n<li>Sra. BARRERA,\u00a0Neus \u00a0\n<ul>\n<li>Assignatures: Angl\u00e8s 1r, 2n, 3r i 4t ESO i 1r BAT.<\/li>\n<\/ul>\n<\/li>\n<li>Sra. FRAILE, Maria\u00a0\n<ul>\n<li>Assignatures: Angl\u00e8s 1r, 3r i 4t ESO i 1r i 2n BAT.<\/li>\n<\/ul>\n<\/li>\n<li style=\"text-align: justify;\">Sra. JUAN,&hellip;  <a href=\"https:\/\/agora.xtec.cat\/inssolderiu\/projecte-educatiu\/llengues-estrangeres\/\" title=\"Read Lleng\u00fces Estrangeres\">Llegeix m\u00e9s\u00bb<\/a><br \/>\n","protected":false},"author":1,"featured_media":0,"parent":57,"menu_order":50,"comment_status":"closed","ping_status":"closed","template":"page-templates\/side-menu.php","meta":{"_bbp_topic_count":0,"_bbp_reply_count":0,"_bbp_total_topic_count":0,"_bbp_total_reply_count":0,"_bbp_voice_count":0,"_bbp_anonymous_reply_count":0,"_bbp_topic_count_hidden":0,"_bbp_reply_count_hidden":0,"_bbp_forum_subforum_count":0,"footnotes":""},"class_list":["post-5318","page","type-page","status-publish","hentry"],"post_mailing_queue_ids":[],"_links":{"self":[{"href":"https:\/\/agora.xtec.cat\/inssolderiu\/wp-json\/wp\/v2\/pages\/5318","targetHints":{"allow":["GET"]}}],"collection":[{"href":"https:\/\/agora.xtec.cat\/inssolderiu\/wp-json\/wp\/v2\/pages"}],"about":[{"href":"https:\/\/agora.xtec.cat\/inssolderiu\/wp-json\/wp\/v2\/types\/page"}],"author":[{"embeddable":true,"href":"https:\/\/agora.xtec.cat\/inssolderiu\/wp-json\/wp\/v2\/users\/1"}],"replies":[{"embeddable":true,"href":"https:\/\/agora.xtec.cat\/inssolderiu\/wp-json\/wp\/v2\/comments?post=5318"}],"version-history":[{"count":6,"href":"https:\/\/agora.xtec.cat\/inssolderiu\/wp-json\/wp\/v2\/pages\/5318\/revisions"}],"predecessor-version":[{"id":10602,"href":"https:\/\/agora.xtec.cat\/inssolderiu\/wp-json\/wp\/v2\/pages\/5318\/revisions\/10602"}],"up":[{"embeddable":true,"href":"https:\/\/agora.xtec.cat\/inssolderiu\/wp-json\/wp\/v2\/pages\/57"}],"wp:attachment":[{"href":"https:\/\/agora.xtec.cat\/inssolderiu\/wp-json\/wp\/v2\/media?parent=5318"}],"curies":[{"name":"wp","href":"https:\/\/api.w.org\/{rel}","templated":true}]}}