{"id":5316,"date":"2019-02-28T18:21:45","date_gmt":"2019-02-28T17:21:45","guid":{"rendered":"http:\/\/agora.xtec.cat\/inssolderiu\/?page_id=5316"},"modified":"2025-11-04T14:07:14","modified_gmt":"2025-11-04T13:07:14","slug":"ciencies","status":"publish","type":"page","link":"https:\/\/agora.xtec.cat\/inssolderiu\/projecte-educatiu\/ciencies\/","title":{"rendered":"Ci\u00e8ncies"},"content":{"rendered":"<p>El Departament de Ci\u00e8ncies agrupa al professorat de les especialitats de F\u00edsica i Qu\u00edmica i de Biologia i Geologia.<\/p>\n<p><strong>Cap de Departament<\/strong>: Sra. VALLE<em>, Anna<\/em><\/p>\n<p><strong>Professorat<\/strong>:<\/p>\n<ul>\n<li>Sra. FONOLLOSA, <em>Elena<\/em>\n<ul>\n<li>Assignatures: Biologia i Geologia 3r ESO, F\u00edsica i Qu\u00edmica 2n i 3r ESO i Reptes Cient\u00edfics (FIS\/QUI) i F\u00edsica 1rBAT.<\/li>\n<\/ul>\n<\/li>\n<li>Sr. JUAN, <em>Fernando<\/em>\n<ul>\n<li>Assignatures:\u00a0 Biologia i Geologia 1r ESO, Geologia i Ci\u00e8ncies Ambientals i Reptes Cient\u00edfics (BIO\/GEO) 1r BAT, Biologia 2n BAT.<\/li>\n<\/ul>\n<\/li>\n<li>Sra. LOPEZ<em>, Marina<\/em>\n<ul>\n<li>Assignatures: Biologia i Geologia 1r i 3r ESO, F\u00edsica i Qu\u00edmica 3r ESO i Cultura Cient\u00edfica 4t ESO.<\/li>\n<\/ul>\n<\/li>\n<li>Sr. PE\u00d1A, <em>David<\/em>\n<ul>\n<li>Assignatures: Biologia i Geologia 1r i 4t ESO,\u00a0 i Biologia 1rBAT.<\/li>\n<\/ul>\n<\/li>\n<li>Sra. SANZ<em>, Sara<\/em>\n<ul>\n<li>Assignatures: F\u00edsica i Qu\u00edmica 2n ESO i F\u00edsica 2n BAT .<\/li>\n<\/ul>\n<\/li>\n<li>Sra. VALLE<em>, Anna<\/em>\n<ul>\n<li>Assignatures: F\u00edsica i Qu\u00edmica de 2n i 4t ESO, Qu\u00edmica 1rBAT i 2n BAT.<\/li>\n<\/ul>\n<\/li>\n<\/ul>\n<p><strong>Blog del departament<\/strong>:\u00a0<a href=\"http:\/\/www.deptciensolderiu.blogspot.com.es\/\" target=\"_blank\" rel=\"noopener noreferrer\">http:\/\/www.deptciensolderiu.blogspot.com.es\/<\/a><\/p>\n<p>&nbsp;<\/p>\n<p><a href=\"https:\/\/drive.google.com\/drive\/folders\/1G5DKartH8mzx4-9GsIqCn3asj-_g2m7A?usp=sharing\"><strong>Criteris d&#8217;avaluaci\u00f3 de les mat\u00e8ries impartides al departament<\/strong><\/a><\/p>\n","protected":false},"excerpt":{"rendered":"<p>El Departament de Ci\u00e8ncies agrupa al professorat de les especialitats de F\u00edsica i Qu\u00edmica i de Biologia i Geologia.<br \/>\nCap de Departament: Sra. VALLE, Anna<br \/>\nProfessorat:<\/p>\n<ul>\n<li>Sra. FONOLLOSA, Elena\n<ul>\n<li>Assignatures: Biologia i Geologia 3r ESO, F\u00edsica i Qu\u00edmica 2n i 3r ESO i Reptes Cient\u00edfics (FIS\/QUI) i F\u00edsica 1rBAT.<\/li>\n<\/ul>\n<\/li>\n<li>Sr.&hellip;  <a href=\"https:\/\/agora.xtec.cat\/inssolderiu\/projecte-educatiu\/ciencies\/\" title=\"Read Ci\u00e8ncies\">Llegeix m\u00e9s\u00bb<\/a><br \/>\n","protected":false},"author":1,"featured_media":0,"parent":57,"menu_order":20,"comment_status":"closed","ping_status":"closed","template":"page-templates\/side-menu.php","meta":{"_bbp_topic_count":0,"_bbp_reply_count":0,"_bbp_total_topic_count":0,"_bbp_total_reply_count":0,"_bbp_voice_count":0,"_bbp_anonymous_reply_count":0,"_bbp_topic_count_hidden":0,"_bbp_reply_count_hidden":0,"_bbp_forum_subforum_count":0,"footnotes":""},"class_list":["post-5316","page","type-page","status-publish","hentry"],"post_mailing_queue_ids":[],"_links":{"self":[{"href":"https:\/\/agora.xtec.cat\/inssolderiu\/wp-json\/wp\/v2\/pages\/5316","targetHints":{"allow":["GET"]}}],"collection":[{"href":"https:\/\/agora.xtec.cat\/inssolderiu\/wp-json\/wp\/v2\/pages"}],"about":[{"href":"https:\/\/agora.xtec.cat\/inssolderiu\/wp-json\/wp\/v2\/types\/page"}],"author":[{"embeddable":true,"href":"https:\/\/agora.xtec.cat\/inssolderiu\/wp-json\/wp\/v2\/users\/1"}],"replies":[{"embeddable":true,"href":"https:\/\/agora.xtec.cat\/inssolderiu\/wp-json\/wp\/v2\/comments?post=5316"}],"version-history":[{"count":6,"href":"https:\/\/agora.xtec.cat\/inssolderiu\/wp-json\/wp\/v2\/pages\/5316\/revisions"}],"predecessor-version":[{"id":10600,"href":"https:\/\/agora.xtec.cat\/inssolderiu\/wp-json\/wp\/v2\/pages\/5316\/revisions\/10600"}],"up":[{"embeddable":true,"href":"https:\/\/agora.xtec.cat\/inssolderiu\/wp-json\/wp\/v2\/pages\/57"}],"wp:attachment":[{"href":"https:\/\/agora.xtec.cat\/inssolderiu\/wp-json\/wp\/v2\/media?parent=5316"}],"curies":[{"name":"wp","href":"https:\/\/api.w.org\/{rel}","templated":true}]}}