{"id":5315,"date":"2019-02-28T18:21:45","date_gmt":"2019-02-28T17:21:45","guid":{"rendered":"http:\/\/agora.xtec.cat\/inssolderiu\/?page_id=5315"},"modified":"2025-11-04T14:04:06","modified_gmt":"2025-11-04T13:04:06","slug":"antropologia-2","status":"publish","type":"page","link":"https:\/\/agora.xtec.cat\/inssolderiu\/projecte-educatiu\/antropologia-2\/","title":{"rendered":"Antropologia"},"content":{"rendered":"<p style=\"text-align: justify;\">El Departament d&#8217;Antropologia agrupa al professorat de Ci\u00e8ncies Socials, Hist\u00f2ria, Hist\u00f2ria Contempor\u00e0nia, Hist\u00f2ria de l&#8217;Art, Geografia, Economia de l&#8217;Empresa, Emprenedoria, Economia, Filosofia, Funcionament Empresa, Hist\u00f2ria de la Filosofia, Problem\u00e0tiques Socials, Psicologia, Cultura Cl\u00e0ssica, Llat\u00ed, Grec, Religi\u00f3, Cultura i Valors, Educaci\u00f3 F\u00edsica i M\u00fasica.<\/p>\n<p><strong>Cap de Departament<\/strong>:\u00a0 Sr. ESTEVE<em>, Manel<\/em><\/p>\n<p><strong>Professorat<\/strong>:<\/p>\n<ul>\n<li>Sr. ARASA<em>, Jordi<\/em>\n<ul>\n<li>Assignatures: Ci\u00e8ncies Socials 4t ESO, Geografia i Hist\u00f2ria a 2n BAT.<\/li>\n<\/ul>\n<\/li>\n<li>Sr. BELTRAN,\u00a0<em>V\u00edctor\u00a0<\/em><em>\u00a0\u00a0<\/em>\n<ul>\n<li>Assignatures: M\u00fasica 1r, 2n i 4t ESO.<\/li>\n<\/ul>\n<\/li>\n<li>Sr. CARLES,<em> Pol<\/em>\n<ul>\n<li>Assignatures: Educaci\u00f3 F\u00edsica 2n i 3r ESO i Educaci\u00f3 F\u00edsica 1r BAT.<\/li>\n<\/ul>\n<\/li>\n<li>Sra. DE LA VEGA, <em>Rosanna<\/em>\n<ul style=\"font-size: 16px; font-family: 'Helvetica Neue', Helvetica, Helvetica, Arial, sans-serif;\">\n<li>Assignatures: Ci\u00e8ncies Socials 1r i 2n ESO i ODS 2n BAT.<\/li>\n<\/ul>\n<\/li>\n<li>Sr. DUCH, <em>Marc<\/em>\n<ul style=\"font-size: 16px; font-family: 'Helvetica Neue', Helvetica, Helvetica, Arial, sans-serif;\">\n<li>Assignatures: Comunicaci\u00f3 1r GB, Educaci\u00f3 Valors C\u00edvics i \u00c8tics 4t ESO, Filosofia 1r BAT i Hist\u00f2ria de la Filosofia a 2n BAT.<\/li>\n<\/ul>\n<\/li>\n<li>Sr. ESTEVE<em>, Manuel<\/em>\n<ul>\n<li>Assignatures:\u00a0 Llat\u00ed 4t ESO, Llat\u00ed 1r i 2n BAT i Grec 1r i 2n BAT.<\/li>\n<\/ul>\n<\/li>\n<li>Sra. LORES, <em>Beatriz<\/em>\n<ul style=\"font-size: 16px; font-family: 'Helvetica Neue', Helvetica, Helvetica, Arial, sans-serif;\">\n<li>Assignatures: Ci\u00e8ncies Socials 1r i 3r ESO i Hist\u00f2ria de l&#8217;Art 2n BAT.<\/li>\n<\/ul>\n<\/li>\n<li>Sra. LU\u00cdS<em>, Pilar<\/em>\n<ul>\n<li>Assignatures: Emprenedoria 3r ESO, Economia 4t ESO, Economia i Funcionament Empresa 1r BAT i Funcionament Empresa i Disseny 2n BAT<\/li>\n<\/ul>\n<\/li>\n<li>Sr. MART\u00cdNEZ<em>, Albert<\/em>\n<ul>\n<li>Assignatures: Ci\u00e8ncies Socials 1r i 2n ESO, i Problem\u00e0tiques Socials 1r BAT.<\/li>\n<\/ul>\n<\/li>\n<li>Sra. MAT\u00c1KOV\u00c1, <em>Vikt\u00f3ria<\/em>\n<ul style=\"font-size: 16px; font-family: 'Helvetica Neue', Helvetica, Helvetica, Arial, sans-serif;\">\n<li>Assignatures: Ci\u00e8ncies Socials 1r i 4t ESO i Hist\u00f2ria d M\u00f3n 1r BAT.<\/li>\n<\/ul>\n<\/li>\n<li>Sra. REVERTER<em>, Olga\u00a0\u00a0<\/em>\n<ul>\n<li>Assignatures: Filosofia 4t ESO, Psicologia i Filosofia 1r BAT.<\/li>\n<\/ul>\n<\/li>\n<li>Sra. SALVAD\u00d3<em>, Pilar<\/em>\n<ul>\n<li>Assignatures: Cultura Cl\u00e0ssica 3r ESO i Religi\u00f3 ESO.<\/li>\n<\/ul>\n<\/li>\n<li>Sr. SUBIRATS, <em>Josep<\/em>\n<ul style=\"font-size: 16px; font-family: 'Helvetica Neue', Helvetica, Helvetica, Arial, sans-serif;\">\n<li>Assignatures: Educaci\u00f3 F\u00edsica 1r i 4t ESO i Educaci\u00f3 F\u00edsica 1r i 2n GB.<\/li>\n<\/ul>\n<\/li>\n<\/ul>\n<p><a href=\"https:\/\/drive.google.com\/drive\/folders\/11G7L4vaTsBvkom88b4yCD--n8D-BItoS?usp=drive_link\"><strong>Criteris d&#8217;avaluaci\u00f3 de les mat\u00e8ries impartides al departament<\/strong><\/a><\/p>\n<p>&nbsp;<\/p>\n","protected":false},"excerpt":{"rendered":"<p>El Departament d&#8217;Antropologia agrupa al professorat de Ci\u00e8ncies Socials, Hist\u00f2ria, Hist\u00f2ria Contempor\u00e0nia, Hist\u00f2ria de l&#8217;Art, Geografia, Economia de l&#8217;Empresa, Emprenedoria, Economia, Filosofia, Funcionament Empresa, Hist\u00f2ria de la Filosofia, Problem\u00e0tiques Socials, Psicologia, Cultura Cl\u00e0ssica, Llat\u00ed, Grec, Religi\u00f3, Cultura i Valors, Educaci\u00f3 F\u00edsica i M\u00fasica.<br \/>\nCap de Departament:\u00a0&hellip;  <a href=\"https:\/\/agora.xtec.cat\/inssolderiu\/projecte-educatiu\/antropologia-2\/\" title=\"Read Antropologia\">Llegeix m\u00e9s\u00bb<\/a><\/p>\n","protected":false},"author":1,"featured_media":0,"parent":57,"menu_order":10,"comment_status":"closed","ping_status":"closed","template":"page-templates\/side-menu.php","meta":{"_bbp_topic_count":0,"_bbp_reply_count":0,"_bbp_total_topic_count":0,"_bbp_total_reply_count":0,"_bbp_voice_count":0,"_bbp_anonymous_reply_count":0,"_bbp_topic_count_hidden":0,"_bbp_reply_count_hidden":0,"_bbp_forum_subforum_count":0,"footnotes":""},"class_list":["post-5315","page","type-page","status-publish","hentry"],"post_mailing_queue_ids":[],"_links":{"self":[{"href":"https:\/\/agora.xtec.cat\/inssolderiu\/wp-json\/wp\/v2\/pages\/5315","targetHints":{"allow":["GET"]}}],"collection":[{"href":"https:\/\/agora.xtec.cat\/inssolderiu\/wp-json\/wp\/v2\/pages"}],"about":[{"href":"https:\/\/agora.xtec.cat\/inssolderiu\/wp-json\/wp\/v2\/types\/page"}],"author":[{"embeddable":true,"href":"https:\/\/agora.xtec.cat\/inssolderiu\/wp-json\/wp\/v2\/users\/1"}],"replies":[{"embeddable":true,"href":"https:\/\/agora.xtec.cat\/inssolderiu\/wp-json\/wp\/v2\/comments?post=5315"}],"version-history":[{"count":6,"href":"https:\/\/agora.xtec.cat\/inssolderiu\/wp-json\/wp\/v2\/pages\/5315\/revisions"}],"predecessor-version":[{"id":10599,"href":"https:\/\/agora.xtec.cat\/inssolderiu\/wp-json\/wp\/v2\/pages\/5315\/revisions\/10599"}],"up":[{"embeddable":true,"href":"https:\/\/agora.xtec.cat\/inssolderiu\/wp-json\/wp\/v2\/pages\/57"}],"wp:attachment":[{"href":"https:\/\/agora.xtec.cat\/inssolderiu\/wp-json\/wp\/v2\/media?parent=5315"}],"curies":[{"name":"wp","href":"https:\/\/api.w.org\/{rel}","templated":true}]}}