{"id":421,"date":"2014-07-01T18:30:54","date_gmt":"2014-07-01T16:30:54","guid":{"rendered":"http:\/\/institutsolderiu.cat\/?page_id=421"},"modified":"2014-07-01T18:30:54","modified_gmt":"2014-07-01T16:30:54","slug":"nota-legal-2","status":"publish","type":"page","link":"https:\/\/agora.xtec.cat\/inssolderiu\/nota-legal-2\/","title":{"rendered":"Nota legal"},"content":{"rendered":"<p>Titular: Instituto S\u00f2l-de-riu<br \/>\nCIF del titular: Q9355290I<br \/>\nDomicilio social: Avenida Joan Maragall, s\/n, 43530 Alcanar (Tarragona)<\/p>\n<p><strong>AVISO GENERAL WEB<\/strong><\/p>\n<p>Este aviso tiene como objeto establecer las Condiciones que regulan el acceso y el uso de la web del Instituto S\u00f2l-de-riu. El acceso y uso de esta web implican la sumisi\u00f3n y aceptaci\u00f3n de las condiciones que se detallan seguidamente.<br \/>\nEl contenido de esta web podr\u00e1 ser modificado en cualquier momento por parte de su titular, sin necesidad de ninguna comunicaci\u00f3n previa por parte del Instituto S\u00f2l-de-riu.<br \/>\nEl Instituto S\u00f2l-de-riu no se hace responsable de los contenidos a los que apunten los enlaces que se puedan ofrecer desde esta web y que no se correspondan a dominios titularidad del Instituto S\u00f2l-de-riu.<br \/>\nLos anunciantes y patrocinadores con los que el Instituto S\u00f2l-de-riu pueda establecer relaciones comerciales son los responsables tanto del cumplimiento de las leyes como de los contenidos del material que difundan y publiquen mediante la web del Instituto S\u00f2l-de-riu.<\/p>\n<p><strong>Propiedad intelectual y industrial<\/strong><\/p>\n<p>Esta web y todos los contenidos, incluyendo textos, im\u00e1genes, audios, v\u00eddeos, dise\u00f1os, as\u00ed como cualquiera otro material susceptible de protecci\u00f3n, son titularidad del Instituto S\u00f2l-de-riu. Todos aquellos contenidos de los cuales el Instituto S\u00f2l-de-riu no sea el titular, ser\u00e1n incluidos en las p\u00e1ginas \u00fanicamente despu\u00e9s de haber obtenido el consentimiento correspondiente de sus leg\u00edtimos titulares.<br \/>\nEn este \u00faltimo caso, se reflejar\u00e1 la autor\u00eda de forma que pueda identificarse el origen de la titularidad.<br \/>\nCiertos materiales se ofrecen bajo una licencia Creative Commons. Las condiciones de la mencionada licencia pueden variar de unos materiales a otros, y las condiciones en las que se puedan usar por parte de los interesados se detallan en cada caso concreto.<br \/>\nEl ofrecimiento de ciertos materiales bajo las condiciones de estas licencias no implicar\u00e1 en ning\u00fan caso la extensi\u00f3n de estas condiciones a otros.<\/p>\n<p><strong>Responsabilidad sobre contenido y uso<\/strong><\/p>\n<p>El usuario se compromete a hacer un uso correcto de todos los contenidos y servicios de la web y no modificar\u00e1 ni da\u00f1ar\u00e1, de ninguna forma, los datos, los programas o los documentos de la web, ni introducir\u00e1 ning\u00fan tipo de dispositivo l\u00f3gico o secuencia de caracteres que pueda afectar el sistema inform\u00e1tico de la web, incluidos los medios de protecci\u00f3n y de seguridad.<br \/>\nEl Instituto S\u00f2l-de-riu no se hace responsable de los posibles da\u00f1os o perjuicios provocados por interferencias, omisiones, interrupciones, virus inform\u00e1ticos, aver\u00edas o desconexiones de este sistema electr\u00f3nico.<br \/>\nEl Instituto S\u00f2l-de-riu se reserva el derecho de efectuar, sin aviso previo, los cambios que considere oportunos a la web, y de suspender temporalmente el acceso para introducir mejoras o para hacer el mantenimiento.<br \/>\nEl usuario se compromete a hacer un uso adecuado de los canales de comunicaci\u00f3n de cualquier tipo que el Instituto S\u00f2l-de-riu ofrezca en esta web, y a no utilizarlos para incurrir en actividades il\u00edcitas o contrarias a la buena fe y al ordenamiento legal. Entre otros, pero no exclusivamente: difundir contenidos o propaganda de ning\u00fan tipo, insultos, opiniones que puedan ser calificados como delitos contra el honor\u2026<br \/>\nEl Instituto S\u00f2l-de-riu eliminar\u00e1 todas aquellas manifestaciones que no respeten lo mencionado en el p\u00e1rrafo anterior.<\/p>\n<p><strong>Tratamiento de datos de car\u00e1cter personal<\/strong><\/p>\n<p>De acuerdo con la normativa vigente en materia de protecci\u00f3n de datos as\u00ed como en materia de servicios de la sociedad de la informaci\u00f3n y de comercio electr\u00f3nico, el usuario acepta que los datos personales aportados en el momento de su registro, o cualquier otro dato facilitado al Instituto S\u00f2l-de-riu para su acceso a algunos de los servicios de la web sean incorporados a ficheros titularidad de esta empresa, con el fin de facilitar la prestaci\u00f3n de los servicios solicitados, para la correcta identificaci\u00f3n de los usuarios que solicitan servicios personalizados, para la realizaci\u00f3n de estudios estad\u00edsticos de los usuarios registrados que permitan dise\u00f1ar mejoras en los servicios prestados, para la gesti\u00f3n de tareas b\u00e1sicas de administraci\u00f3n, as\u00ed como para mantenerle informado, bien por correo electr\u00f3nico, bien por cualquier otro medio, de novedades, productos y servicios relacionados con el Instituto S\u00f2l-de-riu, o con terceras empresas colaboradoras.<br \/>\nEn el caso de comunicaciones comerciales a trav\u00e9s de correo electr\u00f3nico o cualquier medio equivalente, el usuario presta su consentimiento expreso para el env\u00edo de publicidad a trav\u00e9s de este medio.<br \/>\nEl Instituto S\u00f2l-de-riu se compromete al cumplimiento de su obligaci\u00f3n de secreto de los datos de car\u00e1cter personal y de su deber de tratarlos con confidencialidad, y asume, a estos efectos, las medidas de \u00edndole t\u00e9cnica, organizativa y de seguridad necesarias para evitar su alteraci\u00f3n, p\u00e9rdida, tratamiento o acceso no autorizado, de acuerdo con lo establecido en la Ley Org\u00e1nica 15\/1999 de 13 de diciembre, de Protecci\u00f3n de Datos de Car\u00e1cter Personal, y otra legislaci\u00f3n aplicable.<br \/>\nEl usuario responder\u00e1, en cualquier caso, de la veracidad de los datos facilitados, reserv\u00e1ndose el Instituto S\u00f2l-de-riu el derecho a excluir de los servicios registrados a todo usuario que haya facilitado datos falsos, sin perjuicio de las otras acciones que procedan en Derecho.<br \/>\nCualquier usuario registrado puede en cualquier momento ejercer el derecho a acceder, rectificar y, si procede, cancelar sus datos de car\u00e1cter personal suministrados mediante petici\u00f3n escrita dirigida a e3007087@xtec.cat, teni\u00e9ndose que identificar con fotocopia del D.N.I., Pasaporte o documento equivalente.<br \/>\nAl pulsar el bot\u00f3n de enviar\/guardar datos en cualquier formulario, el usuario da su consentimiento inequ\u00edvoco y expreso al tratamiento de sus datos personales conforme a las finalidades y servicios que presta el Instituto S\u00f2l-de-riu a trav\u00e9s de cualquiera de sus webs, as\u00ed como, si procede, la cesi\u00f3n a terceros para el cumplimiento efectivo de los servicios, entendi\u00e9ndose por tercero \u201cLas entidades que colaboran con el Instituto S\u00f2l-de-riu y que suministran servicios espec\u00edficos a sus clientes\u201d.<\/p>\n<p><strong>Limitaci\u00f3n de la responsabilidad<\/strong><\/p>\n<p>El Instituto S\u00f2l-de-riu no asume ninguna responsabilidad derivada, o que se pudiera derivar, del uso que los usuarios hagan de las informaciones y contenidos de este sitio web.<\/p>\n","protected":false},"excerpt":{"rendered":"<p>Titular: Instituto S\u00f2l-de-riu<br \/>\nCIF del titular: Q9355290I<br \/>\nDomicilio social: Avenida Joan Maragall, s\/n, 43530 Alcanar (Tarragona)<br \/>\nAVISO GENERAL WEB<br \/>\nEste aviso tiene como objeto establecer las Condiciones que regulan el acceso y el uso de la web del Instituto S\u00f2l-de-riu. El acceso y uso de esta web implican la&hellip;  <a href=\"https:\/\/agora.xtec.cat\/inssolderiu\/nota-legal-2\/\" title=\"Read Nota legal\">Llegeix m\u00e9s\u00bb<\/a><\/p>\n","protected":false},"author":1,"featured_media":0,"parent":0,"menu_order":0,"comment_status":"closed","ping_status":"closed","template":"","meta":{"_bbp_topic_count":0,"_bbp_reply_count":0,"_bbp_total_topic_count":0,"_bbp_total_reply_count":0,"_bbp_voice_count":0,"_bbp_anonymous_reply_count":0,"_bbp_topic_count_hidden":0,"_bbp_reply_count_hidden":0,"_bbp_forum_subforum_count":0,"footnotes":""},"class_list":["post-421","page","type-page","status-publish","hentry"],"post_mailing_queue_ids":[],"_links":{"self":[{"href":"https:\/\/agora.xtec.cat\/inssolderiu\/wp-json\/wp\/v2\/pages\/421","targetHints":{"allow":["GET"]}}],"collection":[{"href":"https:\/\/agora.xtec.cat\/inssolderiu\/wp-json\/wp\/v2\/pages"}],"about":[{"href":"https:\/\/agora.xtec.cat\/inssolderiu\/wp-json\/wp\/v2\/types\/page"}],"author":[{"embeddable":true,"href":"https:\/\/agora.xtec.cat\/inssolderiu\/wp-json\/wp\/v2\/users\/1"}],"replies":[{"embeddable":true,"href":"https:\/\/agora.xtec.cat\/inssolderiu\/wp-json\/wp\/v2\/comments?post=421"}],"version-history":[{"count":0,"href":"https:\/\/agora.xtec.cat\/inssolderiu\/wp-json\/wp\/v2\/pages\/421\/revisions"}],"wp:attachment":[{"href":"https:\/\/agora.xtec.cat\/inssolderiu\/wp-json\/wp\/v2\/media?parent=421"}],"curies":[{"name":"wp","href":"https:\/\/api.w.org\/{rel}","templated":true}]}}