{"id":417,"date":"2014-07-01T18:24:02","date_gmt":"2014-07-01T16:24:02","guid":{"rendered":"http:\/\/institutsolderiu.cat\/?page_id=417"},"modified":"2014-07-01T18:24:02","modified_gmt":"2014-07-01T16:24:02","slug":"nota-legal","status":"publish","type":"page","link":"https:\/\/agora.xtec.cat\/inssolderiu\/nota-legal\/","title":{"rendered":"Nota legal"},"content":{"rendered":"<p>Titular: Institut S\u00f2l-de-riu<br \/>\nCIF del titular: Q9355290I<br \/>\nDomicili social: Avinguda Joan Maragall, s\/n, 43530 Alcanar (Tarragona)<\/p>\n<p><strong>AV\u00cdS GENERAL WEB<\/strong><\/p>\n<p>Aquest av\u00eds t\u00e9 com a objecte establir les Condicions que regulen l\u2019acc\u00e9s i l\u2019\u00fas del web de Institut S\u00f2l-de-riu. L\u2019acc\u00e9s i \u00fas d\u2019aquest web impliquen la submissi\u00f3 i acceptaci\u00f3 de les condicions que es detallen seguidament.<br \/>\nEl contingut d\u2019aquest web podr\u00e0 ser modificat en qualsevol moment per part del seu titular, sense necessitat de cap comunicaci\u00f3 pr\u00e8via per part de l&#8217;Institut S\u00f2l-de-riu.<br \/>\nL&#8217;Institut S\u00f2l-de-riu no es fa responsable dels continguts als que apuntin els links que es puguin oferir des d\u2019aquest web i que no es corresponguin a dominis titularitat de l&#8217;Institut S\u00f2l-de-riu.<br \/>\nEls anunciants i patrocinadors amb els que l&#8217;Institut S\u00f2l-de-riu pugui establir relacions comercials s\u00f3n els responsables tant del compliment de les lleis com dels continguts del material que difonguin i publiquin mitjan\u00e7ant el web de l&#8217;Institut S\u00f2l-de-riu.<\/p>\n<p><strong>Propietat intel\u00b7lectual i industrial<\/strong><\/p>\n<p>Aquest web i tots els continguts, incloent-hi textos, imatges, \u00e0udios, v\u00eddeos, dissenys, aix\u00ed com qualsevol altre material susceptible de protecci\u00f3, s\u00f3n titularitat de l&#8217;Institut S\u00f2l-de-riu. Tots aquells continguts dels quals l&#8217;Institut S\u00f2l-de-riu no en sigui el titular, seran inclosos a les p\u00e0gines \u00fanicament despr\u00e9s d\u2019haver obtingut el consentiment corresponent dels seus leg\u00edtims titulars.<br \/>\nEn aquest darrer cas, es reflectir\u00e0 l\u2019autoria de manera que pugui identificar-se l\u2019origen de la titularitat.<br \/>\nCerts materials s\u2019ofereixen sota una llic\u00e8ncia Creative Commons. Les condicions de l\u2019esmentada llic\u00e8ncia poden variar d\u2019uns materials a uns altres, i les condicions en les que es puguin fer servir per part dels interessats es detallen en cada cas concret.<br \/>\nL\u2019oferiment de certs materials sota les condicions d\u2019aquestes llic\u00e8ncies no implicar\u00e0 en cap cas l\u2019extensi\u00f3 d\u2019aquestes condicions a d\u2019altres.<\/p>\n<p><strong>Responsabilitat sobre contingut i \u00fas<\/strong><\/p>\n<p>L\u2019usuari es compromet a fer un \u00fas correcte de tots els continguts i serveis del web i no modificar\u00e0 ni danyar\u00e0, de cap manera, les dades, els programes o els documents del web, ni hi introduir\u00e0 cap mena de dispositiu l\u00f2gic o seq\u00fc\u00e8ncia de car\u00e0cters que pugui afectar el sistema inform\u00e0tic del web, inclosos els mitjans de protecci\u00f3 i de seguretat.<br \/>\nL&#8217;Institut S\u00f2l-de-riu no es fa responsable dels possibles danys o perjudicis provocats per interfer\u00e8ncies, omissions, interrupcions, virus inform\u00e0tics, avaries o desconnexions d\u2019aquest sistema electr\u00f2nic.<br \/>\nL&#8217;Institut S\u00f2l-de-riu es reserva el dret d\u2019efectuar, sense av\u00eds previ, els canvis que consideri oportuns al web, i de suspendre\u2019n temporalment l\u2019acc\u00e9s per introduir-hi millores o per fer-ne el manteniment.<br \/>\nL\u2019usuari es compromet a fer un \u00fas adequat dels canals de comunicaci\u00f3 de qualsevol mena que l&#8217;Institut S\u00f2l-de-riu ofereixi en aquest web, i a no utilitzar-los per inc\u00f3rrer en activitats il\u00b7l\u00edcites o contr\u00e0ries a la bona fe i a l\u2019ordenament legal. Entre d\u2019altres, per\u00f2 no exclusivament: difondre continguts o propaganda de cap mena, insults, opinions que puguin ser qualificats com a delictes contra l\u2019honor\u2026<br \/>\nL&#8217;Institut S\u00f2l-de-riu eliminar\u00e0 totes aquelles manifestacions que no respectin l\u2019esmentat en el par\u00e0graf anterior.<\/p>\n<p><strong>Tractament de dades de car\u00e0cter personal<br \/>\n<\/strong><\/p>\n<p>D\u2019acord amb la normativa vigent en mat\u00e8ria de protecci\u00f3 de dades aix\u00ed com en mat\u00e8ria de serveis de la societat de la informaci\u00f3 i de comer\u00e7 electr\u00f2nic, l\u2019usuari accepta que les dades personals aportades en el moment del seu registre, o qualsevol altra dada facilitada a l&#8217;Institut S\u00f2l-de-riu per al seu acc\u00e9s a alguns dels serveis del web siguin incorporades a fitxers titularitat d\u2019aquesta empresa, amb la finalitat de facilitar la prestaci\u00f3 dels serveis sol\u00b7licitats, per a la correcta identificaci\u00f3 dels usuaris que sol\u00b7liciten serveis personalitzats, per a la realitzaci\u00f3 d\u2019estudis estad\u00edstics dels usuaris registrats que permetin dissenyar millores en els serveis prestats, per a la gesti\u00f3 de tasques b\u00e0siques d\u2019administraci\u00f3, aix\u00ed com per mantenir-li informat, b\u00e9 per correu electr\u00f2nic, b\u00e9 per qualsevol altre mitj\u00e0, de novetats, productes i serveis relacionats amb l&#8217;Institut S\u00f2l-de-riu, o amb terceres empreses col\u00b7laboradores.<br \/>\nEn el cas de comunicacions comercials a trav\u00e9s de correu electr\u00f2nic o qualsevol mitj\u00e0 equivalent, l\u2019usuari presta el seu consentiment expr\u00e9s per a l\u2019enviament de publicitat a trav\u00e9s d\u2019aquest mitj\u00e0.<br \/>\nL&#8217;Institut S\u00f2l-de-riu es compromet al compliment de la seva obligaci\u00f3 de secret de les dades de car\u00e0cter personal i del seu deure de tractar-los amb confidencialitat, i assumeix, a aquests efectes, les mesures d\u2019\u00edndole t\u00e8cnica, organitzativa i de seguretat necess\u00e0ries per evitar la seva alteraci\u00f3, p\u00e8rdua, tractament o acc\u00e9s no autoritzat, d\u2019acord amb l\u2019establert en la Llei Org\u00e0nica 15\/1999 de 13 de desembre, de Protecci\u00f3 de Dades de Car\u00e0cter Personal, i altra legislaci\u00f3 aplicable.<br \/>\nL\u2019usuari respondr\u00e0, en qualsevol cas, de la veracitat de les dades facilitades, reservant-se l&#8217;Institut S\u00f2l-de-riu el dret a excloure dels serveis registrats a tot usuari que hagi facilitat dades falses, sense perjudici de les altres accions que procedeixin en Dret.<br \/>\nQualsevol usuari registrat pot en qualsevol moment exercir el dret a accedir, rectificar i, si escau, cancel\u00b7lar les seves dades de car\u00e0cter personal subministrades mitjan\u00e7ant petici\u00f3 escrita dirigida a e3007087@xtec.cat, havent-se d\u2019identificar amb fotoc\u00f2pia del D.N.I., Passaport o document equivalent.<br \/>\nEn pr\u00e9mer el bot\u00f3 d\u2019enviar\/guardar dades en qualsevol formulari, l\u2019usuari d\u00f3na el seu consentiment inequ\u00edvoc i expr\u00e9s al tractament de les seves dades personals conforme a les finalitats i serveis que presta l&#8217;Institut S\u00f2l-de-riu a trav\u00e9s de qualsevol dels seus webs, aix\u00ed com, si escau, la cessi\u00f3 a tercers per al compliment efectiu dels serveis, entenent-se per tercer \u201cLes entitats que col\u00b7laboren amb l&#8217;Institut S\u00f2l-de-riu i que subministren serveis espec\u00edfics als seus clients\u201d.<\/p>\n<p><strong>Limitaci\u00f3 de la responsabilitat<\/strong><\/p>\n<p>L&#8217;Institut S\u00f2l-de-riu no assumeix cap responsabilitat derivada, o que se\u2019n pogu\u00e9s derivar, de la utilitzaci\u00f3 que els usuaris facin de les informacions i continguts d\u2019aquest lloc web.<\/p>\n","protected":false},"excerpt":{"rendered":"<p>Titular: Institut S\u00f2l-de-riu<br \/>\nCIF del titular: Q9355290I<br \/>\nDomicili social: Avinguda Joan Maragall, s\/n, 43530 Alcanar (Tarragona)<br \/>\nAV\u00cdS GENERAL WEB<br \/>\nAquest av\u00eds t\u00e9 com a objecte establir les Condicions que regulen l\u2019acc\u00e9s i l\u2019\u00fas del web de Institut S\u00f2l-de-riu. L\u2019acc\u00e9s i \u00fas d\u2019aquest web impliquen la submissi\u00f3 i acceptaci\u00f3 de&hellip;  <a href=\"https:\/\/agora.xtec.cat\/inssolderiu\/nota-legal\/\" title=\"Read Nota legal\">Llegeix m\u00e9s\u00bb<\/a><\/p>\n","protected":false},"author":1,"featured_media":0,"parent":0,"menu_order":0,"comment_status":"closed","ping_status":"closed","template":"","meta":{"_bbp_topic_count":0,"_bbp_reply_count":0,"_bbp_total_topic_count":0,"_bbp_total_reply_count":0,"_bbp_voice_count":0,"_bbp_anonymous_reply_count":0,"_bbp_topic_count_hidden":0,"_bbp_reply_count_hidden":0,"_bbp_forum_subforum_count":0,"footnotes":""},"class_list":["post-417","page","type-page","status-publish","hentry"],"post_mailing_queue_ids":[],"_links":{"self":[{"href":"https:\/\/agora.xtec.cat\/inssolderiu\/wp-json\/wp\/v2\/pages\/417","targetHints":{"allow":["GET"]}}],"collection":[{"href":"https:\/\/agora.xtec.cat\/inssolderiu\/wp-json\/wp\/v2\/pages"}],"about":[{"href":"https:\/\/agora.xtec.cat\/inssolderiu\/wp-json\/wp\/v2\/types\/page"}],"author":[{"embeddable":true,"href":"https:\/\/agora.xtec.cat\/inssolderiu\/wp-json\/wp\/v2\/users\/1"}],"replies":[{"embeddable":true,"href":"https:\/\/agora.xtec.cat\/inssolderiu\/wp-json\/wp\/v2\/comments?post=417"}],"version-history":[{"count":0,"href":"https:\/\/agora.xtec.cat\/inssolderiu\/wp-json\/wp\/v2\/pages\/417\/revisions"}],"wp:attachment":[{"href":"https:\/\/agora.xtec.cat\/inssolderiu\/wp-json\/wp\/v2\/media?parent=417"}],"curies":[{"name":"wp","href":"https:\/\/api.w.org\/{rel}","templated":true}]}}