{"id":195,"date":"2014-09-22T10:39:39","date_gmt":"2014-09-22T10:39:39","guid":{"rendered":"http:\/\/agora.xtec.cat\/inssolderiu\/?page_id=195"},"modified":"2024-05-22T13:21:31","modified_gmt":"2024-05-22T11:21:31","slug":"estudis","status":"publish","type":"page","link":"https:\/\/agora.xtec.cat\/inssolderiu\/estudis\/","title":{"rendered":"Estudis"},"content":{"rendered":"<p>Actualment al centre s&#8217;imparteixen els seg\u00fcents ensenyaments:<\/p>\n<ul>\n<li><a href=\"https:\/\/agora.xtec.cat\/inssolderiu\/linstitut\/estudis\/eso\/\"><strong>Educaci\u00f3 Secund\u00e0ria Obligat\u00f2ria<\/strong><\/a>\n<ul style=\"color: #474747;\">\n<li>1r curs d&#8217;ESO (4 grups)<\/li>\n<li>2n curs d&#8217;ESO (3 grups)<\/li>\n<li>3r curs d&#8217;ESO (4 grups)<\/li>\n<li>4t curs d&#8217;ESO (3 grups)<\/li>\n<\/ul>\n<\/li>\n<li><a href=\"https:\/\/agora.xtec.cat\/inssolderiu\/linstitut\/estudis\/batxillerat\/\"><strong>Batxillerat<\/strong><\/a>\n<ul style=\"color: #474747;\">\n<li>1r curs modalitat de Ci\u00e8ncies i Tecnologia (1 grup)<\/li>\n<li>1r curs modalitat d&#8217;Humanitats i Ci\u00e8ncies Socials (1 grup)<\/li>\n<li>2n curs modalitat de Ci\u00e8ncies i Tecnologia (1\/2 grup)<\/li>\n<li>2n curs modalitat d&#8217;Humanitats d&#8217;Humanitats i Ci\u00e8ncies Socials (1\/2 grup)<\/li>\n<\/ul>\n<\/li>\n<li><a title=\"Cicles Formatius\" href=\"http:\/\/institutsolderiu.cat\/centre\/oferta_educativa\/fp\/\" target=\"_blank\" rel=\"noopener noreferrer\"><strong>Cicles Formatius<\/strong><\/a>\n<ul style=\"color: #474747;\">\n<li><a title=\"CFGM Manteniment electromec\u00e0nic\" href=\"http:\/\/institutsolderiu.cat\/centre\/oferta_educativa\/fp\/cfpm-im10\/\" target=\"_blank\" rel=\"noopener noreferrer\">Cicle Formatiu de Grau Mitj\u00e0 d&#8217;Instal\u00b7lacions i Manteniment Electromec\u00e0nic<\/a><\/li>\n<li><a title=\"CFGM Manteniment electromec\u00e0nic\" href=\"https:\/\/agora.xtec.cat\/inssolderiu\/estudis\/cfgm-video-discjoquei-i-so\/\" target=\"_blank\" rel=\"noopener noreferrer\">Cicle Formatiu de Grau Mitj\u00e0 de V\u00eddeo, Discj\u00f2quei i So<\/a><\/li>\n<li><a href=\"https:\/\/triaeducativa.gencat.cat\/ca\/fp\/grau-basic\/\" target=\"_blank\" rel=\"noopener\">Cicle Formatiu de Grau B\u00e0sic d&#8217;Agrojardineria i composicions florals<\/a><\/li>\n<\/ul>\n<\/li>\n<li><a href=\"https:\/\/agora.xtec.cat\/inssolderiu\/centre-formador-mupfs\/\" target=\"_blank\" rel=\"noopener\"><strong>Centre Formador MUPFS<\/strong><\/a><\/li>\n<\/ul>\n","protected":false},"excerpt":{"rendered":"<p>Actualment al centre s&#8217;imparteixen els seg\u00fcents ensenyaments:<\/p>\n<ul>\n<li><a href=\"https:\/\/agora.xtec.cat\/inssolderiu\/linstitut\/estudis\/eso\/\">Educaci\u00f3 Secund\u00e0ria Obligat\u00f2ria<\/a>\n<ul style=\"color: #474747;\">\n<li>1r curs d&#8217;ESO (4 grups)<\/li>\n<li>2n curs d&#8217;ESO (3 grups)<\/li>\n<li>3r curs d&#8217;ESO (4 grups)<\/li>\n<li>4t curs d&#8217;ESO (3 grups)<\/li>\n<\/ul>\n<\/li>\n<li><a href=\"https:\/\/agora.xtec.cat\/inssolderiu\/linstitut\/estudis\/batxillerat\/\">Batxillerat<\/a>\n<ul style=\"color: #474747;\">\n<li>1r curs modalitat de Ci\u00e8ncies i Tecnologia (1 grup)<\/li>\n<li>1r curs modalitat d&#8217;Humanitats i Ci\u00e8ncies Socials&hellip;  <a href=\"https:\/\/agora.xtec.cat\/inssolderiu\/estudis\/\" title=\"Read Estudis\">Llegeix m\u00e9s\u00bb<\/a><br \/>\n","protected":false},"author":1,"featured_media":0,"parent":0,"menu_order":0,"comment_status":"closed","ping_status":"closed","template":"page-templates\/side-menu.php","meta":{"_bbp_topic_count":0,"_bbp_reply_count":0,"_bbp_total_topic_count":0,"_bbp_total_reply_count":0,"_bbp_voice_count":0,"_bbp_anonymous_reply_count":0,"_bbp_topic_count_hidden":0,"_bbp_reply_count_hidden":0,"_bbp_forum_subforum_count":0,"footnotes":""},"class_list":["post-195","page","type-page","status-publish","hentry"],"post_mailing_queue_ids":[],"_links":{"self":[{"href":"https:\/\/agora.xtec.cat\/inssolderiu\/wp-json\/wp\/v2\/pages\/195","targetHints":{"allow":["GET"]}}],"collection":[{"href":"https:\/\/agora.xtec.cat\/inssolderiu\/wp-json\/wp\/v2\/pages"}],"about":[{"href":"https:\/\/agora.xtec.cat\/inssolderiu\/wp-json\/wp\/v2\/types\/page"}],"author":[{"embeddable":true,"href":"https:\/\/agora.xtec.cat\/inssolderiu\/wp-json\/wp\/v2\/users\/1"}],"replies":[{"embeddable":true,"href":"https:\/\/agora.xtec.cat\/inssolderiu\/wp-json\/wp\/v2\/comments?post=195"}],"version-history":[{"count":5,"href":"https:\/\/agora.xtec.cat\/inssolderiu\/wp-json\/wp\/v2\/pages\/195\/revisions"}],"predecessor-version":[{"id":10016,"href":"https:\/\/agora.xtec.cat\/inssolderiu\/wp-json\/wp\/v2\/pages\/195\/revisions\/10016"}],"wp:attachment":[{"href":"https:\/\/agora.xtec.cat\/inssolderiu\/wp-json\/wp\/v2\/media?parent=195"}],"curies":[{"name":"wp","href":"https:\/\/api.w.org\/{rel}","templated":true}]}}