{"id":9535,"date":"2018-06-13T09:02:52","date_gmt":"2018-06-13T07:02:52","guid":{"rendered":"http:\/\/agora.xtec.cat\/inssobreques\/?page_id=9535"},"modified":"2018-06-14T12:30:58","modified_gmt":"2018-06-14T10:30:58","slug":"euroteens-essembles","status":"publish","type":"page","link":"https:\/\/agora.xtec.cat\/inssobreques\/projecte-educatiu\/euroteens-essembles\/","title":{"rendered":"#Euroteens Essembles"},"content":{"rendered":"<h2 style=\"text-align: justify;\">Beca Premi d\u2019Europa de l\u2019Assemblea Parlament\u00e0ria del\u00a0Consell d\u2019Europa<\/h2>\n<p style=\"text-align: justify;\">En ser distingida Girona Ciutat Premi d\u2019Europa 2016 i convocar el Premi d\u2019Europa 2017,\u00a0el nostre centre va decidir engrescar-se a participar en aquesta convocat\u00f2ria.\u00a0El nostre Projecte Educatiu de Centre recull, entre altres aspectes, la voluntat de\u00a0potenciar les lleng\u00fces estrangeres i oferir una formaci. de dimensi. europea de qualitat\u00a0al seu alumnat.<\/p>\n<p style=\"text-align: justify;\">El projecte #Euroteens ensembles va dirigit a tots els alumnes quart d\u2019ESO i pret\u00e9n\u00a0afavorir el coneixement de les institucions europees entre aquest alumnat. T\u00e9 com a\u00a0principals objectius:<\/p>\n<ul style=\"text-align: justify;\">\n<li>Millorar el coneixement de la realitat europea a trav.s de l\u2019aprenentatge\u00a0cooperatiu entre iguals, que porti l\u2019alumnat a l\u2019acci\u00f3 directa i al comprom\u00eds.<\/li>\n<li>Promoure la creativitat tot produint i creant, per tal que esdevingui productor\u00a0tecnol\u00f2gic i no \u00fanicament consumidor.<\/li>\n<li>Promoure el pensament cr\u00edtic de l\u2019alumnat, tot fomentant alhora valors de\u00a0toler\u00e0ncia i respecte davant la gran diversitat cultural, ling\u00fc\u00edstica i religiosa\u00a0europea.<\/li>\n<li>Crear material educatiu amb activitats d\u2019aprenentatge significatives destinades\u00a0al coneixement de la Uni\u00f3 Europea i de les seves institucions.<\/li>\n<li>Potenciar l\u2019\u00fas de les lleng\u00fces estrangeres que s\u2019estudien al centre.<\/li>\n<li>Afavorir l\u2019autonomia dels alumnes a l\u2019hora de preparar un viatge, i la seva\u00a0posterior realitzaci\u00f3.<\/li>\n<\/ul>\n<p style=\"text-align: justify;\">#Euroteens ensembles! \u00e9s un projecte de centre per con\u00e8ixer i donar a con\u00e8ixer les\u00a0institucions europees. Guiats pels seus professors, els alumnes hauran de cercar\u00a0informaci\u00f3 sobre Europa, debatre sobre diferents aspectes i crear material did\u00e0ctic per\u00a0explicar diferents aspectes.<\/p>\n<p style=\"text-align: justify;\"><a href=\"https:\/\/drive.google.com\/file\/d\/10ZNsp6LBf-1w8DYjTkfMfoMclPnYissw\/view?usp=sharing\" target=\"_blank\" rel=\"noopener noreferrer\"><img loading=\"lazy\" decoding=\"async\" class=\"aligncenter size-full wp-image-9545\" src=\"http:\/\/agora.xtec.cat\/inssobreques\/wp-content\/uploads\/usu152\/2018\/06\/Mem\u00f2ria-BECA-EUROPA.png\" alt=\"\" width=\"519\" height=\"665\" srcset=\"https:\/\/agora.xtec.cat\/inssobreques\/wp-content\/uploads\/usu152\/2018\/06\/Mem\u00f2ria-BECA-EUROPA.png 519w, https:\/\/agora.xtec.cat\/inssobreques\/wp-content\/uploads\/usu152\/2018\/06\/Mem\u00f2ria-BECA-EUROPA-234x300.png 234w\" sizes=\"auto, (max-width: 519px) 100vw, 519px\" \/><\/a><\/p>\n","protected":false},"excerpt":{"rendered":"<p>Beca Premi d\u2019Europa de l\u2019Assemblea Parlament\u00e0ria del\u00a0Consell d\u2019Europa En ser distingida Girona Ciutat Premi d\u2019Europa 2016 i convocar el Premi d\u2019Europa 2017,\u00a0el nostre centre va decidir engrescar-se a participar en aquesta convocat\u00f2ria.\u00a0El nostre Projecte Educatiu de Centre recull, entre altres aspectes, la voluntat de\u00a0potenciar les lleng\u00fces estrangeres i oferir una formaci. de dimensi. europea de [&hellip;]<\/p>\n","protected":false},"author":1,"featured_media":0,"parent":57,"menu_order":0,"comment_status":"closed","ping_status":"closed","template":"","meta":{"_bbp_topic_count":0,"_bbp_reply_count":0,"_bbp_total_topic_count":0,"_bbp_total_reply_count":0,"_bbp_voice_count":0,"_bbp_anonymous_reply_count":0,"_bbp_topic_count_hidden":0,"_bbp_reply_count_hidden":0,"_bbp_forum_subforum_count":0,"site-sidebar-layout":"default","site-content-layout":"","ast-site-content-layout":"","site-content-style":"default","site-sidebar-style":"default","ast-global-header-display":"","ast-banner-title-visibility":"","ast-main-header-display":"","ast-hfb-above-header-display":"","ast-hfb-below-header-display":"","ast-hfb-mobile-header-display":"","site-post-title":"","ast-breadcrumbs-content":"","ast-featured-img":"","footer-sml-layout":"","theme-transparent-header-meta":"","adv-header-id-meta":"","stick-header-meta":"","header-above-stick-meta":"","header-main-stick-meta":"","header-below-stick-meta":"","astra-migrate-meta-layouts":"default","ast-page-background-enabled":"default","ast-page-background-meta":{"desktop":{"background-color":"var(--ast-global-color-4)","background-image":"","background-repeat":"repeat","background-position":"center center","background-size":"auto","background-attachment":"scroll","background-type":"","background-media":"","overlay-type":"","overlay-color":"","overlay-opacity":"","overlay-gradient":""},"tablet":{"background-color":"","background-image":"","background-repeat":"repeat","background-position":"center center","background-size":"auto","background-attachment":"scroll","background-type":"","background-media":"","overlay-type":"","overlay-color":"","overlay-opacity":"","overlay-gradient":""},"mobile":{"background-color":"","background-image":"","background-repeat":"repeat","background-position":"center center","background-size":"auto","background-attachment":"scroll","background-type":"","background-media":"","overlay-type":"","overlay-color":"","overlay-opacity":"","overlay-gradient":""}},"ast-content-background-meta":{"desktop":{"background-color":"var(--ast-global-color-5)","background-image":"","background-repeat":"repeat","background-position":"center center","background-size":"auto","background-attachment":"scroll","background-type":"","background-media":"","overlay-type":"","overlay-color":"","overlay-opacity":"","overlay-gradient":""},"tablet":{"background-color":"var(--ast-global-color-5)","background-image":"","background-repeat":"repeat","background-position":"center center","background-size":"auto","background-attachment":"scroll","background-type":"","background-media":"","overlay-type":"","overlay-color":"","overlay-opacity":"","overlay-gradient":""},"mobile":{"background-color":"var(--ast-global-color-5)","background-image":"","background-repeat":"repeat","background-position":"center center","background-size":"auto","background-attachment":"scroll","background-type":"","background-media":"","overlay-type":"","overlay-color":"","overlay-opacity":"","overlay-gradient":""}},"footnotes":""},"class_list":["post-9535","page","type-page","status-publish","hentry"],"post_mailing_queue_ids":[],"_links":{"self":[{"href":"https:\/\/agora.xtec.cat\/inssobreques\/wp-json\/wp\/v2\/pages\/9535","targetHints":{"allow":["GET"]}}],"collection":[{"href":"https:\/\/agora.xtec.cat\/inssobreques\/wp-json\/wp\/v2\/pages"}],"about":[{"href":"https:\/\/agora.xtec.cat\/inssobreques\/wp-json\/wp\/v2\/types\/page"}],"author":[{"embeddable":true,"href":"https:\/\/agora.xtec.cat\/inssobreques\/wp-json\/wp\/v2\/users\/1"}],"replies":[{"embeddable":true,"href":"https:\/\/agora.xtec.cat\/inssobreques\/wp-json\/wp\/v2\/comments?post=9535"}],"version-history":[{"count":4,"href":"https:\/\/agora.xtec.cat\/inssobreques\/wp-json\/wp\/v2\/pages\/9535\/revisions"}],"predecessor-version":[{"id":9546,"href":"https:\/\/agora.xtec.cat\/inssobreques\/wp-json\/wp\/v2\/pages\/9535\/revisions\/9546"}],"up":[{"embeddable":true,"href":"https:\/\/agora.xtec.cat\/inssobreques\/wp-json\/wp\/v2\/pages\/57"}],"wp:attachment":[{"href":"https:\/\/agora.xtec.cat\/inssobreques\/wp-json\/wp\/v2\/media?parent=9535"}],"curies":[{"name":"wp","href":"https:\/\/api.w.org\/{rel}","templated":true}]}}