{"id":57,"date":"2014-09-17T17:01:07","date_gmt":"2014-09-17T17:01:07","guid":{"rendered":"http:\/\/agora.xtec.cat\/inssobreques\/?page_id=57"},"modified":"2015-04-15T11:33:42","modified_gmt":"2015-04-15T10:33:42","slug":"projecte-educatiu","status":"publish","type":"page","link":"https:\/\/agora.xtec.cat\/inssobreques\/projecte-educatiu\/","title":{"rendered":"Projecte educatiu"},"content":{"rendered":"<p>El nostre Projecte educatiu defineix els nostres tres d&#8217;identitat, els nostres objectius educatius i la nostra estructura organitzativa.<\/p>\n<p><strong>Els nostres objectius fonamentals<\/strong><\/p>\n<ul>\n<li>El nostre centre t\u00e9 coma a objectiu educatiu primordial la formaci\u00f3 integral dels alumnes. Considera que l&#8217;educaci\u00f3 ha de crear inter\u00e8s per l&#8217;estudi, curiositat pel saber, afany de participaci\u00f3 i consci\u00e8ncia c\u00edvica i democr\u00e0tica, posant l&#8217;\u00e8mfasi en els valors humans i en les actituds de respecte i d&#8217;iniciativa, no nom\u00e9s en l&#8217;\u00e0mbit individual, sin\u00f3 tamb\u00e9 en la seva relaci\u00f3 amb el grup i amb contacte molt directe amb les fam\u00edlies. \u00c9s per aix\u00f2 que potencia especialment l&#8217;aplicaci\u00f3 del nostre Pla d&#8217;Acci\u00f3 Tutorial i per tal de vetllar per l&#8217;orientaci\u00f3 i formaci\u00f3 de tots els nois i noies.<\/li>\n<li>Una educaci\u00f3 basada en el clima de llibertat, participaci\u00f3 i respecte vers els altres i vers l&#8217;entorn.<\/li>\n<li>Oferir una atenci\u00f3 a la diversitat que elimini qualsevol discriminaci\u00f3, asseguri la igualtat d&#8217;oportunitat i faci possible una escola que orienta el futur dels alumnes.<\/li>\n<li>El projecte curricular es fa ress\u00f2 de la necessitat del coneixement de les lleng\u00fces. La llengua vehicular \u00e9s el catal\u00e0 i s&#8217;ofereix tamb\u00e9 l&#8217;aprenentatge de l&#8217;angl\u00e8s i el franc\u00e8s.<\/li>\n<li>El centre treballa diversos eixos transversals des de les tutories: orientaci\u00f3 als alumnes en temes com l&#8217;alimentaci\u00f3, autoestima, drogues i salut, etc. En la mateixa l\u00ednia, l&#8217;AMPA organitza diverses confer\u00e8ncies adre\u00e7ades als pares i mares sobre temes diversos relacionats amb l&#8217;adolesc\u00e8ncia.<\/li>\n<\/ul>\n","protected":false},"excerpt":{"rendered":"<p>El nostre Projecte educatiu defineix els nostres tres d&#8217;identitat, els nostres objectius educatius i la nostra estructura organitzativa. Els nostres objectius fonamentals El nostre centre t\u00e9 coma a objectiu educatiu primordial la formaci\u00f3 integral dels alumnes. Considera que l&#8217;educaci\u00f3 ha de crear inter\u00e8s per l&#8217;estudi, curiositat pel saber, afany de participaci\u00f3 i consci\u00e8ncia c\u00edvica i [&hellip;]<\/p>\n","protected":false},"author":1,"featured_media":0,"parent":0,"menu_order":0,"comment_status":"closed","ping_status":"closed","template":"page-templates\/side-menu.php","meta":{"_bbp_topic_count":0,"_bbp_reply_count":0,"_bbp_total_topic_count":0,"_bbp_total_reply_count":0,"_bbp_voice_count":0,"_bbp_anonymous_reply_count":0,"_bbp_topic_count_hidden":0,"_bbp_reply_count_hidden":0,"_bbp_forum_subforum_count":0,"site-sidebar-layout":"default","site-content-layout":"","ast-site-content-layout":"","site-content-style":"default","site-sidebar-style":"default","ast-global-header-display":"","ast-banner-title-visibility":"","ast-main-header-display":"","ast-hfb-above-header-display":"","ast-hfb-below-header-display":"","ast-hfb-mobile-header-display":"","site-post-title":"","ast-breadcrumbs-content":"","ast-featured-img":"","footer-sml-layout":"","theme-transparent-header-meta":"","adv-header-id-meta":"","stick-header-meta":"","header-above-stick-meta":"","header-main-stick-meta":"","header-below-stick-meta":"","astra-migrate-meta-layouts":"default","ast-page-background-enabled":"default","ast-page-background-meta":{"desktop":{"background-color":"var(--ast-global-color-4)","background-image":"","background-repeat":"repeat","background-position":"center center","background-size":"auto","background-attachment":"scroll","background-type":"","background-media":"","overlay-type":"","overlay-color":"","overlay-opacity":"","overlay-gradient":""},"tablet":{"background-color":"","background-image":"","background-repeat":"repeat","background-position":"center center","background-size":"auto","background-attachment":"scroll","background-type":"","background-media":"","overlay-type":"","overlay-color":"","overlay-opacity":"","overlay-gradient":""},"mobile":{"background-color":"","background-image":"","background-repeat":"repeat","background-position":"center center","background-size":"auto","background-attachment":"scroll","background-type":"","background-media":"","overlay-type":"","overlay-color":"","overlay-opacity":"","overlay-gradient":""}},"ast-content-background-meta":{"desktop":{"background-color":"var(--ast-global-color-5)","background-image":"","background-repeat":"repeat","background-position":"center center","background-size":"auto","background-attachment":"scroll","background-type":"","background-media":"","overlay-type":"","overlay-color":"","overlay-opacity":"","overlay-gradient":""},"tablet":{"background-color":"var(--ast-global-color-5)","background-image":"","background-repeat":"repeat","background-position":"center center","background-size":"auto","background-attachment":"scroll","background-type":"","background-media":"","overlay-type":"","overlay-color":"","overlay-opacity":"","overlay-gradient":""},"mobile":{"background-color":"var(--ast-global-color-5)","background-image":"","background-repeat":"repeat","background-position":"center center","background-size":"auto","background-attachment":"scroll","background-type":"","background-media":"","overlay-type":"","overlay-color":"","overlay-opacity":"","overlay-gradient":""}},"footnotes":""},"class_list":["post-57","page","type-page","status-publish","hentry"],"post_mailing_queue_ids":[],"_links":{"self":[{"href":"https:\/\/agora.xtec.cat\/inssobreques\/wp-json\/wp\/v2\/pages\/57","targetHints":{"allow":["GET"]}}],"collection":[{"href":"https:\/\/agora.xtec.cat\/inssobreques\/wp-json\/wp\/v2\/pages"}],"about":[{"href":"https:\/\/agora.xtec.cat\/inssobreques\/wp-json\/wp\/v2\/types\/page"}],"author":[{"embeddable":true,"href":"https:\/\/agora.xtec.cat\/inssobreques\/wp-json\/wp\/v2\/users\/1"}],"replies":[{"embeddable":true,"href":"https:\/\/agora.xtec.cat\/inssobreques\/wp-json\/wp\/v2\/comments?post=57"}],"version-history":[{"count":3,"href":"https:\/\/agora.xtec.cat\/inssobreques\/wp-json\/wp\/v2\/pages\/57\/revisions"}],"predecessor-version":[{"id":543,"href":"https:\/\/agora.xtec.cat\/inssobreques\/wp-json\/wp\/v2\/pages\/57\/revisions\/543"}],"wp:attachment":[{"href":"https:\/\/agora.xtec.cat\/inssobreques\/wp-json\/wp\/v2\/media?parent=57"}],"curies":[{"name":"wp","href":"https:\/\/api.w.org\/{rel}","templated":true}]}}