{"id":46,"date":"2014-09-17T16:53:45","date_gmt":"2014-09-17T16:53:45","guid":{"rendered":"http:\/\/agora.xtec.cat\/inssobreques\/?page_id=46"},"modified":"2026-02-09T11:32:32","modified_gmt":"2026-02-09T10:32:32","slug":"organigrama","status":"publish","type":"page","link":"https:\/\/agora.xtec.cat\/inssobreques\/linstitut\/organigrama\/","title":{"rendered":"Organigrama"},"content":{"rendered":"<p><strong>EQUIP DIRECTIU<\/strong><\/p>\n<table>\n<tbody>\n<tr>\n<td><strong>C\u00c0RREC<\/strong><\/td>\n<td><strong>PROFESSORS<\/strong><\/td>\n<\/tr>\n<tr>\n<td>Director<\/td>\n<td>Ignasi Auquer Pedemonte<\/td>\n<\/tr>\n<tr>\n<td>Cap d&#8217;Estudis<\/td>\n<td>Maria Masoliver Dom\u00e8nech<\/td>\n<\/tr>\n<tr>\n<td>Secretari<\/td>\n<td>Cristina Llombart Clara<\/td>\n<\/tr>\n<tr>\n<td>Coordinaci\u00f3 Pedag\u00f2gica<\/td>\n<td>Gl\u00f2ria Rigau Vila<\/td>\n<\/tr>\n<\/tbody>\n<\/table>\n<p><strong>COORDINACIONS \/ TASQUES DIVERSES<\/strong><\/p>\n<table style=\"width: 75.974445%; height: 552px;\">\n<tbody>\n<tr style=\"height: 46px;\">\n<td style=\"height: 46px;\"><strong>COORDINACI\u00d3<\/strong><\/td>\n<td style=\"height: 46px;\"><strong>PROFESSORS (en cursiva, col\u00b7laboradors externs)<\/strong><\/td>\n<\/tr>\n<tr style=\"height: 23px;\">\n<td style=\"height: 23px;\">Coordinaci\u00f3 1r ESO<\/td>\n<td style=\"height: 23px;\">Josep Portell<\/td>\n<\/tr>\n<tr style=\"height: 23px;\">\n<td style=\"height: 23px;\">Coordinaci\u00f3 2n ESO<\/td>\n<td style=\"height: 23px;\">Elena Padrosa<\/td>\n<\/tr>\n<tr style=\"height: 23px;\">\n<td style=\"height: 23px;\">Coordinaci\u00f3 3r ESO<\/td>\n<td style=\"height: 23px;\">Nani B\u00fajer<\/td>\n<\/tr>\n<tr style=\"height: 23px;\">\n<td style=\"height: 23px;\">Coordinaci\u00f3 4t ESO<\/td>\n<td style=\"height: 23px;\">Marc Roger<\/td>\n<\/tr>\n<tr style=\"height: 23px;\">\n<td style=\"height: 23px;\">Coordinaci\u00f3 1r Batxillerat<\/td>\n<td style=\"height: 23px;\">M\u00f2nica Dar\u00e0s<\/td>\n<\/tr>\n<tr style=\"height: 23px;\">\n<td style=\"height: 23px;\">Coordinaci\u00f3 2n Batxillerat<\/td>\n<td style=\"height: 23px;\">Carina Nadal<\/td>\n<\/tr>\n<tr style=\"height: 23px;\">\n<td style=\"height: 23px;\">Coordinaci\u00f3 CGGM<\/td>\n<td style=\"height: 23px;\">Jordi Armengol Roura<\/td>\n<\/tr>\n<tr style=\"height: 23px;\">\n<td style=\"height: 23px;\">Activitats i serveis<\/td>\n<td style=\"height: 23px;\">Jordi Vilarrub\u00ed \/ N\u00faria Tarr\u00e9s<\/td>\n<\/tr>\n<tr style=\"height: 46px;\">\n<td style=\"height: 46px;\">Inform\u00e0tica, gesti\u00f3 web i xarxes socials<\/td>\n<td style=\"height: 46px;\">Marta Simon \/ Nil Costa\/ \u00c0lex Asensio<\/td>\n<\/tr>\n<tr style=\"height: 23px;\">\n<td style=\"height: 23px;\">Coordinaci\u00f3 ling\u00fc\u00edstica<\/td>\n<td style=\"height: 23px;\">H\u00e9ctor Tirado<\/td>\n<\/tr>\n<tr style=\"height: 23px;\">\n<td style=\"height: 23px;\">Aula Acollida<\/td>\n<td style=\"height: 23px;\">Bego\u00f1a Marco<\/td>\n<\/tr>\n<tr style=\"height: 23px;\">\n<td style=\"height: 23px;\">Activitats de centre<\/td>\n<td style=\"height: 23px;\">Gl\u00f2ria Sol\u00e9s<\/td>\n<\/tr>\n<tr style=\"height: 23px;\">\n<td style=\"height: 23px;\">Biblioteca i UNESCO<\/td>\n<td style=\"height: 23px;\">Vad\u00f3 Teira<\/td>\n<\/tr>\n<tr style=\"height: 23px;\">\n<td style=\"height: 23px;\">Educaci\u00f3 moral<\/td>\n<td style=\"height: 23px;\">Llu\u00eds Maria F\u00e0brega<\/td>\n<\/tr>\n<tr style=\"height: 23px;\">\n<td style=\"height: 23px;\">Escoles verdes<\/td>\n<td style=\"height: 23px;\">Llu\u00eds Maria F\u00e0brega<\/td>\n<\/tr>\n<tr style=\"height: 23px;\">\n<td style=\"height: 23px;\"><em>E.A.P.<\/em><\/td>\n<td style=\"height: 23px;\"><i>Sandra Garc\u00e9s<\/i><\/td>\n<\/tr>\n<tr style=\"height: 23px;\">\n<td style=\"height: 23px;\"><em>Pedagoga AMPA<\/em><\/td>\n<td style=\"height: 23px;\"><\/td>\n<\/tr>\n<tr style=\"height: 23px;\">\n<td style=\"height: 23px;\"><em>Assessora LIC<\/em><\/td>\n<td style=\"height: 23px;\"><em>Fina Pairol\u00ed<\/em><\/td>\n<\/tr>\n<tr style=\"height: 23px;\">\n<td style=\"height: 23px;\"><em>Estaci\u00f3 jove<\/em><\/td>\n<td style=\"height: 23px;\"><\/td>\n<\/tr>\n<tr style=\"height: 23px;\">\n<td style=\"height: 23px;\"><em>Educador Zona Est<\/em><\/td>\n<td style=\"height: 23px;\"><\/td>\n<\/tr>\n<tr style=\"height: 23px;\">\n<td style=\"height: 23px;\"><em>Assessor CAPSALUT<\/em><\/td>\n<td style=\"height: 23px;\"><\/td>\n<\/tr>\n<\/tbody>\n<\/table>\n","protected":false},"excerpt":{"rendered":"<p>EQUIP DIRECTIU C\u00c0RREC PROFESSORS Director Ignasi Auquer Pedemonte Cap d&#8217;Estudis Maria Masoliver Dom\u00e8nech Secretari Cristina Llombart Clara Coordinaci\u00f3 Pedag\u00f2gica Gl\u00f2ria Rigau Vila COORDINACIONS \/ TASQUES DIVERSES COORDINACI\u00d3 PROFESSORS (en cursiva, col\u00b7laboradors externs) Coordinaci\u00f3 1r ESO Josep Portell Coordinaci\u00f3 2n ESO Elena Padrosa Coordinaci\u00f3 3r ESO Nani B\u00fajer Coordinaci\u00f3 4t ESO Marc Roger Coordinaci\u00f3 1r Batxillerat [&hellip;]<\/p>\n","protected":false},"author":1,"featured_media":0,"parent":19,"menu_order":50,"comment_status":"closed","ping_status":"closed","template":"","meta":{"_bbp_topic_count":0,"_bbp_reply_count":0,"_bbp_total_topic_count":0,"_bbp_total_reply_count":0,"_bbp_voice_count":0,"_bbp_anonymous_reply_count":0,"_bbp_topic_count_hidden":0,"_bbp_reply_count_hidden":0,"_bbp_forum_subforum_count":0,"site-sidebar-layout":"default","site-content-layout":"","ast-site-content-layout":"default","site-content-style":"default","site-sidebar-style":"default","ast-global-header-display":"","ast-banner-title-visibility":"","ast-main-header-display":"","ast-hfb-above-header-display":"","ast-hfb-below-header-display":"","ast-hfb-mobile-header-display":"","site-post-title":"","ast-breadcrumbs-content":"","ast-featured-img":"","footer-sml-layout":"","theme-transparent-header-meta":"","adv-header-id-meta":"","stick-header-meta":"","header-above-stick-meta":"","header-main-stick-meta":"","header-below-stick-meta":"","astra-migrate-meta-layouts":"set","ast-page-background-enabled":"default","ast-page-background-meta":{"desktop":{"background-color":"var(--ast-global-color-4)","background-image":"","background-repeat":"repeat","background-position":"center center","background-size":"auto","background-attachment":"scroll","background-type":"","background-media":"","overlay-type":"","overlay-color":"","overlay-opacity":"","overlay-gradient":""},"tablet":{"background-color":"","background-image":"","background-repeat":"repeat","background-position":"center center","background-size":"auto","background-attachment":"scroll","background-type":"","background-media":"","overlay-type":"","overlay-color":"","overlay-opacity":"","overlay-gradient":""},"mobile":{"background-color":"","background-image":"","background-repeat":"repeat","background-position":"center center","background-size":"auto","background-attachment":"scroll","background-type":"","background-media":"","overlay-type":"","overlay-color":"","overlay-opacity":"","overlay-gradient":""}},"ast-content-background-meta":{"desktop":{"background-color":"var(--ast-global-color-5)","background-image":"","background-repeat":"repeat","background-position":"center center","background-size":"auto","background-attachment":"scroll","background-type":"","background-media":"","overlay-type":"","overlay-color":"","overlay-opacity":"","overlay-gradient":""},"tablet":{"background-color":"var(--ast-global-color-5)","background-image":"","background-repeat":"repeat","background-position":"center center","background-size":"auto","background-attachment":"scroll","background-type":"","background-media":"","overlay-type":"","overlay-color":"","overlay-opacity":"","overlay-gradient":""},"mobile":{"background-color":"var(--ast-global-color-5)","background-image":"","background-repeat":"repeat","background-position":"center center","background-size":"auto","background-attachment":"scroll","background-type":"","background-media":"","overlay-type":"","overlay-color":"","overlay-opacity":"","overlay-gradient":""}},"footnotes":""},"class_list":["post-46","page","type-page","status-publish","hentry"],"post_mailing_queue_ids":[],"_links":{"self":[{"href":"https:\/\/agora.xtec.cat\/inssobreques\/wp-json\/wp\/v2\/pages\/46","targetHints":{"allow":["GET"]}}],"collection":[{"href":"https:\/\/agora.xtec.cat\/inssobreques\/wp-json\/wp\/v2\/pages"}],"about":[{"href":"https:\/\/agora.xtec.cat\/inssobreques\/wp-json\/wp\/v2\/types\/page"}],"author":[{"embeddable":true,"href":"https:\/\/agora.xtec.cat\/inssobreques\/wp-json\/wp\/v2\/users\/1"}],"replies":[{"embeddable":true,"href":"https:\/\/agora.xtec.cat\/inssobreques\/wp-json\/wp\/v2\/comments?post=46"}],"version-history":[{"count":6,"href":"https:\/\/agora.xtec.cat\/inssobreques\/wp-json\/wp\/v2\/pages\/46\/revisions"}],"predecessor-version":[{"id":12858,"href":"https:\/\/agora.xtec.cat\/inssobreques\/wp-json\/wp\/v2\/pages\/46\/revisions\/12858"}],"up":[{"embeddable":true,"href":"https:\/\/agora.xtec.cat\/inssobreques\/wp-json\/wp\/v2\/pages\/19"}],"wp:attachment":[{"href":"https:\/\/agora.xtec.cat\/inssobreques\/wp-json\/wp\/v2\/media?parent=46"}],"curies":[{"name":"wp","href":"https:\/\/api.w.org\/{rel}","templated":true}]}}